{"id":1028,"date":"2019-03-11T20:41:06","date_gmt":"2019-03-11T19:41:06","guid":{"rendered":"http:\/\/viapanacea.eu\/pt\/?page_id=1028"},"modified":"2020-12-15T11:25:53","modified_gmt":"2020-12-15T10:25:53","slug":"viagem-para-a-saude","status":"publish","type":"page","link":"http:\/\/viapanacea.eu\/pt\/viagem-para-a-saude\/","title":{"rendered":"Viagem para a sa\u00fade"},"content":{"rendered":"\n<figure class=\"wp-block-image\"><img loading=\"lazy\" decoding=\"async\" width=\"1024\" height=\"1024\" src=\"http:\/\/viapanacea.eu\/pt\/wp-content\/uploads\/2019\/03\/IMG-20190311-WA0002-1024x1024.jpg\" alt=\"\" class=\"wp-image-1029\" srcset=\"http:\/\/viapanacea.eu\/pt\/wp-content\/uploads\/2019\/03\/IMG-20190311-WA0002-1024x1024.jpg 1024w, http:\/\/viapanacea.eu\/pt\/wp-content\/uploads\/2019\/03\/IMG-20190311-WA0002-150x150.jpg 150w, http:\/\/viapanacea.eu\/pt\/wp-content\/uploads\/2019\/03\/IMG-20190311-WA0002-300x300.jpg 300w, http:\/\/viapanacea.eu\/pt\/wp-content\/uploads\/2019\/03\/IMG-20190311-WA0002-768x768.jpg 768w, http:\/\/viapanacea.eu\/pt\/wp-content\/uploads\/2019\/03\/IMG-20190311-WA0002-100x100.jpg 100w, http:\/\/viapanacea.eu\/pt\/wp-content\/uploads\/2019\/03\/IMG-20190311-WA0002-24x24.jpg 24w, http:\/\/viapanacea.eu\/pt\/wp-content\/uploads\/2019\/03\/IMG-20190311-WA0002-36x36.jpg 36w, http:\/\/viapanacea.eu\/pt\/wp-content\/uploads\/2019\/03\/IMG-20190311-WA0002-48x48.jpg 48w, http:\/\/viapanacea.eu\/pt\/wp-content\/uploads\/2019\/03\/IMG-20190311-WA0002.jpg 1599w\" sizes=\"auto, (max-width: 767px) 89vw, (max-width: 1000px) 54vw, (max-width: 1071px) 543px, 580px\" \/><figcaption>Algarve, Portugal no inverno<\/figcaption><\/figure>\n\n\n\n<h2 class=\"wp-block-heading\"><\/h2>\n\n\n\n<h2 class=\"wp-block-heading\"><strong>Em prepara\u00e7\u00e3o: Viagem para a sa\u00fade: F\u00e9rias com mais valias!<\/strong><\/h2>\n\n\n\n<ul class=\"wp-block-list\"><li>Retiros com teoria e pr\u00e1tica sobre nutri\u00e7\u00e3o m\u00e9dica, mudan\u00e7a de  estilo de vida, desporto, motiva\u00e7\u00e3o, relaxamento e apoio psico-social  nos arredores de Berlim e com mar e sol em Portugal<\/li><li>Pr\u00f3ximas datas:<ul><li>Berlim, Alemanha: Setembro 2021<\/li><li>Algarve, Portugal: Novembro 2021<\/li><\/ul><\/li><\/ul>\n","protected":false},"excerpt":{"rendered":"<p>Em prepara\u00e7\u00e3o: Viagem para a sa\u00fade: F\u00e9rias com mais valias! Retiros com teoria e pr\u00e1tica sobre nutri\u00e7\u00e3o m\u00e9dica, mudan\u00e7a de estilo de vida, desporto, motiva\u00e7\u00e3o, relaxamento e apoio psico-social nos arredores de Berlim e com mar e sol em Portugal Pr\u00f3ximas datas: Berlim, Alemanha: Setembro 2021 Algarve, Portugal: Novembro 2021<\/p>\n","protected":false},"author":1,"featured_media":0,"parent":0,"menu_order":0,"comment_status":"closed","ping_status":"closed","template":"","meta":{"jetpack_post_was_ever_published":false,"footnotes":""},"class_list":["post-1028","page","type-page","status-publish","hentry"],"yoast_head":"<!-- This site is optimized with the Yoast SEO plugin v27.4 - https:\/\/yoast.com\/product\/yoast-seo-wordpress\/ -->\n<title>Viagem para a sa\u00fade - O seu caminho para a sa\u00fade<\/title>\n<meta name=\"robots\" content=\"index, follow, max-snippet:-1, max-image-preview:large, max-video-preview:-1\" \/>\n<link rel=\"canonical\" href=\"https:\/\/viapanacea.eu\/pt\/viagem-para-a-saude\/\" \/>\n<meta property=\"og:locale\" content=\"pt_PT\" \/>\n<meta property=\"og:type\" content=\"article\" \/>\n<meta property=\"og:title\" content=\"Viagem para a sa\u00fade - O seu caminho para a sa\u00fade\" \/>\n<meta property=\"og:description\" content=\"Em prepara\u00e7\u00e3o: Viagem para a sa\u00fade: F\u00e9rias com mais valias! Retiros com teoria e pr\u00e1tica sobre nutri\u00e7\u00e3o m\u00e9dica, mudan\u00e7a de estilo de vida, desporto, motiva\u00e7\u00e3o, relaxamento e apoio psico-social nos arredores de Berlim e com mar e sol em Portugal Pr\u00f3ximas datas: Berlim, Alemanha: Setembro 2021 Algarve, Portugal: Novembro 2021\" \/>\n<meta property=\"og:url\" content=\"https:\/\/viapanacea.eu\/pt\/viagem-para-a-saude\/\" \/>\n<meta property=\"og:site_name\" content=\"O seu caminho para a sa\u00fade\" \/>\n<meta property=\"article:modified_time\" content=\"2020-12-15T10:25:53+00:00\" \/>\n<meta property=\"og:image\" content=\"http:\/\/viapanacea.eu\/pt\/wp-content\/uploads\/2019\/03\/IMG-20190311-WA0002-1024x1024.jpg\" \/>\n<meta name=\"twitter:card\" content=\"summary_large_image\" \/>\n<script type=\"application\/ld+json\" class=\"yoast-schema-graph\">{\"@context\":\"https:\\\/\\\/schema.org\",\"@graph\":[{\"@type\":\"WebPage\",\"@id\":\"https:\\\/\\\/viapanacea.eu\\\/pt\\\/viagem-para-a-saude\\\/\",\"url\":\"https:\\\/\\\/viapanacea.eu\\\/pt\\\/viagem-para-a-saude\\\/\",\"name\":\"Viagem para a sa\u00fade - O seu caminho para a sa\u00fade\",\"isPartOf\":{\"@id\":\"https:\\\/\\\/viapanacea.eu\\\/pt\\\/#website\"},\"primaryImageOfPage\":{\"@id\":\"https:\\\/\\\/viapanacea.eu\\\/pt\\\/viagem-para-a-saude\\\/#primaryimage\"},\"image\":{\"@id\":\"https:\\\/\\\/viapanacea.eu\\\/pt\\\/viagem-para-a-saude\\\/#primaryimage\"},\"thumbnailUrl\":\"http:\\\/\\\/viapanacea.eu\\\/pt\\\/wp-content\\\/uploads\\\/2019\\\/03\\\/IMG-20190311-WA0002-1024x1024.jpg\",\"datePublished\":\"2019-03-11T19:41:06+00:00\",\"dateModified\":\"2020-12-15T10:25:53+00:00\",\"breadcrumb\":{\"@id\":\"https:\\\/\\\/viapanacea.eu\\\/pt\\\/viagem-para-a-saude\\\/#breadcrumb\"},\"inLanguage\":\"pt-PT\",\"potentialAction\":[{\"@type\":\"ReadAction\",\"target\":[\"https:\\\/\\\/viapanacea.eu\\\/pt\\\/viagem-para-a-saude\\\/\"]}]},{\"@type\":\"ImageObject\",\"inLanguage\":\"pt-PT\",\"@id\":\"https:\\\/\\\/viapanacea.eu\\\/pt\\\/viagem-para-a-saude\\\/#primaryimage\",\"url\":\"http:\\\/\\\/viapanacea.eu\\\/pt\\\/wp-content\\\/uploads\\\/2019\\\/03\\\/IMG-20190311-WA0002.jpg\",\"contentUrl\":\"http:\\\/\\\/viapanacea.eu\\\/pt\\\/wp-content\\\/uploads\\\/2019\\\/03\\\/IMG-20190311-WA0002.jpg\",\"width\":1599,\"height\":1599},{\"@type\":\"BreadcrumbList\",\"@id\":\"https:\\\/\\\/viapanacea.eu\\\/pt\\\/viagem-para-a-saude\\\/#breadcrumb\",\"itemListElement\":[{\"@type\":\"ListItem\",\"position\":1,\"name\":\"In\u00edcio\",\"item\":\"https:\\\/\\\/viapanacea.eu\\\/pt\\\/\"},{\"@type\":\"ListItem\",\"position\":2,\"name\":\"Viagem para a sa\u00fade\"}]},{\"@type\":\"WebSite\",\"@id\":\"https:\\\/\\\/viapanacea.eu\\\/pt\\\/#website\",\"url\":\"https:\\\/\\\/viapanacea.eu\\\/pt\\\/\",\"name\":\"O seu caminho para a sa\u00fade\",\"description\":\"Com Ana Steindorff Pinheiro,    M\u00e9dica de medicina do estilo de vida e nutri\u00e7\u00e3o cl\u00ednica\",\"publisher\":{\"@id\":\"https:\\\/\\\/viapanacea.eu\\\/pt\\\/#organization\"},\"potentialAction\":[{\"@type\":\"SearchAction\",\"target\":{\"@type\":\"EntryPoint\",\"urlTemplate\":\"https:\\\/\\\/viapanacea.eu\\\/pt\\\/?s={search_term_string}\"},\"query-input\":{\"@type\":\"PropertyValueSpecification\",\"valueRequired\":true,\"valueName\":\"search_term_string\"}}],\"inLanguage\":\"pt-PT\"},{\"@type\":\"Organization\",\"@id\":\"https:\\\/\\\/viapanacea.eu\\\/pt\\\/#organization\",\"name\":\"Ana Steindorff Pinheiro\",\"url\":\"https:\\\/\\\/viapanacea.eu\\\/pt\\\/\",\"logo\":{\"@type\":\"ImageObject\",\"inLanguage\":\"pt-PT\",\"@id\":\"https:\\\/\\\/viapanacea.eu\\\/pt\\\/#\\\/schema\\\/logo\\\/image\\\/\",\"url\":\"http:\\\/\\\/viapanacea.eu\\\/pt\\\/wp-content\\\/uploads\\\/2018\\\/02\\\/Logo-kreis-0-768x1024.png\",\"contentUrl\":\"http:\\\/\\\/viapanacea.eu\\\/pt\\\/wp-content\\\/uploads\\\/2018\\\/02\\\/Logo-kreis-0-768x1024.png\",\"width\":768,\"height\":1024,\"caption\":\"Ana Steindorff Pinheiro\"},\"image\":{\"@id\":\"https:\\\/\\\/viapanacea.eu\\\/pt\\\/#\\\/schema\\\/logo\\\/image\\\/\"},\"sameAs\":[\"http:\\\/\\\/viapanacea\"]}]}<\/script>\n<!-- \/ Yoast SEO plugin. -->","yoast_head_json":{"title":"Viagem para a sa\u00fade - O seu caminho para a sa\u00fade","robots":{"index":"index","follow":"follow","max-snippet":"max-snippet:-1","max-image-preview":"max-image-preview:large","max-video-preview":"max-video-preview:-1"},"canonical":"https:\/\/viapanacea.eu\/pt\/viagem-para-a-saude\/","og_locale":"pt_PT","og_type":"article","og_title":"Viagem para a sa\u00fade - O seu caminho para a sa\u00fade","og_description":"Em prepara\u00e7\u00e3o: Viagem para a sa\u00fade: F\u00e9rias com mais valias! Retiros com teoria e pr\u00e1tica sobre nutri\u00e7\u00e3o m\u00e9dica, mudan\u00e7a de estilo de vida, desporto, motiva\u00e7\u00e3o, relaxamento e apoio psico-social nos arredores de Berlim e com mar e sol em Portugal Pr\u00f3ximas datas: Berlim, Alemanha: Setembro 2021 Algarve, Portugal: Novembro 2021","og_url":"https:\/\/viapanacea.eu\/pt\/viagem-para-a-saude\/","og_site_name":"O seu caminho para a sa\u00fade","article_modified_time":"2020-12-15T10:25:53+00:00","og_image":[{"url":"http:\/\/viapanacea.eu\/pt\/wp-content\/uploads\/2019\/03\/IMG-20190311-WA0002-1024x1024.jpg","type":"","width":"","height":""}],"twitter_card":"summary_large_image","schema":{"@context":"https:\/\/schema.org","@graph":[{"@type":"WebPage","@id":"https:\/\/viapanacea.eu\/pt\/viagem-para-a-saude\/","url":"https:\/\/viapanacea.eu\/pt\/viagem-para-a-saude\/","name":"Viagem para a sa\u00fade - O seu caminho para a sa\u00fade","isPartOf":{"@id":"https:\/\/viapanacea.eu\/pt\/#website"},"primaryImageOfPage":{"@id":"https:\/\/viapanacea.eu\/pt\/viagem-para-a-saude\/#primaryimage"},"image":{"@id":"https:\/\/viapanacea.eu\/pt\/viagem-para-a-saude\/#primaryimage"},"thumbnailUrl":"http:\/\/viapanacea.eu\/pt\/wp-content\/uploads\/2019\/03\/IMG-20190311-WA0002-1024x1024.jpg","datePublished":"2019-03-11T19:41:06+00:00","dateModified":"2020-12-15T10:25:53+00:00","breadcrumb":{"@id":"https:\/\/viapanacea.eu\/pt\/viagem-para-a-saude\/#breadcrumb"},"inLanguage":"pt-PT","potentialAction":[{"@type":"ReadAction","target":["https:\/\/viapanacea.eu\/pt\/viagem-para-a-saude\/"]}]},{"@type":"ImageObject","inLanguage":"pt-PT","@id":"https:\/\/viapanacea.eu\/pt\/viagem-para-a-saude\/#primaryimage","url":"http:\/\/viapanacea.eu\/pt\/wp-content\/uploads\/2019\/03\/IMG-20190311-WA0002.jpg","contentUrl":"http:\/\/viapanacea.eu\/pt\/wp-content\/uploads\/2019\/03\/IMG-20190311-WA0002.jpg","width":1599,"height":1599},{"@type":"BreadcrumbList","@id":"https:\/\/viapanacea.eu\/pt\/viagem-para-a-saude\/#breadcrumb","itemListElement":[{"@type":"ListItem","position":1,"name":"In\u00edcio","item":"https:\/\/viapanacea.eu\/pt\/"},{"@type":"ListItem","position":2,"name":"Viagem para a sa\u00fade"}]},{"@type":"WebSite","@id":"https:\/\/viapanacea.eu\/pt\/#website","url":"https:\/\/viapanacea.eu\/pt\/","name":"O seu caminho para a sa\u00fade","description":"Com Ana Steindorff Pinheiro,    M\u00e9dica de medicina do estilo de vida e nutri\u00e7\u00e3o cl\u00ednica","publisher":{"@id":"https:\/\/viapanacea.eu\/pt\/#organization"},"potentialAction":[{"@type":"SearchAction","target":{"@type":"EntryPoint","urlTemplate":"https:\/\/viapanacea.eu\/pt\/?s={search_term_string}"},"query-input":{"@type":"PropertyValueSpecification","valueRequired":true,"valueName":"search_term_string"}}],"inLanguage":"pt-PT"},{"@type":"Organization","@id":"https:\/\/viapanacea.eu\/pt\/#organization","name":"Ana Steindorff Pinheiro","url":"https:\/\/viapanacea.eu\/pt\/","logo":{"@type":"ImageObject","inLanguage":"pt-PT","@id":"https:\/\/viapanacea.eu\/pt\/#\/schema\/logo\/image\/","url":"http:\/\/viapanacea.eu\/pt\/wp-content\/uploads\/2018\/02\/Logo-kreis-0-768x1024.png","contentUrl":"http:\/\/viapanacea.eu\/pt\/wp-content\/uploads\/2018\/02\/Logo-kreis-0-768x1024.png","width":768,"height":1024,"caption":"Ana Steindorff Pinheiro"},"image":{"@id":"https:\/\/viapanacea.eu\/pt\/#\/schema\/logo\/image\/"},"sameAs":["http:\/\/viapanacea"]}]}},"jetpack_sharing_enabled":true,"jetpack_shortlink":"https:\/\/wp.me\/PaVegn-gA","_links":{"self":[{"href":"http:\/\/viapanacea.eu\/pt\/wp-json\/wp\/v2\/pages\/1028","targetHints":{"allow":["GET"]}}],"collection":[{"href":"http:\/\/viapanacea.eu\/pt\/wp-json\/wp\/v2\/pages"}],"about":[{"href":"http:\/\/viapanacea.eu\/pt\/wp-json\/wp\/v2\/types\/page"}],"author":[{"embeddable":true,"href":"http:\/\/viapanacea.eu\/pt\/wp-json\/wp\/v2\/users\/1"}],"replies":[{"embeddable":true,"href":"http:\/\/viapanacea.eu\/pt\/wp-json\/wp\/v2\/comments?post=1028"}],"version-history":[{"count":3,"href":"http:\/\/viapanacea.eu\/pt\/wp-json\/wp\/v2\/pages\/1028\/revisions"}],"predecessor-version":[{"id":1263,"href":"http:\/\/viapanacea.eu\/pt\/wp-json\/wp\/v2\/pages\/1028\/revisions\/1263"}],"wp:attachment":[{"href":"http:\/\/viapanacea.eu\/pt\/wp-json\/wp\/v2\/media?parent=1028"}],"curies":[{"name":"wp","href":"https:\/\/api.w.org\/{rel}","templated":true}]}}