{"id":1041,"date":"2019-04-15T10:28:06","date_gmt":"2019-04-15T08:28:06","guid":{"rendered":"http:\/\/viapanacea.eu\/pt\/?page_id=1041"},"modified":"2019-04-15T10:40:03","modified_gmt":"2019-04-15T08:40:03","slug":"medicina-do-estilo-de-vida-uma-introducao","status":"publish","type":"page","link":"http:\/\/viapanacea.eu\/pt\/medicina-do-estilo-de-vida-uma-introducao\/","title":{"rendered":"Medicina do estilo de vida: uma introdu\u00e7\u00e3o"},"content":{"rendered":"\n<p>Tratamentos com a ajuda da natureza: A Medicina do Estilo de Vida<\/p>\n\n\n\n<p>J\u00e1 alguma vez pensou porque \u00e9 que os m\u00e9dicos na sua grande maioria n\u00e3o vivem nem mais nem melhor do que o resto da popula\u00e7\u00e3o? Ser\u00e1 que eles n\u00e3o deviam saber melhor? Tratar melhor de si pr\u00f3prios?<br>\nNos \u00faltimos 50 anos investigadores e m\u00e9dicos pioneiros come\u00e7aram a analisar porqu\u00ea\u2026<br>\nH\u00e1 povos no mundo em que a esperan\u00e7a de vida \u00e9 mais alta do que no mundo ocidental, e onde o n\u00famero de pessoas centen\u00e1rias ultrapassa os nossos centen\u00e1rios\u2026<br>\nEm que em m\u00e9dia os centen\u00e1rios v\u00e3o ao m\u00e9dico a primeira vez nas suas vidas depois dos 90 anos! Em que o dogma de envelhecer \u00e9 adoecer cai por terra\u2026<br>\nPorque as pessoas vivem de forma natural, e de forma natural se mant\u00eam saud\u00e1veis.<br>\nNessas zonas do mundo os custos com a medicina s\u00e3o muito mais baixos, enquanto no mundo ocidental apesar de termos cada vez mais m\u00e9dicos, medicamentos, opera\u00e7\u00f5es e tudo mais, prev\u00eamos que a gera\u00e7\u00e3o dos nossos filhos venha a morrer antes de n\u00f3s.<br>\nIsso \u00e9 triste, mas h\u00e1 esperan\u00e7a:<br>\nEstima-se que se os nossos doentes com doencas cr\u00f3nicas (tipicamente com tensao alta, diabetes, angina de peito, reumatismo, alguns cancros, e tantas outras), se os nossos doentes fossem viver para essas zonas do mundo \u2013 denominadas pela National Geographic como Blue Zones \u2013 80% conseguiriam reduzir ou at\u00e9 curar as suas doen\u00e7as, apenas vivendo como estas popula\u00e7\u00f5es vivem.<br>\nO estudo desta \u00e1rea chama-se medicina do estilo de vida, e esta \u00e1rea da medicina ensina-nos a voltar a viver de forma natural, para que de forma natural voltemos a ser saud\u00e1veis.<br>\nA medicina do estilo de vida \u00e9 uma \u00e1rea nova na medicina, nos Estados Unidos da America j\u00e1 \u00e9 reconhecida como uma especialidade independente. Sendo igualmente parte da medicina convencional, baseada em evid\u00eancia e na ci\u00eancia, pertence igualmente \u00e0 medicina complementar ou alternativa. Porqu\u00ea?<br>\nPorque se baseia em estudos cl\u00ednicos, e usa como terapia as seguintes vertentes baseadas na natureza:<\/p>\n\n\n\n<ol class=\"wp-block-list\"><li>Alimenta\u00e7\u00e3o baseada em plantas integrais<\/li><li>Sono e relaxamento reparador<\/li><li>Exerc\u00edcio f\u00edsico<\/li><li>Natureza e sol<\/li><li>Jejuns anuais<\/li><li>Aus\u00eancia de h\u00e1bitos nefastos: alimentos nefastos (produtos animais, gorduras\/sal\/a\u00e7\u00facar adicionados), tabaco, \u00e1lcool,  drogas, medicamentos.<\/li><\/ol>\n\n\n\n<figure class=\"wp-block-image\"><img loading=\"lazy\" decoding=\"async\" width=\"768\" height=\"1024\" src=\"http:\/\/viapanacea.eu\/pt\/wp-content\/uploads\/2017\/08\/ninhas2-768x1024.jpg\" alt=\"\" class=\"wp-image-219\" srcset=\"http:\/\/viapanacea.eu\/pt\/wp-content\/uploads\/2017\/08\/ninhas2-768x1024.jpg 768w, http:\/\/viapanacea.eu\/pt\/wp-content\/uploads\/2017\/08\/ninhas2-225x300.jpg 225w\" sizes=\"auto, (max-width: 767px) 89vw, (max-width: 1000px) 54vw, (max-width: 1071px) 543px, 580px\" \/><\/figure>\n\n\n\n<p>\u00c9 melhor fechar primeiro a torneira da \u00e1gua, e s\u00f3 depois limpar o ch\u00e3o, n\u00e3o acha?<br>\nMuitas vezes no nosso sistema de sa\u00fade ocorre o tratamento dos sintomas e das consequ\u00eancias de doen\u00e7as em vez do tratamento das causas. Tratar as causas das doen\u00e7as \u00e9 uma forma muito eficaz de tratamento. Esse \u00e9 o tratamento que fazemos com a medicina do estilo de vida.<br>\nCartoon inspirado num cartoon do livro de Denis Burkitt de 1979&nbsp;\u201cDon\u2019t forget Fibre in your Diet: To help avoid many of our commonest diseases.\u201d<\/p>\n","protected":false},"excerpt":{"rendered":"<p>Tratamentos com a ajuda da natureza: A Medicina do Estilo de Vida J\u00e1 alguma vez pensou porque \u00e9 que os m\u00e9dicos na sua grande maioria n\u00e3o vivem nem mais nem melhor do que o resto da popula\u00e7\u00e3o? Ser\u00e1 que eles n\u00e3o deviam saber melhor? Tratar melhor de si pr\u00f3prios? Nos \u00faltimos 50 anos investigadores e &hellip; <\/p>\n<p class=\"link-more\"><a href=\"http:\/\/viapanacea.eu\/pt\/medicina-do-estilo-de-vida-uma-introducao\/\" class=\"more-link\">Continuar a ler <span class=\"screen-reader-text\">&#8220;Medicina do estilo de vida: uma introdu\u00e7\u00e3o&#8221;<\/span><\/a><\/p>\n","protected":false},"author":1,"featured_media":0,"parent":0,"menu_order":0,"comment_status":"closed","ping_status":"closed","template":"","meta":{"jetpack_post_was_ever_published":false,"footnotes":""},"class_list":["post-1041","page","type-page","status-publish","hentry"],"yoast_head":"<!-- This site is optimized with the Yoast SEO plugin v27.4 - https:\/\/yoast.com\/product\/yoast-seo-wordpress\/ -->\n<title>Medicina do estilo de vida: uma introdu\u00e7\u00e3o - O seu caminho para a sa\u00fade<\/title>\n<meta name=\"robots\" content=\"index, follow, max-snippet:-1, max-image-preview:large, max-video-preview:-1\" \/>\n<link rel=\"canonical\" href=\"https:\/\/viapanacea.eu\/pt\/medicina-do-estilo-de-vida-uma-introducao\/\" \/>\n<meta property=\"og:locale\" content=\"pt_PT\" \/>\n<meta property=\"og:type\" content=\"article\" \/>\n<meta property=\"og:title\" content=\"Medicina do estilo de vida: uma introdu\u00e7\u00e3o - O seu caminho para a sa\u00fade\" \/>\n<meta property=\"og:description\" content=\"Tratamentos com a ajuda da natureza: A Medicina do Estilo de Vida J\u00e1 alguma vez pensou porque \u00e9 que os m\u00e9dicos na sua grande maioria n\u00e3o vivem nem mais nem melhor do que o resto da popula\u00e7\u00e3o? Ser\u00e1 que eles n\u00e3o deviam saber melhor? Tratar melhor de si pr\u00f3prios? Nos \u00faltimos 50 anos investigadores e &hellip; Continuar a ler &quot;Medicina do estilo de vida: uma introdu\u00e7\u00e3o&quot;\" \/>\n<meta property=\"og:url\" content=\"https:\/\/viapanacea.eu\/pt\/medicina-do-estilo-de-vida-uma-introducao\/\" \/>\n<meta property=\"og:site_name\" content=\"O seu caminho para a sa\u00fade\" \/>\n<meta property=\"article:modified_time\" content=\"2019-04-15T08:40:03+00:00\" \/>\n<meta property=\"og:image\" content=\"http:\/\/viapanacea.eu\/pt\/wp-content\/uploads\/2017\/08\/ninhas2-768x1024.jpg\" \/>\n<meta name=\"twitter:card\" content=\"summary_large_image\" \/>\n<meta name=\"twitter:label1\" content=\"Tempo estimado de leitura\" \/>\n\t<meta name=\"twitter:data1\" content=\"2 minutos\" \/>\n<script type=\"application\/ld+json\" class=\"yoast-schema-graph\">{\"@context\":\"https:\\\/\\\/schema.org\",\"@graph\":[{\"@type\":\"WebPage\",\"@id\":\"https:\\\/\\\/viapanacea.eu\\\/pt\\\/medicina-do-estilo-de-vida-uma-introducao\\\/\",\"url\":\"https:\\\/\\\/viapanacea.eu\\\/pt\\\/medicina-do-estilo-de-vida-uma-introducao\\\/\",\"name\":\"Medicina do estilo de vida: uma introdu\u00e7\u00e3o - O seu caminho para a sa\u00fade\",\"isPartOf\":{\"@id\":\"https:\\\/\\\/viapanacea.eu\\\/pt\\\/#website\"},\"primaryImageOfPage\":{\"@id\":\"https:\\\/\\\/viapanacea.eu\\\/pt\\\/medicina-do-estilo-de-vida-uma-introducao\\\/#primaryimage\"},\"image\":{\"@id\":\"https:\\\/\\\/viapanacea.eu\\\/pt\\\/medicina-do-estilo-de-vida-uma-introducao\\\/#primaryimage\"},\"thumbnailUrl\":\"http:\\\/\\\/viapanacea.eu\\\/pt\\\/wp-content\\\/uploads\\\/2017\\\/08\\\/ninhas2-768x1024.jpg\",\"datePublished\":\"2019-04-15T08:28:06+00:00\",\"dateModified\":\"2019-04-15T08:40:03+00:00\",\"breadcrumb\":{\"@id\":\"https:\\\/\\\/viapanacea.eu\\\/pt\\\/medicina-do-estilo-de-vida-uma-introducao\\\/#breadcrumb\"},\"inLanguage\":\"pt-PT\",\"potentialAction\":[{\"@type\":\"ReadAction\",\"target\":[\"https:\\\/\\\/viapanacea.eu\\\/pt\\\/medicina-do-estilo-de-vida-uma-introducao\\\/\"]}]},{\"@type\":\"ImageObject\",\"inLanguage\":\"pt-PT\",\"@id\":\"https:\\\/\\\/viapanacea.eu\\\/pt\\\/medicina-do-estilo-de-vida-uma-introducao\\\/#primaryimage\",\"url\":\"http:\\\/\\\/viapanacea.eu\\\/pt\\\/wp-content\\\/uploads\\\/2017\\\/08\\\/ninhas2.jpg\",\"contentUrl\":\"http:\\\/\\\/viapanacea.eu\\\/pt\\\/wp-content\\\/uploads\\\/2017\\\/08\\\/ninhas2.jpg\",\"width\":2178,\"height\":2904},{\"@type\":\"BreadcrumbList\",\"@id\":\"https:\\\/\\\/viapanacea.eu\\\/pt\\\/medicina-do-estilo-de-vida-uma-introducao\\\/#breadcrumb\",\"itemListElement\":[{\"@type\":\"ListItem\",\"position\":1,\"name\":\"In\u00edcio\",\"item\":\"https:\\\/\\\/viapanacea.eu\\\/pt\\\/\"},{\"@type\":\"ListItem\",\"position\":2,\"name\":\"Medicina do estilo de vida: uma introdu\u00e7\u00e3o\"}]},{\"@type\":\"WebSite\",\"@id\":\"https:\\\/\\\/viapanacea.eu\\\/pt\\\/#website\",\"url\":\"https:\\\/\\\/viapanacea.eu\\\/pt\\\/\",\"name\":\"O seu caminho para a sa\u00fade\",\"description\":\"Com Ana Steindorff Pinheiro,    M\u00e9dica de medicina do estilo de vida e nutri\u00e7\u00e3o cl\u00ednica\",\"publisher\":{\"@id\":\"https:\\\/\\\/viapanacea.eu\\\/pt\\\/#organization\"},\"potentialAction\":[{\"@type\":\"SearchAction\",\"target\":{\"@type\":\"EntryPoint\",\"urlTemplate\":\"https:\\\/\\\/viapanacea.eu\\\/pt\\\/?s={search_term_string}\"},\"query-input\":{\"@type\":\"PropertyValueSpecification\",\"valueRequired\":true,\"valueName\":\"search_term_string\"}}],\"inLanguage\":\"pt-PT\"},{\"@type\":\"Organization\",\"@id\":\"https:\\\/\\\/viapanacea.eu\\\/pt\\\/#organization\",\"name\":\"Ana Steindorff Pinheiro\",\"url\":\"https:\\\/\\\/viapanacea.eu\\\/pt\\\/\",\"logo\":{\"@type\":\"ImageObject\",\"inLanguage\":\"pt-PT\",\"@id\":\"https:\\\/\\\/viapanacea.eu\\\/pt\\\/#\\\/schema\\\/logo\\\/image\\\/\",\"url\":\"http:\\\/\\\/viapanacea.eu\\\/pt\\\/wp-content\\\/uploads\\\/2018\\\/02\\\/Logo-kreis-0-768x1024.png\",\"contentUrl\":\"http:\\\/\\\/viapanacea.eu\\\/pt\\\/wp-content\\\/uploads\\\/2018\\\/02\\\/Logo-kreis-0-768x1024.png\",\"width\":768,\"height\":1024,\"caption\":\"Ana Steindorff Pinheiro\"},\"image\":{\"@id\":\"https:\\\/\\\/viapanacea.eu\\\/pt\\\/#\\\/schema\\\/logo\\\/image\\\/\"},\"sameAs\":[\"http:\\\/\\\/viapanacea\"]}]}<\/script>\n<!-- \/ Yoast SEO plugin. -->","yoast_head_json":{"title":"Medicina do estilo de vida: uma introdu\u00e7\u00e3o - O seu caminho para a sa\u00fade","robots":{"index":"index","follow":"follow","max-snippet":"max-snippet:-1","max-image-preview":"max-image-preview:large","max-video-preview":"max-video-preview:-1"},"canonical":"https:\/\/viapanacea.eu\/pt\/medicina-do-estilo-de-vida-uma-introducao\/","og_locale":"pt_PT","og_type":"article","og_title":"Medicina do estilo de vida: uma introdu\u00e7\u00e3o - O seu caminho para a sa\u00fade","og_description":"Tratamentos com a ajuda da natureza: A Medicina do Estilo de Vida J\u00e1 alguma vez pensou porque \u00e9 que os m\u00e9dicos na sua grande maioria n\u00e3o vivem nem mais nem melhor do que o resto da popula\u00e7\u00e3o? Ser\u00e1 que eles n\u00e3o deviam saber melhor? Tratar melhor de si pr\u00f3prios? Nos \u00faltimos 50 anos investigadores e &hellip; Continuar a ler \"Medicina do estilo de vida: uma introdu\u00e7\u00e3o\"","og_url":"https:\/\/viapanacea.eu\/pt\/medicina-do-estilo-de-vida-uma-introducao\/","og_site_name":"O seu caminho para a sa\u00fade","article_modified_time":"2019-04-15T08:40:03+00:00","og_image":[{"url":"http:\/\/viapanacea.eu\/pt\/wp-content\/uploads\/2017\/08\/ninhas2-768x1024.jpg","type":"","width":"","height":""}],"twitter_card":"summary_large_image","twitter_misc":{"Tempo estimado de leitura":"2 minutos"},"schema":{"@context":"https:\/\/schema.org","@graph":[{"@type":"WebPage","@id":"https:\/\/viapanacea.eu\/pt\/medicina-do-estilo-de-vida-uma-introducao\/","url":"https:\/\/viapanacea.eu\/pt\/medicina-do-estilo-de-vida-uma-introducao\/","name":"Medicina do estilo de vida: uma introdu\u00e7\u00e3o - O seu caminho para a sa\u00fade","isPartOf":{"@id":"https:\/\/viapanacea.eu\/pt\/#website"},"primaryImageOfPage":{"@id":"https:\/\/viapanacea.eu\/pt\/medicina-do-estilo-de-vida-uma-introducao\/#primaryimage"},"image":{"@id":"https:\/\/viapanacea.eu\/pt\/medicina-do-estilo-de-vida-uma-introducao\/#primaryimage"},"thumbnailUrl":"http:\/\/viapanacea.eu\/pt\/wp-content\/uploads\/2017\/08\/ninhas2-768x1024.jpg","datePublished":"2019-04-15T08:28:06+00:00","dateModified":"2019-04-15T08:40:03+00:00","breadcrumb":{"@id":"https:\/\/viapanacea.eu\/pt\/medicina-do-estilo-de-vida-uma-introducao\/#breadcrumb"},"inLanguage":"pt-PT","potentialAction":[{"@type":"ReadAction","target":["https:\/\/viapanacea.eu\/pt\/medicina-do-estilo-de-vida-uma-introducao\/"]}]},{"@type":"ImageObject","inLanguage":"pt-PT","@id":"https:\/\/viapanacea.eu\/pt\/medicina-do-estilo-de-vida-uma-introducao\/#primaryimage","url":"http:\/\/viapanacea.eu\/pt\/wp-content\/uploads\/2017\/08\/ninhas2.jpg","contentUrl":"http:\/\/viapanacea.eu\/pt\/wp-content\/uploads\/2017\/08\/ninhas2.jpg","width":2178,"height":2904},{"@type":"BreadcrumbList","@id":"https:\/\/viapanacea.eu\/pt\/medicina-do-estilo-de-vida-uma-introducao\/#breadcrumb","itemListElement":[{"@type":"ListItem","position":1,"name":"In\u00edcio","item":"https:\/\/viapanacea.eu\/pt\/"},{"@type":"ListItem","position":2,"name":"Medicina do estilo de vida: uma introdu\u00e7\u00e3o"}]},{"@type":"WebSite","@id":"https:\/\/viapanacea.eu\/pt\/#website","url":"https:\/\/viapanacea.eu\/pt\/","name":"O seu caminho para a sa\u00fade","description":"Com Ana Steindorff Pinheiro,    M\u00e9dica de medicina do estilo de vida e nutri\u00e7\u00e3o cl\u00ednica","publisher":{"@id":"https:\/\/viapanacea.eu\/pt\/#organization"},"potentialAction":[{"@type":"SearchAction","target":{"@type":"EntryPoint","urlTemplate":"https:\/\/viapanacea.eu\/pt\/?s={search_term_string}"},"query-input":{"@type":"PropertyValueSpecification","valueRequired":true,"valueName":"search_term_string"}}],"inLanguage":"pt-PT"},{"@type":"Organization","@id":"https:\/\/viapanacea.eu\/pt\/#organization","name":"Ana Steindorff Pinheiro","url":"https:\/\/viapanacea.eu\/pt\/","logo":{"@type":"ImageObject","inLanguage":"pt-PT","@id":"https:\/\/viapanacea.eu\/pt\/#\/schema\/logo\/image\/","url":"http:\/\/viapanacea.eu\/pt\/wp-content\/uploads\/2018\/02\/Logo-kreis-0-768x1024.png","contentUrl":"http:\/\/viapanacea.eu\/pt\/wp-content\/uploads\/2018\/02\/Logo-kreis-0-768x1024.png","width":768,"height":1024,"caption":"Ana Steindorff Pinheiro"},"image":{"@id":"https:\/\/viapanacea.eu\/pt\/#\/schema\/logo\/image\/"},"sameAs":["http:\/\/viapanacea"]}]}},"jetpack_sharing_enabled":true,"jetpack_shortlink":"https:\/\/wp.me\/PaVegn-gN","_links":{"self":[{"href":"http:\/\/viapanacea.eu\/pt\/wp-json\/wp\/v2\/pages\/1041","targetHints":{"allow":["GET"]}}],"collection":[{"href":"http:\/\/viapanacea.eu\/pt\/wp-json\/wp\/v2\/pages"}],"about":[{"href":"http:\/\/viapanacea.eu\/pt\/wp-json\/wp\/v2\/types\/page"}],"author":[{"embeddable":true,"href":"http:\/\/viapanacea.eu\/pt\/wp-json\/wp\/v2\/users\/1"}],"replies":[{"embeddable":true,"href":"http:\/\/viapanacea.eu\/pt\/wp-json\/wp\/v2\/comments?post=1041"}],"version-history":[{"count":4,"href":"http:\/\/viapanacea.eu\/pt\/wp-json\/wp\/v2\/pages\/1041\/revisions"}],"predecessor-version":[{"id":1048,"href":"http:\/\/viapanacea.eu\/pt\/wp-json\/wp\/v2\/pages\/1041\/revisions\/1048"}],"wp:attachment":[{"href":"http:\/\/viapanacea.eu\/pt\/wp-json\/wp\/v2\/media?parent=1041"}],"curies":[{"name":"wp","href":"https:\/\/api.w.org\/{rel}","templated":true}]}}