{"id":147,"date":"2017-07-25T15:18:28","date_gmt":"2017-07-25T13:18:28","guid":{"rendered":"http:\/\/www.viapanacea.eu\/?page_id=147"},"modified":"2020-12-15T11:29:08","modified_gmt":"2020-12-15T10:29:08","slug":"curriculo","status":"publish","type":"page","link":"http:\/\/viapanacea.eu\/pt\/sobre-mim\/curriculo\/","title":{"rendered":"O meu curr\u00edculo"},"content":{"rendered":"<table style=\"font-size: 1rem; height: 794px;\" width=\"684\">\n<tbody>\n<tr>\n<td style=\"text-align: left;\">at\u00e9 1995<\/td>\n<td>Liceu<\/td>\n<\/tr>\n<tr>\n<td>1995-2001<\/td>\n<td>Curso de medicina na Faculdade de Medicina de Lisboa e 4o ano do curso passado em G\u00f6ttingen na Alemanha<\/td>\n<\/tr>\n<tr>\n<td>2001-2003<\/td>\n<td>Internato geral em Lisboa<\/td>\n<\/tr>\n<tr>\n<td>2003<\/td>\n<td>Apta a exercer medicina livremente em Portugal e na Alemanha<\/td>\n<\/tr>\n<tr>\n<td>2004 -2011<\/td>\n<td>Internato complementar de Anestesiologia<\/td>\n<\/tr>\n<tr>\n<td>2006<\/td>\n<td>Sub-Especialidade de emerg\u00eancia m\u00e9dica na Alemanha<\/td>\n<\/tr>\n<tr>\n<td>2011<\/td>\n<td>Grau de Especialista em Anestesiologista e Conclu\u00eddo o Exame europeu de Anestesiologia<\/td>\n<\/tr>\n<tr>\n<td>2015 &#8211; agora<\/td>\n<td>Internato complementar de cl\u00ednica geral<\/td>\n<\/tr>\n<tr>\n<td>2016<\/td>\n<td>Curso de nutri\u00e7\u00e3o terap\u00eautica (Dietary Therapy Course) do m\u00e9dico John McDougall MD<\/td>\n<\/tr>\n<tr>\n<td>2016<\/td>\n<td>Curso b\u00e1sico de doen\u00e7as psicosom\u00e1ticas para cl\u00ednicos gerais<\/td>\n<\/tr>\n<tr>\n<td>2017<\/td>\n<td>Certificado de nutri\u00e7\u00e3o baseada em plantas (Plant Based Nutrition Certification Course) da universidade eCornell, EUA fundado por T. Colin Campbell<\/td>\n<\/tr>\n<tr>\n<td>\u00a02017<\/td>\n<td>Curso com certificado oficial da ordem dos m\u00e9dicos alem\u00e3 em nutri\u00e7\u00e3o m\u00e9dica<\/td>\n<\/tr>\n<tr>\n<td>2018<\/td>\n<td>\n<p>Curso com certificado oficial da ordem dos m\u00e9dicos alem\u00e3 em desmame do Tabagismo<\/p>\n<\/td>\n<\/tr>\n<tr>\n<td>\n<p>2018<\/p>\n<p>\u00a0<\/p>\n<p>\u00a0<\/p>\n<p>2020<\/p>\n<\/td>\n<td>\n<p>Curso com certificado oficial da ordem dos m\u00e9dicos alem\u00e3 em preven\u00e7\u00e3o e fomento da sa\u00fade para m\u00e9dicos<\/p>\n<p>Sub-Especialidade de Cuidados Paliativos da ordem dos m\u00e9dicos na Alemanha<\/p>\n<p>Sub-Especialidade de Naturopatia da ordem dos m\u00e9dicos na Alemanha<\/p>\n<\/td>\n<\/tr>\n<\/tbody>\n<\/table>\n<p>\u00a0<\/p>\n\n\n<div class=\"wp-block-button aligncenter is-style-outline is-style-outline--1\"><a class=\"wp-block-button__link has-text-color has-very-light-gray-color has-background\" href=\"http:\/\/viapanacea.eu\/pt\/consulta\/\" style=\"background-color:#398f3f\" target=\"_blank\" rel=\"noreferrer noopener\">Marque uma consulta<br><\/a><\/div>\n","protected":false},"excerpt":{"rendered":"<p>at\u00e9 1995 Liceu 1995-2001 Curso de medicina na Faculdade de Medicina de Lisboa e 4o ano do curso passado em G\u00f6ttingen na Alemanha 2001-2003 Internato geral em Lisboa 2003 Apta a exercer medicina livremente em Portugal e na Alemanha 2004 -2011 Internato complementar de Anestesiologia 2006 Sub-Especialidade de emerg\u00eancia m\u00e9dica na Alemanha 2011 Grau de &hellip; <\/p>\n<p class=\"link-more\"><a href=\"http:\/\/viapanacea.eu\/pt\/sobre-mim\/curriculo\/\" class=\"more-link\">Continuar a ler <span class=\"screen-reader-text\">&#8220;O meu curr\u00edculo&#8221;<\/span><\/a><\/p>\n","protected":false},"author":1,"featured_media":0,"parent":54,"menu_order":3,"comment_status":"closed","ping_status":"closed","template":"","meta":{"jetpack_post_was_ever_published":false,"footnotes":""},"class_list":["post-147","page","type-page","status-publish","hentry"],"yoast_head":"<!-- This site is optimized with the Yoast SEO plugin v27.4 - https:\/\/yoast.com\/product\/yoast-seo-wordpress\/ -->\n<title>O meu curr\u00edculo - O seu caminho para a sa\u00fade<\/title>\n<meta name=\"robots\" content=\"index, follow, max-snippet:-1, max-image-preview:large, max-video-preview:-1\" \/>\n<link rel=\"canonical\" href=\"https:\/\/viapanacea.eu\/pt\/sobre-mim\/curriculo\/\" \/>\n<meta property=\"og:locale\" content=\"pt_PT\" \/>\n<meta property=\"og:type\" content=\"article\" \/>\n<meta property=\"og:title\" content=\"O meu curr\u00edculo - O seu caminho para a sa\u00fade\" \/>\n<meta property=\"og:description\" content=\"at\u00e9 1995 Liceu 1995-2001 Curso de medicina na Faculdade de Medicina de Lisboa e 4o ano do curso passado em G\u00f6ttingen na Alemanha 2001-2003 Internato geral em Lisboa 2003 Apta a exercer medicina livremente em Portugal e na Alemanha 2004 -2011 Internato complementar de Anestesiologia 2006 Sub-Especialidade de emerg\u00eancia m\u00e9dica na Alemanha 2011 Grau de &hellip; Continuar a ler &quot;O meu curr\u00edculo&quot;\" \/>\n<meta property=\"og:url\" content=\"https:\/\/viapanacea.eu\/pt\/sobre-mim\/curriculo\/\" \/>\n<meta property=\"og:site_name\" content=\"O seu caminho para a sa\u00fade\" \/>\n<meta property=\"article:modified_time\" content=\"2020-12-15T10:29:08+00:00\" \/>\n<meta name=\"twitter:card\" content=\"summary_large_image\" \/>\n<meta name=\"twitter:label1\" content=\"Tempo estimado de leitura\" \/>\n\t<meta name=\"twitter:data1\" content=\"1 minuto\" \/>\n<script type=\"application\/ld+json\" class=\"yoast-schema-graph\">{\"@context\":\"https:\\\/\\\/schema.org\",\"@graph\":[{\"@type\":\"WebPage\",\"@id\":\"https:\\\/\\\/viapanacea.eu\\\/pt\\\/sobre-mim\\\/curriculo\\\/\",\"url\":\"https:\\\/\\\/viapanacea.eu\\\/pt\\\/sobre-mim\\\/curriculo\\\/\",\"name\":\"O meu curr\u00edculo - O seu caminho para a sa\u00fade\",\"isPartOf\":{\"@id\":\"https:\\\/\\\/viapanacea.eu\\\/pt\\\/#website\"},\"datePublished\":\"2017-07-25T13:18:28+00:00\",\"dateModified\":\"2020-12-15T10:29:08+00:00\",\"breadcrumb\":{\"@id\":\"https:\\\/\\\/viapanacea.eu\\\/pt\\\/sobre-mim\\\/curriculo\\\/#breadcrumb\"},\"inLanguage\":\"pt-PT\",\"potentialAction\":[{\"@type\":\"ReadAction\",\"target\":[\"https:\\\/\\\/viapanacea.eu\\\/pt\\\/sobre-mim\\\/curriculo\\\/\"]}]},{\"@type\":\"BreadcrumbList\",\"@id\":\"https:\\\/\\\/viapanacea.eu\\\/pt\\\/sobre-mim\\\/curriculo\\\/#breadcrumb\",\"itemListElement\":[{\"@type\":\"ListItem\",\"position\":1,\"name\":\"In\u00edcio\",\"item\":\"https:\\\/\\\/viapanacea.eu\\\/pt\\\/\"},{\"@type\":\"ListItem\",\"position\":2,\"name\":\"Sobre mim\",\"item\":\"https:\\\/\\\/viapanacea.eu\\\/pt\\\/sobre-mim\\\/\"},{\"@type\":\"ListItem\",\"position\":3,\"name\":\"O meu curr\u00edculo\"}]},{\"@type\":\"WebSite\",\"@id\":\"https:\\\/\\\/viapanacea.eu\\\/pt\\\/#website\",\"url\":\"https:\\\/\\\/viapanacea.eu\\\/pt\\\/\",\"name\":\"O seu caminho para a sa\u00fade\",\"description\":\"Com Ana Steindorff Pinheiro,    M\u00e9dica de medicina do estilo de vida e nutri\u00e7\u00e3o cl\u00ednica\",\"publisher\":{\"@id\":\"https:\\\/\\\/viapanacea.eu\\\/pt\\\/#organization\"},\"potentialAction\":[{\"@type\":\"SearchAction\",\"target\":{\"@type\":\"EntryPoint\",\"urlTemplate\":\"https:\\\/\\\/viapanacea.eu\\\/pt\\\/?s={search_term_string}\"},\"query-input\":{\"@type\":\"PropertyValueSpecification\",\"valueRequired\":true,\"valueName\":\"search_term_string\"}}],\"inLanguage\":\"pt-PT\"},{\"@type\":\"Organization\",\"@id\":\"https:\\\/\\\/viapanacea.eu\\\/pt\\\/#organization\",\"name\":\"Ana Steindorff Pinheiro\",\"url\":\"https:\\\/\\\/viapanacea.eu\\\/pt\\\/\",\"logo\":{\"@type\":\"ImageObject\",\"inLanguage\":\"pt-PT\",\"@id\":\"https:\\\/\\\/viapanacea.eu\\\/pt\\\/#\\\/schema\\\/logo\\\/image\\\/\",\"url\":\"http:\\\/\\\/viapanacea.eu\\\/pt\\\/wp-content\\\/uploads\\\/2018\\\/02\\\/Logo-kreis-0-768x1024.png\",\"contentUrl\":\"http:\\\/\\\/viapanacea.eu\\\/pt\\\/wp-content\\\/uploads\\\/2018\\\/02\\\/Logo-kreis-0-768x1024.png\",\"width\":768,\"height\":1024,\"caption\":\"Ana Steindorff Pinheiro\"},\"image\":{\"@id\":\"https:\\\/\\\/viapanacea.eu\\\/pt\\\/#\\\/schema\\\/logo\\\/image\\\/\"},\"sameAs\":[\"http:\\\/\\\/viapanacea\"]}]}<\/script>\n<!-- \/ Yoast SEO plugin. -->","yoast_head_json":{"title":"O meu curr\u00edculo - O seu caminho para a sa\u00fade","robots":{"index":"index","follow":"follow","max-snippet":"max-snippet:-1","max-image-preview":"max-image-preview:large","max-video-preview":"max-video-preview:-1"},"canonical":"https:\/\/viapanacea.eu\/pt\/sobre-mim\/curriculo\/","og_locale":"pt_PT","og_type":"article","og_title":"O meu curr\u00edculo - O seu caminho para a sa\u00fade","og_description":"at\u00e9 1995 Liceu 1995-2001 Curso de medicina na Faculdade de Medicina de Lisboa e 4o ano do curso passado em G\u00f6ttingen na Alemanha 2001-2003 Internato geral em Lisboa 2003 Apta a exercer medicina livremente em Portugal e na Alemanha 2004 -2011 Internato complementar de Anestesiologia 2006 Sub-Especialidade de emerg\u00eancia m\u00e9dica na Alemanha 2011 Grau de &hellip; Continuar a ler \"O meu curr\u00edculo\"","og_url":"https:\/\/viapanacea.eu\/pt\/sobre-mim\/curriculo\/","og_site_name":"O seu caminho para a sa\u00fade","article_modified_time":"2020-12-15T10:29:08+00:00","twitter_card":"summary_large_image","twitter_misc":{"Tempo estimado de leitura":"1 minuto"},"schema":{"@context":"https:\/\/schema.org","@graph":[{"@type":"WebPage","@id":"https:\/\/viapanacea.eu\/pt\/sobre-mim\/curriculo\/","url":"https:\/\/viapanacea.eu\/pt\/sobre-mim\/curriculo\/","name":"O meu curr\u00edculo - O seu caminho para a sa\u00fade","isPartOf":{"@id":"https:\/\/viapanacea.eu\/pt\/#website"},"datePublished":"2017-07-25T13:18:28+00:00","dateModified":"2020-12-15T10:29:08+00:00","breadcrumb":{"@id":"https:\/\/viapanacea.eu\/pt\/sobre-mim\/curriculo\/#breadcrumb"},"inLanguage":"pt-PT","potentialAction":[{"@type":"ReadAction","target":["https:\/\/viapanacea.eu\/pt\/sobre-mim\/curriculo\/"]}]},{"@type":"BreadcrumbList","@id":"https:\/\/viapanacea.eu\/pt\/sobre-mim\/curriculo\/#breadcrumb","itemListElement":[{"@type":"ListItem","position":1,"name":"In\u00edcio","item":"https:\/\/viapanacea.eu\/pt\/"},{"@type":"ListItem","position":2,"name":"Sobre mim","item":"https:\/\/viapanacea.eu\/pt\/sobre-mim\/"},{"@type":"ListItem","position":3,"name":"O meu curr\u00edculo"}]},{"@type":"WebSite","@id":"https:\/\/viapanacea.eu\/pt\/#website","url":"https:\/\/viapanacea.eu\/pt\/","name":"O seu caminho para a sa\u00fade","description":"Com Ana Steindorff Pinheiro,    M\u00e9dica de medicina do estilo de vida e nutri\u00e7\u00e3o cl\u00ednica","publisher":{"@id":"https:\/\/viapanacea.eu\/pt\/#organization"},"potentialAction":[{"@type":"SearchAction","target":{"@type":"EntryPoint","urlTemplate":"https:\/\/viapanacea.eu\/pt\/?s={search_term_string}"},"query-input":{"@type":"PropertyValueSpecification","valueRequired":true,"valueName":"search_term_string"}}],"inLanguage":"pt-PT"},{"@type":"Organization","@id":"https:\/\/viapanacea.eu\/pt\/#organization","name":"Ana Steindorff Pinheiro","url":"https:\/\/viapanacea.eu\/pt\/","logo":{"@type":"ImageObject","inLanguage":"pt-PT","@id":"https:\/\/viapanacea.eu\/pt\/#\/schema\/logo\/image\/","url":"http:\/\/viapanacea.eu\/pt\/wp-content\/uploads\/2018\/02\/Logo-kreis-0-768x1024.png","contentUrl":"http:\/\/viapanacea.eu\/pt\/wp-content\/uploads\/2018\/02\/Logo-kreis-0-768x1024.png","width":768,"height":1024,"caption":"Ana Steindorff Pinheiro"},"image":{"@id":"https:\/\/viapanacea.eu\/pt\/#\/schema\/logo\/image\/"},"sameAs":["http:\/\/viapanacea"]}]}},"jetpack_sharing_enabled":true,"jetpack_shortlink":"https:\/\/wp.me\/PaVegn-2n","_links":{"self":[{"href":"http:\/\/viapanacea.eu\/pt\/wp-json\/wp\/v2\/pages\/147","targetHints":{"allow":["GET"]}}],"collection":[{"href":"http:\/\/viapanacea.eu\/pt\/wp-json\/wp\/v2\/pages"}],"about":[{"href":"http:\/\/viapanacea.eu\/pt\/wp-json\/wp\/v2\/types\/page"}],"author":[{"embeddable":true,"href":"http:\/\/viapanacea.eu\/pt\/wp-json\/wp\/v2\/users\/1"}],"replies":[{"embeddable":true,"href":"http:\/\/viapanacea.eu\/pt\/wp-json\/wp\/v2\/comments?post=147"}],"version-history":[{"count":26,"href":"http:\/\/viapanacea.eu\/pt\/wp-json\/wp\/v2\/pages\/147\/revisions"}],"predecessor-version":[{"id":1265,"href":"http:\/\/viapanacea.eu\/pt\/wp-json\/wp\/v2\/pages\/147\/revisions\/1265"}],"up":[{"embeddable":true,"href":"http:\/\/viapanacea.eu\/pt\/wp-json\/wp\/v2\/pages\/54"}],"wp:attachment":[{"href":"http:\/\/viapanacea.eu\/pt\/wp-json\/wp\/v2\/media?parent=147"}],"curies":[{"name":"wp","href":"https:\/\/api.w.org\/{rel}","templated":true}]}}