{"id":180,"date":"2017-08-09T14:23:56","date_gmt":"2017-08-09T12:23:56","guid":{"rendered":"http:\/\/www.viapanacea.eu\/?page_id=180"},"modified":"2020-12-15T11:34:45","modified_gmt":"2020-12-15T10:34:45","slug":"kontakt","status":"publish","type":"page","link":"http:\/\/viapanacea.eu\/pt\/kontakt\/","title":{"rendered":"Contacto"},"content":{"rendered":"<p><strong>Ana Steindorff Pinheiro<\/strong><\/p>\n<p>Erlenweg 14<\/p>\n<p>13587 \u00a0 Berlim, Alemanha<\/p>\n<p>Consultas por videoconfer\u00eancia para todo o mundo.<\/p>\n<p>e-mail:\u00a0<a href=\"mailto:info@viapanacea.eu\">info@viapanacea.eu<\/a><\/p>\n<p>Tel na Alemanha: +49 (0)176-78504799<\/p>\n<p>Tel em Portugal: +351 964 105 347<\/p>\n<p>Eu estou no Instagram com fotos de propostas de comidas e mais:\u00a0 viapanacea<\/p>\n<p>Eu estou no Facebook: viapanacea<\/p>\n<p>Os seus contactos s\u00e3o usados exclusivamente para a resposta \u00e0s suas quest\u00f5es e para o envio de material informativo. Se nos contactar por e-mail est\u00e1 de acordo com a grava\u00e7\u00e3o dos seus dados e foi por esta via informado que o contacto por mail \u00e9 inseguro. Para mais informa\u00e7\u00f5es veja tamb\u00e9m aqui:<\/p>\n<p><a class=\"custom__button custom__button__size__small custom__margin__right__xl\" href=\"http:\/\/viapanacea.eu\/download\/\">Download<\/a><a class=\"custom__button custom__button__size__small custom__margin__right__xl\" href=\"http:\/\/viapanacea.eu\/pt\/nota-legal\/\"> \u00a0 Nota Legal<\/a><\/p>\n\n\n<div class=\"wp-block-button aligncenter is-style-outline is-style-outline--1\"><a class=\"wp-block-button__link has-text-color has-very-light-gray-color has-background\" href=\"http:\/\/viapanacea.eu\/pt\/consulta\/\" style=\"background-color:#398f3f\" target=\"_blank\" rel=\"noreferrer noopener\">Marque uma consulta<br><\/a><\/div>\n","protected":false},"excerpt":{"rendered":"<p>Ana Steindorff Pinheiro Erlenweg 14 13587 \u00a0 Berlim, Alemanha Consultas por videoconfer\u00eancia para todo o mundo. e-mail:\u00a0info@viapanacea.eu Tel na Alemanha: +49 (0)176-78504799 Tel em Portugal: +351 964 105 347 Eu estou no Instagram com fotos de propostas de comidas e mais:\u00a0 viapanacea Eu estou no Facebook: viapanacea Os seus contactos s\u00e3o usados exclusivamente para a &hellip; <\/p>\n<p class=\"link-more\"><a href=\"http:\/\/viapanacea.eu\/pt\/kontakt\/\" class=\"more-link\">Continuar a ler <span class=\"screen-reader-text\">&#8220;Contacto&#8221;<\/span><\/a><\/p>\n","protected":false},"author":1,"featured_media":0,"parent":0,"menu_order":7,"comment_status":"closed","ping_status":"closed","template":"","meta":{"jetpack_post_was_ever_published":false,"footnotes":""},"class_list":["post-180","page","type-page","status-publish","hentry"],"yoast_head":"<!-- This site is optimized with the Yoast SEO plugin v27.4 - https:\/\/yoast.com\/product\/yoast-seo-wordpress\/ -->\n<title>Contacto - O seu caminho para a sa\u00fade<\/title>\n<meta name=\"robots\" content=\"index, follow, max-snippet:-1, max-image-preview:large, max-video-preview:-1\" \/>\n<link rel=\"canonical\" href=\"https:\/\/viapanacea.eu\/pt\/kontakt\/\" \/>\n<meta property=\"og:locale\" content=\"pt_PT\" \/>\n<meta property=\"og:type\" content=\"article\" \/>\n<meta property=\"og:title\" content=\"Contacto - O seu caminho para a sa\u00fade\" \/>\n<meta property=\"og:description\" content=\"Ana Steindorff Pinheiro Erlenweg 14 13587 \u00a0 Berlim, Alemanha Consultas por videoconfer\u00eancia para todo o mundo. e-mail:\u00a0info@viapanacea.eu Tel na Alemanha: +49 (0)176-78504799 Tel em Portugal: +351 964 105 347 Eu estou no Instagram com fotos de propostas de comidas e mais:\u00a0 viapanacea Eu estou no Facebook: viapanacea Os seus contactos s\u00e3o usados exclusivamente para a &hellip; Continuar a ler &quot;Contacto&quot;\" \/>\n<meta property=\"og:url\" content=\"https:\/\/viapanacea.eu\/pt\/kontakt\/\" \/>\n<meta property=\"og:site_name\" content=\"O seu caminho para a sa\u00fade\" \/>\n<meta property=\"article:modified_time\" content=\"2020-12-15T10:34:45+00:00\" \/>\n<meta name=\"twitter:card\" content=\"summary_large_image\" \/>\n<meta name=\"twitter:label1\" content=\"Tempo estimado de leitura\" \/>\n\t<meta name=\"twitter:data1\" content=\"1 minuto\" \/>\n<script type=\"application\/ld+json\" class=\"yoast-schema-graph\">{\"@context\":\"https:\\\/\\\/schema.org\",\"@graph\":[{\"@type\":\"WebPage\",\"@id\":\"https:\\\/\\\/viapanacea.eu\\\/pt\\\/kontakt\\\/\",\"url\":\"https:\\\/\\\/viapanacea.eu\\\/pt\\\/kontakt\\\/\",\"name\":\"Contacto - O seu caminho para a sa\u00fade\",\"isPartOf\":{\"@id\":\"https:\\\/\\\/viapanacea.eu\\\/pt\\\/#website\"},\"datePublished\":\"2017-08-09T12:23:56+00:00\",\"dateModified\":\"2020-12-15T10:34:45+00:00\",\"breadcrumb\":{\"@id\":\"https:\\\/\\\/viapanacea.eu\\\/pt\\\/kontakt\\\/#breadcrumb\"},\"inLanguage\":\"pt-PT\",\"potentialAction\":[{\"@type\":\"ReadAction\",\"target\":[\"https:\\\/\\\/viapanacea.eu\\\/pt\\\/kontakt\\\/\"]}]},{\"@type\":\"BreadcrumbList\",\"@id\":\"https:\\\/\\\/viapanacea.eu\\\/pt\\\/kontakt\\\/#breadcrumb\",\"itemListElement\":[{\"@type\":\"ListItem\",\"position\":1,\"name\":\"In\u00edcio\",\"item\":\"https:\\\/\\\/viapanacea.eu\\\/pt\\\/\"},{\"@type\":\"ListItem\",\"position\":2,\"name\":\"Contacto\"}]},{\"@type\":\"WebSite\",\"@id\":\"https:\\\/\\\/viapanacea.eu\\\/pt\\\/#website\",\"url\":\"https:\\\/\\\/viapanacea.eu\\\/pt\\\/\",\"name\":\"O seu caminho para a sa\u00fade\",\"description\":\"Com Ana Steindorff Pinheiro,    M\u00e9dica de medicina do estilo de vida e nutri\u00e7\u00e3o cl\u00ednica\",\"publisher\":{\"@id\":\"https:\\\/\\\/viapanacea.eu\\\/pt\\\/#organization\"},\"potentialAction\":[{\"@type\":\"SearchAction\",\"target\":{\"@type\":\"EntryPoint\",\"urlTemplate\":\"https:\\\/\\\/viapanacea.eu\\\/pt\\\/?s={search_term_string}\"},\"query-input\":{\"@type\":\"PropertyValueSpecification\",\"valueRequired\":true,\"valueName\":\"search_term_string\"}}],\"inLanguage\":\"pt-PT\"},{\"@type\":\"Organization\",\"@id\":\"https:\\\/\\\/viapanacea.eu\\\/pt\\\/#organization\",\"name\":\"Ana Steindorff Pinheiro\",\"url\":\"https:\\\/\\\/viapanacea.eu\\\/pt\\\/\",\"logo\":{\"@type\":\"ImageObject\",\"inLanguage\":\"pt-PT\",\"@id\":\"https:\\\/\\\/viapanacea.eu\\\/pt\\\/#\\\/schema\\\/logo\\\/image\\\/\",\"url\":\"http:\\\/\\\/viapanacea.eu\\\/pt\\\/wp-content\\\/uploads\\\/2018\\\/02\\\/Logo-kreis-0-768x1024.png\",\"contentUrl\":\"http:\\\/\\\/viapanacea.eu\\\/pt\\\/wp-content\\\/uploads\\\/2018\\\/02\\\/Logo-kreis-0-768x1024.png\",\"width\":768,\"height\":1024,\"caption\":\"Ana Steindorff Pinheiro\"},\"image\":{\"@id\":\"https:\\\/\\\/viapanacea.eu\\\/pt\\\/#\\\/schema\\\/logo\\\/image\\\/\"},\"sameAs\":[\"http:\\\/\\\/viapanacea\"]}]}<\/script>\n<!-- \/ Yoast SEO plugin. -->","yoast_head_json":{"title":"Contacto - O seu caminho para a sa\u00fade","robots":{"index":"index","follow":"follow","max-snippet":"max-snippet:-1","max-image-preview":"max-image-preview:large","max-video-preview":"max-video-preview:-1"},"canonical":"https:\/\/viapanacea.eu\/pt\/kontakt\/","og_locale":"pt_PT","og_type":"article","og_title":"Contacto - O seu caminho para a sa\u00fade","og_description":"Ana Steindorff Pinheiro Erlenweg 14 13587 \u00a0 Berlim, Alemanha Consultas por videoconfer\u00eancia para todo o mundo. e-mail:\u00a0info@viapanacea.eu Tel na Alemanha: +49 (0)176-78504799 Tel em Portugal: +351 964 105 347 Eu estou no Instagram com fotos de propostas de comidas e mais:\u00a0 viapanacea Eu estou no Facebook: viapanacea Os seus contactos s\u00e3o usados exclusivamente para a &hellip; Continuar a ler \"Contacto\"","og_url":"https:\/\/viapanacea.eu\/pt\/kontakt\/","og_site_name":"O seu caminho para a sa\u00fade","article_modified_time":"2020-12-15T10:34:45+00:00","twitter_card":"summary_large_image","twitter_misc":{"Tempo estimado de leitura":"1 minuto"},"schema":{"@context":"https:\/\/schema.org","@graph":[{"@type":"WebPage","@id":"https:\/\/viapanacea.eu\/pt\/kontakt\/","url":"https:\/\/viapanacea.eu\/pt\/kontakt\/","name":"Contacto - O seu caminho para a sa\u00fade","isPartOf":{"@id":"https:\/\/viapanacea.eu\/pt\/#website"},"datePublished":"2017-08-09T12:23:56+00:00","dateModified":"2020-12-15T10:34:45+00:00","breadcrumb":{"@id":"https:\/\/viapanacea.eu\/pt\/kontakt\/#breadcrumb"},"inLanguage":"pt-PT","potentialAction":[{"@type":"ReadAction","target":["https:\/\/viapanacea.eu\/pt\/kontakt\/"]}]},{"@type":"BreadcrumbList","@id":"https:\/\/viapanacea.eu\/pt\/kontakt\/#breadcrumb","itemListElement":[{"@type":"ListItem","position":1,"name":"In\u00edcio","item":"https:\/\/viapanacea.eu\/pt\/"},{"@type":"ListItem","position":2,"name":"Contacto"}]},{"@type":"WebSite","@id":"https:\/\/viapanacea.eu\/pt\/#website","url":"https:\/\/viapanacea.eu\/pt\/","name":"O seu caminho para a sa\u00fade","description":"Com Ana Steindorff Pinheiro,    M\u00e9dica de medicina do estilo de vida e nutri\u00e7\u00e3o cl\u00ednica","publisher":{"@id":"https:\/\/viapanacea.eu\/pt\/#organization"},"potentialAction":[{"@type":"SearchAction","target":{"@type":"EntryPoint","urlTemplate":"https:\/\/viapanacea.eu\/pt\/?s={search_term_string}"},"query-input":{"@type":"PropertyValueSpecification","valueRequired":true,"valueName":"search_term_string"}}],"inLanguage":"pt-PT"},{"@type":"Organization","@id":"https:\/\/viapanacea.eu\/pt\/#organization","name":"Ana Steindorff Pinheiro","url":"https:\/\/viapanacea.eu\/pt\/","logo":{"@type":"ImageObject","inLanguage":"pt-PT","@id":"https:\/\/viapanacea.eu\/pt\/#\/schema\/logo\/image\/","url":"http:\/\/viapanacea.eu\/pt\/wp-content\/uploads\/2018\/02\/Logo-kreis-0-768x1024.png","contentUrl":"http:\/\/viapanacea.eu\/pt\/wp-content\/uploads\/2018\/02\/Logo-kreis-0-768x1024.png","width":768,"height":1024,"caption":"Ana Steindorff Pinheiro"},"image":{"@id":"https:\/\/viapanacea.eu\/pt\/#\/schema\/logo\/image\/"},"sameAs":["http:\/\/viapanacea"]}]}},"jetpack_sharing_enabled":true,"jetpack_shortlink":"https:\/\/wp.me\/PaVegn-2U","_links":{"self":[{"href":"http:\/\/viapanacea.eu\/pt\/wp-json\/wp\/v2\/pages\/180","targetHints":{"allow":["GET"]}}],"collection":[{"href":"http:\/\/viapanacea.eu\/pt\/wp-json\/wp\/v2\/pages"}],"about":[{"href":"http:\/\/viapanacea.eu\/pt\/wp-json\/wp\/v2\/types\/page"}],"author":[{"embeddable":true,"href":"http:\/\/viapanacea.eu\/pt\/wp-json\/wp\/v2\/users\/1"}],"replies":[{"embeddable":true,"href":"http:\/\/viapanacea.eu\/pt\/wp-json\/wp\/v2\/comments?post=180"}],"version-history":[{"count":38,"href":"http:\/\/viapanacea.eu\/pt\/wp-json\/wp\/v2\/pages\/180\/revisions"}],"predecessor-version":[{"id":1269,"href":"http:\/\/viapanacea.eu\/pt\/wp-json\/wp\/v2\/pages\/180\/revisions\/1269"}],"wp:attachment":[{"href":"http:\/\/viapanacea.eu\/pt\/wp-json\/wp\/v2\/media?parent=180"}],"curies":[{"name":"wp","href":"https:\/\/api.w.org\/{rel}","templated":true}]}}