{"id":223,"date":"2017-08-16T11:47:51","date_gmt":"2017-08-16T09:47:51","guid":{"rendered":"http:\/\/www.viapanacea.eu\/?page_id=223"},"modified":"2020-12-15T11:31:15","modified_gmt":"2020-12-15T10:31:15","slug":"nota-legal","status":"publish","type":"page","link":"http:\/\/viapanacea.eu\/pt\/nota-legal\/","title":{"rendered":"Nota legal"},"content":{"rendered":"<div class=\"entry-title\">\n<h4><a title=\"INFORMA\u00c7\u00c3O: REGULAMENTO GERAL DE PROTE\u00c7\u00c3O DE DADOS\" href=\"https:\/\/ordemdosmedicos.pt\/informacao-regulamento-geral-de-protecao-de-dados\/\">INFORMA\u00c7\u00c3O: REGULAMENTO GERAL DE PROTE\u00c7\u00c3O DE DADOS<\/a><\/h4>\n<\/div>\n<div class=\"entry-body\">\u00a0<\/div>\n<h6><strong>Ana Marta Schriewer Miranda Steindorff Pinheiro<\/strong><\/h6>\n<p style=\"padding-left: 40px;\">Erlenweg 14<\/p>\n<p style=\"padding-left: 40px;\">13587 Berlin<\/p>\n<p style=\"padding-left: 30px;\">Alemanha<\/p>\n<p style=\"padding-left: 30px;\">Tel.: 0176- 78504799<\/p>\n<p style=\"padding-left: 30px;\"><a href=\"mailto:info@viapanacea.eu\">info@viapanacea.eu<\/a><\/p>\n<p style=\"padding-left: 40px;\">Os deus dados sao usados para responder \u00e0s suas quest\u00f5es, e para o envio de material de informa\u00e7\u00e3o e marketing. Ao contactar comigo por e-mail est\u00e1 de acordo com a gravacao dos deus dados e foi informado que o envio de dados por e-mail nao \u00e9 um modo seguro de envio de dados, que podem ser vistos por outros.<\/p>\n<h4><strong>Profiss\u00e3o<br \/><\/strong><\/h4>\n<p style=\"padding-left: 30px;\">M\u00e9dica<br \/>Especialista em Anestesia<br \/>Forma\u00e7\u00e3o certificada em nutri\u00e7\u00e3o cl\u00ednica pela ordem dos m\u00e9dicos alem\u00e3<\/p>\n<p style=\"padding-left: 30px;\">Forma\u00e7\u00e3o certificada em deshabitua\u00e7\u00e3o de tabaco pela ordem dos m\u00e9dicos alem\u00e3<\/p>\n<p style=\"padding-left: 30px;\">Certificado em nutricao baseada em plantas pela eCornell University, EUA<\/p>\n<p style=\"padding-left: 30px;\">Subespecialista em emerg\u00eancia m\u00e9dia pela ordem dos m\u00e9dicos alem\u00e3<\/p>\n<p style=\"padding-left: 30px;\">Subespecialista em medicina palliativa pela ordem dos m\u00e9dicos alem\u00e3<\/p>\n<p>\u00a0<\/p>\n<p style=\"padding-left: 30px;\">M\u00e9dica inscrita na ordem dos m\u00e9dicos em Portugal e na Alemanha desde 2003.<\/p>\n<h4><strong>Ordem dos m\u00e9dicos respons\u00e1vel:<br \/><\/strong><\/h4>\n<p><a href=\"https:\/\/www.aerztekammer-berlin.de\/homepage\/index.html\">\u00c4rztekammer<\/a> Berlin<br \/>Friedrichstra\u00dfe 16, 10969 Berlin<br \/>Telefon: (030) 40806-0<\/p>\n<p>Berufsrechtliche Regelungen:<br \/><a href=\"https:\/\/www.aerztekammer-berlin.de\/10arzt\/30_Berufsrecht\/06_Rechtsgrundlagen\/30_Berufsrecht\/Berufsordnung.pdf\">Berufsordnung<\/a> der Landes\u00e4rztekammer Berlin<br \/><a href=\"https:\/\/www.aerztekammer-berlin.de\/10arzt\/30_Berufsrecht\/06_Rechtsgrundlagen\/index.html\" target=\"_blank\" rel=\"noopener noreferrer\">Gesetze und Verordnungen<\/a><\/p>\n<hr \/>\n<p>Pergunte ao seu m\u00e9dico se este ou antes um outro conselho sobre nutri\u00e7\u00e3o ou outros \u00e9 o ideal para si.<\/p>\n<p>Cada pessoa e cada doente \u00e9 diferente.<\/p>\n<p>As informa\u00e7\u00f5es dadas neste s\u00edtio web s\u00e3o disponibilizadas apenas para a sua informa\u00e7\u00e3o,\u00a0 e n\u00e3o substituem um conselho m\u00e9dico ou direito, nem um tratamento.<\/p>\n<p>Este site n\u00e3o \u00e9, e nem substitui uma rela\u00e7\u00e3o m\u00e9dico doente.<\/p>\n<p>Por inseguran\u00e7a do sistema, n\u00e3o envie dados m\u00e9dicos e financeiros por e-mail.<\/p>\n<div><hr \/><\/div>\n<h3>Informa\u00e7\u00f5es gerais da regula\u00e7\u00e3o geral de protec\u00e7\u00e3o de dados<strong><br \/><\/strong><\/h3>\n<div>Caro\/a visitante do nosso sitio web,<\/div>\n<div>quero por este meio inform\u00e1-lo que ao visitar este s\u00edtio n\u00f3s recolhemos e gravamos dados pessoais, inclu\u00edndo: nome, e-mail, morada IP, dados sobre a sua utilisa\u00e7\u00e3o da internet.<\/div>\n<h4>Respons\u00e1vel pela protec\u00e7\u00e3o de dados no meu consult\u00f3rio:<\/h4>\n<p>Ana Steindorff Pinheiro<\/p>\n<p>Erlenweg 14<\/p>\n<p>13587\u00a0 Berlin<\/p>\n<p>Tel: 0176-78504799<br \/>info@viapanacea.eu<\/p>\n<p>Consult\u00f3rio baseado em Berlim, na Alemanha<\/p>\n<p>Brevemente com consultas em Lisboa &#8211; em\u00a0 prepara\u00e7\u00e3o.<\/p>\n<h4>Respons\u00e1vel pela protec\u00e7\u00e3o de dados neste s\u00edtio da internet:<\/h4>\n<div>Ana Steindorff Pinheiro<\/div>\n<div>Erlenweg 14<\/div>\n<div>13587\u00a0 Berlin<\/div>\n<div>Alemanha<\/div>\n<div>Tel: 0176-78504799<br \/>info@viapanacea.eu<\/div>\n<h4>Disponibilizacao deste s\u00edtio web e constituicao de Logfiles:<\/h4>\n<p>O nosso s\u00edtio web \u00e9 disponibilizado exclusivamente para a fornecer informacoes sobre o nosso consult\u00f3rio, os nossos espectro de tratamento e opcoes de tratamento de variadas doencas. Cada vez que se liga ao nosso s\u00edtio, o nosso sistema grava automaticamente dados e informacoes do seu computador. Sao armazenados os seguintes dados:<\/p>\n<ul>\n<li>Morada IP-Adresse do utilizador<\/li>\n<li>Data e hora da ligacao, tal como o fuso hor\u00e1rio<\/li>\n<li>Conte\u00fado da ligacao (a p\u00e1gina do s\u00edtio visitado)<\/li>\n<li>S\u00edtio web de onde veio redireccionado<\/li>\n<li>Tipo de Browsers, tal como a l\u00edngua usada e a versao utilizada<\/li>\n<li>Sistema operativo usado<\/li>\n<li>http-Statuscode<\/li>\n<li>Quantidade de dados \u00dcbertragene Datenmenge<\/li>\n<\/ul>\n<div>Os seus dados sao armazenados no nosso sistema como Logfiles. A armazenacao destes dados \u00e9 necess\u00e1ria para podermos disponibilizar a utilizacao do s\u00edtio web por s\u00ed, e para poder navegar. A lei segundo o armazenamento \u00e9 possivel est\u00e1 descrita no Art. 6 Abs. 1 lit. f DSGVO.<\/div>\n<div>O apagamento dos dados ocorre quando estes j\u00e1 nao sao necess\u00e1rios para a disponibilizacao on line do s\u00edtio web, nomeadamente quando termina a sua sessao.<\/div>\n<div>Venho por este meio tambem informar que a transmissao de dados pela internet (como por exemplo por e-mail) apresenta v\u00e1rias falhas na seguranca, pois uma proteccao de dados consequente e sem falhas contra terceiros, nao \u00e9 possivel.<\/div>\n<div>Wir widersprechen hiermit ausdr\u00fccklich der Nutzung von im Rahmen der Impressumspflicht ver\u00f6ffentlichten Kontaktdaten durch Dritte zur \u00dcbersendung von nicht ausdr\u00fccklich angeforderter Werbung und Informationsmaterialien. Die Betreiber dieser Seiten behalten sich ausdr\u00fccklich vor, im Fall der unverlangten Zusendung von Werbeinformationen, etwa durch Spam-Mails, rechtliche Schritte einzuleiten.<\/div>\n<h4><strong>Os seus direitos:<\/strong><\/h4>\n<div>De acordo com a RGPD, em relacao aos seus dados gravados por n\u00f3s, tem direito aos seguintes:<\/div>\n<ul>\n<li>Receber inforacoes sobre os dados gravados por n\u00f3s, inclusive \u00e0 sua rectificacao.<\/li>\n<li>De acordo com determinados crit\u00e9rios, tem direito ao apagamento total dos seus dados, \u00e0 limitacao do uso dos seus dados, tal como \u00e0 transmissao dos seus dados a terceiros.<\/li>\n<li>O tratamento dos seus dados cumpre as normas legais em vigor, e quando estas nao existam, de acordo com autorisacao pessoal. Neste \u00faltimo caso, tem a hip\u00f3tese de rever ou recusar a qualquer momento esta autorizacao.<\/li>\n<li>Tem o direito de reclamar junto da autoridade respons\u00e1vel pela RGDP, se tiver a impressao que o tratamento de dados nao cumpre as normas em vigor. A morada da autoridade respons\u00e1vel pela RGDP do nosso s\u00edtio \u00e9 a seguinte:<\/li>\n<\/ul>\n<p>Berliner Beauftragte f\u00fcr Datenschutz und Informationsfreiheit,<br \/>Friedrichstra\u00dfe 219, 10969 Berlin,<br \/>Telefon: 030-138890.<\/p>\n<hr \/>\n<p style=\"text-align: center;\">Webdesign<\/p>\n<p style=\"text-align: center;\">Angelica Pinheiro Cardoso<\/p>\n\n\n<p><\/p>\n","protected":false},"excerpt":{"rendered":"<p>INFORMA\u00c7\u00c3O: REGULAMENTO GERAL DE PROTE\u00c7\u00c3O DE DADOS \u00a0 Ana Marta Schriewer Miranda Steindorff Pinheiro Erlenweg 14 13587 Berlin Alemanha Tel.: 0176- 78504799 info@viapanacea.eu Os deus dados sao usados para responder \u00e0s suas quest\u00f5es, e para o envio de material de informa\u00e7\u00e3o e marketing. Ao contactar comigo por e-mail est\u00e1 de acordo com a gravacao dos &hellip; <\/p>\n<p class=\"link-more\"><a href=\"http:\/\/viapanacea.eu\/pt\/nota-legal\/\" class=\"more-link\">Continuar a ler <span class=\"screen-reader-text\">&#8220;Nota legal&#8221;<\/span><\/a><\/p>\n","protected":false},"author":1,"featured_media":0,"parent":0,"menu_order":0,"comment_status":"closed","ping_status":"closed","template":"","meta":{"jetpack_post_was_ever_published":false,"footnotes":""},"class_list":["post-223","page","type-page","status-publish","hentry"],"yoast_head":"<!-- This site is optimized with the Yoast SEO plugin v27.4 - https:\/\/yoast.com\/product\/yoast-seo-wordpress\/ -->\n<title>Nota legal - O seu caminho para a sa\u00fade<\/title>\n<meta name=\"robots\" content=\"index, follow, max-snippet:-1, max-image-preview:large, max-video-preview:-1\" \/>\n<link rel=\"canonical\" href=\"https:\/\/viapanacea.eu\/pt\/nota-legal\/\" \/>\n<meta property=\"og:locale\" content=\"pt_PT\" \/>\n<meta property=\"og:type\" content=\"article\" \/>\n<meta property=\"og:title\" content=\"Nota legal - O seu caminho para a sa\u00fade\" \/>\n<meta property=\"og:description\" content=\"INFORMA\u00c7\u00c3O: REGULAMENTO GERAL DE PROTE\u00c7\u00c3O DE DADOS \u00a0 Ana Marta Schriewer Miranda Steindorff Pinheiro Erlenweg 14 13587 Berlin Alemanha Tel.: 0176- 78504799 info@viapanacea.eu Os deus dados sao usados para responder \u00e0s suas quest\u00f5es, e para o envio de material de informa\u00e7\u00e3o e marketing. Ao contactar comigo por e-mail est\u00e1 de acordo com a gravacao dos &hellip; Continuar a ler &quot;Nota legal&quot;\" \/>\n<meta property=\"og:url\" content=\"https:\/\/viapanacea.eu\/pt\/nota-legal\/\" \/>\n<meta property=\"og:site_name\" content=\"O seu caminho para a sa\u00fade\" \/>\n<meta property=\"article:modified_time\" content=\"2020-12-15T10:31:15+00:00\" \/>\n<meta name=\"twitter:card\" content=\"summary_large_image\" \/>\n<meta name=\"twitter:label1\" content=\"Tempo estimado de leitura\" \/>\n\t<meta name=\"twitter:data1\" content=\"4 minutos\" \/>\n<script type=\"application\/ld+json\" class=\"yoast-schema-graph\">{\"@context\":\"https:\\\/\\\/schema.org\",\"@graph\":[{\"@type\":\"WebPage\",\"@id\":\"https:\\\/\\\/viapanacea.eu\\\/pt\\\/nota-legal\\\/\",\"url\":\"https:\\\/\\\/viapanacea.eu\\\/pt\\\/nota-legal\\\/\",\"name\":\"Nota legal - O seu caminho para a sa\u00fade\",\"isPartOf\":{\"@id\":\"https:\\\/\\\/viapanacea.eu\\\/pt\\\/#website\"},\"datePublished\":\"2017-08-16T09:47:51+00:00\",\"dateModified\":\"2020-12-15T10:31:15+00:00\",\"breadcrumb\":{\"@id\":\"https:\\\/\\\/viapanacea.eu\\\/pt\\\/nota-legal\\\/#breadcrumb\"},\"inLanguage\":\"pt-PT\",\"potentialAction\":[{\"@type\":\"ReadAction\",\"target\":[\"https:\\\/\\\/viapanacea.eu\\\/pt\\\/nota-legal\\\/\"]}]},{\"@type\":\"BreadcrumbList\",\"@id\":\"https:\\\/\\\/viapanacea.eu\\\/pt\\\/nota-legal\\\/#breadcrumb\",\"itemListElement\":[{\"@type\":\"ListItem\",\"position\":1,\"name\":\"In\u00edcio\",\"item\":\"https:\\\/\\\/viapanacea.eu\\\/pt\\\/\"},{\"@type\":\"ListItem\",\"position\":2,\"name\":\"Nota legal\"}]},{\"@type\":\"WebSite\",\"@id\":\"https:\\\/\\\/viapanacea.eu\\\/pt\\\/#website\",\"url\":\"https:\\\/\\\/viapanacea.eu\\\/pt\\\/\",\"name\":\"O seu caminho para a sa\u00fade\",\"description\":\"Com Ana Steindorff Pinheiro,    M\u00e9dica de medicina do estilo de vida e nutri\u00e7\u00e3o cl\u00ednica\",\"publisher\":{\"@id\":\"https:\\\/\\\/viapanacea.eu\\\/pt\\\/#organization\"},\"potentialAction\":[{\"@type\":\"SearchAction\",\"target\":{\"@type\":\"EntryPoint\",\"urlTemplate\":\"https:\\\/\\\/viapanacea.eu\\\/pt\\\/?s={search_term_string}\"},\"query-input\":{\"@type\":\"PropertyValueSpecification\",\"valueRequired\":true,\"valueName\":\"search_term_string\"}}],\"inLanguage\":\"pt-PT\"},{\"@type\":\"Organization\",\"@id\":\"https:\\\/\\\/viapanacea.eu\\\/pt\\\/#organization\",\"name\":\"Ana Steindorff Pinheiro\",\"url\":\"https:\\\/\\\/viapanacea.eu\\\/pt\\\/\",\"logo\":{\"@type\":\"ImageObject\",\"inLanguage\":\"pt-PT\",\"@id\":\"https:\\\/\\\/viapanacea.eu\\\/pt\\\/#\\\/schema\\\/logo\\\/image\\\/\",\"url\":\"http:\\\/\\\/viapanacea.eu\\\/pt\\\/wp-content\\\/uploads\\\/2018\\\/02\\\/Logo-kreis-0-768x1024.png\",\"contentUrl\":\"http:\\\/\\\/viapanacea.eu\\\/pt\\\/wp-content\\\/uploads\\\/2018\\\/02\\\/Logo-kreis-0-768x1024.png\",\"width\":768,\"height\":1024,\"caption\":\"Ana Steindorff Pinheiro\"},\"image\":{\"@id\":\"https:\\\/\\\/viapanacea.eu\\\/pt\\\/#\\\/schema\\\/logo\\\/image\\\/\"},\"sameAs\":[\"http:\\\/\\\/viapanacea\"]}]}<\/script>\n<!-- \/ Yoast SEO plugin. -->","yoast_head_json":{"title":"Nota legal - O seu caminho para a sa\u00fade","robots":{"index":"index","follow":"follow","max-snippet":"max-snippet:-1","max-image-preview":"max-image-preview:large","max-video-preview":"max-video-preview:-1"},"canonical":"https:\/\/viapanacea.eu\/pt\/nota-legal\/","og_locale":"pt_PT","og_type":"article","og_title":"Nota legal - O seu caminho para a sa\u00fade","og_description":"INFORMA\u00c7\u00c3O: REGULAMENTO GERAL DE PROTE\u00c7\u00c3O DE DADOS \u00a0 Ana Marta Schriewer Miranda Steindorff Pinheiro Erlenweg 14 13587 Berlin Alemanha Tel.: 0176- 78504799 info@viapanacea.eu Os deus dados sao usados para responder \u00e0s suas quest\u00f5es, e para o envio de material de informa\u00e7\u00e3o e marketing. Ao contactar comigo por e-mail est\u00e1 de acordo com a gravacao dos &hellip; Continuar a ler \"Nota legal\"","og_url":"https:\/\/viapanacea.eu\/pt\/nota-legal\/","og_site_name":"O seu caminho para a sa\u00fade","article_modified_time":"2020-12-15T10:31:15+00:00","twitter_card":"summary_large_image","twitter_misc":{"Tempo estimado de leitura":"4 minutos"},"schema":{"@context":"https:\/\/schema.org","@graph":[{"@type":"WebPage","@id":"https:\/\/viapanacea.eu\/pt\/nota-legal\/","url":"https:\/\/viapanacea.eu\/pt\/nota-legal\/","name":"Nota legal - O seu caminho para a sa\u00fade","isPartOf":{"@id":"https:\/\/viapanacea.eu\/pt\/#website"},"datePublished":"2017-08-16T09:47:51+00:00","dateModified":"2020-12-15T10:31:15+00:00","breadcrumb":{"@id":"https:\/\/viapanacea.eu\/pt\/nota-legal\/#breadcrumb"},"inLanguage":"pt-PT","potentialAction":[{"@type":"ReadAction","target":["https:\/\/viapanacea.eu\/pt\/nota-legal\/"]}]},{"@type":"BreadcrumbList","@id":"https:\/\/viapanacea.eu\/pt\/nota-legal\/#breadcrumb","itemListElement":[{"@type":"ListItem","position":1,"name":"In\u00edcio","item":"https:\/\/viapanacea.eu\/pt\/"},{"@type":"ListItem","position":2,"name":"Nota legal"}]},{"@type":"WebSite","@id":"https:\/\/viapanacea.eu\/pt\/#website","url":"https:\/\/viapanacea.eu\/pt\/","name":"O seu caminho para a sa\u00fade","description":"Com Ana Steindorff Pinheiro,    M\u00e9dica de medicina do estilo de vida e nutri\u00e7\u00e3o cl\u00ednica","publisher":{"@id":"https:\/\/viapanacea.eu\/pt\/#organization"},"potentialAction":[{"@type":"SearchAction","target":{"@type":"EntryPoint","urlTemplate":"https:\/\/viapanacea.eu\/pt\/?s={search_term_string}"},"query-input":{"@type":"PropertyValueSpecification","valueRequired":true,"valueName":"search_term_string"}}],"inLanguage":"pt-PT"},{"@type":"Organization","@id":"https:\/\/viapanacea.eu\/pt\/#organization","name":"Ana Steindorff Pinheiro","url":"https:\/\/viapanacea.eu\/pt\/","logo":{"@type":"ImageObject","inLanguage":"pt-PT","@id":"https:\/\/viapanacea.eu\/pt\/#\/schema\/logo\/image\/","url":"http:\/\/viapanacea.eu\/pt\/wp-content\/uploads\/2018\/02\/Logo-kreis-0-768x1024.png","contentUrl":"http:\/\/viapanacea.eu\/pt\/wp-content\/uploads\/2018\/02\/Logo-kreis-0-768x1024.png","width":768,"height":1024,"caption":"Ana Steindorff Pinheiro"},"image":{"@id":"https:\/\/viapanacea.eu\/pt\/#\/schema\/logo\/image\/"},"sameAs":["http:\/\/viapanacea"]}]}},"jetpack_sharing_enabled":true,"jetpack_shortlink":"https:\/\/wp.me\/PaVegn-3B","_links":{"self":[{"href":"http:\/\/viapanacea.eu\/pt\/wp-json\/wp\/v2\/pages\/223","targetHints":{"allow":["GET"]}}],"collection":[{"href":"http:\/\/viapanacea.eu\/pt\/wp-json\/wp\/v2\/pages"}],"about":[{"href":"http:\/\/viapanacea.eu\/pt\/wp-json\/wp\/v2\/types\/page"}],"author":[{"embeddable":true,"href":"http:\/\/viapanacea.eu\/pt\/wp-json\/wp\/v2\/users\/1"}],"replies":[{"embeddable":true,"href":"http:\/\/viapanacea.eu\/pt\/wp-json\/wp\/v2\/comments?post=223"}],"version-history":[{"count":39,"href":"http:\/\/viapanacea.eu\/pt\/wp-json\/wp\/v2\/pages\/223\/revisions"}],"predecessor-version":[{"id":1267,"href":"http:\/\/viapanacea.eu\/pt\/wp-json\/wp\/v2\/pages\/223\/revisions\/1267"}],"wp:attachment":[{"href":"http:\/\/viapanacea.eu\/pt\/wp-json\/wp\/v2\/media?parent=223"}],"curies":[{"name":"wp","href":"https:\/\/api.w.org\/{rel}","templated":true}]}}