{"id":236,"date":"2017-08-16T12:24:51","date_gmt":"2017-08-16T10:24:51","guid":{"rendered":"http:\/\/www.viapanacea.eu\/?page_id=236"},"modified":"2019-01-30T13:21:09","modified_gmt":"2019-01-30T12:21:09","slug":"filmes","status":"publish","type":"page","link":"http:\/\/viapanacea.eu\/pt\/filmes\/","title":{"rendered":"Filmes"},"content":{"rendered":"<p>Est\u00e1 \u00e0 procura de um m\u00e9dico ou de uma m\u00e9dica que o\/a acompanhe como viu num dos filmes descritos abaixo, e que o\/a ajude a reduzir os medicamentos que toma, se estiver disposto a fazer uma mudan\u00e7a da alimenta\u00e7\u00e3o e do estilo de vida? Eu especializei-me exactamente nisso.<\/p>\n<p><strong>C\u00f3digo azul<\/strong> (Code Blue) Filme document\u00e1rio, EUA 2019<\/p>\n<p><em><strong>What the Health<\/strong><\/em> Filme document\u00e1rio, EUA 2017<\/p>\n<p><em><strong>PlantPure Nation<\/strong><\/em> Filme document\u00e1rio, EUA 2015<\/p>\n<p><strong>Garfos sobre facas<\/strong> (<em>Forks over Knives<\/em>) Filme document\u00e1rio, EUA 2011<\/p>\n\n\n<div class=\"wp-block-button aligncenter is-style-outline is-style-outline--1\"><a class=\"wp-block-button__link has-text-color has-very-light-gray-color has-background\" href=\"http:\/\/viapanacea.eu\/pt\/consulta\/\" style=\"background-color:#398f3f\" target=\"_blank\" rel=\"noreferrer noopener\">Marque uma consulta<br><\/a><\/div>\n","protected":false},"excerpt":{"rendered":"<p>Est\u00e1 \u00e0 procura de um m\u00e9dico ou de uma m\u00e9dica que o\/a acompanhe como viu num dos filmes descritos abaixo, e que o\/a ajude a reduzir os medicamentos que toma, se estiver disposto a fazer uma mudan\u00e7a da alimenta\u00e7\u00e3o e do estilo de vida? Eu especializei-me exactamente nisso. C\u00f3digo azul (Code Blue) Filme document\u00e1rio, EUA &hellip; <\/p>\n<p class=\"link-more\"><a href=\"http:\/\/viapanacea.eu\/pt\/filmes\/\" class=\"more-link\">Continuar a ler <span class=\"screen-reader-text\">&#8220;Filmes&#8221;<\/span><\/a><\/p>\n","protected":false},"author":1,"featured_media":0,"parent":0,"menu_order":0,"comment_status":"closed","ping_status":"closed","template":"","meta":{"jetpack_post_was_ever_published":false,"footnotes":""},"class_list":["post-236","page","type-page","status-publish","hentry"],"yoast_head":"<!-- This site is optimized with the Yoast SEO plugin v27.4 - https:\/\/yoast.com\/product\/yoast-seo-wordpress\/ -->\n<title>Filmes - O seu caminho para a sa\u00fade<\/title>\n<meta name=\"robots\" content=\"index, follow, max-snippet:-1, max-image-preview:large, max-video-preview:-1\" \/>\n<link rel=\"canonical\" href=\"https:\/\/viapanacea.eu\/pt\/filmes\/\" \/>\n<meta property=\"og:locale\" content=\"pt_PT\" \/>\n<meta property=\"og:type\" content=\"article\" \/>\n<meta property=\"og:title\" content=\"Filmes - O seu caminho para a sa\u00fade\" \/>\n<meta property=\"og:description\" content=\"Est\u00e1 \u00e0 procura de um m\u00e9dico ou de uma m\u00e9dica que o\/a acompanhe como viu num dos filmes descritos abaixo, e que o\/a ajude a reduzir os medicamentos que toma, se estiver disposto a fazer uma mudan\u00e7a da alimenta\u00e7\u00e3o e do estilo de vida? Eu especializei-me exactamente nisso. C\u00f3digo azul (Code Blue) Filme document\u00e1rio, EUA &hellip; Continuar a ler &quot;Filmes&quot;\" \/>\n<meta property=\"og:url\" content=\"https:\/\/viapanacea.eu\/pt\/filmes\/\" \/>\n<meta property=\"og:site_name\" content=\"O seu caminho para a sa\u00fade\" \/>\n<meta property=\"article:modified_time\" content=\"2019-01-30T12:21:09+00:00\" \/>\n<meta name=\"twitter:card\" content=\"summary_large_image\" \/>\n<script type=\"application\/ld+json\" class=\"yoast-schema-graph\">{\"@context\":\"https:\\\/\\\/schema.org\",\"@graph\":[{\"@type\":\"WebPage\",\"@id\":\"https:\\\/\\\/viapanacea.eu\\\/pt\\\/filmes\\\/\",\"url\":\"https:\\\/\\\/viapanacea.eu\\\/pt\\\/filmes\\\/\",\"name\":\"Filmes - O seu caminho para a sa\u00fade\",\"isPartOf\":{\"@id\":\"https:\\\/\\\/viapanacea.eu\\\/pt\\\/#website\"},\"datePublished\":\"2017-08-16T10:24:51+00:00\",\"dateModified\":\"2019-01-30T12:21:09+00:00\",\"breadcrumb\":{\"@id\":\"https:\\\/\\\/viapanacea.eu\\\/pt\\\/filmes\\\/#breadcrumb\"},\"inLanguage\":\"pt-PT\",\"potentialAction\":[{\"@type\":\"ReadAction\",\"target\":[\"https:\\\/\\\/viapanacea.eu\\\/pt\\\/filmes\\\/\"]}]},{\"@type\":\"BreadcrumbList\",\"@id\":\"https:\\\/\\\/viapanacea.eu\\\/pt\\\/filmes\\\/#breadcrumb\",\"itemListElement\":[{\"@type\":\"ListItem\",\"position\":1,\"name\":\"In\u00edcio\",\"item\":\"https:\\\/\\\/viapanacea.eu\\\/pt\\\/\"},{\"@type\":\"ListItem\",\"position\":2,\"name\":\"Filmes\"}]},{\"@type\":\"WebSite\",\"@id\":\"https:\\\/\\\/viapanacea.eu\\\/pt\\\/#website\",\"url\":\"https:\\\/\\\/viapanacea.eu\\\/pt\\\/\",\"name\":\"O seu caminho para a sa\u00fade\",\"description\":\"Com Ana Steindorff Pinheiro,    M\u00e9dica de medicina do estilo de vida e nutri\u00e7\u00e3o cl\u00ednica\",\"publisher\":{\"@id\":\"https:\\\/\\\/viapanacea.eu\\\/pt\\\/#organization\"},\"potentialAction\":[{\"@type\":\"SearchAction\",\"target\":{\"@type\":\"EntryPoint\",\"urlTemplate\":\"https:\\\/\\\/viapanacea.eu\\\/pt\\\/?s={search_term_string}\"},\"query-input\":{\"@type\":\"PropertyValueSpecification\",\"valueRequired\":true,\"valueName\":\"search_term_string\"}}],\"inLanguage\":\"pt-PT\"},{\"@type\":\"Organization\",\"@id\":\"https:\\\/\\\/viapanacea.eu\\\/pt\\\/#organization\",\"name\":\"Ana Steindorff Pinheiro\",\"url\":\"https:\\\/\\\/viapanacea.eu\\\/pt\\\/\",\"logo\":{\"@type\":\"ImageObject\",\"inLanguage\":\"pt-PT\",\"@id\":\"https:\\\/\\\/viapanacea.eu\\\/pt\\\/#\\\/schema\\\/logo\\\/image\\\/\",\"url\":\"http:\\\/\\\/viapanacea.eu\\\/pt\\\/wp-content\\\/uploads\\\/2018\\\/02\\\/Logo-kreis-0-768x1024.png\",\"contentUrl\":\"http:\\\/\\\/viapanacea.eu\\\/pt\\\/wp-content\\\/uploads\\\/2018\\\/02\\\/Logo-kreis-0-768x1024.png\",\"width\":768,\"height\":1024,\"caption\":\"Ana Steindorff Pinheiro\"},\"image\":{\"@id\":\"https:\\\/\\\/viapanacea.eu\\\/pt\\\/#\\\/schema\\\/logo\\\/image\\\/\"},\"sameAs\":[\"http:\\\/\\\/viapanacea\"]}]}<\/script>\n<!-- \/ Yoast SEO plugin. -->","yoast_head_json":{"title":"Filmes - O seu caminho para a sa\u00fade","robots":{"index":"index","follow":"follow","max-snippet":"max-snippet:-1","max-image-preview":"max-image-preview:large","max-video-preview":"max-video-preview:-1"},"canonical":"https:\/\/viapanacea.eu\/pt\/filmes\/","og_locale":"pt_PT","og_type":"article","og_title":"Filmes - O seu caminho para a sa\u00fade","og_description":"Est\u00e1 \u00e0 procura de um m\u00e9dico ou de uma m\u00e9dica que o\/a acompanhe como viu num dos filmes descritos abaixo, e que o\/a ajude a reduzir os medicamentos que toma, se estiver disposto a fazer uma mudan\u00e7a da alimenta\u00e7\u00e3o e do estilo de vida? Eu especializei-me exactamente nisso. C\u00f3digo azul (Code Blue) Filme document\u00e1rio, EUA &hellip; Continuar a ler \"Filmes\"","og_url":"https:\/\/viapanacea.eu\/pt\/filmes\/","og_site_name":"O seu caminho para a sa\u00fade","article_modified_time":"2019-01-30T12:21:09+00:00","twitter_card":"summary_large_image","schema":{"@context":"https:\/\/schema.org","@graph":[{"@type":"WebPage","@id":"https:\/\/viapanacea.eu\/pt\/filmes\/","url":"https:\/\/viapanacea.eu\/pt\/filmes\/","name":"Filmes - O seu caminho para a sa\u00fade","isPartOf":{"@id":"https:\/\/viapanacea.eu\/pt\/#website"},"datePublished":"2017-08-16T10:24:51+00:00","dateModified":"2019-01-30T12:21:09+00:00","breadcrumb":{"@id":"https:\/\/viapanacea.eu\/pt\/filmes\/#breadcrumb"},"inLanguage":"pt-PT","potentialAction":[{"@type":"ReadAction","target":["https:\/\/viapanacea.eu\/pt\/filmes\/"]}]},{"@type":"BreadcrumbList","@id":"https:\/\/viapanacea.eu\/pt\/filmes\/#breadcrumb","itemListElement":[{"@type":"ListItem","position":1,"name":"In\u00edcio","item":"https:\/\/viapanacea.eu\/pt\/"},{"@type":"ListItem","position":2,"name":"Filmes"}]},{"@type":"WebSite","@id":"https:\/\/viapanacea.eu\/pt\/#website","url":"https:\/\/viapanacea.eu\/pt\/","name":"O seu caminho para a sa\u00fade","description":"Com Ana Steindorff Pinheiro,    M\u00e9dica de medicina do estilo de vida e nutri\u00e7\u00e3o cl\u00ednica","publisher":{"@id":"https:\/\/viapanacea.eu\/pt\/#organization"},"potentialAction":[{"@type":"SearchAction","target":{"@type":"EntryPoint","urlTemplate":"https:\/\/viapanacea.eu\/pt\/?s={search_term_string}"},"query-input":{"@type":"PropertyValueSpecification","valueRequired":true,"valueName":"search_term_string"}}],"inLanguage":"pt-PT"},{"@type":"Organization","@id":"https:\/\/viapanacea.eu\/pt\/#organization","name":"Ana Steindorff Pinheiro","url":"https:\/\/viapanacea.eu\/pt\/","logo":{"@type":"ImageObject","inLanguage":"pt-PT","@id":"https:\/\/viapanacea.eu\/pt\/#\/schema\/logo\/image\/","url":"http:\/\/viapanacea.eu\/pt\/wp-content\/uploads\/2018\/02\/Logo-kreis-0-768x1024.png","contentUrl":"http:\/\/viapanacea.eu\/pt\/wp-content\/uploads\/2018\/02\/Logo-kreis-0-768x1024.png","width":768,"height":1024,"caption":"Ana Steindorff Pinheiro"},"image":{"@id":"https:\/\/viapanacea.eu\/pt\/#\/schema\/logo\/image\/"},"sameAs":["http:\/\/viapanacea"]}]}},"jetpack_sharing_enabled":true,"jetpack_shortlink":"https:\/\/wp.me\/PaVegn-3O","_links":{"self":[{"href":"http:\/\/viapanacea.eu\/pt\/wp-json\/wp\/v2\/pages\/236","targetHints":{"allow":["GET"]}}],"collection":[{"href":"http:\/\/viapanacea.eu\/pt\/wp-json\/wp\/v2\/pages"}],"about":[{"href":"http:\/\/viapanacea.eu\/pt\/wp-json\/wp\/v2\/types\/page"}],"author":[{"embeddable":true,"href":"http:\/\/viapanacea.eu\/pt\/wp-json\/wp\/v2\/users\/1"}],"replies":[{"embeddable":true,"href":"http:\/\/viapanacea.eu\/pt\/wp-json\/wp\/v2\/comments?post=236"}],"version-history":[{"count":14,"href":"http:\/\/viapanacea.eu\/pt\/wp-json\/wp\/v2\/pages\/236\/revisions"}],"predecessor-version":[{"id":915,"href":"http:\/\/viapanacea.eu\/pt\/wp-json\/wp\/v2\/pages\/236\/revisions\/915"}],"wp:attachment":[{"href":"http:\/\/viapanacea.eu\/pt\/wp-json\/wp\/v2\/media?parent=236"}],"curies":[{"name":"wp","href":"https:\/\/api.w.org\/{rel}","templated":true}]}}