{"id":330,"date":"2017-08-30T16:20:35","date_gmt":"2017-08-30T14:20:35","guid":{"rendered":"http:\/\/viapanacea.eu\/?page_id=330"},"modified":"2019-03-11T18:49:11","modified_gmt":"2019-03-11T17:49:11","slug":"livros","status":"publish","type":"page","link":"http:\/\/viapanacea.eu\/pt\/livros\/","title":{"rendered":"Livros"},"content":{"rendered":"<p>Infelizmente a maioria dos livros n\u00e3o est\u00e3o dispon\u00edveis em l\u00edngua portuguesa. Alguns Autores v\u00e3o sendo traduzidos, \u00e0s vezes para espanhol, vale a pena continuar a procurar. Os autores descritos abaixo escreveram tam\u00e9m muitos outros livros, que vale a pena ler tamb\u00e9m, vale a pena procurar na net.<\/p>\n<h2>1. Nutri\u00e7\u00e3o<\/h2>\n<ul>\n<li>David L. Katz 2018:&#8221;The Truth About Food: Why Pandas Eat Bamboo and People get Bambooled.&#8221;<\/li>\n<li>Dean Ornish, 2018: &#8220;Undo It!: How simple Lifestyle Changes Can Reverse Most Chronic Diseases.&#8221;<\/li>\n<li>Michael Greger, 2015: &#8220;<em>How not to Die<\/em><em>: Discover the foods scientifically proven to prevent and reverse disease.&#8221;<\/em><\/li>\n<li>John McDougall, 2013: <em>&#8220;The Starch Solution&#8221;<\/em><\/li>\n<li>Richard Wrangham, 2009: &#8220;Catching Fire: How cooking made us human.&#8221;<\/li>\n<li>Caldwell B. Esselstyn Jr., 2008: <em>&#8220;Prevent and Reverse Heart Disease: The Revolutionary, Scientifically Proven, Nutrition-Based Cure&#8221;<\/em><\/li>\n<li>Neal Barnard, 2008: &#8220;<em>Dr. Neal Barnard&#8217;s Program for Reversing Diabetes: The Scientifically Proven System for Reversing Diabetes without Drugs&#8221;<\/em><\/li>\n<li>T. Colin Campbell, 2006:<em> &#8220;The China Study: The most comprehensive study of nutrition ever conducted and the startling implications for diet, weight loss and long-term health.&#8221;<\/em><\/li>\n<li>Douglas Lisle &amp; Alan Goldhamer, 2003: &#8220;The pleasure trap.&#8221;<\/li>\n<li>Roy Swank, 1998: <em>&#8220;The Multiple Sclerosis Diet Book: A Low-Fat Diet for the Treatment of MS&#8221;<\/em><\/li>\n<li>Dean Ornish, 1995: <em>&#8220;Dr Dean Ornish&#8217;s Program for Reversing Heart Disease: The Only System Scientifically Proven to Reverse Heart Disease Without Drugs or Surgery.&#8221;<\/em><\/li>\n<li>Nathan Pritikin, 1981: <em>&#8220;Pritikin Program for Diet and Exercise&#8221;<\/em><\/li>\n<li>Denis Burkitt, 1979: &#8220;<em>Don&#8217;t forget Fibre in your Diet: To help avoid many of our commonest diseases.&#8221;<\/em><\/li>\n<\/ul>\n<h2>2. Medicina, Estat\u00edstica<\/h2>\n<ul>\n<li>Peter G\u00f8tzsche, 2015: &#8220;Deadly Psychiatry and organised denial.&#8221;<\/li>\n<li>H. Gilbert Welch, 2015: &#8220;Less Medicine, more Health. 7 Assumptions that drive too much medical care.&#8221;<\/li>\n<li>Natalie Grams, 2015: &#8220;Hom\u00f6opathie neu gedacht: Was Patienten wirklich hilft.&#8221;<\/li>\n<li>Peter G\u00f8tzsche, 2013: &#8220;Deadly medicines and organised crime. How big pharma has corrupted healthcare.&#8221;<\/li>\n<li>Peter G\u00f8tzsche, 2012: &#8220;Mammography screening: Truth, Lies and Controversy.&#8221;<\/li>\n<li>H. Gilbert Welch, 2011: &#8220;Overdiagnosed. Making people sick in the pursuit of health&#8221;<\/li>\n<li>H. Gilbert Welch, 2006: &#8220;Should I get tested for cancer? Maybe not and here is why.&#8221;<\/li>\n<li>Barbara Starfield, 1998: &#8220;Primary Care &#8211; Balancing Health Needs, Services and Technology&#8221;<\/li>\n<\/ul>\n<h2>3. Constru\u00e7\u00e3o biol\u00f3gica<\/h2>\n<ul>\n<li>Edward Mazria, 1979: &#8220;A Complete Guide to Passive Solar Home, Greenhouse and Building Design.&#8221;<\/li>\n<li>Alfred Eisenschink, 1990: &#8220;Falsch geheizt ist halb gestorben. Gesundheit und Rat f\u00fcr Millionen.&#8221;<\/li>\n<li><span class=\"a-size-small a-color-secondary\">Ianto Evans, 2002: &#8220;The Hand-Sculpted House: A Practical and Philosophical Guide to Building a Cob Cottage: The Real Goods Solar Living Book.&#8221;<\/span><\/li>\n<li>Alfred Eisenschink, 2004: &#8220;Die krankmachende \u00d6kofalle. Verordnete Irrwege und der Ausweg.&#8221;<\/li>\n<li>Claus Meier, 2011: &#8220;Energie sparen am Geb\u00e4ude: Thesen und Pseudothesen &#8211; Wissen contra Argumentenschwindel.&#8221;<\/li>\n<li>Claus Meier, 2014: &#8220;Ph\u00e4nomen Strahlungsheizung: Ein humanes Heizsystem wird rehabilitiert.&#8221;<\/li>\n<\/ul>\n\n\n<div class=\"wp-block-button aligncenter is-style-outline is-style-outline--1\"><a class=\"wp-block-button__link has-text-color has-very-light-gray-color has-background\" href=\"http:\/\/viapanacea.eu\/pt\/consulta\/\" style=\"background-color:#398f3f\" target=\"_blank\" rel=\"noreferrer noopener\">Marque uma consulta<br><\/a><\/div>\n","protected":false},"excerpt":{"rendered":"<p>Infelizmente a maioria dos livros n\u00e3o est\u00e3o dispon\u00edveis em l\u00edngua portuguesa. Alguns Autores v\u00e3o sendo traduzidos, \u00e0s vezes para espanhol, vale a pena continuar a procurar. Os autores descritos abaixo escreveram tam\u00e9m muitos outros livros, que vale a pena ler tamb\u00e9m, vale a pena procurar na net. 1. Nutri\u00e7\u00e3o David L. Katz 2018:&#8221;The Truth About &hellip; <\/p>\n<p class=\"link-more\"><a href=\"http:\/\/viapanacea.eu\/pt\/livros\/\" class=\"more-link\">Continuar a ler <span class=\"screen-reader-text\">&#8220;Livros&#8221;<\/span><\/a><\/p>\n","protected":false},"author":1,"featured_media":0,"parent":0,"menu_order":0,"comment_status":"closed","ping_status":"closed","template":"","meta":{"jetpack_post_was_ever_published":false,"footnotes":""},"class_list":["post-330","page","type-page","status-publish","hentry"],"yoast_head":"<!-- This site is optimized with the Yoast SEO plugin v27.4 - https:\/\/yoast.com\/product\/yoast-seo-wordpress\/ -->\n<title>Livros - O seu caminho para a sa\u00fade<\/title>\n<meta name=\"robots\" content=\"index, follow, max-snippet:-1, max-image-preview:large, max-video-preview:-1\" \/>\n<link rel=\"canonical\" href=\"https:\/\/viapanacea.eu\/pt\/livros\/\" \/>\n<meta property=\"og:locale\" content=\"pt_PT\" \/>\n<meta property=\"og:type\" content=\"article\" \/>\n<meta property=\"og:title\" content=\"Livros - O seu caminho para a sa\u00fade\" \/>\n<meta property=\"og:description\" content=\"Infelizmente a maioria dos livros n\u00e3o est\u00e3o dispon\u00edveis em l\u00edngua portuguesa. Alguns Autores v\u00e3o sendo traduzidos, \u00e0s vezes para espanhol, vale a pena continuar a procurar. Os autores descritos abaixo escreveram tam\u00e9m muitos outros livros, que vale a pena ler tamb\u00e9m, vale a pena procurar na net. 1. Nutri\u00e7\u00e3o David L. Katz 2018:&#8221;The Truth About &hellip; Continuar a ler &quot;Livros&quot;\" \/>\n<meta property=\"og:url\" content=\"https:\/\/viapanacea.eu\/pt\/livros\/\" \/>\n<meta property=\"og:site_name\" content=\"O seu caminho para a sa\u00fade\" \/>\n<meta property=\"article:modified_time\" content=\"2019-03-11T17:49:11+00:00\" \/>\n<meta name=\"twitter:card\" content=\"summary_large_image\" \/>\n<meta name=\"twitter:label1\" content=\"Tempo estimado de leitura\" \/>\n\t<meta name=\"twitter:data1\" content=\"2 minutos\" \/>\n<script type=\"application\/ld+json\" class=\"yoast-schema-graph\">{\"@context\":\"https:\\\/\\\/schema.org\",\"@graph\":[{\"@type\":\"WebPage\",\"@id\":\"https:\\\/\\\/viapanacea.eu\\\/pt\\\/livros\\\/\",\"url\":\"https:\\\/\\\/viapanacea.eu\\\/pt\\\/livros\\\/\",\"name\":\"Livros - O seu caminho para a sa\u00fade\",\"isPartOf\":{\"@id\":\"https:\\\/\\\/viapanacea.eu\\\/pt\\\/#website\"},\"datePublished\":\"2017-08-30T14:20:35+00:00\",\"dateModified\":\"2019-03-11T17:49:11+00:00\",\"breadcrumb\":{\"@id\":\"https:\\\/\\\/viapanacea.eu\\\/pt\\\/livros\\\/#breadcrumb\"},\"inLanguage\":\"pt-PT\",\"potentialAction\":[{\"@type\":\"ReadAction\",\"target\":[\"https:\\\/\\\/viapanacea.eu\\\/pt\\\/livros\\\/\"]}]},{\"@type\":\"BreadcrumbList\",\"@id\":\"https:\\\/\\\/viapanacea.eu\\\/pt\\\/livros\\\/#breadcrumb\",\"itemListElement\":[{\"@type\":\"ListItem\",\"position\":1,\"name\":\"In\u00edcio\",\"item\":\"https:\\\/\\\/viapanacea.eu\\\/pt\\\/\"},{\"@type\":\"ListItem\",\"position\":2,\"name\":\"Livros\"}]},{\"@type\":\"WebSite\",\"@id\":\"https:\\\/\\\/viapanacea.eu\\\/pt\\\/#website\",\"url\":\"https:\\\/\\\/viapanacea.eu\\\/pt\\\/\",\"name\":\"O seu caminho para a sa\u00fade\",\"description\":\"Com Ana Steindorff Pinheiro,    M\u00e9dica de medicina do estilo de vida e nutri\u00e7\u00e3o cl\u00ednica\",\"publisher\":{\"@id\":\"https:\\\/\\\/viapanacea.eu\\\/pt\\\/#organization\"},\"potentialAction\":[{\"@type\":\"SearchAction\",\"target\":{\"@type\":\"EntryPoint\",\"urlTemplate\":\"https:\\\/\\\/viapanacea.eu\\\/pt\\\/?s={search_term_string}\"},\"query-input\":{\"@type\":\"PropertyValueSpecification\",\"valueRequired\":true,\"valueName\":\"search_term_string\"}}],\"inLanguage\":\"pt-PT\"},{\"@type\":\"Organization\",\"@id\":\"https:\\\/\\\/viapanacea.eu\\\/pt\\\/#organization\",\"name\":\"Ana Steindorff Pinheiro\",\"url\":\"https:\\\/\\\/viapanacea.eu\\\/pt\\\/\",\"logo\":{\"@type\":\"ImageObject\",\"inLanguage\":\"pt-PT\",\"@id\":\"https:\\\/\\\/viapanacea.eu\\\/pt\\\/#\\\/schema\\\/logo\\\/image\\\/\",\"url\":\"http:\\\/\\\/viapanacea.eu\\\/pt\\\/wp-content\\\/uploads\\\/2018\\\/02\\\/Logo-kreis-0-768x1024.png\",\"contentUrl\":\"http:\\\/\\\/viapanacea.eu\\\/pt\\\/wp-content\\\/uploads\\\/2018\\\/02\\\/Logo-kreis-0-768x1024.png\",\"width\":768,\"height\":1024,\"caption\":\"Ana Steindorff Pinheiro\"},\"image\":{\"@id\":\"https:\\\/\\\/viapanacea.eu\\\/pt\\\/#\\\/schema\\\/logo\\\/image\\\/\"},\"sameAs\":[\"http:\\\/\\\/viapanacea\"]}]}<\/script>\n<!-- \/ Yoast SEO plugin. -->","yoast_head_json":{"title":"Livros - O seu caminho para a sa\u00fade","robots":{"index":"index","follow":"follow","max-snippet":"max-snippet:-1","max-image-preview":"max-image-preview:large","max-video-preview":"max-video-preview:-1"},"canonical":"https:\/\/viapanacea.eu\/pt\/livros\/","og_locale":"pt_PT","og_type":"article","og_title":"Livros - O seu caminho para a sa\u00fade","og_description":"Infelizmente a maioria dos livros n\u00e3o est\u00e3o dispon\u00edveis em l\u00edngua portuguesa. Alguns Autores v\u00e3o sendo traduzidos, \u00e0s vezes para espanhol, vale a pena continuar a procurar. Os autores descritos abaixo escreveram tam\u00e9m muitos outros livros, que vale a pena ler tamb\u00e9m, vale a pena procurar na net. 1. Nutri\u00e7\u00e3o David L. Katz 2018:&#8221;The Truth About &hellip; Continuar a ler \"Livros\"","og_url":"https:\/\/viapanacea.eu\/pt\/livros\/","og_site_name":"O seu caminho para a sa\u00fade","article_modified_time":"2019-03-11T17:49:11+00:00","twitter_card":"summary_large_image","twitter_misc":{"Tempo estimado de leitura":"2 minutos"},"schema":{"@context":"https:\/\/schema.org","@graph":[{"@type":"WebPage","@id":"https:\/\/viapanacea.eu\/pt\/livros\/","url":"https:\/\/viapanacea.eu\/pt\/livros\/","name":"Livros - O seu caminho para a sa\u00fade","isPartOf":{"@id":"https:\/\/viapanacea.eu\/pt\/#website"},"datePublished":"2017-08-30T14:20:35+00:00","dateModified":"2019-03-11T17:49:11+00:00","breadcrumb":{"@id":"https:\/\/viapanacea.eu\/pt\/livros\/#breadcrumb"},"inLanguage":"pt-PT","potentialAction":[{"@type":"ReadAction","target":["https:\/\/viapanacea.eu\/pt\/livros\/"]}]},{"@type":"BreadcrumbList","@id":"https:\/\/viapanacea.eu\/pt\/livros\/#breadcrumb","itemListElement":[{"@type":"ListItem","position":1,"name":"In\u00edcio","item":"https:\/\/viapanacea.eu\/pt\/"},{"@type":"ListItem","position":2,"name":"Livros"}]},{"@type":"WebSite","@id":"https:\/\/viapanacea.eu\/pt\/#website","url":"https:\/\/viapanacea.eu\/pt\/","name":"O seu caminho para a sa\u00fade","description":"Com Ana Steindorff Pinheiro,    M\u00e9dica de medicina do estilo de vida e nutri\u00e7\u00e3o cl\u00ednica","publisher":{"@id":"https:\/\/viapanacea.eu\/pt\/#organization"},"potentialAction":[{"@type":"SearchAction","target":{"@type":"EntryPoint","urlTemplate":"https:\/\/viapanacea.eu\/pt\/?s={search_term_string}"},"query-input":{"@type":"PropertyValueSpecification","valueRequired":true,"valueName":"search_term_string"}}],"inLanguage":"pt-PT"},{"@type":"Organization","@id":"https:\/\/viapanacea.eu\/pt\/#organization","name":"Ana Steindorff Pinheiro","url":"https:\/\/viapanacea.eu\/pt\/","logo":{"@type":"ImageObject","inLanguage":"pt-PT","@id":"https:\/\/viapanacea.eu\/pt\/#\/schema\/logo\/image\/","url":"http:\/\/viapanacea.eu\/pt\/wp-content\/uploads\/2018\/02\/Logo-kreis-0-768x1024.png","contentUrl":"http:\/\/viapanacea.eu\/pt\/wp-content\/uploads\/2018\/02\/Logo-kreis-0-768x1024.png","width":768,"height":1024,"caption":"Ana Steindorff Pinheiro"},"image":{"@id":"https:\/\/viapanacea.eu\/pt\/#\/schema\/logo\/image\/"},"sameAs":["http:\/\/viapanacea"]}]}},"jetpack_sharing_enabled":true,"jetpack_shortlink":"https:\/\/wp.me\/PaVegn-5k","_links":{"self":[{"href":"http:\/\/viapanacea.eu\/pt\/wp-json\/wp\/v2\/pages\/330","targetHints":{"allow":["GET"]}}],"collection":[{"href":"http:\/\/viapanacea.eu\/pt\/wp-json\/wp\/v2\/pages"}],"about":[{"href":"http:\/\/viapanacea.eu\/pt\/wp-json\/wp\/v2\/types\/page"}],"author":[{"embeddable":true,"href":"http:\/\/viapanacea.eu\/pt\/wp-json\/wp\/v2\/users\/1"}],"replies":[{"embeddable":true,"href":"http:\/\/viapanacea.eu\/pt\/wp-json\/wp\/v2\/comments?post=330"}],"version-history":[{"count":34,"href":"http:\/\/viapanacea.eu\/pt\/wp-json\/wp\/v2\/pages\/330\/revisions"}],"predecessor-version":[{"id":1024,"href":"http:\/\/viapanacea.eu\/pt\/wp-json\/wp\/v2\/pages\/330\/revisions\/1024"}],"wp:attachment":[{"href":"http:\/\/viapanacea.eu\/pt\/wp-json\/wp\/v2\/media?parent=330"}],"curies":[{"name":"wp","href":"https:\/\/api.w.org\/{rel}","templated":true}]}}