{"id":54,"date":"2017-07-22T22:46:50","date_gmt":"2017-07-22T20:46:50","guid":{"rendered":"http:\/\/www.viapanacea.eu\/?page_id=54"},"modified":"2020-04-23T12:32:49","modified_gmt":"2020-04-23T10:32:49","slug":"sobre-mim","status":"publish","type":"page","link":"http:\/\/viapanacea.eu\/pt\/sobre-mim\/","title":{"rendered":"Sobre mim"},"content":{"rendered":"<p><img loading=\"lazy\" decoding=\"async\" class=\"aligncenter wp-image-118 size-full\" src=\"http:\/\/www.viapanacea.eu\/wp-content\/uploads\/2017\/07\/anamedica.jpg\" alt=\"Ana Steindorff Pinheiro\" width=\"894\" height=\"625\" srcset=\"http:\/\/viapanacea.eu\/pt\/wp-content\/uploads\/2017\/07\/anamedica.jpg 894w, http:\/\/viapanacea.eu\/pt\/wp-content\/uploads\/2017\/07\/anamedica-300x210.jpg 300w, http:\/\/viapanacea.eu\/pt\/wp-content\/uploads\/2017\/07\/anamedica-768x537.jpg 768w\" sizes=\"auto, (max-width: 767px) 89vw, (max-width: 1000px) 54vw, (max-width: 1071px) 543px, 580px\" \/><\/p>\n<p><span lang=\"DE\">Eu sou m\u00e9dica h\u00e1 mais de 15 anos.<\/span><\/p>\n<p>\u00a0<\/p>\n<table>\n<tbody>\n<tr>\n<td><a href=\"http:\/\/viapanacea.eu\/pt\/vegane-ernahrung\/\">curr\u00edculo<\/a><\/td>\n<td>\n<p><img loading=\"lazy\" decoding=\"async\" class=\"aligncenter size-full wp-image-705\" src=\"http:\/\/viapanacea.eu\/pt\/wp-content\/uploads\/2018\/02\/graduate-badge.png\" alt=\"\" width=\"260\" height=\"95\" \/><\/p>\n<\/td>\n<\/tr>\n<\/tbody>\n<\/table>\n<ul>\n<li style=\"text-align: left;\">Eu estou associada \u00e0 <a href=\"http:\/\/viapanacea.eu\/pt\/wp-content\/uploads\/2017\/07\/Mezis-Plakat-print.pdf\">Mezis<\/a>: associa\u00e7\u00e3o de m\u00e9dicos alem\u00e3 contra a corrup\u00e7\u00e3o ligada \u00e0 associa\u00e7\u00e3o internacional no free lunch: <img loading=\"lazy\" decoding=\"async\" src=\"http:\/\/www.nofreelunch.org\/home_pics\/logo1.gif\" alt=\"home\" width=\"108\" height=\"67\" name=\"home\" border=\"0\" \/><\/li>\n<\/ul>\n<ul>\n<li>Entrevista sobre a alimenta\u00e7\u00e3o vegetariana e vegana em gr\u00e1vidas, lactentes e crian\u00e7as feita pela associa\u00e7\u00e3o vegetariana e vegana Proveg: <a href=\"http:\/\/aktion-pflanzenpower.de\/interview-ana-steindorff-pinheiro\/\" target=\"_blank\" rel=\"noopener noreferrer\">Interview\u00a0<\/a><\/li>\n<\/ul>\n<ul>\n<li>Eu acredito e assinei a iniciativa &#8220;sa\u00fade verdadeira&#8221;: <a href=\"http:\/\/www.truehealthinitiative.org\/\" target=\"_blank\" rel=\"noopener noreferrer\">True Health Initiative<\/a> (iniciativa para a informa\u00e7\u00e3o da sa\u00fade &#8211; baseada em factos cient\u00edficos e independente de liga\u00e7\u00f5es econ\u00f3micas)<\/li>\n<\/ul>\n<p>Eu j\u00e1 pratiquei medicina em Portugal, na Alemanha, na Irlanda, em Fran\u00e7a, na \u00c1frica do Sul e em Mo\u00e7ambique. Durante este tempo todo, e em todos estes pa\u00edses eu conheci as muitas facetas da medicina.<\/p>\n<p>Enquanto jovem m\u00e9dica as doen\u00e7as cr\u00f3nicas assustavam-me: a medicina tinha t\u00e3o pouco a oferecer &#8211; sempre se chamam doen\u00e7as cr\u00f3nicas, porque s\u00e3o incur\u00e1veis. Receitar medicamentos e acompanhar os doentes cada vez mais doentes era triste e dava-me pouca esperan\u00e7a. Por isso, e porque ap\u00f3s umas quantas emerg\u00eancias m\u00e9dicas que queria tratar mais eficazmente, fiz a especialidade de anestesia e emerg\u00eancia m\u00e9dica. Nessa fase trabalhei acima de tudo em emerg\u00eancia m\u00e9dica e nos cuidados intensivos: especialmente ap\u00f3s acidentes a medicina ocidental altamente tecnol\u00f3gica \u00e9 muito bem sucedida. Salvar doentes e vidas nessa situa\u00e7\u00e3o foi uma experi\u00eancia muito enriquecedora.<\/p>\n<p><span lang=\"DE\">No entanto depois disso vieram as experi\u00eancias da medicina como ind\u00fastria. Os interesses econ\u00f3micos s\u00e3o cada vez mais importantes e n\u00e3o param \u00e0 frente da medicina e parecem ser um processo inexor\u00e1vel do &#8220;progresso&#8221;.<br \/><\/span><\/p>\n<p>Ao mesmo tempo tive um primeiro contacto por acaso com a medicina dos estilos de vida. Medicina dos estilos de vida&#8230; eficaz e por falta de dinheiro, uma \u00e1rea quase esquecida da medicina.<\/p>\n<p><span lang=\"DE\">Esta \u00e1rea fascinou-me desde o in\u00edcio: cient\u00edfica e precisa, mas igualmente integral e humana. Desde essa altura que me especializei nas suas v\u00e1rias vertentes, sobretudo na nutri\u00e7\u00e3o m\u00e9dica baseada em plantas integrais.<\/span><\/p>\n<p><span lang=\"DE\">Desde essa altura em 2015 que a medicina renasceu para mim, levando-me a come\u00e7ar um novo internato m\u00e9dico em cl\u00ednica geral.<br \/><\/span><\/p>\n\n\n<h2 class=\"wp-block-heading\">Princ\u00edpios na medicina:<\/h2>\n\n\n\n<p>Humana, baseada em ci\u00eancia e em medicina baseada na evid\u00eancia, independente da press\u00e3o da ind\u00fastria farmac\u00eautica e da press\u00e3o econ\u00f3mica. Sem armadilhas provenientes de marketing. Os sucessos falam por si.<\/p>\n\n\n\n<p>A verdade tal como ela \u00e9. A maioria das vezes simples e sem curas ou medicamentos milagrosos, exige muito trabalho tanto do m\u00e9dico, como do doente.<\/p>\n\n\n\n<p>Doen\u00e7as cr\u00f3nicas n\u00e3o existem sem motivo. Eu procuro a causa, e n\u00f3s tentamos revert\u00ea-la com uma altera\u00e7\u00e3o do estilo de vida e da alimenta\u00e7\u00e3o. Assim permitimos que uma melhoria e \u00e0s vezes at\u00e9 uma cura seja poss\u00edvel.<\/p>\n\n\n\n<h2 class=\"wp-block-heading\">Princ\u00edpios gerais:<\/h2>\n\n\n\n<p>Liberdade, igualdade de direitos, justi\u00e7a, honestidade, verdade, partilhar a sabedoria.<\/p>\n\n\n\n<p>Auto-determina\u00e7\u00e3o e responsabiliza\u00e7\u00e3o do pr\u00f3prio sobre si mesmo e os seus actos.<\/p>\n\n\n\n<p>Natureza: Eu sou a natureza&nbsp; e&nbsp; a natureza sou eu.<\/p>\n\n\n\n<p>Ciclos de vida: Tudo est\u00e1 envolvido no grande ciclo de vida da natureza, e n\u00e3o h\u00e1 desperd\u00edcios ou lixo.<\/p>\n\n\n\n<div class=\"wp-block-button aligncenter is-style-outline is-style-outline--1\"><a class=\"wp-block-button__link has-text-color has-very-light-gray-color has-background\" href=\"http:\/\/viapanacea.eu\/pt\/consulta\/\" style=\"background-color:#398f3f\" target=\"_blank\" rel=\"noreferrer noopener\">Marque uma consulta<br><\/a><\/div>\n","protected":false},"excerpt":{"rendered":"<p>Eu sou m\u00e9dica h\u00e1 mais de 15 anos. \u00a0 curr\u00edculo Eu estou associada \u00e0 Mezis: associa\u00e7\u00e3o de m\u00e9dicos alem\u00e3 contra a corrup\u00e7\u00e3o ligada \u00e0 associa\u00e7\u00e3o internacional no free lunch: Entrevista sobre a alimenta\u00e7\u00e3o vegetariana e vegana em gr\u00e1vidas, lactentes e crian\u00e7as feita pela associa\u00e7\u00e3o vegetariana e vegana Proveg: Interview\u00a0 Eu acredito e assinei a iniciativa &hellip; <\/p>\n<p class=\"link-more\"><a href=\"http:\/\/viapanacea.eu\/pt\/sobre-mim\/\" class=\"more-link\">Continuar a ler <span class=\"screen-reader-text\">&#8220;Sobre mim&#8221;<\/span><\/a><\/p>\n","protected":false},"author":1,"featured_media":0,"parent":0,"menu_order":2,"comment_status":"closed","ping_status":"closed","template":"","meta":{"jetpack_post_was_ever_published":false,"footnotes":""},"class_list":["post-54","page","type-page","status-publish","hentry"],"yoast_head":"<!-- This site is optimized with the Yoast SEO plugin v27.4 - https:\/\/yoast.com\/product\/yoast-seo-wordpress\/ -->\n<title>Sobre mim - O seu caminho para a sa\u00fade<\/title>\n<meta name=\"robots\" content=\"index, follow, max-snippet:-1, max-image-preview:large, max-video-preview:-1\" \/>\n<link rel=\"canonical\" href=\"https:\/\/viapanacea.eu\/pt\/sobre-mim\/\" \/>\n<meta property=\"og:locale\" content=\"pt_PT\" \/>\n<meta property=\"og:type\" content=\"article\" \/>\n<meta property=\"og:title\" content=\"Sobre mim - O seu caminho para a sa\u00fade\" \/>\n<meta property=\"og:description\" content=\"Eu sou m\u00e9dica h\u00e1 mais de 15 anos. \u00a0 curr\u00edculo Eu estou associada \u00e0 Mezis: associa\u00e7\u00e3o de m\u00e9dicos alem\u00e3 contra a corrup\u00e7\u00e3o ligada \u00e0 associa\u00e7\u00e3o internacional no free lunch: Entrevista sobre a alimenta\u00e7\u00e3o vegetariana e vegana em gr\u00e1vidas, lactentes e crian\u00e7as feita pela associa\u00e7\u00e3o vegetariana e vegana Proveg: Interview\u00a0 Eu acredito e assinei a iniciativa &hellip; Continuar a ler &quot;Sobre mim&quot;\" \/>\n<meta property=\"og:url\" content=\"https:\/\/viapanacea.eu\/pt\/sobre-mim\/\" \/>\n<meta property=\"og:site_name\" content=\"O seu caminho para a sa\u00fade\" \/>\n<meta property=\"article:modified_time\" content=\"2020-04-23T10:32:49+00:00\" \/>\n<meta property=\"og:image\" content=\"http:\/\/www.viapanacea.eu\/wp-content\/uploads\/2017\/07\/anamedica.jpg\" \/>\n<meta name=\"twitter:card\" content=\"summary_large_image\" \/>\n<meta name=\"twitter:label1\" content=\"Tempo estimado de leitura\" \/>\n\t<meta name=\"twitter:data1\" content=\"3 minutos\" \/>\n<script type=\"application\/ld+json\" class=\"yoast-schema-graph\">{\"@context\":\"https:\\\/\\\/schema.org\",\"@graph\":[{\"@type\":\"WebPage\",\"@id\":\"https:\\\/\\\/viapanacea.eu\\\/pt\\\/sobre-mim\\\/\",\"url\":\"https:\\\/\\\/viapanacea.eu\\\/pt\\\/sobre-mim\\\/\",\"name\":\"Sobre mim - O seu caminho para a sa\u00fade\",\"isPartOf\":{\"@id\":\"https:\\\/\\\/viapanacea.eu\\\/pt\\\/#website\"},\"primaryImageOfPage\":{\"@id\":\"https:\\\/\\\/viapanacea.eu\\\/pt\\\/sobre-mim\\\/#primaryimage\"},\"image\":{\"@id\":\"https:\\\/\\\/viapanacea.eu\\\/pt\\\/sobre-mim\\\/#primaryimage\"},\"thumbnailUrl\":\"http:\\\/\\\/www.viapanacea.eu\\\/wp-content\\\/uploads\\\/2017\\\/07\\\/anamedica.jpg\",\"datePublished\":\"2017-07-22T20:46:50+00:00\",\"dateModified\":\"2020-04-23T10:32:49+00:00\",\"breadcrumb\":{\"@id\":\"https:\\\/\\\/viapanacea.eu\\\/pt\\\/sobre-mim\\\/#breadcrumb\"},\"inLanguage\":\"pt-PT\",\"potentialAction\":[{\"@type\":\"ReadAction\",\"target\":[\"https:\\\/\\\/viapanacea.eu\\\/pt\\\/sobre-mim\\\/\"]}]},{\"@type\":\"ImageObject\",\"inLanguage\":\"pt-PT\",\"@id\":\"https:\\\/\\\/viapanacea.eu\\\/pt\\\/sobre-mim\\\/#primaryimage\",\"url\":\"http:\\\/\\\/www.viapanacea.eu\\\/wp-content\\\/uploads\\\/2017\\\/07\\\/anamedica.jpg\",\"contentUrl\":\"http:\\\/\\\/www.viapanacea.eu\\\/wp-content\\\/uploads\\\/2017\\\/07\\\/anamedica.jpg\"},{\"@type\":\"BreadcrumbList\",\"@id\":\"https:\\\/\\\/viapanacea.eu\\\/pt\\\/sobre-mim\\\/#breadcrumb\",\"itemListElement\":[{\"@type\":\"ListItem\",\"position\":1,\"name\":\"In\u00edcio\",\"item\":\"https:\\\/\\\/viapanacea.eu\\\/pt\\\/\"},{\"@type\":\"ListItem\",\"position\":2,\"name\":\"Sobre mim\"}]},{\"@type\":\"WebSite\",\"@id\":\"https:\\\/\\\/viapanacea.eu\\\/pt\\\/#website\",\"url\":\"https:\\\/\\\/viapanacea.eu\\\/pt\\\/\",\"name\":\"O seu caminho para a sa\u00fade\",\"description\":\"Com Ana Steindorff Pinheiro,    M\u00e9dica de medicina do estilo de vida e nutri\u00e7\u00e3o cl\u00ednica\",\"publisher\":{\"@id\":\"https:\\\/\\\/viapanacea.eu\\\/pt\\\/#organization\"},\"potentialAction\":[{\"@type\":\"SearchAction\",\"target\":{\"@type\":\"EntryPoint\",\"urlTemplate\":\"https:\\\/\\\/viapanacea.eu\\\/pt\\\/?s={search_term_string}\"},\"query-input\":{\"@type\":\"PropertyValueSpecification\",\"valueRequired\":true,\"valueName\":\"search_term_string\"}}],\"inLanguage\":\"pt-PT\"},{\"@type\":\"Organization\",\"@id\":\"https:\\\/\\\/viapanacea.eu\\\/pt\\\/#organization\",\"name\":\"Ana Steindorff Pinheiro\",\"url\":\"https:\\\/\\\/viapanacea.eu\\\/pt\\\/\",\"logo\":{\"@type\":\"ImageObject\",\"inLanguage\":\"pt-PT\",\"@id\":\"https:\\\/\\\/viapanacea.eu\\\/pt\\\/#\\\/schema\\\/logo\\\/image\\\/\",\"url\":\"http:\\\/\\\/viapanacea.eu\\\/pt\\\/wp-content\\\/uploads\\\/2018\\\/02\\\/Logo-kreis-0-768x1024.png\",\"contentUrl\":\"http:\\\/\\\/viapanacea.eu\\\/pt\\\/wp-content\\\/uploads\\\/2018\\\/02\\\/Logo-kreis-0-768x1024.png\",\"width\":768,\"height\":1024,\"caption\":\"Ana Steindorff Pinheiro\"},\"image\":{\"@id\":\"https:\\\/\\\/viapanacea.eu\\\/pt\\\/#\\\/schema\\\/logo\\\/image\\\/\"},\"sameAs\":[\"http:\\\/\\\/viapanacea\"]}]}<\/script>\n<!-- \/ Yoast SEO plugin. -->","yoast_head_json":{"title":"Sobre mim - O seu caminho para a sa\u00fade","robots":{"index":"index","follow":"follow","max-snippet":"max-snippet:-1","max-image-preview":"max-image-preview:large","max-video-preview":"max-video-preview:-1"},"canonical":"https:\/\/viapanacea.eu\/pt\/sobre-mim\/","og_locale":"pt_PT","og_type":"article","og_title":"Sobre mim - O seu caminho para a sa\u00fade","og_description":"Eu sou m\u00e9dica h\u00e1 mais de 15 anos. \u00a0 curr\u00edculo Eu estou associada \u00e0 Mezis: associa\u00e7\u00e3o de m\u00e9dicos alem\u00e3 contra a corrup\u00e7\u00e3o ligada \u00e0 associa\u00e7\u00e3o internacional no free lunch: Entrevista sobre a alimenta\u00e7\u00e3o vegetariana e vegana em gr\u00e1vidas, lactentes e crian\u00e7as feita pela associa\u00e7\u00e3o vegetariana e vegana Proveg: Interview\u00a0 Eu acredito e assinei a iniciativa &hellip; Continuar a ler \"Sobre mim\"","og_url":"https:\/\/viapanacea.eu\/pt\/sobre-mim\/","og_site_name":"O seu caminho para a sa\u00fade","article_modified_time":"2020-04-23T10:32:49+00:00","og_image":[{"url":"http:\/\/www.viapanacea.eu\/wp-content\/uploads\/2017\/07\/anamedica.jpg","type":"","width":"","height":""}],"twitter_card":"summary_large_image","twitter_misc":{"Tempo estimado de leitura":"3 minutos"},"schema":{"@context":"https:\/\/schema.org","@graph":[{"@type":"WebPage","@id":"https:\/\/viapanacea.eu\/pt\/sobre-mim\/","url":"https:\/\/viapanacea.eu\/pt\/sobre-mim\/","name":"Sobre mim - O seu caminho para a sa\u00fade","isPartOf":{"@id":"https:\/\/viapanacea.eu\/pt\/#website"},"primaryImageOfPage":{"@id":"https:\/\/viapanacea.eu\/pt\/sobre-mim\/#primaryimage"},"image":{"@id":"https:\/\/viapanacea.eu\/pt\/sobre-mim\/#primaryimage"},"thumbnailUrl":"http:\/\/www.viapanacea.eu\/wp-content\/uploads\/2017\/07\/anamedica.jpg","datePublished":"2017-07-22T20:46:50+00:00","dateModified":"2020-04-23T10:32:49+00:00","breadcrumb":{"@id":"https:\/\/viapanacea.eu\/pt\/sobre-mim\/#breadcrumb"},"inLanguage":"pt-PT","potentialAction":[{"@type":"ReadAction","target":["https:\/\/viapanacea.eu\/pt\/sobre-mim\/"]}]},{"@type":"ImageObject","inLanguage":"pt-PT","@id":"https:\/\/viapanacea.eu\/pt\/sobre-mim\/#primaryimage","url":"http:\/\/www.viapanacea.eu\/wp-content\/uploads\/2017\/07\/anamedica.jpg","contentUrl":"http:\/\/www.viapanacea.eu\/wp-content\/uploads\/2017\/07\/anamedica.jpg"},{"@type":"BreadcrumbList","@id":"https:\/\/viapanacea.eu\/pt\/sobre-mim\/#breadcrumb","itemListElement":[{"@type":"ListItem","position":1,"name":"In\u00edcio","item":"https:\/\/viapanacea.eu\/pt\/"},{"@type":"ListItem","position":2,"name":"Sobre mim"}]},{"@type":"WebSite","@id":"https:\/\/viapanacea.eu\/pt\/#website","url":"https:\/\/viapanacea.eu\/pt\/","name":"O seu caminho para a sa\u00fade","description":"Com Ana Steindorff Pinheiro,    M\u00e9dica de medicina do estilo de vida e nutri\u00e7\u00e3o cl\u00ednica","publisher":{"@id":"https:\/\/viapanacea.eu\/pt\/#organization"},"potentialAction":[{"@type":"SearchAction","target":{"@type":"EntryPoint","urlTemplate":"https:\/\/viapanacea.eu\/pt\/?s={search_term_string}"},"query-input":{"@type":"PropertyValueSpecification","valueRequired":true,"valueName":"search_term_string"}}],"inLanguage":"pt-PT"},{"@type":"Organization","@id":"https:\/\/viapanacea.eu\/pt\/#organization","name":"Ana Steindorff Pinheiro","url":"https:\/\/viapanacea.eu\/pt\/","logo":{"@type":"ImageObject","inLanguage":"pt-PT","@id":"https:\/\/viapanacea.eu\/pt\/#\/schema\/logo\/image\/","url":"http:\/\/viapanacea.eu\/pt\/wp-content\/uploads\/2018\/02\/Logo-kreis-0-768x1024.png","contentUrl":"http:\/\/viapanacea.eu\/pt\/wp-content\/uploads\/2018\/02\/Logo-kreis-0-768x1024.png","width":768,"height":1024,"caption":"Ana Steindorff Pinheiro"},"image":{"@id":"https:\/\/viapanacea.eu\/pt\/#\/schema\/logo\/image\/"},"sameAs":["http:\/\/viapanacea"]}]}},"jetpack_sharing_enabled":true,"jetpack_shortlink":"https:\/\/wp.me\/PaVegn-S","_links":{"self":[{"href":"http:\/\/viapanacea.eu\/pt\/wp-json\/wp\/v2\/pages\/54","targetHints":{"allow":["GET"]}}],"collection":[{"href":"http:\/\/viapanacea.eu\/pt\/wp-json\/wp\/v2\/pages"}],"about":[{"href":"http:\/\/viapanacea.eu\/pt\/wp-json\/wp\/v2\/types\/page"}],"author":[{"embeddable":true,"href":"http:\/\/viapanacea.eu\/pt\/wp-json\/wp\/v2\/users\/1"}],"replies":[{"embeddable":true,"href":"http:\/\/viapanacea.eu\/pt\/wp-json\/wp\/v2\/comments?post=54"}],"version-history":[{"count":54,"href":"http:\/\/viapanacea.eu\/pt\/wp-json\/wp\/v2\/pages\/54\/revisions"}],"predecessor-version":[{"id":1187,"href":"http:\/\/viapanacea.eu\/pt\/wp-json\/wp\/v2\/pages\/54\/revisions\/1187"}],"wp:attachment":[{"href":"http:\/\/viapanacea.eu\/pt\/wp-json\/wp\/v2\/media?parent=54"}],"curies":[{"name":"wp","href":"https:\/\/api.w.org\/{rel}","templated":true}]}}