{"id":56,"date":"2017-07-22T23:07:04","date_gmt":"2017-07-22T21:07:04","guid":{"rendered":"http:\/\/www.viapanacea.eu\/?page_id=56"},"modified":"2019-02-23T15:14:57","modified_gmt":"2019-02-23T14:14:57","slug":"quem-beneficia","status":"publish","type":"page","link":"http:\/\/viapanacea.eu\/pt\/quem-beneficia\/","title":{"rendered":"Quem beneficia"},"content":{"rendered":"<hr \/>\n<h2>Consultas para um estilo de vida saud\u00e1vel com \u00eanfase especial sobre a nutri\u00e7\u00e3o:<\/h2>\n<ul>\n<li>para ter uma longa vida saud\u00e1vel<\/li>\n<li>para desportistas de competi\u00e7\u00e3o<\/li>\n<li>para obesos: para saber a causa, os riscos e os caminhos poss\u00edveis sem medo de ser discriminado<\/li>\n<\/ul>\n<hr \/>\n<h2>Acompanhamento de desabitua\u00e7\u00e3o para:<\/h2>\n<ul>\n<li>Tabaco<\/li>\n<li>Medicamentos<\/li>\n<li>Psicof\u00e1rmacos<\/li>\n<li>Comprimidos para dormir<\/li>\n<\/ul>\n<hr \/>\n<h2>Para pessoas com as seguintes doen\u00e7as:<\/h2>\n<p><strong>C\u00e1rdio-vasculares causadas por aterosclerose (entopimento das art\u00e9rias):<\/strong><\/p>\n<ul>\n<li>Doen\u00e7a coron\u00e1ria (preven\u00e7\u00e3o e tratamento)<\/li>\n<li>Preven\u00e7\u00e3o secund\u00e1ria e tratamento cr\u00f3nico ap\u00f3s enfarto agudo do mioc\u00e1rdio<\/li>\n<\/ul>\n<p><strong>S\u00edndrome metab\u00f3lico<\/strong><\/p>\n<p><strong>Diabetes mellitus:<\/strong><\/p>\n<ul>\n<li>Diabetes Tipo 1<\/li>\n<li>Diabetes Tipo 2<\/li>\n<li>&#8220;Diabetes Tipo 1.5&#8221;<\/li>\n<li>Diabetes gestacional &#8211; na gravidez<\/li>\n<li>Pr\u00e9-Diabetes<\/li>\n<\/ul>\n<h4><strong>Doen\u00e7as do sistema gastro-intestinal<br \/><\/strong><\/h4>\n<ul>\n<li>Refluxo g\u00e1strico<\/li>\n<li>Diverticulose<\/li>\n<li>Doen\u00e7as intestinais inflamat\u00f3rias (d\u00e7a Crohn, colite ulcerosa, d\u00e7a cel\u00edaca e intestino irrit\u00e1vel)<\/li>\n<li>Obstipa\u00e7\u00e3o<\/li>\n<\/ul>\n<p><strong>Tratamento de altera\u00e7\u00f5es e aumento de: <\/strong>(quer dizer&#8230; ter que tomar menos medicamentos)<\/p>\n<ul>\n<li>tens\u00e3o arterial<\/li>\n<li>Gorduras no sangue: colesterol, triglic\u00e9ridos<\/li>\n<li>\u00e1cido \u00farico<strong><br \/><\/strong><\/li>\n<\/ul>\n<h4>Co-Tratamento no Cancro:<\/h4>\n<p>Tipos de cancro em que a medicina do estilo de vida mostra melhorias comprovadas cientificamente:<\/p>\n<ul>\n<li>Cancro da mama<\/li>\n<li>Cancro da pr\u00f3stata<\/li>\n<li>Cancro do c\u00f3lon<\/li>\n<\/ul>\n<h4>Co-Tratamento do tracto genital feminino:<\/h4>\n<ul>\n<li>S\u00edndrome pr\u00e9-menstrual<\/li>\n<li>Altera\u00e7\u00f5es mam\u00e1rias<\/li>\n<li>S\u00edndrome dos ov\u00e1rios poliqu\u00edsticos<\/li>\n<li>Endometriose<\/li>\n<li>Miomas do \u00fatero<\/li>\n<li>Altera\u00e7\u00f5es do Colo do \u00fatero\/Cancro do cervix\/HPV<\/li>\n<li>Na gravidez; diabetes, alimenta\u00e7\u00e3o vegana<\/li>\n<\/ul>\n<h4>Co-tratamento nas doen\u00e7as reum\u00e1ticas:<\/h4>\n<ul>\n<li>Gota<\/li>\n<li>Artrite reumat\u00f3ide<\/li>\n<li>Psor\u00edase<\/li>\n<li>Osteoartrites<\/li>\n<li>L\u00fapus<\/li>\n<\/ul>\n<h4>Co-tratamento em doen\u00e7as neurol\u00f3gicas:<\/h4>\n<ul>\n<li>Esclerose m\u00faltipla<\/li>\n<li>Dem\u00eancia (s\u00f3 preven\u00e7\u00e3o)<\/li>\n<li>Parkinson (s\u00f3 preven\u00e7\u00e3o)<\/li>\n<\/ul>\n<h4>Co-tratamento na dor cr\u00f3nica:<\/h4>\n<ul>\n<li>Coluna<\/li>\n<li>Articular<\/li>\n<li>Muscular<\/li>\n<\/ul>\n<h4>Co-tratamento em altera\u00e7\u00f5es psicol\u00f3gicas:<\/h4>\n<ul>\n<li>Depress\u00e3o<\/li>\n<li>ADHS<\/li>\n<\/ul>\n\n\n<div class=\"wp-block-button aligncenter is-style-outline is-style-outline--1\"><a class=\"wp-block-button__link has-text-color has-very-light-gray-color has-background\" href=\"http:\/\/viapanacea.eu\/pt\/consulta\/\" style=\"background-color:#398f3f\" target=\"_blank\" rel=\"noreferrer noopener\">Marque uma consulta<br><\/a><\/div>\n","protected":false},"excerpt":{"rendered":"<p>Consultas para um estilo de vida saud\u00e1vel com \u00eanfase especial sobre a nutri\u00e7\u00e3o: para ter uma longa vida saud\u00e1vel para desportistas de competi\u00e7\u00e3o para obesos: para saber a causa, os riscos e os caminhos poss\u00edveis sem medo de ser discriminado Acompanhamento de desabitua\u00e7\u00e3o para: Tabaco Medicamentos Psicof\u00e1rmacos Comprimidos para dormir Para pessoas com as seguintes &hellip; <\/p>\n<p class=\"link-more\"><a href=\"http:\/\/viapanacea.eu\/pt\/quem-beneficia\/\" class=\"more-link\">Continuar a ler <span class=\"screen-reader-text\">&#8220;Quem beneficia&#8221;<\/span><\/a><\/p>\n","protected":false},"author":1,"featured_media":0,"parent":0,"menu_order":1,"comment_status":"closed","ping_status":"closed","template":"","meta":{"jetpack_post_was_ever_published":false,"footnotes":""},"class_list":["post-56","page","type-page","status-publish","hentry"],"yoast_head":"<!-- This site is optimized with the Yoast SEO plugin v27.4 - https:\/\/yoast.com\/product\/yoast-seo-wordpress\/ -->\n<title>Quem beneficia - O seu caminho para a sa\u00fade<\/title>\n<meta name=\"robots\" content=\"index, follow, max-snippet:-1, max-image-preview:large, max-video-preview:-1\" \/>\n<link rel=\"canonical\" href=\"https:\/\/viapanacea.eu\/pt\/quem-beneficia\/\" \/>\n<meta property=\"og:locale\" content=\"pt_PT\" \/>\n<meta property=\"og:type\" content=\"article\" \/>\n<meta property=\"og:title\" content=\"Quem beneficia - O seu caminho para a sa\u00fade\" \/>\n<meta property=\"og:description\" content=\"Consultas para um estilo de vida saud\u00e1vel com \u00eanfase especial sobre a nutri\u00e7\u00e3o: para ter uma longa vida saud\u00e1vel para desportistas de competi\u00e7\u00e3o para obesos: para saber a causa, os riscos e os caminhos poss\u00edveis sem medo de ser discriminado Acompanhamento de desabitua\u00e7\u00e3o para: Tabaco Medicamentos Psicof\u00e1rmacos Comprimidos para dormir Para pessoas com as seguintes &hellip; Continuar a ler &quot;Quem beneficia&quot;\" \/>\n<meta property=\"og:url\" content=\"https:\/\/viapanacea.eu\/pt\/quem-beneficia\/\" \/>\n<meta property=\"og:site_name\" content=\"O seu caminho para a sa\u00fade\" \/>\n<meta property=\"article:modified_time\" content=\"2019-02-23T14:14:57+00:00\" \/>\n<meta name=\"twitter:card\" content=\"summary_large_image\" \/>\n<meta name=\"twitter:label1\" content=\"Tempo estimado de leitura\" \/>\n\t<meta name=\"twitter:data1\" content=\"1 minuto\" \/>\n<script type=\"application\/ld+json\" class=\"yoast-schema-graph\">{\"@context\":\"https:\\\/\\\/schema.org\",\"@graph\":[{\"@type\":\"WebPage\",\"@id\":\"https:\\\/\\\/viapanacea.eu\\\/pt\\\/quem-beneficia\\\/\",\"url\":\"https:\\\/\\\/viapanacea.eu\\\/pt\\\/quem-beneficia\\\/\",\"name\":\"Quem beneficia - O seu caminho para a sa\u00fade\",\"isPartOf\":{\"@id\":\"https:\\\/\\\/viapanacea.eu\\\/pt\\\/#website\"},\"datePublished\":\"2017-07-22T21:07:04+00:00\",\"dateModified\":\"2019-02-23T14:14:57+00:00\",\"breadcrumb\":{\"@id\":\"https:\\\/\\\/viapanacea.eu\\\/pt\\\/quem-beneficia\\\/#breadcrumb\"},\"inLanguage\":\"pt-PT\",\"potentialAction\":[{\"@type\":\"ReadAction\",\"target\":[\"https:\\\/\\\/viapanacea.eu\\\/pt\\\/quem-beneficia\\\/\"]}]},{\"@type\":\"BreadcrumbList\",\"@id\":\"https:\\\/\\\/viapanacea.eu\\\/pt\\\/quem-beneficia\\\/#breadcrumb\",\"itemListElement\":[{\"@type\":\"ListItem\",\"position\":1,\"name\":\"In\u00edcio\",\"item\":\"https:\\\/\\\/viapanacea.eu\\\/pt\\\/\"},{\"@type\":\"ListItem\",\"position\":2,\"name\":\"Quem beneficia\"}]},{\"@type\":\"WebSite\",\"@id\":\"https:\\\/\\\/viapanacea.eu\\\/pt\\\/#website\",\"url\":\"https:\\\/\\\/viapanacea.eu\\\/pt\\\/\",\"name\":\"O seu caminho para a sa\u00fade\",\"description\":\"Com Ana Steindorff Pinheiro,    M\u00e9dica de medicina do estilo de vida e nutri\u00e7\u00e3o cl\u00ednica\",\"publisher\":{\"@id\":\"https:\\\/\\\/viapanacea.eu\\\/pt\\\/#organization\"},\"potentialAction\":[{\"@type\":\"SearchAction\",\"target\":{\"@type\":\"EntryPoint\",\"urlTemplate\":\"https:\\\/\\\/viapanacea.eu\\\/pt\\\/?s={search_term_string}\"},\"query-input\":{\"@type\":\"PropertyValueSpecification\",\"valueRequired\":true,\"valueName\":\"search_term_string\"}}],\"inLanguage\":\"pt-PT\"},{\"@type\":\"Organization\",\"@id\":\"https:\\\/\\\/viapanacea.eu\\\/pt\\\/#organization\",\"name\":\"Ana Steindorff Pinheiro\",\"url\":\"https:\\\/\\\/viapanacea.eu\\\/pt\\\/\",\"logo\":{\"@type\":\"ImageObject\",\"inLanguage\":\"pt-PT\",\"@id\":\"https:\\\/\\\/viapanacea.eu\\\/pt\\\/#\\\/schema\\\/logo\\\/image\\\/\",\"url\":\"http:\\\/\\\/viapanacea.eu\\\/pt\\\/wp-content\\\/uploads\\\/2018\\\/02\\\/Logo-kreis-0-768x1024.png\",\"contentUrl\":\"http:\\\/\\\/viapanacea.eu\\\/pt\\\/wp-content\\\/uploads\\\/2018\\\/02\\\/Logo-kreis-0-768x1024.png\",\"width\":768,\"height\":1024,\"caption\":\"Ana Steindorff Pinheiro\"},\"image\":{\"@id\":\"https:\\\/\\\/viapanacea.eu\\\/pt\\\/#\\\/schema\\\/logo\\\/image\\\/\"},\"sameAs\":[\"http:\\\/\\\/viapanacea\"]}]}<\/script>\n<!-- \/ Yoast SEO plugin. -->","yoast_head_json":{"title":"Quem beneficia - O seu caminho para a sa\u00fade","robots":{"index":"index","follow":"follow","max-snippet":"max-snippet:-1","max-image-preview":"max-image-preview:large","max-video-preview":"max-video-preview:-1"},"canonical":"https:\/\/viapanacea.eu\/pt\/quem-beneficia\/","og_locale":"pt_PT","og_type":"article","og_title":"Quem beneficia - O seu caminho para a sa\u00fade","og_description":"Consultas para um estilo de vida saud\u00e1vel com \u00eanfase especial sobre a nutri\u00e7\u00e3o: para ter uma longa vida saud\u00e1vel para desportistas de competi\u00e7\u00e3o para obesos: para saber a causa, os riscos e os caminhos poss\u00edveis sem medo de ser discriminado Acompanhamento de desabitua\u00e7\u00e3o para: Tabaco Medicamentos Psicof\u00e1rmacos Comprimidos para dormir Para pessoas com as seguintes &hellip; Continuar a ler \"Quem beneficia\"","og_url":"https:\/\/viapanacea.eu\/pt\/quem-beneficia\/","og_site_name":"O seu caminho para a sa\u00fade","article_modified_time":"2019-02-23T14:14:57+00:00","twitter_card":"summary_large_image","twitter_misc":{"Tempo estimado de leitura":"1 minuto"},"schema":{"@context":"https:\/\/schema.org","@graph":[{"@type":"WebPage","@id":"https:\/\/viapanacea.eu\/pt\/quem-beneficia\/","url":"https:\/\/viapanacea.eu\/pt\/quem-beneficia\/","name":"Quem beneficia - O seu caminho para a sa\u00fade","isPartOf":{"@id":"https:\/\/viapanacea.eu\/pt\/#website"},"datePublished":"2017-07-22T21:07:04+00:00","dateModified":"2019-02-23T14:14:57+00:00","breadcrumb":{"@id":"https:\/\/viapanacea.eu\/pt\/quem-beneficia\/#breadcrumb"},"inLanguage":"pt-PT","potentialAction":[{"@type":"ReadAction","target":["https:\/\/viapanacea.eu\/pt\/quem-beneficia\/"]}]},{"@type":"BreadcrumbList","@id":"https:\/\/viapanacea.eu\/pt\/quem-beneficia\/#breadcrumb","itemListElement":[{"@type":"ListItem","position":1,"name":"In\u00edcio","item":"https:\/\/viapanacea.eu\/pt\/"},{"@type":"ListItem","position":2,"name":"Quem beneficia"}]},{"@type":"WebSite","@id":"https:\/\/viapanacea.eu\/pt\/#website","url":"https:\/\/viapanacea.eu\/pt\/","name":"O seu caminho para a sa\u00fade","description":"Com Ana Steindorff Pinheiro,    M\u00e9dica de medicina do estilo de vida e nutri\u00e7\u00e3o cl\u00ednica","publisher":{"@id":"https:\/\/viapanacea.eu\/pt\/#organization"},"potentialAction":[{"@type":"SearchAction","target":{"@type":"EntryPoint","urlTemplate":"https:\/\/viapanacea.eu\/pt\/?s={search_term_string}"},"query-input":{"@type":"PropertyValueSpecification","valueRequired":true,"valueName":"search_term_string"}}],"inLanguage":"pt-PT"},{"@type":"Organization","@id":"https:\/\/viapanacea.eu\/pt\/#organization","name":"Ana Steindorff Pinheiro","url":"https:\/\/viapanacea.eu\/pt\/","logo":{"@type":"ImageObject","inLanguage":"pt-PT","@id":"https:\/\/viapanacea.eu\/pt\/#\/schema\/logo\/image\/","url":"http:\/\/viapanacea.eu\/pt\/wp-content\/uploads\/2018\/02\/Logo-kreis-0-768x1024.png","contentUrl":"http:\/\/viapanacea.eu\/pt\/wp-content\/uploads\/2018\/02\/Logo-kreis-0-768x1024.png","width":768,"height":1024,"caption":"Ana Steindorff Pinheiro"},"image":{"@id":"https:\/\/viapanacea.eu\/pt\/#\/schema\/logo\/image\/"},"sameAs":["http:\/\/viapanacea"]}]}},"jetpack_sharing_enabled":true,"jetpack_shortlink":"https:\/\/wp.me\/PaVegn-U","_links":{"self":[{"href":"http:\/\/viapanacea.eu\/pt\/wp-json\/wp\/v2\/pages\/56","targetHints":{"allow":["GET"]}}],"collection":[{"href":"http:\/\/viapanacea.eu\/pt\/wp-json\/wp\/v2\/pages"}],"about":[{"href":"http:\/\/viapanacea.eu\/pt\/wp-json\/wp\/v2\/types\/page"}],"author":[{"embeddable":true,"href":"http:\/\/viapanacea.eu\/pt\/wp-json\/wp\/v2\/users\/1"}],"replies":[{"embeddable":true,"href":"http:\/\/viapanacea.eu\/pt\/wp-json\/wp\/v2\/comments?post=56"}],"version-history":[{"count":46,"href":"http:\/\/viapanacea.eu\/pt\/wp-json\/wp\/v2\/pages\/56\/revisions"}],"predecessor-version":[{"id":1011,"href":"http:\/\/viapanacea.eu\/pt\/wp-json\/wp\/v2\/pages\/56\/revisions\/1011"}],"wp:attachment":[{"href":"http:\/\/viapanacea.eu\/pt\/wp-json\/wp\/v2\/media?parent=56"}],"curies":[{"name":"wp","href":"https:\/\/api.w.org\/{rel}","templated":true}]}}