{"id":59,"date":"2017-07-22T23:06:36","date_gmt":"2017-07-22T21:06:36","guid":{"rendered":"http:\/\/www.viapanacea.eu\/?page_id=59"},"modified":"2019-01-31T00:26:43","modified_gmt":"2019-01-30T23:26:43","slug":"mentores","status":"publish","type":"page","link":"http:\/\/viapanacea.eu\/pt\/mentores\/","title":{"rendered":"Mentores"},"content":{"rendered":"<p style=\"text-align: center;\"><a class=\"custom__button custom__button__size__small custom__margin__right__xl\" href=\"http:\/\/viapanacea.eu\/pt\/livros\/\">Livros<\/a><a class=\"custom__button custom__button__size__small custom__margin__right__xl\" href=\"http:\/\/viapanacea.eu\/pt\/filmes\">Filmes<\/a><\/p>\n<p>ordenado por data de nascimento<\/p>\n<h2>Na nutri\u00e7\u00e3o m\u00e9dica<\/h2>\n<h4><a href=\"#chittenden\"><strong>Russel Henry Chittenden<\/strong><\/a> (*1856 &#8211; \u2020 1943)<\/h4>\n<h4><a href=\"#kempner\"><strong>Walter Kempner<\/strong><\/a> (*1904 &#8211; \u20201997)<\/h4>\n<h4><a href=\"#swank\"><strong>Roy Swank<\/strong><\/a> (*1909 &#8211; \u20202008)<\/h4>\n<h4><a href=\"#burkitt\"><strong>Denis Burkitt<\/strong><\/a> (*1911 &#8211; \u20201993)<\/h4>\n<h4><a href=\"#pritikin\"><strong>Nathan Pritikin<\/strong><\/a> (*1915 &#8211; \u20201985)<\/h4>\n<h4><a href=\"#esselstyn\"><strong>Caldwell B. Esselstyn Jr.<\/strong><\/a> (*1933)<\/h4>\n<h4><a href=\"#campbell\"><strong>T. Colin Campbell<\/strong><\/a> (*1934)<\/h4>\n<h4><a href=\"#mcdougall\"><strong>John McDougall<\/strong><\/a> (*1947)<\/h4>\n<h4><a href=\"#ornish\"><strong>Dean Ornish<\/strong><\/a> (* 1953)<\/h4>\n<h4><a href=\"#barnard\"><strong>Neal Barnard <\/strong><\/a> (*1953)<\/h4>\n<h4><a href=\"#lisle\"><strong>Douglas Lisle&nbsp;<\/strong><\/a><\/h4>\n<h4><a href=\"#greger\"><strong>Michael Greger <\/strong> <\/a> (*1972)<\/h4>\n<h2>Na medicina em geral e na estat\u00edstica m\u00e9dica<\/h2>\n<p>Barbara Starfield (*1932 &#8211; \u20202011)<\/p>\n<p>Peter G\u00f8tzsche (*1949)<\/p>\n<p>H. Gilbert Welch (*1955)<\/p>\n<p>Natalie Grams (*1978)<\/p>\n<h2>Na constru\u00e7\u00e3o biol\u00f3gica<\/h2>\n<p>Alfred Eisenschink (*1932)<\/p>\n<p>Professor Claus Meier<\/p>\n<p>Architekt Ianto Evans (*1940)<\/p>\n<p>Architekt Edward Mazria (*1940)<\/p>\n<p>Architekt Konrad Fischer<\/p>\n<h2>Geral<\/h2>\n<p>Majella Lenzen (*1938)<\/p>\n<p>Arno Stern (*1924)<\/p>\n<p>Bernard Litaer (*1942)<\/p>\n<p>Regina Jonas (*1902-\u20201944)<\/p>\n<h2>Hist\u00f3rico<\/h2>\n<p>Galileu Galilei (*1564-\u20201642)<\/p>\n<p>Nicolaus Copernicus (*1473-\u20201543)<\/p>\n<p>Socrates (*470-\u2020399a.d.)<\/p>\n<hr>\n<p id=\"chittenden\"><strong>Russel Henry Chittenden<\/strong> (*1856 \u2013 \u20201943)<\/p>\n<p>Est\u00e1 por motivos hist\u00f3ricos nesta lista: Pioneiro em bioqu\u00edmica e fisiologia, investigou entre outros sobre nutri\u00e7\u00e3o e digest\u00e3o. Liderou um dos primeiros estudos para eruir a necessidade de prote\u00ednas do ser humano e chegou \u00e0 conclus\u00e3o: 50g\/dia com cerca de 2500kcal\/dia (corresponde a 8% do total de calorias por dia \u2013 e est\u00e1 muito abaixo dos 118g\/dia recomendados pelo Voit standard). Com essa alimenta\u00e7\u00e3o os homens estudados estavam em \u201eperfeita sa\u00fade e aumentaram a sua forca corporal.<\/p>\n<hr>\n<p id=\"kempner\"><strong>Walter Kempner<\/strong> (*1904 &#8211; \u20201997)<\/p>\n<p>M\u00e9dico e cientista, \u00e9 um dos pioneiros da nutri\u00e7\u00e3o m\u00e9dica. J\u00e1 nos anos 50 do s\u00e9culo 20 provou o tratamento eficaz de insufici\u00eancia card\u00edaca e renal, tal como tens\u00e3o alta e muito mais com uma alimenta\u00e7\u00e3o muito pobre em gorduras e prote\u00ednas, e rica em hidratos de carbono.<\/p>\n<hr>\n<p id=\"swank\"><strong>Roy Swank<\/strong> (*1909 &#8211; \u20202008)<\/p>\n<p>M\u00e9dico neurologista americano, notou que durante a segunda guerra mundial, sob a mudan\u00e7a da alimenta\u00e7\u00e3o para sobretudo batatas (rico em hidratos de carbono e pobre em gorduras), a esclerose m\u00faltipla n\u00e3o progredia, e o n\u00famero de&nbsp; novos casos diminuiu. 1949 ele prop\u00f4s este tipo de alimenta\u00e7\u00e3o para doentes com esclerose m\u00faltipla. Os seus estudos mostram uma melhoria ao longo de 30 anos.<\/p>\n<p>Roy Swank explica porque \u00e9 que a nutri\u00e7\u00e3o m\u00e9dica n\u00e3o e a base de todos os tratamentos:<\/p>\n<ol>\n<li>Barato e o sistema nacional de sa\u00fade n\u00e3o paga<\/li>\n<li>Exige esfor\u00e7o do doente<\/li>\n<li>N\u00e3o tem alta tecnologia nem est\u00e1 na moda<\/li>\n<li>O m\u00e9dico n\u00e3o tem o controlo<\/li>\n<\/ol>\n<hr>\n<p id=\"burkitt\"><strong>Denis Burkitt<\/strong> (*1911 &#8211; \u20201993)<\/p>\n<p>M\u00e9dico cirurgi\u00e3o escoc\u00eas, era chamado o homem da fibra. Trabalhou muitos anos em \u00c1frica e conheceu assim as diferen\u00e7as entre a alimenta\u00e7\u00e3o do mundo ocidental (com muita gordura e baseado em produtos animais) e a alimenta\u00e7\u00e3o africana (com muitos hidratos de carbono complexos&nbsp; e baseado e produtos vegetais). Em \u00c1frica as doen\u00e7as t\u00edpicas da abund\u00e2ncia ocidental eram praticamente&nbsp; desconhecidas. Uma diferen\u00e7a b\u00e1sica era aos seus olhos a quantidade de fibra na alimenta\u00e7\u00e3o (fibras encontram-se exclusivamente nos alimentos vegetais). Em \u00c1frica cerca de 60-100g\/dia a comparar com 15-25g\/dia nos pa\u00edses ocidentais. Sobre este assunto escreveu v\u00e1rios livros, deu palestras e negociou com v\u00e1rias empresas no ramo alimentar para aumentar a produ\u00e7\u00e3o de alimentos com cereais integrais ricos em fibras no mercado.<\/p>\n<p><em>&#8220;A Am\u00e9rica \u00e9 uma na\u00e7\u00e3o atormentada por obstipa\u00e7\u00e3o. Quando n\u00f3s evacuamos poucos excrementos, precisamos de hospitais grandes.&#8221;&nbsp;<\/em>[Denis Burkitt]<\/p>\n<hr>\n<p id=\"pritikin\"><strong>Nathan Pritikin<\/strong> (*1915 &#8211; \u20201985)<\/p>\n<p>Inventor e cientista, investigou sobre doen\u00e7a coron\u00e1ria quando ele pr\u00f3prio adoeceu em 1957. Descobriu que povos que ainda vivem ligados \u00e0 natureza se alimentam sobretudo de plantas e n\u00e3o adoecem: desenvolveu e experimentou ele pr\u00f3prio uma forma de alimenta\u00e7\u00e3o at\u00e9 ent\u00e3o desconhecida baseada em plantas e em hidratos de carbono integrais e extremamente reduzida em gorduras. Este tipo de alimenta\u00e7\u00e3o foi considerado o gold standard dos sucessos das dietas na Am\u00e9rica.<\/p>\n<p>Ap\u00f3s a sua morte em 1985 n\u00e3o foram encontrados quaisquer vest\u00edgios de doen\u00e7a coron\u00e1ria no seu corpo.<\/p>\n<p><em>&#8220;Um comprimido poderia ser uma alternativa \u00e0 mudan\u00e7a do estilo de vida com mudan\u00e7a da alimenta\u00e7\u00e3o, se funcionasse. Mas no entanto a verdade \u00e9 que n\u00e3o h\u00e1 qualquer comprimido ou tratamento que possa reverter, melhorar ou compensar as consequ\u00eancias devastadoras da alimenta\u00e7\u00e3o t\u00edpica do mundo ocidental.&#8221;&nbsp;<\/em>[Nathan Pritikin]<\/p>\n<hr>\n<p id=\"esselstyn\"><strong>Caldwell B. Esselstyn Jr. <\/strong>(*1933)<\/p>\n<p>M\u00e9dico americano (cirurgi\u00e3o especializado em cancro da mama), que sedo na sua carreira come\u00e7ou-se a interessar sobre as causas das doen\u00e7as. Leu sobre estudos epidemiol\u00f3gicos em que havia diferen\u00e7as substanciais na preval\u00eancia de determinados cancros e de doen\u00e7a coron\u00e1ria em diferentes povos. Diferen\u00e7as essas que s\u00f3 podiam ser devidas ao estilo de vida e \u00e0 alimenta\u00e7\u00e3o. Em 1995 publicou o seu primeiro artigo sobre altera\u00e7\u00e3o radical da alimenta\u00e7\u00e3o em doentes coron\u00e1rios que provou uma vez mais o que j\u00e1 o m\u00e9dico Dean Ornish tinha provado: a revers\u00e3o da doen\u00e7a coron\u00e1ria e dos seus vasos oclu\u00eddos \u00e9 possivel com uma mudan\u00e7a da alimenta\u00e7\u00e3o.<\/p>\n<hr>\n<p id=\"campbell\"><strong>T. Colin Campbell<\/strong> (*1934)<\/p>\n<p>Cientista e bioqu\u00edmico americano especializado em nutri\u00e7\u00e3o e as suas consequ\u00eancias a longo prazo. Foi um dos cientistas que liderou&nbsp; o grande estudo epidemiol\u00f3gico &#8220;the china Study&#8221; e popularizou desde ent\u00e3o uma alimenta\u00e7\u00e3o baseada em plantas inteiras e integrais reduzida em gorduras.<\/p>\n<p><em>&#8220;Este tipo de alimenta\u00e7\u00e3o pode prevenir e provavelmente at\u00e9 tratar 70 a 80% das doen\u00e7as cr\u00f3nicas t\u00edpicas do mundo ocidental.&#8221;&nbsp;<\/em>[T. Colin Campbell]<\/p>\n<p><em>&#8220;O tratamento com&nbsp; uma alimenta\u00e7\u00e3o baseada em plantas integrais e inteiras \u00e9 de espectro alargado e r\u00e1pido (em dias a semanas)<\/em><em>.&#8221;&nbsp;<\/em>[T. Colin Campbell]<\/p>\n<hr>\n<p id=\"mcdougall\"><strong>John McDougall<\/strong> (*1947)<\/p>\n<p>M\u00e9dico especializado em nutri\u00e7\u00e3o americano. Ele pr\u00f3prio sofreu um acidente vascular cerebral com 18 anos de idade, o que o motivou a estudar medicina. Como jovem m\u00e9dico trabalhou no Hawai onde notou que as gera\u00e7\u00f5es de imigrantes mais idosos que se alimentavam de arroz e legumes (portanto uma alimenta\u00e7\u00e3o baseada em plantas e reduzida em gorduras) eram substancialmente mais saud\u00e1veis do que os seus filhos. Este facto reverteu para si o dogma de que envelhecer quer dizer adoecer.<\/p>\n<p><em>&#8220;\u00c9 a comida. A gordura que tu comes \u00e9 a gordura que trazes contigo.&#8221;&nbsp;<\/em><em style=\"font-size: 1rem;\">[John McDougall]<\/em><\/p>\n<p><em>&#8220;Diabetes (tipo 2) n\u00e3o \u00e9 uma doen\u00e7a, mas sim uma adapta\u00e7\u00e3o \u00e0 comida que comemos no mundo moderno.&#8221;&nbsp;<\/em>[<em>John Mcdougall<\/em>]<\/p>\n<p><em>&#8220;Tratar sinais de doen\u00e7as (como a tens\u00e3o ou valores laboratoriais) n\u00e3o quer dizer que as pessoas estejam a tornar-se mais saud\u00e1veis.&#8221;&nbsp;<\/em>[<em>John McDougall<\/em>]<\/p>\n<hr>\n<p id=\"ornish\"><strong>Dean Ornish<\/strong> (* 1953)<\/p>\n<p>M\u00e9dico e Cientista americano. \u00c9 um dos pioneiros na medicina do estilo de vida e na nutri\u00e7\u00e3o m\u00e9dica: provou h\u00e1 35 anos pela primeira vez que uma alimenta\u00e7\u00e3o baseada em plantas extremamente reduzida em gorduras associada a exerc\u00edcio f\u00edsico, Yoga\/medita\u00e7\u00e3o e apoio psico-social pode n\u00e3o s\u00f3 prevenir, mas tamb\u00e9m reverter a doen\u00e7a coron\u00e1ria.<\/p>\n<hr>\n<p id=\"barnard\"><strong>Neal Barnard&nbsp;<\/strong>(*1953)<\/p>\n<p>Amerikanischer Arzt und Wissenschaftler, gr\u00fcndete das Physicians Comittee for Responsible Medicine (\u00c4rztekommitee f\u00fcr verantwortungsvolle Medizin), und leitete eine der Pionierstudien der letzten Jahren \u00fcber Ern\u00e4hrung bei Diabetes Typ 2, und bewies das eine kohlenhydratreiche, streng fettarme Kost deutlich hilfreicher ist, als die von den Diabetes Gesellschaften gepredigte kohlenhydratarme Kost.<\/p>\n<p>Seine Organisation verklagte vor Gericht die USDA Anfang 2000 und gewann! In Deutschland w\u00e4re es entsprechend die DGE &#8211; Deutsche Gesellschaft f\u00fcr Ern\u00e4hrung. Er gewann vor Gericht da die meisten Experten, die die Ern\u00e4hrungsempfehlungen herausgeben von verschiedenen Branchen in der Lebensmittelindustrie bezahlt werden, und deshalb Interessenkonflikte haben<\/p>\n<hr>\n<p id=\"barnard\"><strong>Douglas Lisle <\/strong>(*?)<\/p>\n<p>Amerikanischer Psychologe und Wissenschaftler, b\u00fcndelte die psychologische Richtung Esteem Dynamics, was soviel hei\u00dft wie die Beweglichkeit der dynamischen Wertsch\u00e4tzung.<\/p>\n<p>Basis seiner psychologischen Erkenntnisse sind die Evolutionsbiologie &#8211; sowohl wie haben sich Menschen seit der Steinzeit und in verschiedene Regionen entwickelt, als auch die Entwicklung und Verhalten von den Tieren im Vergleich zum Menschen.<\/p>\n<hr>\n<p id=\"greger\"><strong>Michael Greger<\/strong> (*1972)<\/p>\n<p>Amerikanischer Arzt der als Kind die Genesung seiner zum Tode Herzkranken Oma durch die Ern\u00e4hrung von Nathan Pritikin erlebte, und sich auf pflanzenbasierte Ern\u00e4hrungsmedizin spezialisiert hat.<\/p>\n<p>&#8220;Best verschwiegener Geheimnis der Medizin: Lebensstilver\u00e4nderungen sind oft erfolgreicher in der Behandlung von Herzkrankheit, Bluthochdruck, Herzinsuffizienz, Diabetes als die Standard medizinische Versorgung.&#8221;<\/p>\n<hr>\n<p><strong>Barbara Starfield<\/strong> (*1932 &#8211; \u20202011)<\/p>\n<p>Amerikanische Kinder\u00e4rztin, setzte sich ein um Allgemeinmedizin als Basis des Gesundheitssystems zu etablieren, und damit den ganzen Patienten im Blick zu haben.<\/p>\n<hr>\n<p id=\"ornish\"><strong>Peter G\u00f8tzsche <\/strong>(* 1949)<\/p>\n<p>D\u00e4nischer Arzt und Mitbegr\u00fcnder und Direktor des Nordic Cochrane Centers, setzt sich f\u00fcr kritische Studien\u00fcberpr\u00fcfung ein und wurde zum Professor f\u00fcr klinisches Forschungsdesign und Analyse ernannt. Setzt sich besonders f\u00fcr eine angemessene Verschreibung von Psychopharmaka ein.<\/p>\n<hr>\n<p id=\"barnard\"><strong>H. Gilbert Welch <\/strong>(*1955)<\/p>\n<p>Amerikanischer Arzt und Wissenschaftler, hat sich mit Krebs-screening auseinandergesetzt und ist kritisch gegen\u00fcber Fr\u00fcherkennung bei Krebs &#8211; mehr Leben retten oder mehr Menschen zu Patienten machen und diese unn\u00f6tig behandeln?<\/p>\n<hr>\n<p><b>Alfred Eisenschink&nbsp;<\/b>(*1932)<br>\nDeutscher Ingenieur, besch\u00e4ftigte sich mit Heiz -und K\u00fchlsystemen. Studierte die Geschichte des Heizens in Deutschland und fand die Strahlungsw\u00e4rme, als gesunde, billige Heizungsform. Er setzte sich ein f\u00fcr physikalisch basierte Bau und Heizungsherstellung. Gleichzeitig zeigt er was gesunde Luft im Haus bedeutet, und wie schimmelfreie Heizungsanlagen funktionieren.<\/p>\n<hr>\n<p><b>Claus Meier&nbsp;<\/b><\/p>\n<p>Deutscher Architekt der sich besonderes mit Bauphysik besch\u00e4ftigt hat, und hat&nbsp;mehrere kritische B\u00fccher \u00fcber die &#8220;moderne&#8221; Bewegung Richtung mehr und mehr D\u00e4mmung und weg vom physikalisch-gesunden und schimmelfreien Bau geschrieben.<\/p>\n<hr>\n<p><b>Ianto Evans <\/b>(*1940)<\/p>\n<p>Architekt, besch\u00e4ftigt sich besonders mit nat\u00fcrlichem Bauen. Besonders naturnahe Kleinh\u00e4usern aus Lehm und Stroh, mit Komponenten des Passiv Solar Systems und besonders nat\u00fcrlichem Wohnens.<\/p>\n<hr>\n<p><b>Edward Mazria <\/b>(*1940)<\/p>\n<p>Amerikanischer Architekt, besch\u00e4ftigt sich besonders mit erneuerbaren Energien OHNE High Tech &#8211; also besonders mit Passiv Solarer Architektur, und das schon in den 70er Jahren!<\/p>\n<hr>\n<p><b>Konrad Fischer <\/b><\/p>\n<p>Deutscher Architekt, besch\u00e4ftigt sich besonders mit der Restaurierung von Fachwerkh\u00e4user. Ist ein bekannter D\u00e4mmkritiker und setzt sich&nbsp;in dem Gebiet stark f\u00fcr Aufkl\u00e4rung ein.<\/p>\n<hr>\n<p><b>Wolfgang Th\u00fcne<\/b> (*1943)<\/p>\n<p>Deutscher Meteorologe, setzt sich f\u00fcr die physikalische wissenschaftliche Behandlung der Meteorologie und der Umweltwissenschaft ein, besonders besch\u00e4ftigt er sich mit der Kritik an dem Treibhauseffekt und der Erderw\u00e4rmung.<\/p>\n<hr>\n\n\n<div class=\"wp-block-button aligncenter is-style-outline is-style-outline--1\"><a class=\"wp-block-button__link has-text-color has-very-light-gray-color has-background\" href=\"http:\/\/viapanacea.eu\/pt\/consulta\/\" style=\"background-color:#398f3f\" target=\"_blank\" rel=\"noreferrer noopener\">Marque uma consulta<br><\/a><\/div>\n","protected":false},"excerpt":{"rendered":"<p>LivrosFilmes ordenado por data de nascimento Na nutri\u00e7\u00e3o m\u00e9dica Russel Henry Chittenden (*1856 &#8211; \u2020 1943) Walter Kempner (*1904 &#8211; \u20201997) Roy Swank (*1909 &#8211; \u20202008) Denis Burkitt (*1911 &#8211; \u20201993) Nathan Pritikin (*1915 &#8211; \u20201985) Caldwell B. Esselstyn Jr. (*1933) T. Colin Campbell (*1934) John McDougall (*1947) Dean Ornish (* 1953) Neal Barnard (*1953) &hellip; <\/p>\n<p class=\"link-more\"><a href=\"http:\/\/viapanacea.eu\/pt\/mentores\/\" class=\"more-link\">Continuar a ler <span class=\"screen-reader-text\">&#8220;Mentores&#8221;<\/span><\/a><\/p>\n","protected":false},"author":1,"featured_media":0,"parent":0,"menu_order":4,"comment_status":"closed","ping_status":"closed","template":"","meta":{"jetpack_post_was_ever_published":false,"footnotes":""},"class_list":["post-59","page","type-page","status-publish","hentry"],"yoast_head":"<!-- This site is optimized with the Yoast SEO plugin v27.4 - https:\/\/yoast.com\/product\/yoast-seo-wordpress\/ -->\n<title>Mentores - O seu caminho para a sa\u00fade<\/title>\n<meta name=\"robots\" content=\"index, follow, max-snippet:-1, max-image-preview:large, max-video-preview:-1\" \/>\n<link rel=\"canonical\" href=\"https:\/\/viapanacea.eu\/pt\/mentores\/\" \/>\n<meta property=\"og:locale\" content=\"pt_PT\" \/>\n<meta property=\"og:type\" content=\"article\" \/>\n<meta property=\"og:title\" content=\"Mentores - O seu caminho para a sa\u00fade\" \/>\n<meta property=\"og:description\" content=\"LivrosFilmes ordenado por data de nascimento Na nutri\u00e7\u00e3o m\u00e9dica Russel Henry Chittenden (*1856 &#8211; \u2020 1943) Walter Kempner (*1904 &#8211; \u20201997) Roy Swank (*1909 &#8211; \u20202008) Denis Burkitt (*1911 &#8211; \u20201993) Nathan Pritikin (*1915 &#8211; \u20201985) Caldwell B. Esselstyn Jr. (*1933) T. Colin Campbell (*1934) John McDougall (*1947) Dean Ornish (* 1953) Neal Barnard (*1953) &hellip; Continuar a ler &quot;Mentores&quot;\" \/>\n<meta property=\"og:url\" content=\"https:\/\/viapanacea.eu\/pt\/mentores\/\" \/>\n<meta property=\"og:site_name\" content=\"O seu caminho para a sa\u00fade\" \/>\n<meta property=\"article:modified_time\" content=\"2019-01-30T23:26:43+00:00\" \/>\n<meta name=\"twitter:card\" content=\"summary_large_image\" \/>\n<meta name=\"twitter:label1\" content=\"Tempo estimado de leitura\" \/>\n\t<meta name=\"twitter:data1\" content=\"8 minutos\" \/>\n<script type=\"application\/ld+json\" class=\"yoast-schema-graph\">{\"@context\":\"https:\\\/\\\/schema.org\",\"@graph\":[{\"@type\":\"WebPage\",\"@id\":\"https:\\\/\\\/viapanacea.eu\\\/pt\\\/mentores\\\/\",\"url\":\"https:\\\/\\\/viapanacea.eu\\\/pt\\\/mentores\\\/\",\"name\":\"Mentores - O seu caminho para a sa\u00fade\",\"isPartOf\":{\"@id\":\"https:\\\/\\\/viapanacea.eu\\\/pt\\\/#website\"},\"datePublished\":\"2017-07-22T21:06:36+00:00\",\"dateModified\":\"2019-01-30T23:26:43+00:00\",\"breadcrumb\":{\"@id\":\"https:\\\/\\\/viapanacea.eu\\\/pt\\\/mentores\\\/#breadcrumb\"},\"inLanguage\":\"pt-PT\",\"potentialAction\":[{\"@type\":\"ReadAction\",\"target\":[\"https:\\\/\\\/viapanacea.eu\\\/pt\\\/mentores\\\/\"]}]},{\"@type\":\"BreadcrumbList\",\"@id\":\"https:\\\/\\\/viapanacea.eu\\\/pt\\\/mentores\\\/#breadcrumb\",\"itemListElement\":[{\"@type\":\"ListItem\",\"position\":1,\"name\":\"In\u00edcio\",\"item\":\"https:\\\/\\\/viapanacea.eu\\\/pt\\\/\"},{\"@type\":\"ListItem\",\"position\":2,\"name\":\"Mentores\"}]},{\"@type\":\"WebSite\",\"@id\":\"https:\\\/\\\/viapanacea.eu\\\/pt\\\/#website\",\"url\":\"https:\\\/\\\/viapanacea.eu\\\/pt\\\/\",\"name\":\"O seu caminho para a sa\u00fade\",\"description\":\"Com Ana Steindorff Pinheiro,    M\u00e9dica de medicina do estilo de vida e nutri\u00e7\u00e3o cl\u00ednica\",\"publisher\":{\"@id\":\"https:\\\/\\\/viapanacea.eu\\\/pt\\\/#organization\"},\"potentialAction\":[{\"@type\":\"SearchAction\",\"target\":{\"@type\":\"EntryPoint\",\"urlTemplate\":\"https:\\\/\\\/viapanacea.eu\\\/pt\\\/?s={search_term_string}\"},\"query-input\":{\"@type\":\"PropertyValueSpecification\",\"valueRequired\":true,\"valueName\":\"search_term_string\"}}],\"inLanguage\":\"pt-PT\"},{\"@type\":\"Organization\",\"@id\":\"https:\\\/\\\/viapanacea.eu\\\/pt\\\/#organization\",\"name\":\"Ana Steindorff Pinheiro\",\"url\":\"https:\\\/\\\/viapanacea.eu\\\/pt\\\/\",\"logo\":{\"@type\":\"ImageObject\",\"inLanguage\":\"pt-PT\",\"@id\":\"https:\\\/\\\/viapanacea.eu\\\/pt\\\/#\\\/schema\\\/logo\\\/image\\\/\",\"url\":\"http:\\\/\\\/viapanacea.eu\\\/pt\\\/wp-content\\\/uploads\\\/2018\\\/02\\\/Logo-kreis-0-768x1024.png\",\"contentUrl\":\"http:\\\/\\\/viapanacea.eu\\\/pt\\\/wp-content\\\/uploads\\\/2018\\\/02\\\/Logo-kreis-0-768x1024.png\",\"width\":768,\"height\":1024,\"caption\":\"Ana Steindorff Pinheiro\"},\"image\":{\"@id\":\"https:\\\/\\\/viapanacea.eu\\\/pt\\\/#\\\/schema\\\/logo\\\/image\\\/\"},\"sameAs\":[\"http:\\\/\\\/viapanacea\"]}]}<\/script>\n<!-- \/ Yoast SEO plugin. -->","yoast_head_json":{"title":"Mentores - O seu caminho para a sa\u00fade","robots":{"index":"index","follow":"follow","max-snippet":"max-snippet:-1","max-image-preview":"max-image-preview:large","max-video-preview":"max-video-preview:-1"},"canonical":"https:\/\/viapanacea.eu\/pt\/mentores\/","og_locale":"pt_PT","og_type":"article","og_title":"Mentores - O seu caminho para a sa\u00fade","og_description":"LivrosFilmes ordenado por data de nascimento Na nutri\u00e7\u00e3o m\u00e9dica Russel Henry Chittenden (*1856 &#8211; \u2020 1943) Walter Kempner (*1904 &#8211; \u20201997) Roy Swank (*1909 &#8211; \u20202008) Denis Burkitt (*1911 &#8211; \u20201993) Nathan Pritikin (*1915 &#8211; \u20201985) Caldwell B. Esselstyn Jr. (*1933) T. Colin Campbell (*1934) John McDougall (*1947) Dean Ornish (* 1953) Neal Barnard (*1953) &hellip; Continuar a ler \"Mentores\"","og_url":"https:\/\/viapanacea.eu\/pt\/mentores\/","og_site_name":"O seu caminho para a sa\u00fade","article_modified_time":"2019-01-30T23:26:43+00:00","twitter_card":"summary_large_image","twitter_misc":{"Tempo estimado de leitura":"8 minutos"},"schema":{"@context":"https:\/\/schema.org","@graph":[{"@type":"WebPage","@id":"https:\/\/viapanacea.eu\/pt\/mentores\/","url":"https:\/\/viapanacea.eu\/pt\/mentores\/","name":"Mentores - O seu caminho para a sa\u00fade","isPartOf":{"@id":"https:\/\/viapanacea.eu\/pt\/#website"},"datePublished":"2017-07-22T21:06:36+00:00","dateModified":"2019-01-30T23:26:43+00:00","breadcrumb":{"@id":"https:\/\/viapanacea.eu\/pt\/mentores\/#breadcrumb"},"inLanguage":"pt-PT","potentialAction":[{"@type":"ReadAction","target":["https:\/\/viapanacea.eu\/pt\/mentores\/"]}]},{"@type":"BreadcrumbList","@id":"https:\/\/viapanacea.eu\/pt\/mentores\/#breadcrumb","itemListElement":[{"@type":"ListItem","position":1,"name":"In\u00edcio","item":"https:\/\/viapanacea.eu\/pt\/"},{"@type":"ListItem","position":2,"name":"Mentores"}]},{"@type":"WebSite","@id":"https:\/\/viapanacea.eu\/pt\/#website","url":"https:\/\/viapanacea.eu\/pt\/","name":"O seu caminho para a sa\u00fade","description":"Com Ana Steindorff Pinheiro,    M\u00e9dica de medicina do estilo de vida e nutri\u00e7\u00e3o cl\u00ednica","publisher":{"@id":"https:\/\/viapanacea.eu\/pt\/#organization"},"potentialAction":[{"@type":"SearchAction","target":{"@type":"EntryPoint","urlTemplate":"https:\/\/viapanacea.eu\/pt\/?s={search_term_string}"},"query-input":{"@type":"PropertyValueSpecification","valueRequired":true,"valueName":"search_term_string"}}],"inLanguage":"pt-PT"},{"@type":"Organization","@id":"https:\/\/viapanacea.eu\/pt\/#organization","name":"Ana Steindorff Pinheiro","url":"https:\/\/viapanacea.eu\/pt\/","logo":{"@type":"ImageObject","inLanguage":"pt-PT","@id":"https:\/\/viapanacea.eu\/pt\/#\/schema\/logo\/image\/","url":"http:\/\/viapanacea.eu\/pt\/wp-content\/uploads\/2018\/02\/Logo-kreis-0-768x1024.png","contentUrl":"http:\/\/viapanacea.eu\/pt\/wp-content\/uploads\/2018\/02\/Logo-kreis-0-768x1024.png","width":768,"height":1024,"caption":"Ana Steindorff Pinheiro"},"image":{"@id":"https:\/\/viapanacea.eu\/pt\/#\/schema\/logo\/image\/"},"sameAs":["http:\/\/viapanacea"]}]}},"jetpack_sharing_enabled":true,"jetpack_shortlink":"https:\/\/wp.me\/PaVegn-X","_links":{"self":[{"href":"http:\/\/viapanacea.eu\/pt\/wp-json\/wp\/v2\/pages\/59","targetHints":{"allow":["GET"]}}],"collection":[{"href":"http:\/\/viapanacea.eu\/pt\/wp-json\/wp\/v2\/pages"}],"about":[{"href":"http:\/\/viapanacea.eu\/pt\/wp-json\/wp\/v2\/types\/page"}],"author":[{"embeddable":true,"href":"http:\/\/viapanacea.eu\/pt\/wp-json\/wp\/v2\/users\/1"}],"replies":[{"embeddable":true,"href":"http:\/\/viapanacea.eu\/pt\/wp-json\/wp\/v2\/comments?post=59"}],"version-history":[{"count":71,"href":"http:\/\/viapanacea.eu\/pt\/wp-json\/wp\/v2\/pages\/59\/revisions"}],"predecessor-version":[{"id":968,"href":"http:\/\/viapanacea.eu\/pt\/wp-json\/wp\/v2\/pages\/59\/revisions\/968"}],"wp:attachment":[{"href":"http:\/\/viapanacea.eu\/pt\/wp-json\/wp\/v2\/media?parent=59"}],"curies":[{"name":"wp","href":"https:\/\/api.w.org\/{rel}","templated":true}]}}