{"id":926,"date":"2019-01-30T19:39:59","date_gmt":"2019-01-30T18:39:59","guid":{"rendered":"http:\/\/viapanacea.eu\/pt\/?page_id=926"},"modified":"2020-04-23T12:21:15","modified_gmt":"2020-04-23T10:21:15","slug":"o-seu-caminho","status":"publish","type":"page","link":"http:\/\/viapanacea.eu\/pt\/o-seu-caminho\/","title":{"rendered":"O seu caminho"},"content":{"rendered":"\n<h2 class=\"wp-block-heading\">O seu plano de ac\u00e7\u00e3o:<\/h2>\n\n\n\n<ul class=\"wp-block-list\"><li>Marque uma consulta<\/li><li>Eu dou-lhe tempo e aten\u00e7\u00e3o para me inteirar do seu problema<\/li><li>N\u00f3s trabalhamos juntos para desenvolver um plano individual de ac\u00e7\u00e3o<\/li><li>N\u00f3s pomos juntos o plano em pr\u00e1tica<\/li><\/ul>\n\n\n\n<h2 class=\"wp-block-heading\">A minha promessa<\/h2>\n\n\n\n<ul class=\"wp-block-list\"><li>Eu trato os meus doentes de forma humana, sem restri\u00e7\u00f5es no tempo, tal como eu gostaria de ser tratada.<\/li><li>Eu trabalho com medicina baseada em ci\u00eancia e medicina baseada na evid\u00eancia e estritamente sem interesses ou press\u00f5es comerciais.<\/li><li>Eu dou grande import\u00e2ncia a que perceba a sua doen\u00e7a e as suas causas.<\/li><li>Eu formo uma equipa consigo, para juntos alcan\u00e7armos os melhores resultados poss\u00edveis.<\/li><\/ul>\n\n\n\n<div class=\"wp-block-button aligncenter is-style-outline is-style-outline--1\"><a class=\"wp-block-button__link has-text-color has-very-light-gray-color has-background\" href=\"http:\/\/viapanacea.eu\/pt\/consulta\/\" style=\"background-color:#398f3f\" target=\"_blank\" rel=\"noreferrer noopener\">Marque uma consulta<br><\/a><\/div>\n","protected":false},"excerpt":{"rendered":"<p>O seu plano de ac\u00e7\u00e3o: Marque uma consulta Eu dou-lhe tempo e aten\u00e7\u00e3o para me inteirar do seu problema N\u00f3s trabalhamos juntos para desenvolver um plano individual de ac\u00e7\u00e3o N\u00f3s pomos juntos o plano em pr\u00e1tica A minha promessa Eu trato os meus doentes de forma humana, sem restri\u00e7\u00f5es no tempo, tal como eu gostaria &hellip; <\/p>\n<p class=\"link-more\"><a href=\"http:\/\/viapanacea.eu\/pt\/o-seu-caminho\/\" class=\"more-link\">Continuar a ler <span class=\"screen-reader-text\">&#8220;O seu caminho&#8221;<\/span><\/a><\/p>\n","protected":false},"author":1,"featured_media":0,"parent":0,"menu_order":0,"comment_status":"closed","ping_status":"closed","template":"","meta":{"jetpack_post_was_ever_published":false,"footnotes":""},"class_list":["post-926","page","type-page","status-publish","hentry"],"yoast_head":"<!-- This site is optimized with the Yoast SEO plugin v27.4 - https:\/\/yoast.com\/product\/yoast-seo-wordpress\/ -->\n<title>O seu caminho - O seu caminho para a sa\u00fade<\/title>\n<meta name=\"robots\" content=\"index, follow, max-snippet:-1, max-image-preview:large, max-video-preview:-1\" \/>\n<link rel=\"canonical\" href=\"https:\/\/viapanacea.eu\/pt\/o-seu-caminho\/\" \/>\n<meta property=\"og:locale\" content=\"pt_PT\" \/>\n<meta property=\"og:type\" content=\"article\" \/>\n<meta property=\"og:title\" content=\"O seu caminho - O seu caminho para a sa\u00fade\" \/>\n<meta property=\"og:description\" content=\"O seu plano de ac\u00e7\u00e3o: Marque uma consulta Eu dou-lhe tempo e aten\u00e7\u00e3o para me inteirar do seu problema N\u00f3s trabalhamos juntos para desenvolver um plano individual de ac\u00e7\u00e3o N\u00f3s pomos juntos o plano em pr\u00e1tica A minha promessa Eu trato os meus doentes de forma humana, sem restri\u00e7\u00f5es no tempo, tal como eu gostaria &hellip; Continuar a ler &quot;O seu caminho&quot;\" \/>\n<meta property=\"og:url\" content=\"https:\/\/viapanacea.eu\/pt\/o-seu-caminho\/\" \/>\n<meta property=\"og:site_name\" content=\"O seu caminho para a sa\u00fade\" \/>\n<meta property=\"article:modified_time\" content=\"2020-04-23T10:21:15+00:00\" \/>\n<meta name=\"twitter:card\" content=\"summary_large_image\" \/>\n<meta name=\"twitter:label1\" content=\"Tempo estimado de leitura\" \/>\n\t<meta name=\"twitter:data1\" content=\"1 minuto\" \/>\n<script type=\"application\/ld+json\" class=\"yoast-schema-graph\">{\"@context\":\"https:\\\/\\\/schema.org\",\"@graph\":[{\"@type\":\"WebPage\",\"@id\":\"https:\\\/\\\/viapanacea.eu\\\/pt\\\/o-seu-caminho\\\/\",\"url\":\"https:\\\/\\\/viapanacea.eu\\\/pt\\\/o-seu-caminho\\\/\",\"name\":\"O seu caminho - O seu caminho para a sa\u00fade\",\"isPartOf\":{\"@id\":\"https:\\\/\\\/viapanacea.eu\\\/pt\\\/#website\"},\"datePublished\":\"2019-01-30T18:39:59+00:00\",\"dateModified\":\"2020-04-23T10:21:15+00:00\",\"breadcrumb\":{\"@id\":\"https:\\\/\\\/viapanacea.eu\\\/pt\\\/o-seu-caminho\\\/#breadcrumb\"},\"inLanguage\":\"pt-PT\",\"potentialAction\":[{\"@type\":\"ReadAction\",\"target\":[\"https:\\\/\\\/viapanacea.eu\\\/pt\\\/o-seu-caminho\\\/\"]}]},{\"@type\":\"BreadcrumbList\",\"@id\":\"https:\\\/\\\/viapanacea.eu\\\/pt\\\/o-seu-caminho\\\/#breadcrumb\",\"itemListElement\":[{\"@type\":\"ListItem\",\"position\":1,\"name\":\"In\u00edcio\",\"item\":\"https:\\\/\\\/viapanacea.eu\\\/pt\\\/\"},{\"@type\":\"ListItem\",\"position\":2,\"name\":\"O seu caminho\"}]},{\"@type\":\"WebSite\",\"@id\":\"https:\\\/\\\/viapanacea.eu\\\/pt\\\/#website\",\"url\":\"https:\\\/\\\/viapanacea.eu\\\/pt\\\/\",\"name\":\"O seu caminho para a sa\u00fade\",\"description\":\"Com Ana Steindorff Pinheiro,    M\u00e9dica de medicina do estilo de vida e nutri\u00e7\u00e3o cl\u00ednica\",\"publisher\":{\"@id\":\"https:\\\/\\\/viapanacea.eu\\\/pt\\\/#organization\"},\"potentialAction\":[{\"@type\":\"SearchAction\",\"target\":{\"@type\":\"EntryPoint\",\"urlTemplate\":\"https:\\\/\\\/viapanacea.eu\\\/pt\\\/?s={search_term_string}\"},\"query-input\":{\"@type\":\"PropertyValueSpecification\",\"valueRequired\":true,\"valueName\":\"search_term_string\"}}],\"inLanguage\":\"pt-PT\"},{\"@type\":\"Organization\",\"@id\":\"https:\\\/\\\/viapanacea.eu\\\/pt\\\/#organization\",\"name\":\"Ana Steindorff Pinheiro\",\"url\":\"https:\\\/\\\/viapanacea.eu\\\/pt\\\/\",\"logo\":{\"@type\":\"ImageObject\",\"inLanguage\":\"pt-PT\",\"@id\":\"https:\\\/\\\/viapanacea.eu\\\/pt\\\/#\\\/schema\\\/logo\\\/image\\\/\",\"url\":\"http:\\\/\\\/viapanacea.eu\\\/pt\\\/wp-content\\\/uploads\\\/2018\\\/02\\\/Logo-kreis-0-768x1024.png\",\"contentUrl\":\"http:\\\/\\\/viapanacea.eu\\\/pt\\\/wp-content\\\/uploads\\\/2018\\\/02\\\/Logo-kreis-0-768x1024.png\",\"width\":768,\"height\":1024,\"caption\":\"Ana Steindorff Pinheiro\"},\"image\":{\"@id\":\"https:\\\/\\\/viapanacea.eu\\\/pt\\\/#\\\/schema\\\/logo\\\/image\\\/\"},\"sameAs\":[\"http:\\\/\\\/viapanacea\"]}]}<\/script>\n<!-- \/ Yoast SEO plugin. -->","yoast_head_json":{"title":"O seu caminho - O seu caminho para a sa\u00fade","robots":{"index":"index","follow":"follow","max-snippet":"max-snippet:-1","max-image-preview":"max-image-preview:large","max-video-preview":"max-video-preview:-1"},"canonical":"https:\/\/viapanacea.eu\/pt\/o-seu-caminho\/","og_locale":"pt_PT","og_type":"article","og_title":"O seu caminho - O seu caminho para a sa\u00fade","og_description":"O seu plano de ac\u00e7\u00e3o: Marque uma consulta Eu dou-lhe tempo e aten\u00e7\u00e3o para me inteirar do seu problema N\u00f3s trabalhamos juntos para desenvolver um plano individual de ac\u00e7\u00e3o N\u00f3s pomos juntos o plano em pr\u00e1tica A minha promessa Eu trato os meus doentes de forma humana, sem restri\u00e7\u00f5es no tempo, tal como eu gostaria &hellip; Continuar a ler \"O seu caminho\"","og_url":"https:\/\/viapanacea.eu\/pt\/o-seu-caminho\/","og_site_name":"O seu caminho para a sa\u00fade","article_modified_time":"2020-04-23T10:21:15+00:00","twitter_card":"summary_large_image","twitter_misc":{"Tempo estimado de leitura":"1 minuto"},"schema":{"@context":"https:\/\/schema.org","@graph":[{"@type":"WebPage","@id":"https:\/\/viapanacea.eu\/pt\/o-seu-caminho\/","url":"https:\/\/viapanacea.eu\/pt\/o-seu-caminho\/","name":"O seu caminho - O seu caminho para a sa\u00fade","isPartOf":{"@id":"https:\/\/viapanacea.eu\/pt\/#website"},"datePublished":"2019-01-30T18:39:59+00:00","dateModified":"2020-04-23T10:21:15+00:00","breadcrumb":{"@id":"https:\/\/viapanacea.eu\/pt\/o-seu-caminho\/#breadcrumb"},"inLanguage":"pt-PT","potentialAction":[{"@type":"ReadAction","target":["https:\/\/viapanacea.eu\/pt\/o-seu-caminho\/"]}]},{"@type":"BreadcrumbList","@id":"https:\/\/viapanacea.eu\/pt\/o-seu-caminho\/#breadcrumb","itemListElement":[{"@type":"ListItem","position":1,"name":"In\u00edcio","item":"https:\/\/viapanacea.eu\/pt\/"},{"@type":"ListItem","position":2,"name":"O seu caminho"}]},{"@type":"WebSite","@id":"https:\/\/viapanacea.eu\/pt\/#website","url":"https:\/\/viapanacea.eu\/pt\/","name":"O seu caminho para a sa\u00fade","description":"Com Ana Steindorff Pinheiro,    M\u00e9dica de medicina do estilo de vida e nutri\u00e7\u00e3o cl\u00ednica","publisher":{"@id":"https:\/\/viapanacea.eu\/pt\/#organization"},"potentialAction":[{"@type":"SearchAction","target":{"@type":"EntryPoint","urlTemplate":"https:\/\/viapanacea.eu\/pt\/?s={search_term_string}"},"query-input":{"@type":"PropertyValueSpecification","valueRequired":true,"valueName":"search_term_string"}}],"inLanguage":"pt-PT"},{"@type":"Organization","@id":"https:\/\/viapanacea.eu\/pt\/#organization","name":"Ana Steindorff Pinheiro","url":"https:\/\/viapanacea.eu\/pt\/","logo":{"@type":"ImageObject","inLanguage":"pt-PT","@id":"https:\/\/viapanacea.eu\/pt\/#\/schema\/logo\/image\/","url":"http:\/\/viapanacea.eu\/pt\/wp-content\/uploads\/2018\/02\/Logo-kreis-0-768x1024.png","contentUrl":"http:\/\/viapanacea.eu\/pt\/wp-content\/uploads\/2018\/02\/Logo-kreis-0-768x1024.png","width":768,"height":1024,"caption":"Ana Steindorff Pinheiro"},"image":{"@id":"https:\/\/viapanacea.eu\/pt\/#\/schema\/logo\/image\/"},"sameAs":["http:\/\/viapanacea"]}]}},"jetpack_sharing_enabled":true,"jetpack_shortlink":"https:\/\/wp.me\/PaVegn-eW","_links":{"self":[{"href":"http:\/\/viapanacea.eu\/pt\/wp-json\/wp\/v2\/pages\/926","targetHints":{"allow":["GET"]}}],"collection":[{"href":"http:\/\/viapanacea.eu\/pt\/wp-json\/wp\/v2\/pages"}],"about":[{"href":"http:\/\/viapanacea.eu\/pt\/wp-json\/wp\/v2\/types\/page"}],"author":[{"embeddable":true,"href":"http:\/\/viapanacea.eu\/pt\/wp-json\/wp\/v2\/users\/1"}],"replies":[{"embeddable":true,"href":"http:\/\/viapanacea.eu\/pt\/wp-json\/wp\/v2\/comments?post=926"}],"version-history":[{"count":3,"href":"http:\/\/viapanacea.eu\/pt\/wp-json\/wp\/v2\/pages\/926\/revisions"}],"predecessor-version":[{"id":1183,"href":"http:\/\/viapanacea.eu\/pt\/wp-json\/wp\/v2\/pages\/926\/revisions\/1183"}],"wp:attachment":[{"href":"http:\/\/viapanacea.eu\/pt\/wp-json\/wp\/v2\/media?parent=926"}],"curies":[{"name":"wp","href":"https:\/\/api.w.org\/{rel}","templated":true}]}}