{"id":1030,"date":"2019-04-24T10:32:06","date_gmt":"2019-04-24T08:32:06","guid":{"rendered":"http:\/\/viapanacea.eu\/de\/?page_id=1030"},"modified":"2020-08-21T07:50:46","modified_gmt":"2020-08-21T05:50:46","slug":"lebensstilmedizin-eine-einfuehrung","status":"publish","type":"page","link":"https:\/\/viapanacea.eu\/de\/lebensstilmedizin-eine-einfuehrung\/","title":{"rendered":"Lebensstilmedizin: eine Einf\u00fchrung"},"content":{"rendered":"\n<h2 class=\"wp-block-heading\"><strong>Vorbeugen und Heilen mit der Natur: Lebensstilmedizin<\/strong><\/h2>\n\n\n\n<p>Haben sie schon einmal \u00fcberlegt warum \u00c4rzte im gro\u00dfen und ganzen nicht l\u00e4nger oder besser leben als der Rest der Bev\u00f6lkerung? Sollten sie nicht besser wissen? Besser auf sich achten so dass sie und ihre Familien besonders gesund sind?<\/p>\n\n\n\n<p>In den letzten 50 Jahren haben Wissenschaftler und Pionier-\u00c4rzte angefangen zu analysieren warum.<\/p>\n\n\n\n<p>Es gibt V\u00f6lker in der Welt, die eine deutlich h\u00f6here Lebenserwartung haben als in der westlichen Welt, und wo auch die Anzahl der Hundertj\u00e4hrigen deutlich unsere Anzahl von Hundertj\u00e4hrigen \u00fcberschreitet.<\/p>\n\n\n\n<p>In denen im Durchschnitt die \u00e4ltere Bev\u00f6lkerung erst mit \u00fcber 90 Jahren das erste Mal zum Arzt geht!<\/p>\n\n\n\n<p>Da f\u00e4llt das Dogma Alt werden bedeutet krank werden weg&#8230;<\/p>\n\n\n\n<p>Weil Menschen nat\u00fcrlich leben und nat\u00fcrlich gesund bleiben.<\/p>\n\n\n\n<p>In diesen Gebieten der Welt sind die Kosten f\u00fcr Gesundheit sehr niedrig. Im Verlgeich dazu in der westlichen Welt, auch mit immer mehr \u00c4rzten, immer mehr Medikamente, immer mehr Operationen und Interventionen, ist es vorzusehen das die Generation unserer Kinder fr\u00fcher sterben wird als wir.<\/p>\n\n\n\n<p>Das ist traurig, aber es gibt Hoffnung:<\/p>\n\n\n\n<p>Wir denken das, wenn unsere Kranke mit chronischen Krankheiten (typischerweise mit Bluthochdruck, Diabetes, koronare Herzkrankheit, Rheuma, chronische Darmkrankheiten, manche Krebsarten und viele mehr), wenn unsere Kranken pl\u00f6tzlich in diese ges\u00fcndere Gegenden der Welt leben w\u00fcrden \u2013 von National Geographic als die Blue Zones benannt \u2013 das dann 80% ihrer Erkrankungen besser behandelbar oder gar geheilt werden k\u00f6nnten. Daf\u00fcr m\u00fcssten sie das Lebensstil der Bev\u00f6lkerung in den Blue Zones annehmen.<\/p>\n\n\n\n<p>In der Lebensstilmedizin bem\u00fchen wir uns stark die Ursachen von den Krankheiten zu finden und beheben. Denn Ursachen ausschalten ist weitaus die einfachste, sicherste und nachhaltigste Weise Gesundheit zu verfolgen. Dieses Cartoon ist in der Lebensstil-Welt stark verbreitet. Es zeigt den Unterschied zwischen Ursache (der offene Wasserhahn) und Folge (das \u00fcbergelaufene Wasser auf dem Boden).<\/p>\n\n\n\n<p>Das Bereich der Medizin die sich damit befa\u00dft ist die Lebensstilmedizin, und in den USA wird sie schon als unabh\u00e4ngige Fachrichtung seit 2 Jahren anerkannt.<\/p>\n\n\n\n<p>Selbstheilung?<\/p>\n\n\n\n<p>F\u00fcr mich bedeutet Selbstheilung nicht etwas magisches oder gar esoterisches, das wir unsere inneren Kr\u00e4fte aktivieren&#8230; Denn wer will nicht gesund sein?<\/p>\n\n\n\n<p>F\u00fcr mich bedeutet Selbstheilung meistens etwas ganz pragmatisches&#8230; Wenn wir die wahren Ursachen von einer Krankheit erkennen und ausschalten, dann brauchen wir nicht die Folgen behandeln (wie das \u00fcbergeschwappte Wasser am Boden \u2013 aufwischen), denn wenn wir die krankmachende Ursache beheben, dann verfl\u00fcchtigen sich die Folgen wie von selbst, weil der K\u00f6rper sich endlich wieder reparieren kann.<\/p>\n\n\n\n<p>Dazu ein Beispiel den Michael Greger oft gibt:<\/p>\n\n\n\n<p>Wenn wir den Schienbein 3x am Tag am Essenstisch gegen den Tisch hauen, dann kriegen wir ein blauen Fleck. Und es ist egal wie viel Salben, Pflaster wir drauflegen oder wie viele Schmerzmittel wir nehmen. Wirklich Gesund wird das Bein erst wenn wir aufh\u00f6ren uns immer wieder an der gleichen Stelle zu verletzen. Und wenn wir damit aufh\u00f6ren&#8230; dann brauchen wir keine Salben und keine Schmerzmittel!<\/p>\n\n\n\n<p>Wie \u00e4hnlich ist es jedoch zum Beispiel mit dem Bluthochdruck&#8230;<\/p>\n\n\n\n<p>Die Schulmedizin sagt einfach die Ursache ist unbekannt. Jedoch stimmt das nicht, sie ist sehr wohl bekannt und anders als es mir an der Universit\u00e4t beigebracht wurde, steigt der Blutdruck nicht mit dem Alter! Menschen die ihr Leben lang pflanzenbasiert leben haben durchg\u00e4ngig niedrige Cholesterin Werte &lt;120 und niedrige Blutdruckwerte von &lt;120\/70.<\/p>\n\n\n\n<p>Doch anstatt die wahren Ursachen zu beheben: zu viel tierische Nahrung, zu viel verarbeitete Nahrung, zu viel Salz, zu viel Fett&#8230; bleibt die Ursache unbekannt&#8230; und verkauft werden Millionen und Millionen von Salben und Pflaster in der Form von Blutdrucktabletten!<\/p>\n\n\n\n<p>Bin ich gegen Blutdrucktabletten? Nein! Wenn n\u00f6tig verschreibe ich diese auch, jedoch vorsichtig&#8230; sie haben viele Nebenwirkungen&#8230; und inklusive einer ausgiebigen Lebensstil-Beratung.<\/p>\n\n\n\n<p>Leider gibt es unz\u00e4hlige Beispiele wie diese&#8230;<\/p>\n\n\n\n<h2 class=\"wp-block-heading\">Lebensstilmedizin Bereiche:          Behandlungsans\u00e4tze meines Konzeptes:<\/h2>\n\n\n\n<figure class=\"wp-block-table\"><table><tbody><tr><td>vollwertig pflanzenbasierte Ern\u00e4hrung<\/td><td>pflanzenbasierte Ern\u00e4hrungsmedizin<\/td><\/tr><tr><td>erholsamer Schlaf<\/td><td>Schlafmedizin<\/td><\/tr><tr><td>aktive Bewegung<\/td><td>Schmerztherapie und Rehabilitation<\/td><\/tr><tr><td>Naturnahe Umgebung<\/td><td>Umweltmedizin<\/td><\/tr><tr><td>Zufriedener Geist<\/td><td>Body-Mind-Medizin<\/td><\/tr><\/tbody><\/table><\/figure>\n\n\n\n<figure class=\"wp-block-image size-large\"><img loading=\"lazy\" decoding=\"async\" width=\"1200\" height=\"1600\" src=\"https:\/\/i0.wp.com\/www.viapanacea.eu\/de\/wp-content\/uploads\/2020\/04\/Cartoon-Ursache-Folge.jpeg?fit=525%2C700&amp;ssl=1\" alt=\"\" class=\"wp-image-1147\" srcset=\"https:\/\/i0.wp.com\/viapanacea.eu\/de\/wp-content\/uploads\/2020\/04\/Cartoon-Ursache-Folge.jpeg?w=1200&amp;ssl=1 1200w, https:\/\/i0.wp.com\/viapanacea.eu\/de\/wp-content\/uploads\/2020\/04\/Cartoon-Ursache-Folge.jpeg?resize=225%2C300&amp;ssl=1 225w, https:\/\/i0.wp.com\/viapanacea.eu\/de\/wp-content\/uploads\/2020\/04\/Cartoon-Ursache-Folge.jpeg?resize=768%2C1024&amp;ssl=1 768w, https:\/\/i0.wp.com\/viapanacea.eu\/de\/wp-content\/uploads\/2020\/04\/Cartoon-Ursache-Folge.jpeg?resize=1152%2C1536&amp;ssl=1 1152w, https:\/\/i0.wp.com\/viapanacea.eu\/de\/wp-content\/uploads\/2020\/04\/Cartoon-Ursache-Folge.jpeg?resize=18%2C24&amp;ssl=1 18w, https:\/\/i0.wp.com\/viapanacea.eu\/de\/wp-content\/uploads\/2020\/04\/Cartoon-Ursache-Folge.jpeg?resize=27%2C36&amp;ssl=1 27w, https:\/\/i0.wp.com\/viapanacea.eu\/de\/wp-content\/uploads\/2020\/04\/Cartoon-Ursache-Folge.jpeg?resize=36%2C48&amp;ssl=1 36w, https:\/\/i0.wp.com\/viapanacea.eu\/de\/wp-content\/uploads\/2020\/04\/Cartoon-Ursache-Folge.jpeg?w=1050 1050w\" sizes=\"auto, (max-width: 767px) 89vw, (max-width: 1000px) 54vw, (max-width: 1071px) 543px, 580px\" \/><figcaption>Dieses Cartoon erkl\u00e4rt den Unterschied zwischen Ursache (das offene Wasserhahn) und Folge (das \u00fcbergelaufene Wasser) &#8211; freie Bildskizze zum Cartoon in Dr. Denis Burkitt`s Buch: <em>\u201cDon\u2019t forget Fibre in your Diet: To help avoid many of our commonest diseases.\u201d<\/em> im Jahre 1978! Da war ich 1 Jahr alt &#8211; und dies ist leider immer noch genau so brisant aktuell!!!<\/figcaption><\/figure>\n\n\n\n<p>Es ist doch besser zuerst das Wasserhahn zu schlie\u00dfen und erst danach den Boden zu wischen, oder?<\/p>\n","protected":false},"excerpt":{"rendered":"<p>Vorbeugen und Heilen mit der Natur: Lebensstilmedizin Haben sie schon einmal \u00fcberlegt warum \u00c4rzte im gro\u00dfen und ganzen nicht l\u00e4nger oder besser leben als der Rest der Bev\u00f6lkerung? Sollten sie nicht besser wissen? Besser auf sich achten so dass sie und ihre Familien besonders gesund sind? In den letzten 50 Jahren haben Wissenschaftler und Pionier-\u00c4rzte &hellip; <\/p>\n<p class=\"link-more\"><a href=\"https:\/\/viapanacea.eu\/de\/lebensstilmedizin-eine-einfuehrung\/\" class=\"more-link\"><span class=\"screen-reader-text\">\u201eLebensstilmedizin: eine Einf\u00fchrung\u201c <\/span>weiterlesen<\/a><\/p>\n","protected":false},"author":1,"featured_media":0,"parent":0,"menu_order":0,"comment_status":"closed","ping_status":"closed","template":"","meta":{"jetpack_post_was_ever_published":false,"footnotes":""},"class_list":["post-1030","page","type-page","status-publish","hentry"],"yoast_head":"<!-- This site is optimized with the Yoast SEO plugin v26.6 - https:\/\/yoast.com\/wordpress\/plugins\/seo\/ -->\n<title>Lebensstilmedizin: eine Einf\u00fchrung - Ihr Weg in die Gesundheit<\/title>\n<meta name=\"robots\" content=\"index, follow, max-snippet:-1, max-image-preview:large, max-video-preview:-1\" \/>\n<link rel=\"canonical\" href=\"https:\/\/viapanacea.eu\/de\/lebensstilmedizin-eine-einfuehrung\/\" \/>\n<meta property=\"og:locale\" content=\"de_DE\" \/>\n<meta property=\"og:type\" content=\"article\" \/>\n<meta property=\"og:title\" content=\"Lebensstilmedizin: eine Einf\u00fchrung - Ihr Weg in die Gesundheit\" \/>\n<meta property=\"og:description\" content=\"Vorbeugen und Heilen mit der Natur: Lebensstilmedizin Haben sie schon einmal \u00fcberlegt warum \u00c4rzte im gro\u00dfen und ganzen nicht l\u00e4nger oder besser leben als der Rest der Bev\u00f6lkerung? Sollten sie nicht besser wissen? Besser auf sich achten so dass sie und ihre Familien besonders gesund sind? In den letzten 50 Jahren haben Wissenschaftler und Pionier-\u00c4rzte &hellip; \u201eLebensstilmedizin: eine Einf\u00fchrung\u201c weiterlesen\" \/>\n<meta property=\"og:url\" content=\"https:\/\/viapanacea.eu\/de\/lebensstilmedizin-eine-einfuehrung\/\" \/>\n<meta property=\"og:site_name\" content=\"Ihr Weg in die Gesundheit\" \/>\n<meta property=\"article:modified_time\" content=\"2020-08-21T05:50:46+00:00\" \/>\n<meta property=\"og:image\" content=\"https:\/\/i0.wp.com\/www.viapanacea.eu\/de\/wp-content\/uploads\/2020\/04\/Cartoon-Ursache-Folge.jpeg?fit=525%2C700&amp;ssl=1\" \/>\n<meta name=\"twitter:card\" content=\"summary_large_image\" \/>\n<meta name=\"twitter:label1\" content=\"Gesch\u00e4tzte Lesezeit\" \/>\n\t<meta name=\"twitter:data1\" content=\"4\u00a0Minuten\" \/>\n<script type=\"application\/ld+json\" class=\"yoast-schema-graph\">{\"@context\":\"https:\/\/schema.org\",\"@graph\":[{\"@type\":\"WebPage\",\"@id\":\"https:\/\/viapanacea.eu\/de\/lebensstilmedizin-eine-einfuehrung\/\",\"url\":\"https:\/\/viapanacea.eu\/de\/lebensstilmedizin-eine-einfuehrung\/\",\"name\":\"Lebensstilmedizin: eine Einf\u00fchrung - Ihr Weg in die Gesundheit\",\"isPartOf\":{\"@id\":\"http:\/\/viapanacea.eu\/de\/#website\"},\"primaryImageOfPage\":{\"@id\":\"https:\/\/viapanacea.eu\/de\/lebensstilmedizin-eine-einfuehrung\/#primaryimage\"},\"image\":{\"@id\":\"https:\/\/viapanacea.eu\/de\/lebensstilmedizin-eine-einfuehrung\/#primaryimage\"},\"thumbnailUrl\":\"https:\/\/i0.wp.com\/www.viapanacea.eu\/de\/wp-content\/uploads\/2020\/04\/Cartoon-Ursache-Folge.jpeg?fit=525%2C700&amp;ssl=1\",\"datePublished\":\"2019-04-24T08:32:06+00:00\",\"dateModified\":\"2020-08-21T05:50:46+00:00\",\"breadcrumb\":{\"@id\":\"https:\/\/viapanacea.eu\/de\/lebensstilmedizin-eine-einfuehrung\/#breadcrumb\"},\"inLanguage\":\"de\",\"potentialAction\":[{\"@type\":\"ReadAction\",\"target\":[\"https:\/\/viapanacea.eu\/de\/lebensstilmedizin-eine-einfuehrung\/\"]}]},{\"@type\":\"ImageObject\",\"inLanguage\":\"de\",\"@id\":\"https:\/\/viapanacea.eu\/de\/lebensstilmedizin-eine-einfuehrung\/#primaryimage\",\"url\":\"https:\/\/i0.wp.com\/www.viapanacea.eu\/de\/wp-content\/uploads\/2020\/04\/Cartoon-Ursache-Folge.jpeg?fit=525%2C700&amp;ssl=1\",\"contentUrl\":\"https:\/\/i0.wp.com\/www.viapanacea.eu\/de\/wp-content\/uploads\/2020\/04\/Cartoon-Ursache-Folge.jpeg?fit=525%2C700&amp;ssl=1\"},{\"@type\":\"BreadcrumbList\",\"@id\":\"https:\/\/viapanacea.eu\/de\/lebensstilmedizin-eine-einfuehrung\/#breadcrumb\",\"itemListElement\":[{\"@type\":\"ListItem\",\"position\":1,\"name\":\"Startseite\",\"item\":\"http:\/\/viapanacea.eu\/de\/\"},{\"@type\":\"ListItem\",\"position\":2,\"name\":\"Lebensstilmedizin: eine Einf\u00fchrung\"}]},{\"@type\":\"WebSite\",\"@id\":\"http:\/\/viapanacea.eu\/de\/#website\",\"url\":\"http:\/\/viapanacea.eu\/de\/\",\"name\":\"Ihr Weg in die Gesundheit\",\"description\":\"Mit Ana Steindorff Pinheiro,    \u00c4rztin f\u00fcr eine nachhaltige Gesundheit mit Lebensstilmedizin und pflanzenbasierter Ern\u00e4hrungsmedizin\",\"publisher\":{\"@id\":\"http:\/\/viapanacea.eu\/de\/#\/schema\/person\/e2154f437e17d2145bf616a345690b03\"},\"potentialAction\":[{\"@type\":\"SearchAction\",\"target\":{\"@type\":\"EntryPoint\",\"urlTemplate\":\"http:\/\/viapanacea.eu\/de\/?s={search_term_string}\"},\"query-input\":{\"@type\":\"PropertyValueSpecification\",\"valueRequired\":true,\"valueName\":\"search_term_string\"}}],\"inLanguage\":\"de\"},{\"@type\":[\"Person\",\"Organization\"],\"@id\":\"http:\/\/viapanacea.eu\/de\/#\/schema\/person\/e2154f437e17d2145bf616a345690b03\",\"name\":\"ana\",\"image\":{\"@type\":\"ImageObject\",\"inLanguage\":\"de\",\"@id\":\"http:\/\/viapanacea.eu\/de\/#\/schema\/person\/image\/\",\"url\":\"https:\/\/i0.wp.com\/viapanacea.eu\/de\/wp-content\/uploads\/2020\/04\/cropped-Viapanacea.png?fit=250%2C250&ssl=1\",\"contentUrl\":\"https:\/\/i0.wp.com\/viapanacea.eu\/de\/wp-content\/uploads\/2020\/04\/cropped-Viapanacea.png?fit=250%2C250&ssl=1\",\"width\":250,\"height\":250,\"caption\":\"ana\"},\"logo\":{\"@id\":\"http:\/\/viapanacea.eu\/de\/#\/schema\/person\/image\/\"}}]}<\/script>\n<!-- \/ Yoast SEO plugin. -->","yoast_head_json":{"title":"Lebensstilmedizin: eine Einf\u00fchrung - Ihr Weg in die Gesundheit","robots":{"index":"index","follow":"follow","max-snippet":"max-snippet:-1","max-image-preview":"max-image-preview:large","max-video-preview":"max-video-preview:-1"},"canonical":"https:\/\/viapanacea.eu\/de\/lebensstilmedizin-eine-einfuehrung\/","og_locale":"de_DE","og_type":"article","og_title":"Lebensstilmedizin: eine Einf\u00fchrung - Ihr Weg in die Gesundheit","og_description":"Vorbeugen und Heilen mit der Natur: Lebensstilmedizin Haben sie schon einmal \u00fcberlegt warum \u00c4rzte im gro\u00dfen und ganzen nicht l\u00e4nger oder besser leben als der Rest der Bev\u00f6lkerung? Sollten sie nicht besser wissen? Besser auf sich achten so dass sie und ihre Familien besonders gesund sind? In den letzten 50 Jahren haben Wissenschaftler und Pionier-\u00c4rzte &hellip; \u201eLebensstilmedizin: eine Einf\u00fchrung\u201c weiterlesen","og_url":"https:\/\/viapanacea.eu\/de\/lebensstilmedizin-eine-einfuehrung\/","og_site_name":"Ihr Weg in die Gesundheit","article_modified_time":"2020-08-21T05:50:46+00:00","og_image":[{"url":"https:\/\/i0.wp.com\/www.viapanacea.eu\/de\/wp-content\/uploads\/2020\/04\/Cartoon-Ursache-Folge.jpeg?fit=525%2C700&amp;ssl=1","type":"","width":"","height":""}],"twitter_card":"summary_large_image","twitter_misc":{"Gesch\u00e4tzte Lesezeit":"4\u00a0Minuten"},"schema":{"@context":"https:\/\/schema.org","@graph":[{"@type":"WebPage","@id":"https:\/\/viapanacea.eu\/de\/lebensstilmedizin-eine-einfuehrung\/","url":"https:\/\/viapanacea.eu\/de\/lebensstilmedizin-eine-einfuehrung\/","name":"Lebensstilmedizin: eine Einf\u00fchrung - Ihr Weg in die Gesundheit","isPartOf":{"@id":"http:\/\/viapanacea.eu\/de\/#website"},"primaryImageOfPage":{"@id":"https:\/\/viapanacea.eu\/de\/lebensstilmedizin-eine-einfuehrung\/#primaryimage"},"image":{"@id":"https:\/\/viapanacea.eu\/de\/lebensstilmedizin-eine-einfuehrung\/#primaryimage"},"thumbnailUrl":"https:\/\/i0.wp.com\/www.viapanacea.eu\/de\/wp-content\/uploads\/2020\/04\/Cartoon-Ursache-Folge.jpeg?fit=525%2C700&amp;ssl=1","datePublished":"2019-04-24T08:32:06+00:00","dateModified":"2020-08-21T05:50:46+00:00","breadcrumb":{"@id":"https:\/\/viapanacea.eu\/de\/lebensstilmedizin-eine-einfuehrung\/#breadcrumb"},"inLanguage":"de","potentialAction":[{"@type":"ReadAction","target":["https:\/\/viapanacea.eu\/de\/lebensstilmedizin-eine-einfuehrung\/"]}]},{"@type":"ImageObject","inLanguage":"de","@id":"https:\/\/viapanacea.eu\/de\/lebensstilmedizin-eine-einfuehrung\/#primaryimage","url":"https:\/\/i0.wp.com\/www.viapanacea.eu\/de\/wp-content\/uploads\/2020\/04\/Cartoon-Ursache-Folge.jpeg?fit=525%2C700&amp;ssl=1","contentUrl":"https:\/\/i0.wp.com\/www.viapanacea.eu\/de\/wp-content\/uploads\/2020\/04\/Cartoon-Ursache-Folge.jpeg?fit=525%2C700&amp;ssl=1"},{"@type":"BreadcrumbList","@id":"https:\/\/viapanacea.eu\/de\/lebensstilmedizin-eine-einfuehrung\/#breadcrumb","itemListElement":[{"@type":"ListItem","position":1,"name":"Startseite","item":"http:\/\/viapanacea.eu\/de\/"},{"@type":"ListItem","position":2,"name":"Lebensstilmedizin: eine Einf\u00fchrung"}]},{"@type":"WebSite","@id":"http:\/\/viapanacea.eu\/de\/#website","url":"http:\/\/viapanacea.eu\/de\/","name":"Ihr Weg in die Gesundheit","description":"Mit Ana Steindorff Pinheiro,    \u00c4rztin f\u00fcr eine nachhaltige Gesundheit mit Lebensstilmedizin und pflanzenbasierter Ern\u00e4hrungsmedizin","publisher":{"@id":"http:\/\/viapanacea.eu\/de\/#\/schema\/person\/e2154f437e17d2145bf616a345690b03"},"potentialAction":[{"@type":"SearchAction","target":{"@type":"EntryPoint","urlTemplate":"http:\/\/viapanacea.eu\/de\/?s={search_term_string}"},"query-input":{"@type":"PropertyValueSpecification","valueRequired":true,"valueName":"search_term_string"}}],"inLanguage":"de"},{"@type":["Person","Organization"],"@id":"http:\/\/viapanacea.eu\/de\/#\/schema\/person\/e2154f437e17d2145bf616a345690b03","name":"ana","image":{"@type":"ImageObject","inLanguage":"de","@id":"http:\/\/viapanacea.eu\/de\/#\/schema\/person\/image\/","url":"https:\/\/i0.wp.com\/viapanacea.eu\/de\/wp-content\/uploads\/2020\/04\/cropped-Viapanacea.png?fit=250%2C250&ssl=1","contentUrl":"https:\/\/i0.wp.com\/viapanacea.eu\/de\/wp-content\/uploads\/2020\/04\/cropped-Viapanacea.png?fit=250%2C250&ssl=1","width":250,"height":250,"caption":"ana"},"logo":{"@id":"http:\/\/viapanacea.eu\/de\/#\/schema\/person\/image\/"}}]}},"jetpack_sharing_enabled":true,"jetpack_shortlink":"https:\/\/wp.me\/PaVfju-gC","_links":{"self":[{"href":"https:\/\/viapanacea.eu\/de\/wp-json\/wp\/v2\/pages\/1030","targetHints":{"allow":["GET"]}}],"collection":[{"href":"https:\/\/viapanacea.eu\/de\/wp-json\/wp\/v2\/pages"}],"about":[{"href":"https:\/\/viapanacea.eu\/de\/wp-json\/wp\/v2\/types\/page"}],"author":[{"embeddable":true,"href":"https:\/\/viapanacea.eu\/de\/wp-json\/wp\/v2\/users\/1"}],"replies":[{"embeddable":true,"href":"https:\/\/viapanacea.eu\/de\/wp-json\/wp\/v2\/comments?post=1030"}],"version-history":[{"count":4,"href":"https:\/\/viapanacea.eu\/de\/wp-json\/wp\/v2\/pages\/1030\/revisions"}],"predecessor-version":[{"id":1243,"href":"https:\/\/viapanacea.eu\/de\/wp-json\/wp\/v2\/pages\/1030\/revisions\/1243"}],"wp:attachment":[{"href":"https:\/\/viapanacea.eu\/de\/wp-json\/wp\/v2\/media?parent=1030"}],"curies":[{"name":"wp","href":"https:\/\/api.w.org\/{rel}","templated":true}]}}