{"id":1055,"date":"2019-05-09T16:08:20","date_gmt":"2019-05-09T14:08:20","guid":{"rendered":"http:\/\/viapanacea.eu\/de\/?page_id=1055"},"modified":"2020-12-16T09:29:17","modified_gmt":"2020-12-16T08:29:17","slug":"datenschutzerklaerung-dsgvo","status":"publish","type":"page","link":"https:\/\/viapanacea.eu\/de\/datenschutzerklaerung-dsgvo\/","title":{"rendered":"Datenschutzerkl\u00e4rung: DSGVO"},"content":{"rendered":"\n<h2 class=\"wp-block-heading\">Allgemeine Inhalte der Datenschutzerkl\u00e4rung: DSGVO<\/h2>\n\n\n\n<p>\nSehr geehrter Besucher unserer Internetseite,\nwir m\u00f6chten Sie dar\u00fcber informieren, dass beim Besuch unserer Website personenbezogene Daten erhoben werden. Zu den personenbezogenen Daten geh\u00f6ren alle Daten, die auf Sie pers\u00f6nlich beziehbar sind (z. B. Name, E-Mail Adresse, IP-Adresse, Nutzerverhalten).\n&nbsp;\n<\/p>\n\n\n\n<h4 class=\"wp-block-heading\">F\u00fcr den Datenschutz ist in unserer Praxis verantwortlich:<\/h4>\n\n\n\n<p>\n\nAna Steindorff Pinheiro\n<\/p>\n\n\n\n<p>Erlenweg 14<\/p>\n\n\n\n<p>13587 Berlin<\/p>\n\n\n\n<p>Tel: 0176-78504799 <\/p>\n\n\n\n<p>info@viapanacea.eu <\/p>\n\n\n\n<h4 class=\"wp-block-heading\">Verantwortlich f\u00fcr den Datenschutz auf der Internetseite ist:<\/h4>\n\n\n\n<p>\n\nAna Steindorff Pinheiro\n<\/p>\n\n\n\n<p>Erlenweg 14<\/p>\n\n\n\n<p>13587 Berlin<\/p>\n\n\n\n<p>Tel: 0176-78504799 <\/p>\n\n\n\n<p>info@viapanacea.eu <\/p>\n\n\n\n<h4 class=\"wp-block-heading\">Bereitstellung der Website und Erstellung von Logfiles:<\/h4>\n\n\n\n<p>Unsere Website dient ausschlie\u00dflich der Bereitstellung von Informationen \u00fcber unsere Praxis, unser Behandlungsspektrum und therapeutische M\u00f6glichkeiten bei verschiedenen Erkrankungen. Bei jedem Aufruf unserer Internetseite erfasst unser System automatisiert Daten und Informationen vom Computersystem des aufrufenden Rechners. Folgende Daten werden hierbei erhoben:<\/p>\n\n\n\n<ul class=\"wp-block-list\"><li>IP-Adresse des Nutzers<\/li><li>Datum und Uhrzeit der Anfrage sowie Zeitzone<\/li><li>Inhalt der Anforderung (konkrete Seite)<\/li><li>Website, von der die Anforderung kommt<\/li><li>Art des Browsers sowie dessen Sprache und Version<\/li><li>Betriebssystem<\/li><li>Zugriffstatus\/http-Statuscode<\/li><li>\u00dcbertragene Datenmenge<\/li><\/ul>\n\n\n\n<p>\nDie Daten werden in Logfiles unseres Systems gespeichert. Die Erhebung dieser Daten ist notwendig, damit Sie unsere Website angezeigt bekommen und auf ihr navigieren k\u00f6nnen. Rechtsgrundlage f\u00fcr die Erhebung und vor\u00fcbergehende Speicherung der Daten ist Art. 6 Abs. 1 lit. f DSGVO. Die L\u00f6schung dieser Daten erfolgt, wenn diese nicht mehr zur Bereitstellung der Website erforderlich sind bzw. die jeweilige Sitzung beendet ist.\nAu\u00dferdem weisen wir Sie darauf hin, dass die Daten\u00fcbertragung im Internet (wie beispielsweise bei der Kommunikation \u00fcber E-Mail) Sicherheitsl\u00fccken aufweisen kann. Denn ein l\u00fcckenloser Schutz der Daten vor dem Zugriff durch Dritte ist nicht m\u00f6glich. Wir widersprechen hiermit ausdr\u00fccklich der Nutzung von im Rahmen der Impressumspflicht ver\u00f6ffentlichten Kontaktdaten durch Dritte zur \u00dcbersendung von nicht ausdr\u00fccklich angeforderter Werbung und Informationsmaterialien. Die Betreiber dieser Seiten behalten sich ausdr\u00fccklich vor, im Fall der unverlangten Zusendung von Werbeinformationen, etwa durch Spam-Mails, rechtliche Schritte einzuleiten.\n<\/p>\n\n\n\n<h4 class=\"wp-block-heading\"><strong>Ihre Rechte:<\/strong><\/h4>\n\n\n\n<p>\nSie haben nach der DSGVO die folgenden Rechte hinsichtlich der von uns \u00fcber Sie verarbeiteten personenbezogenen Daten:\n<\/p>\n\n\n\n<ul class=\"wp-block-list\"><li>Sie haben das Recht, \u00fcber die Sie betreffenden personenbezogenen Daten Auskunft zu erhalten. Auch k\u00f6nnen Sie die Berichtigung unrichtiger Daten verlangen.<\/li><li>Dar\u00fcber hinaus steht Ihnen unter bestimmten Voraussetzungen das Recht auf L\u00f6schung von Daten, das Recht auf Einschr\u00e4nkung der Datenverarbeitung sowie das Recht auf Daten\u00fcbertragbarkeit zu.<\/li><li>Die Verarbeitung Ihrer Daten erfolgt auf Basis von gesetzlichen Berechtigungen oder \u2013 wo solche nicht bestehen \u2013 auf der Basis einer von Ihnen erteilten Einwilligung. Im letzteren Fall haben Sie das Recht, die Einwilligung jederzeit f\u00fcr die zuk\u00fcnftige Verarbeitung zu widerrufen.<\/li><li>Sie haben ferner das Recht, sich bei der f\u00fcr den Datenschutz zust\u00e4ndigen Aufsichtsbeh\u00f6rde zu beschweren, wenn Sie der Ansicht sind, dass die Verarbeitung Ihrer personenbezogenen Daten nicht rechtm\u00e4\u00dfig erfolgt. Die Anschrift der f\u00fcr uns zust\u00e4ndigen Aufsichtsbeh\u00f6rde lautet:<\/li><\/ul>\n\n\n\n<p>Berliner Beauftragte f\u00fcr Datenschutz und Informationsfreiheit,<br>Friedrichstra\u00dfe 219, 10969 Berlin,<br>Telefon: 030-138890.<\/p>\n\n\n\n<h2 class=\"wp-block-heading\">IMPRESSUM<\/h2>\n\n\n\n<h3 class=\"wp-block-heading\"><strong>Angaben nach \u00a7 5 Telemediengesetz<\/strong><\/h3>\n\n\n\n<h6 class=\"wp-block-heading\"><strong>Ana Steindorff Pinheiro<\/strong><\/h6>\n\n\n\n<p>Erlenweg 14<\/p>\n\n\n\n<p>13587 Berlin<\/p>\n\n\n\n<p>Tel: 0176- 78504799<\/p>\n\n\n\n<p><a href=\"mailto:info@viapanacea.eu\">info@viapanacea.eu<\/a><\/p>\n\n\n\n<p>\u00dcber die genannte E-Mail-Adresse&nbsp; erfolgt keine Beratung zu medizinischen Behandlungen.<\/p>\n\n\n\n<p>Aus daten-schutzrechtlichen Gr\u00fcnden ist eine Kommunikation mit Patientinnen und Patienten per E-Mail zudem nur mit einer Verschl\u00fcsselung zul\u00e4ssig.<\/p>\n\n\n\n<p>Kontaktdaten werden nur zur Beantwortung von Anfragen oder zur Zusendung von Informationsmaterial verwendet.<\/p>\n\n\n\n<p>Bei Kontaktaufnahme \u00fcber E-Mail erkl\u00e4ren sie sich einverstanden mit Personenbezogener Datenerhebung und wurden informiert \u00fcber die unsichere Verbindung, die E-Mails gew\u00e4hrleisten &#8211; bitte keine medizinischen Daten senden.<\/p>\n\n\n\n<p>In dringenden F\u00e4llen kontaktieren Sie bitte die Notfalltelefonnr. der Kassen\u00e4rztliche Vereinigung: 116117.&nbsp; Im Notfall die allgemeine Notfalltelefonnr: 112.<\/p>\n\n\n\n<h4 class=\"wp-block-heading\"><strong>Berufsbezeichnung<\/strong><\/h4>\n\n\n\n<p>\u00c4rztin<br>Fach\u00e4rztin f\u00fcr An\u00e4sthesie<br>Zertifikat: Fortbildung in Ern\u00e4hrungsmedizin nach der Bundes\u00e4rztekammer<\/p>\n\n\n\n<p>Zertifikat: Fortbildung in Tabakentw\u00f6hnung nach der Bundes\u00e4rztekammer<\/p>\n\n\n\n<p>Zertifikat in Pflanzenbasierter Ern\u00e4hrung der eCornell University<\/p>\n\n\n\n<p>Zusatzbezeichnung Not\u00e4rztin<\/p>\n\n\n\n<p>Zusatzbezeichnung Palliativmedizin<\/p>\n\n\n\n<p>Zusatzbezeichnung Naturheilkunde<\/p>\n\n\n\n<p>Approbation erteilt in Portugal, anerkannt in Deutschland seit 2003.<\/p>\n\n\n\n<h4 class=\"wp-block-heading\"><strong>Zust\u00e4ndige \u00c4rztekammer:<\/strong><\/h4>\n\n\n\n<p><a href=\"https:\/\/www.aerztekammer-berlin.de\/homepage\/index.html\">\u00c4rztekammer<\/a> Berlin<br>Friedrichstra\u00dfe 16, 10969 Berlin<br>Telefon: (030) 40806-0<\/p>\n\n\n\n<p>Berufsrechtliche Regelungen:<br><a href=\"https:\/\/www.aerztekammer-berlin.de\/10arzt\/30_Berufsrecht\/06_Rechtsgrundlagen\/30_Berufsrecht\/Berufsordnung.pdf\">Berufsordnung<\/a> der Landes\u00e4rztekammer Berlin<br><a href=\"https:\/\/www.aerztekammer-berlin.de\/10arzt\/30_Berufsrecht\/06_Rechtsgrundlagen\/index.html\" target=\"_blank\" rel=\"noreferrer noopener\">Gesetze und Verordnungen<\/a><\/p>\n\n\n\n<h4 class=\"wp-block-heading\"><strong>Zust\u00e4ndige Aufsichtsbeh\u00f6rde:<\/strong><\/h4>\n\n\n\n<p>Landesamt f\u00fcr Gesundheit und Soziales Berlin (LAGeSo)<\/p>\n\n\n\n<p>Postanschrift:<\/p>\n\n\n\n<p>Postfach 31 09 29, 10639 Berlin<\/p>\n\n\n\n<p>Telefon: (030) 90229-0<\/p>\n\n\n\n<hr class=\"wp-block-separator\"\/>\n\n\n\n<p>Fragen sie Ihren Arzt bevor sie diese oder eine andere Ern\u00e4hrungsform ausw\u00e4hlen.<\/p>\n\n\n\n<p>Jeder Mensch ist anders. Jeder Patient ist anders.<\/p>\n\n\n\n<p>Informationen auf dieser Webseite werden nur zur Information freigestellt und ersetzen kein medizinischen oder rechtlichen Rat oder Behandlung.<\/p>\n\n\n\n<p>Diese Webseite ist keine Arzt-Patient Beziehung.<\/p>\n\n\n\n<p>Wegen privat-rechtlicher Bestimmungen bitte keine medizinischen, versicherungstechnischen oder finanziellen Unterlagen als E-Mail versenden.<\/p>\n\n\n\n<hr class=\"wp-block-separator\"\/>\n\n\n\n<h3 class=\"wp-block-heading\">Allgemeine Inhalte der Datenschutzerkl\u00e4rung: DSGVO<\/h3>\n\n\n\n<p>Sehr geehrter Besucher unserer Internetseite, wir m\u00f6chten Sie dar\u00fcber informieren, dass beim Besuch unserer Website personenbezogene Daten erhoben werden. Zu den personenbezogenen Daten geh\u00f6ren alle Daten, die auf Sie pers\u00f6nlich beziehbar sind (z. B. Name, E-Mail Adresse, IP-Adresse, Nutzerverhalten). &nbsp;<\/p>\n\n\n\n<h4 class=\"wp-block-heading\">F\u00fcr den Datenschutz ist in unserer Praxis verantwortlich:<\/h4>\n\n\n\n<p>Ana Steindorff Pinheiro<\/p>\n\n\n\n<p>Erlenweg 14<\/p>\n\n\n\n<p>13587\u00a0 Berlin<\/p>\n\n\n\n<p>Tel: 0176-78504799<\/p>\n\n\n\n<p> info@viapanacea.eu<\/p>\n\n\n\n<h4 class=\"wp-block-heading\">Verantwortlich f\u00fcr den Datenschutz auf der Internetseite ist:<\/h4>\n\n\n\n<p>Ana Steindorff Pinheiro<\/p>\n\n\n\n<p>Erlenweg 14<\/p>\n\n\n\n<p>13587\u00a0\u00a0Berlin <\/p>\n\n\n\n<p>Tel: 0176-78504799<\/p>\n\n\n\n<p> info@viapanacea.eu<\/p>\n\n\n\n<h4 class=\"wp-block-heading\">Bereitstellung der Website und Erstellung von Logfiles:<\/h4>\n\n\n\n<p>Unsere Website dient ausschlie\u00dflich der Bereitstellung von Informationen \u00fcber unsere Praxis, unser Behandlungsspektrum und therapeutische M\u00f6glichkeiten bei verschiedenen Erkrankungen. Bei jedem Aufruf unserer Internetseite erfasst unser System automatisiert Daten und Informationen vom Computersystem des aufrufenden Rechners. Folgende Daten werden hierbei erhoben:<\/p>\n\n\n\n<ul class=\"wp-block-list\"><li>IP-Adresse des Nutzers<\/li><li>Datum und Uhrzeit der Anfrage sowie Zeitzone<\/li><li>Inhalt der Anforderung (konkrete Seite)<\/li><li>Website, von der die Anforderung kommt<\/li><li>Art des Browsers sowie dessen Sprache und Version<\/li><li>Betriebssystem<\/li><li>Zugriffstatus\/http-Statuscode<\/li><li>\u00dcbertragene Datenmenge<\/li><\/ul>\n\n\n\n<p>Die Daten werden in Logfiles unseres Systems gespeichert. Die Erhebung dieser Daten ist notwendig, damit Sie unsere Website angezeigt bekommen und auf ihr navigieren k\u00f6nnen. Rechtsgrundlage f\u00fcr die Erhebung und vor\u00fcbergehende Speicherung der Daten ist Art. 6 Abs. 1 lit. f DSGVO. Die L\u00f6schung dieser Daten erfolgt, wenn diese nicht mehr zur Bereitstellung der Website erforderlich sind bzw. die jeweilige Sitzung beendet ist. Au\u00dferdem weisen wir Sie darauf hin, dass die Daten\u00fcbertragung im Internet (wie beispielsweise bei der Kommunikation \u00fcber E-Mail) Sicherheitsl\u00fccken aufweisen kann. Denn ein l\u00fcckenloser Schutz der Daten vor dem Zugriff durch Dritte ist nicht m\u00f6glich. Wir widersprechen hiermit ausdr\u00fccklich der Nutzung von im Rahmen der Impressumspflicht ver\u00f6ffentlichten Kontaktdaten durch Dritte zur \u00dcbersendung von nicht ausdr\u00fccklich angeforderter Werbung und Informationsmaterialien. Die Betreiber dieser Seiten behalten sich ausdr\u00fccklich vor, im Fall der unverlangten Zusendung von Werbeinformationen, etwa durch Spam-Mails, rechtliche Schritte einzuleiten.<\/p>\n\n\n\n<h4 class=\"wp-block-heading\"><strong>Ihre Rechte:<\/strong><\/h4>\n\n\n\n<p>Sie haben nach der DSGVO die folgenden Rechte hinsichtlich der von uns \u00fcber Sie verarbeiteten personenbezogenen Daten:<\/p>\n\n\n\n<ul class=\"wp-block-list\"><li>Sie haben das Recht, \u00fcber die Sie betreffenden personenbezogenen Daten Auskunft zu erhalten. Auch k\u00f6nnen Sie die Berichtigung unrichtiger Daten verlangen.<\/li><li>Dar\u00fcber hinaus steht Ihnen unter bestimmten Voraussetzungen das Recht auf L\u00f6schung von Daten, das Recht auf Einschr\u00e4nkung der Datenverarbeitung sowie das Recht auf Daten\u00fcbertragbarkeit zu.<\/li><li>Die Verarbeitung Ihrer Daten erfolgt auf Basis von gesetzlichen Berechtigungen oder \u2013 wo solche nicht bestehen \u2013 auf der Basis einer von Ihnen erteilten Einwilligung. Im letzteren Fall haben Sie das Recht, die Einwilligung jederzeit f\u00fcr die zuk\u00fcnftige Verarbeitung zu widerrufen.<\/li><li>Sie haben ferner das Recht, sich bei der f\u00fcr den Datenschutz zust\u00e4ndigen Aufsichtsbeh\u00f6rde zu beschweren, wenn Sie der Ansicht sind, dass die Verarbeitung Ihrer personenbezogenen Daten nicht rechtm\u00e4\u00dfig erfolgt. Die Anschrift der f\u00fcr uns zust\u00e4ndigen Aufsichtsbeh\u00f6rde lautet:<\/li><\/ul>\n\n\n\n<p>Berliner Beauftragte f\u00fcr Datenschutz und Informationsfreiheit,<br>Friedrichstra\u00dfe 219, 10969 Berlin,<br>Telefon: 030-138890.<\/p>\n","protected":false},"excerpt":{"rendered":"<p>Allgemeine Inhalte der Datenschutzerkl\u00e4rung: DSGVO Sehr geehrter Besucher unserer Internetseite, wir m\u00f6chten Sie dar\u00fcber informieren, dass beim Besuch unserer Website personenbezogene Daten erhoben werden. Zu den personenbezogenen Daten geh\u00f6ren alle Daten, die auf Sie pers\u00f6nlich beziehbar sind (z. B. Name, E-Mail Adresse, IP-Adresse, Nutzerverhalten). &nbsp; F\u00fcr den Datenschutz ist in unserer Praxis verantwortlich: Ana Steindorff &hellip; <\/p>\n<p class=\"link-more\"><a href=\"https:\/\/viapanacea.eu\/de\/datenschutzerklaerung-dsgvo\/\" class=\"more-link\"><span class=\"screen-reader-text\">\u201eDatenschutzerkl\u00e4rung: DSGVO\u201c <\/span>weiterlesen<\/a><\/p>\n","protected":false},"author":1,"featured_media":0,"parent":0,"menu_order":0,"comment_status":"closed","ping_status":"closed","template":"","meta":{"jetpack_post_was_ever_published":false,"footnotes":""},"class_list":["post-1055","page","type-page","status-publish","hentry"],"yoast_head":"<!-- This site is optimized with the Yoast SEO plugin v26.6 - https:\/\/yoast.com\/wordpress\/plugins\/seo\/ -->\n<title>Datenschutzerkl\u00e4rung: DSGVO - Ihr Weg in die Gesundheit<\/title>\n<meta name=\"robots\" content=\"index, follow, max-snippet:-1, max-image-preview:large, max-video-preview:-1\" \/>\n<link rel=\"canonical\" href=\"https:\/\/viapanacea.eu\/de\/datenschutzerklaerung-dsgvo\/\" \/>\n<meta property=\"og:locale\" content=\"de_DE\" \/>\n<meta property=\"og:type\" content=\"article\" \/>\n<meta property=\"og:title\" content=\"Datenschutzerkl\u00e4rung: DSGVO - Ihr Weg in die Gesundheit\" \/>\n<meta property=\"og:description\" content=\"Allgemeine Inhalte der Datenschutzerkl\u00e4rung: DSGVO Sehr geehrter Besucher unserer Internetseite, wir m\u00f6chten Sie dar\u00fcber informieren, dass beim Besuch unserer Website personenbezogene Daten erhoben werden. Zu den personenbezogenen Daten geh\u00f6ren alle Daten, die auf Sie pers\u00f6nlich beziehbar sind (z. B. Name, E-Mail Adresse, IP-Adresse, Nutzerverhalten). &nbsp; F\u00fcr den Datenschutz ist in unserer Praxis verantwortlich: Ana Steindorff &hellip; \u201eDatenschutzerkl\u00e4rung: DSGVO\u201c weiterlesen\" \/>\n<meta property=\"og:url\" content=\"https:\/\/viapanacea.eu\/de\/datenschutzerklaerung-dsgvo\/\" \/>\n<meta property=\"og:site_name\" content=\"Ihr Weg in die Gesundheit\" \/>\n<meta property=\"article:modified_time\" content=\"2020-12-16T08:29:17+00:00\" \/>\n<meta name=\"twitter:card\" content=\"summary_large_image\" \/>\n<meta name=\"twitter:label1\" content=\"Gesch\u00e4tzte Lesezeit\" \/>\n\t<meta name=\"twitter:data1\" content=\"6\u00a0Minuten\" \/>\n<script type=\"application\/ld+json\" class=\"yoast-schema-graph\">{\"@context\":\"https:\/\/schema.org\",\"@graph\":[{\"@type\":\"WebPage\",\"@id\":\"https:\/\/viapanacea.eu\/de\/datenschutzerklaerung-dsgvo\/\",\"url\":\"https:\/\/viapanacea.eu\/de\/datenschutzerklaerung-dsgvo\/\",\"name\":\"Datenschutzerkl\u00e4rung: DSGVO - Ihr Weg in die Gesundheit\",\"isPartOf\":{\"@id\":\"https:\/\/viapanacea.eu\/de\/#website\"},\"datePublished\":\"2019-05-09T14:08:20+00:00\",\"dateModified\":\"2020-12-16T08:29:17+00:00\",\"breadcrumb\":{\"@id\":\"https:\/\/viapanacea.eu\/de\/datenschutzerklaerung-dsgvo\/#breadcrumb\"},\"inLanguage\":\"de\",\"potentialAction\":[{\"@type\":\"ReadAction\",\"target\":[\"https:\/\/viapanacea.eu\/de\/datenschutzerklaerung-dsgvo\/\"]}]},{\"@type\":\"BreadcrumbList\",\"@id\":\"https:\/\/viapanacea.eu\/de\/datenschutzerklaerung-dsgvo\/#breadcrumb\",\"itemListElement\":[{\"@type\":\"ListItem\",\"position\":1,\"name\":\"Startseite\",\"item\":\"https:\/\/viapanacea.eu\/de\/\"},{\"@type\":\"ListItem\",\"position\":2,\"name\":\"Datenschutzerkl\u00e4rung: DSGVO\"}]},{\"@type\":\"WebSite\",\"@id\":\"https:\/\/viapanacea.eu\/de\/#website\",\"url\":\"https:\/\/viapanacea.eu\/de\/\",\"name\":\"Ihr Weg in die Gesundheit\",\"description\":\"Mit Ana Steindorff Pinheiro,    \u00c4rztin f\u00fcr eine nachhaltige Gesundheit mit Lebensstilmedizin und pflanzenbasierter Ern\u00e4hrungsmedizin\",\"publisher\":{\"@id\":\"https:\/\/viapanacea.eu\/de\/#\/schema\/person\/e2154f437e17d2145bf616a345690b03\"},\"potentialAction\":[{\"@type\":\"SearchAction\",\"target\":{\"@type\":\"EntryPoint\",\"urlTemplate\":\"https:\/\/viapanacea.eu\/de\/?s={search_term_string}\"},\"query-input\":{\"@type\":\"PropertyValueSpecification\",\"valueRequired\":true,\"valueName\":\"search_term_string\"}}],\"inLanguage\":\"de\"},{\"@type\":[\"Person\",\"Organization\"],\"@id\":\"https:\/\/viapanacea.eu\/de\/#\/schema\/person\/e2154f437e17d2145bf616a345690b03\",\"name\":\"ana\",\"image\":{\"@type\":\"ImageObject\",\"inLanguage\":\"de\",\"@id\":\"https:\/\/viapanacea.eu\/de\/#\/schema\/person\/image\/\",\"url\":\"https:\/\/i0.wp.com\/viapanacea.eu\/de\/wp-content\/uploads\/2020\/04\/cropped-Viapanacea.png?fit=250%2C250&ssl=1\",\"contentUrl\":\"https:\/\/i0.wp.com\/viapanacea.eu\/de\/wp-content\/uploads\/2020\/04\/cropped-Viapanacea.png?fit=250%2C250&ssl=1\",\"width\":250,\"height\":250,\"caption\":\"ana\"},\"logo\":{\"@id\":\"https:\/\/viapanacea.eu\/de\/#\/schema\/person\/image\/\"}}]}<\/script>\n<!-- \/ Yoast SEO plugin. -->","yoast_head_json":{"title":"Datenschutzerkl\u00e4rung: DSGVO - Ihr Weg in die Gesundheit","robots":{"index":"index","follow":"follow","max-snippet":"max-snippet:-1","max-image-preview":"max-image-preview:large","max-video-preview":"max-video-preview:-1"},"canonical":"https:\/\/viapanacea.eu\/de\/datenschutzerklaerung-dsgvo\/","og_locale":"de_DE","og_type":"article","og_title":"Datenschutzerkl\u00e4rung: DSGVO - Ihr Weg in die Gesundheit","og_description":"Allgemeine Inhalte der Datenschutzerkl\u00e4rung: DSGVO Sehr geehrter Besucher unserer Internetseite, wir m\u00f6chten Sie dar\u00fcber informieren, dass beim Besuch unserer Website personenbezogene Daten erhoben werden. Zu den personenbezogenen Daten geh\u00f6ren alle Daten, die auf Sie pers\u00f6nlich beziehbar sind (z. B. Name, E-Mail Adresse, IP-Adresse, Nutzerverhalten). &nbsp; F\u00fcr den Datenschutz ist in unserer Praxis verantwortlich: Ana Steindorff &hellip; \u201eDatenschutzerkl\u00e4rung: DSGVO\u201c weiterlesen","og_url":"https:\/\/viapanacea.eu\/de\/datenschutzerklaerung-dsgvo\/","og_site_name":"Ihr Weg in die Gesundheit","article_modified_time":"2020-12-16T08:29:17+00:00","twitter_card":"summary_large_image","twitter_misc":{"Gesch\u00e4tzte Lesezeit":"6\u00a0Minuten"},"schema":{"@context":"https:\/\/schema.org","@graph":[{"@type":"WebPage","@id":"https:\/\/viapanacea.eu\/de\/datenschutzerklaerung-dsgvo\/","url":"https:\/\/viapanacea.eu\/de\/datenschutzerklaerung-dsgvo\/","name":"Datenschutzerkl\u00e4rung: DSGVO - Ihr Weg in die Gesundheit","isPartOf":{"@id":"https:\/\/viapanacea.eu\/de\/#website"},"datePublished":"2019-05-09T14:08:20+00:00","dateModified":"2020-12-16T08:29:17+00:00","breadcrumb":{"@id":"https:\/\/viapanacea.eu\/de\/datenschutzerklaerung-dsgvo\/#breadcrumb"},"inLanguage":"de","potentialAction":[{"@type":"ReadAction","target":["https:\/\/viapanacea.eu\/de\/datenschutzerklaerung-dsgvo\/"]}]},{"@type":"BreadcrumbList","@id":"https:\/\/viapanacea.eu\/de\/datenschutzerklaerung-dsgvo\/#breadcrumb","itemListElement":[{"@type":"ListItem","position":1,"name":"Startseite","item":"https:\/\/viapanacea.eu\/de\/"},{"@type":"ListItem","position":2,"name":"Datenschutzerkl\u00e4rung: DSGVO"}]},{"@type":"WebSite","@id":"https:\/\/viapanacea.eu\/de\/#website","url":"https:\/\/viapanacea.eu\/de\/","name":"Ihr Weg in die Gesundheit","description":"Mit Ana Steindorff Pinheiro,    \u00c4rztin f\u00fcr eine nachhaltige Gesundheit mit Lebensstilmedizin und pflanzenbasierter Ern\u00e4hrungsmedizin","publisher":{"@id":"https:\/\/viapanacea.eu\/de\/#\/schema\/person\/e2154f437e17d2145bf616a345690b03"},"potentialAction":[{"@type":"SearchAction","target":{"@type":"EntryPoint","urlTemplate":"https:\/\/viapanacea.eu\/de\/?s={search_term_string}"},"query-input":{"@type":"PropertyValueSpecification","valueRequired":true,"valueName":"search_term_string"}}],"inLanguage":"de"},{"@type":["Person","Organization"],"@id":"https:\/\/viapanacea.eu\/de\/#\/schema\/person\/e2154f437e17d2145bf616a345690b03","name":"ana","image":{"@type":"ImageObject","inLanguage":"de","@id":"https:\/\/viapanacea.eu\/de\/#\/schema\/person\/image\/","url":"https:\/\/i0.wp.com\/viapanacea.eu\/de\/wp-content\/uploads\/2020\/04\/cropped-Viapanacea.png?fit=250%2C250&ssl=1","contentUrl":"https:\/\/i0.wp.com\/viapanacea.eu\/de\/wp-content\/uploads\/2020\/04\/cropped-Viapanacea.png?fit=250%2C250&ssl=1","width":250,"height":250,"caption":"ana"},"logo":{"@id":"https:\/\/viapanacea.eu\/de\/#\/schema\/person\/image\/"}}]}},"jetpack_sharing_enabled":true,"jetpack_shortlink":"https:\/\/wp.me\/PaVfju-h1","_links":{"self":[{"href":"https:\/\/viapanacea.eu\/de\/wp-json\/wp\/v2\/pages\/1055","targetHints":{"allow":["GET"]}}],"collection":[{"href":"https:\/\/viapanacea.eu\/de\/wp-json\/wp\/v2\/pages"}],"about":[{"href":"https:\/\/viapanacea.eu\/de\/wp-json\/wp\/v2\/types\/page"}],"author":[{"embeddable":true,"href":"https:\/\/viapanacea.eu\/de\/wp-json\/wp\/v2\/users\/1"}],"replies":[{"embeddable":true,"href":"https:\/\/viapanacea.eu\/de\/wp-json\/wp\/v2\/comments?post=1055"}],"version-history":[{"count":4,"href":"https:\/\/viapanacea.eu\/de\/wp-json\/wp\/v2\/pages\/1055\/revisions"}],"predecessor-version":[{"id":1336,"href":"https:\/\/viapanacea.eu\/de\/wp-json\/wp\/v2\/pages\/1055\/revisions\/1336"}],"wp:attachment":[{"href":"https:\/\/viapanacea.eu\/de\/wp-json\/wp\/v2\/media?parent=1055"}],"curies":[{"name":"wp","href":"https:\/\/api.w.org\/{rel}","templated":true}]}}