{"id":1202,"date":"2020-06-24T12:59:59","date_gmt":"2020-06-24T10:59:59","guid":{"rendered":"http:\/\/viapanacea.eu\/de\/?page_id=1202"},"modified":"2020-12-16T09:33:02","modified_gmt":"2020-12-16T08:33:02","slug":"newsletter-anmeldung","status":"publish","type":"page","link":"https:\/\/viapanacea.eu\/de\/newsletter-anmeldung\/","title":{"rendered":"Newsletter Anmeldung"},"content":{"rendered":"\n<h2 class=\"wp-block-heading\">Ich freue mich wenn sie sich in meiner Newsletter anmelden.<\/h2>\n\n\n\n<ul class=\"wp-block-list\"><li>Ich sende eine Newsletter monatlich mit:<\/li><li>Tipps zu Gesundheit<\/li><li>Gesunde Rezepte<\/li><li>Nachrichten \u00fcber<em> &#8222;Get Together&#8220;<\/em> Treffen f\u00fcr Gleichgesinnte, Gruppentherapien und Retreats<\/li><\/ul>\n\n\n<p><iframe loading=\"lazy\" src=\"https:\/\/t9c87df1c.emailsys1a.net\/142\/3663\/38da85ead6\/subscribe\/form.html\" width=\"100%\" height=\"800\" frameborder=\"0\" marginwidth=\"0\" marginheight=\"0\" scrolling=\"no\"><\/iframe><\/p>","protected":false},"excerpt":{"rendered":"<p>Ich freue mich wenn sie sich in meiner Newsletter anmelden. Ich sende eine Newsletter monatlich mit: Tipps zu Gesundheit Gesunde Rezepte Nachrichten \u00fcber &#8222;Get Together&#8220; Treffen f\u00fcr Gleichgesinnte, Gruppentherapien und Retreats<\/p>\n","protected":false},"author":1,"featured_media":0,"parent":0,"menu_order":0,"comment_status":"closed","ping_status":"closed","template":"","meta":{"jetpack_post_was_ever_published":false,"footnotes":""},"class_list":["post-1202","page","type-page","status-publish","hentry"],"yoast_head":"<!-- This site is optimized with the Yoast SEO plugin v26.6 - https:\/\/yoast.com\/wordpress\/plugins\/seo\/ -->\n<title>Newsletter Anmeldung - Ihr Weg in die Gesundheit<\/title>\n<meta name=\"robots\" content=\"index, follow, max-snippet:-1, max-image-preview:large, max-video-preview:-1\" \/>\n<link rel=\"canonical\" href=\"http:\/\/viapanacea.eu\/de\/newsletter-anmeldung\/\" \/>\n<meta property=\"og:locale\" content=\"de_DE\" \/>\n<meta property=\"og:type\" content=\"article\" \/>\n<meta property=\"og:title\" content=\"Newsletter Anmeldung - Ihr Weg in die Gesundheit\" \/>\n<meta property=\"og:description\" content=\"Ich freue mich wenn sie sich in meiner Newsletter anmelden. Ich sende eine Newsletter monatlich mit: Tipps zu Gesundheit Gesunde Rezepte Nachrichten \u00fcber &#8222;Get Together&#8220; Treffen f\u00fcr Gleichgesinnte, Gruppentherapien und Retreats\" \/>\n<meta property=\"og:url\" content=\"http:\/\/viapanacea.eu\/de\/newsletter-anmeldung\/\" \/>\n<meta property=\"og:site_name\" content=\"Ihr Weg in die Gesundheit\" \/>\n<meta property=\"article:modified_time\" content=\"2020-12-16T08:33:02+00:00\" \/>\n<meta name=\"twitter:card\" content=\"summary_large_image\" \/>\n<script type=\"application\/ld+json\" class=\"yoast-schema-graph\">{\"@context\":\"https:\/\/schema.org\",\"@graph\":[{\"@type\":\"WebPage\",\"@id\":\"http:\/\/viapanacea.eu\/de\/newsletter-anmeldung\/\",\"url\":\"http:\/\/viapanacea.eu\/de\/newsletter-anmeldung\/\",\"name\":\"Newsletter Anmeldung - Ihr Weg in die Gesundheit\",\"isPartOf\":{\"@id\":\"https:\/\/viapanacea.eu\/de\/#website\"},\"datePublished\":\"2020-06-24T10:59:59+00:00\",\"dateModified\":\"2020-12-16T08:33:02+00:00\",\"breadcrumb\":{\"@id\":\"http:\/\/viapanacea.eu\/de\/newsletter-anmeldung\/#breadcrumb\"},\"inLanguage\":\"de\",\"potentialAction\":[{\"@type\":\"ReadAction\",\"target\":[\"http:\/\/viapanacea.eu\/de\/newsletter-anmeldung\/\"]}]},{\"@type\":\"BreadcrumbList\",\"@id\":\"http:\/\/viapanacea.eu\/de\/newsletter-anmeldung\/#breadcrumb\",\"itemListElement\":[{\"@type\":\"ListItem\",\"position\":1,\"name\":\"Startseite\",\"item\":\"https:\/\/viapanacea.eu\/de\/\"},{\"@type\":\"ListItem\",\"position\":2,\"name\":\"Newsletter Anmeldung\"}]},{\"@type\":\"WebSite\",\"@id\":\"https:\/\/viapanacea.eu\/de\/#website\",\"url\":\"https:\/\/viapanacea.eu\/de\/\",\"name\":\"Ihr Weg in die Gesundheit\",\"description\":\"Mit Ana Steindorff Pinheiro,    \u00c4rztin f\u00fcr eine nachhaltige Gesundheit mit Lebensstilmedizin und pflanzenbasierter Ern\u00e4hrungsmedizin\",\"publisher\":{\"@id\":\"https:\/\/viapanacea.eu\/de\/#\/schema\/person\/e2154f437e17d2145bf616a345690b03\"},\"potentialAction\":[{\"@type\":\"SearchAction\",\"target\":{\"@type\":\"EntryPoint\",\"urlTemplate\":\"https:\/\/viapanacea.eu\/de\/?s={search_term_string}\"},\"query-input\":{\"@type\":\"PropertyValueSpecification\",\"valueRequired\":true,\"valueName\":\"search_term_string\"}}],\"inLanguage\":\"de\"},{\"@type\":[\"Person\",\"Organization\"],\"@id\":\"https:\/\/viapanacea.eu\/de\/#\/schema\/person\/e2154f437e17d2145bf616a345690b03\",\"name\":\"ana\",\"image\":{\"@type\":\"ImageObject\",\"inLanguage\":\"de\",\"@id\":\"https:\/\/viapanacea.eu\/de\/#\/schema\/person\/image\/\",\"url\":\"https:\/\/i0.wp.com\/viapanacea.eu\/de\/wp-content\/uploads\/2020\/04\/cropped-Viapanacea.png?fit=250%2C250&ssl=1\",\"contentUrl\":\"https:\/\/i0.wp.com\/viapanacea.eu\/de\/wp-content\/uploads\/2020\/04\/cropped-Viapanacea.png?fit=250%2C250&ssl=1\",\"width\":250,\"height\":250,\"caption\":\"ana\"},\"logo\":{\"@id\":\"https:\/\/viapanacea.eu\/de\/#\/schema\/person\/image\/\"}}]}<\/script>\n<!-- \/ Yoast SEO plugin. -->","yoast_head_json":{"title":"Newsletter Anmeldung - Ihr Weg in die Gesundheit","robots":{"index":"index","follow":"follow","max-snippet":"max-snippet:-1","max-image-preview":"max-image-preview:large","max-video-preview":"max-video-preview:-1"},"canonical":"http:\/\/viapanacea.eu\/de\/newsletter-anmeldung\/","og_locale":"de_DE","og_type":"article","og_title":"Newsletter Anmeldung - Ihr Weg in die Gesundheit","og_description":"Ich freue mich wenn sie sich in meiner Newsletter anmelden. Ich sende eine Newsletter monatlich mit: Tipps zu Gesundheit Gesunde Rezepte Nachrichten \u00fcber &#8222;Get Together&#8220; Treffen f\u00fcr Gleichgesinnte, Gruppentherapien und Retreats","og_url":"http:\/\/viapanacea.eu\/de\/newsletter-anmeldung\/","og_site_name":"Ihr Weg in die Gesundheit","article_modified_time":"2020-12-16T08:33:02+00:00","twitter_card":"summary_large_image","schema":{"@context":"https:\/\/schema.org","@graph":[{"@type":"WebPage","@id":"http:\/\/viapanacea.eu\/de\/newsletter-anmeldung\/","url":"http:\/\/viapanacea.eu\/de\/newsletter-anmeldung\/","name":"Newsletter Anmeldung - Ihr Weg in die Gesundheit","isPartOf":{"@id":"https:\/\/viapanacea.eu\/de\/#website"},"datePublished":"2020-06-24T10:59:59+00:00","dateModified":"2020-12-16T08:33:02+00:00","breadcrumb":{"@id":"http:\/\/viapanacea.eu\/de\/newsletter-anmeldung\/#breadcrumb"},"inLanguage":"de","potentialAction":[{"@type":"ReadAction","target":["http:\/\/viapanacea.eu\/de\/newsletter-anmeldung\/"]}]},{"@type":"BreadcrumbList","@id":"http:\/\/viapanacea.eu\/de\/newsletter-anmeldung\/#breadcrumb","itemListElement":[{"@type":"ListItem","position":1,"name":"Startseite","item":"https:\/\/viapanacea.eu\/de\/"},{"@type":"ListItem","position":2,"name":"Newsletter Anmeldung"}]},{"@type":"WebSite","@id":"https:\/\/viapanacea.eu\/de\/#website","url":"https:\/\/viapanacea.eu\/de\/","name":"Ihr Weg in die Gesundheit","description":"Mit Ana Steindorff Pinheiro,    \u00c4rztin f\u00fcr eine nachhaltige Gesundheit mit Lebensstilmedizin und pflanzenbasierter Ern\u00e4hrungsmedizin","publisher":{"@id":"https:\/\/viapanacea.eu\/de\/#\/schema\/person\/e2154f437e17d2145bf616a345690b03"},"potentialAction":[{"@type":"SearchAction","target":{"@type":"EntryPoint","urlTemplate":"https:\/\/viapanacea.eu\/de\/?s={search_term_string}"},"query-input":{"@type":"PropertyValueSpecification","valueRequired":true,"valueName":"search_term_string"}}],"inLanguage":"de"},{"@type":["Person","Organization"],"@id":"https:\/\/viapanacea.eu\/de\/#\/schema\/person\/e2154f437e17d2145bf616a345690b03","name":"ana","image":{"@type":"ImageObject","inLanguage":"de","@id":"https:\/\/viapanacea.eu\/de\/#\/schema\/person\/image\/","url":"https:\/\/i0.wp.com\/viapanacea.eu\/de\/wp-content\/uploads\/2020\/04\/cropped-Viapanacea.png?fit=250%2C250&ssl=1","contentUrl":"https:\/\/i0.wp.com\/viapanacea.eu\/de\/wp-content\/uploads\/2020\/04\/cropped-Viapanacea.png?fit=250%2C250&ssl=1","width":250,"height":250,"caption":"ana"},"logo":{"@id":"https:\/\/viapanacea.eu\/de\/#\/schema\/person\/image\/"}}]}},"jetpack_sharing_enabled":true,"jetpack_shortlink":"https:\/\/wp.me\/PaVfju-jo","_links":{"self":[{"href":"https:\/\/viapanacea.eu\/de\/wp-json\/wp\/v2\/pages\/1202","targetHints":{"allow":["GET"]}}],"collection":[{"href":"https:\/\/viapanacea.eu\/de\/wp-json\/wp\/v2\/pages"}],"about":[{"href":"https:\/\/viapanacea.eu\/de\/wp-json\/wp\/v2\/types\/page"}],"author":[{"embeddable":true,"href":"https:\/\/viapanacea.eu\/de\/wp-json\/wp\/v2\/users\/1"}],"replies":[{"embeddable":true,"href":"https:\/\/viapanacea.eu\/de\/wp-json\/wp\/v2\/comments?post=1202"}],"version-history":[{"count":14,"href":"https:\/\/viapanacea.eu\/de\/wp-json\/wp\/v2\/pages\/1202\/revisions"}],"predecessor-version":[{"id":1339,"href":"https:\/\/viapanacea.eu\/de\/wp-json\/wp\/v2\/pages\/1202\/revisions\/1339"}],"wp:attachment":[{"href":"https:\/\/viapanacea.eu\/de\/wp-json\/wp\/v2\/media?parent=1202"}],"curies":[{"name":"wp","href":"https:\/\/api.w.org\/{rel}","templated":true}]}}