{"id":147,"date":"2017-07-25T15:18:28","date_gmt":"2017-07-25T13:18:28","guid":{"rendered":"http:\/\/www.viapanacea.eu\/?page_id=147"},"modified":"2018-12-12T17:36:09","modified_gmt":"2018-12-12T16:36:09","slug":"lebenslauf","status":"publish","type":"page","link":"https:\/\/viapanacea.eu\/de\/ueber-mich\/lebenslauf\/","title":{"rendered":"Kurzer Lebenslauf"},"content":{"rendered":"<table style=\"font-size: 1rem; height: 733px;\" width=\"582\">\n<tbody>\n<tr>\n<td style=\"text-align: left;\">1995<\/td>\n<td>Abitur<\/td>\n<\/tr>\n<tr>\n<td>1995-2001<\/td>\n<td>Medizinstudium in Lissabon und G\u00f6ttingen<\/td>\n<\/tr>\n<tr>\n<td>2001-2003<\/td>\n<td>Arzt im Praktikum in Allgemeinmedizin in Lissabon<\/td>\n<\/tr>\n<tr>\n<td>2003<\/td>\n<td>Approbation<\/td>\n<\/tr>\n<tr>\n<td>2004 -2011<\/td>\n<td>Facharztweiterbildung in An\u00e4sthesie, Schmerztherapie, Intensivmedizin und Notfallmedizin<\/td>\n<\/tr>\n<tr>\n<td>2006<\/td>\n<td>Zusatzbezeichnung Notfallmedizin<\/td>\n<\/tr>\n<tr>\n<td>2011<\/td>\n<td>Fach\u00e4rztin f\u00fcr An\u00e4sthesie<\/td>\n<\/tr>\n<tr>\n<td>2015 &#8211; jetzt<\/td>\n<td>Facharztweiterbildung in Allgemeinmedizin<\/td>\n<\/tr>\n<tr>\n<td>2016<\/td>\n<td>Ern\u00e4hrungstherapie Kurs (Dietary Therapy Course) vom Arzt John McDougall MD<\/td>\n<\/tr>\n<tr>\n<td>2016<\/td>\n<td>Kurs in Psychosomatische Grundversorgung<\/td>\n<\/tr>\n<tr>\n<td>2017<\/td>\n<td>Zertifizierungskurs in Pflanzenbasierte Ern\u00e4hrung\u00a0 (Plant Based Nutrition Certification Course) von der eCornell University, USA gegr\u00fcndet von T. Colin Campbell<\/td>\n<\/tr>\n<tr>\n<td>\u00a02017<\/td>\n<td>Zertifizierte Fortbildung in Ern\u00e4hrungsmedizin nach der Bundes\u00e4rztekammer<\/td>\n<\/tr>\n<tr>\n<td>2018<\/td>\n<td>Zertifizierte Fortbildung in Tabakentw\u00f6hnung nach der Bundes\u00e4rztekammer<\/td>\n<\/tr>\n<tr>\n<td>2018<\/td>\n<td>Zertifizierte Fortbildung in Gesundheitsf\u00f6rderung und Pr\u00e4vention nach der Bundes\u00e4rztekammer<\/p>\n<p>Kurs\u00a0 1 &#8211; 4 Naturheilverfahren vom Kneipp\u00e4rztebund<\/p>\n<p>Zusatzbezeichnung Palliativmedizin<\/td>\n<\/tr>\n<\/tbody>\n<\/table>\n","protected":false},"excerpt":{"rendered":"<p>1995 Abitur 1995-2001 Medizinstudium in Lissabon und G\u00f6ttingen 2001-2003 Arzt im Praktikum in Allgemeinmedizin in Lissabon 2003 Approbation 2004 -2011 Facharztweiterbildung in An\u00e4sthesie, Schmerztherapie, Intensivmedizin und Notfallmedizin 2006 Zusatzbezeichnung Notfallmedizin 2011 Fach\u00e4rztin f\u00fcr An\u00e4sthesie 2015 &#8211; jetzt Facharztweiterbildung in Allgemeinmedizin 2016 Ern\u00e4hrungstherapie Kurs (Dietary Therapy Course) vom Arzt John McDougall MD 2016 Kurs in Psychosomatische &hellip; <\/p>\n<p class=\"link-more\"><a href=\"https:\/\/viapanacea.eu\/de\/ueber-mich\/lebenslauf\/\" class=\"more-link\"><span class=\"screen-reader-text\">\u201eKurzer Lebenslauf\u201c <\/span>weiterlesen<\/a><\/p>\n","protected":false},"author":1,"featured_media":0,"parent":54,"menu_order":3,"comment_status":"closed","ping_status":"closed","template":"","meta":{"jetpack_post_was_ever_published":false,"footnotes":""},"class_list":["post-147","page","type-page","status-publish","hentry"],"yoast_head":"<!-- This site is optimized with the Yoast SEO plugin v26.6 - https:\/\/yoast.com\/wordpress\/plugins\/seo\/ -->\n<title>Kurzer Lebenslauf - Ihr Weg in die Gesundheit<\/title>\n<meta name=\"robots\" content=\"index, follow, max-snippet:-1, max-image-preview:large, max-video-preview:-1\" \/>\n<link rel=\"canonical\" href=\"https:\/\/viapanacea.eu\/de\/ueber-mich\/lebenslauf\/\" \/>\n<meta property=\"og:locale\" content=\"de_DE\" \/>\n<meta property=\"og:type\" content=\"article\" \/>\n<meta property=\"og:title\" content=\"Kurzer Lebenslauf - Ihr Weg in die Gesundheit\" \/>\n<meta property=\"og:description\" content=\"1995 Abitur 1995-2001 Medizinstudium in Lissabon und G\u00f6ttingen 2001-2003 Arzt im Praktikum in Allgemeinmedizin in Lissabon 2003 Approbation 2004 -2011 Facharztweiterbildung in An\u00e4sthesie, Schmerztherapie, Intensivmedizin und Notfallmedizin 2006 Zusatzbezeichnung Notfallmedizin 2011 Fach\u00e4rztin f\u00fcr An\u00e4sthesie 2015 &#8211; jetzt Facharztweiterbildung in Allgemeinmedizin 2016 Ern\u00e4hrungstherapie Kurs (Dietary Therapy Course) vom Arzt John McDougall MD 2016 Kurs in Psychosomatische &hellip; \u201eKurzer Lebenslauf\u201c weiterlesen\" \/>\n<meta property=\"og:url\" content=\"https:\/\/viapanacea.eu\/de\/ueber-mich\/lebenslauf\/\" \/>\n<meta property=\"og:site_name\" content=\"Ihr Weg in die Gesundheit\" \/>\n<meta property=\"article:modified_time\" content=\"2018-12-12T16:36:09+00:00\" \/>\n<meta name=\"twitter:card\" content=\"summary_large_image\" \/>\n<meta name=\"twitter:label1\" content=\"Gesch\u00e4tzte Lesezeit\" \/>\n\t<meta name=\"twitter:data1\" content=\"1\u00a0Minute\" \/>\n<script type=\"application\/ld+json\" class=\"yoast-schema-graph\">{\"@context\":\"https:\/\/schema.org\",\"@graph\":[{\"@type\":\"WebPage\",\"@id\":\"https:\/\/viapanacea.eu\/de\/ueber-mich\/lebenslauf\/\",\"url\":\"https:\/\/viapanacea.eu\/de\/ueber-mich\/lebenslauf\/\",\"name\":\"Kurzer Lebenslauf - Ihr Weg in die Gesundheit\",\"isPartOf\":{\"@id\":\"https:\/\/viapanacea.eu\/de\/#website\"},\"datePublished\":\"2017-07-25T13:18:28+00:00\",\"dateModified\":\"2018-12-12T16:36:09+00:00\",\"breadcrumb\":{\"@id\":\"https:\/\/viapanacea.eu\/de\/ueber-mich\/lebenslauf\/#breadcrumb\"},\"inLanguage\":\"de\",\"potentialAction\":[{\"@type\":\"ReadAction\",\"target\":[\"https:\/\/viapanacea.eu\/de\/ueber-mich\/lebenslauf\/\"]}]},{\"@type\":\"BreadcrumbList\",\"@id\":\"https:\/\/viapanacea.eu\/de\/ueber-mich\/lebenslauf\/#breadcrumb\",\"itemListElement\":[{\"@type\":\"ListItem\",\"position\":1,\"name\":\"Startseite\",\"item\":\"https:\/\/viapanacea.eu\/de\/\"},{\"@type\":\"ListItem\",\"position\":2,\"name\":\"\u00dcber mich\",\"item\":\"https:\/\/viapanacea.eu\/de\/ueber-mich\/\"},{\"@type\":\"ListItem\",\"position\":3,\"name\":\"Kurzer Lebenslauf\"}]},{\"@type\":\"WebSite\",\"@id\":\"https:\/\/viapanacea.eu\/de\/#website\",\"url\":\"https:\/\/viapanacea.eu\/de\/\",\"name\":\"Ihr Weg in die Gesundheit\",\"description\":\"Mit Ana Steindorff Pinheiro,    \u00c4rztin f\u00fcr eine nachhaltige Gesundheit mit Lebensstilmedizin und pflanzenbasierter Ern\u00e4hrungsmedizin\",\"publisher\":{\"@id\":\"https:\/\/viapanacea.eu\/de\/#\/schema\/person\/e2154f437e17d2145bf616a345690b03\"},\"potentialAction\":[{\"@type\":\"SearchAction\",\"target\":{\"@type\":\"EntryPoint\",\"urlTemplate\":\"https:\/\/viapanacea.eu\/de\/?s={search_term_string}\"},\"query-input\":{\"@type\":\"PropertyValueSpecification\",\"valueRequired\":true,\"valueName\":\"search_term_string\"}}],\"inLanguage\":\"de\"},{\"@type\":[\"Person\",\"Organization\"],\"@id\":\"https:\/\/viapanacea.eu\/de\/#\/schema\/person\/e2154f437e17d2145bf616a345690b03\",\"name\":\"ana\",\"image\":{\"@type\":\"ImageObject\",\"inLanguage\":\"de\",\"@id\":\"https:\/\/viapanacea.eu\/de\/#\/schema\/person\/image\/\",\"url\":\"https:\/\/i0.wp.com\/viapanacea.eu\/de\/wp-content\/uploads\/2020\/04\/cropped-Viapanacea.png?fit=250%2C250&ssl=1\",\"contentUrl\":\"https:\/\/i0.wp.com\/viapanacea.eu\/de\/wp-content\/uploads\/2020\/04\/cropped-Viapanacea.png?fit=250%2C250&ssl=1\",\"width\":250,\"height\":250,\"caption\":\"ana\"},\"logo\":{\"@id\":\"https:\/\/viapanacea.eu\/de\/#\/schema\/person\/image\/\"}}]}<\/script>\n<!-- \/ Yoast SEO plugin. -->","yoast_head_json":{"title":"Kurzer Lebenslauf - Ihr Weg in die Gesundheit","robots":{"index":"index","follow":"follow","max-snippet":"max-snippet:-1","max-image-preview":"max-image-preview:large","max-video-preview":"max-video-preview:-1"},"canonical":"https:\/\/viapanacea.eu\/de\/ueber-mich\/lebenslauf\/","og_locale":"de_DE","og_type":"article","og_title":"Kurzer Lebenslauf - Ihr Weg in die Gesundheit","og_description":"1995 Abitur 1995-2001 Medizinstudium in Lissabon und G\u00f6ttingen 2001-2003 Arzt im Praktikum in Allgemeinmedizin in Lissabon 2003 Approbation 2004 -2011 Facharztweiterbildung in An\u00e4sthesie, Schmerztherapie, Intensivmedizin und Notfallmedizin 2006 Zusatzbezeichnung Notfallmedizin 2011 Fach\u00e4rztin f\u00fcr An\u00e4sthesie 2015 &#8211; jetzt Facharztweiterbildung in Allgemeinmedizin 2016 Ern\u00e4hrungstherapie Kurs (Dietary Therapy Course) vom Arzt John McDougall MD 2016 Kurs in Psychosomatische &hellip; \u201eKurzer Lebenslauf\u201c weiterlesen","og_url":"https:\/\/viapanacea.eu\/de\/ueber-mich\/lebenslauf\/","og_site_name":"Ihr Weg in die Gesundheit","article_modified_time":"2018-12-12T16:36:09+00:00","twitter_card":"summary_large_image","twitter_misc":{"Gesch\u00e4tzte Lesezeit":"1\u00a0Minute"},"schema":{"@context":"https:\/\/schema.org","@graph":[{"@type":"WebPage","@id":"https:\/\/viapanacea.eu\/de\/ueber-mich\/lebenslauf\/","url":"https:\/\/viapanacea.eu\/de\/ueber-mich\/lebenslauf\/","name":"Kurzer Lebenslauf - Ihr Weg in die Gesundheit","isPartOf":{"@id":"https:\/\/viapanacea.eu\/de\/#website"},"datePublished":"2017-07-25T13:18:28+00:00","dateModified":"2018-12-12T16:36:09+00:00","breadcrumb":{"@id":"https:\/\/viapanacea.eu\/de\/ueber-mich\/lebenslauf\/#breadcrumb"},"inLanguage":"de","potentialAction":[{"@type":"ReadAction","target":["https:\/\/viapanacea.eu\/de\/ueber-mich\/lebenslauf\/"]}]},{"@type":"BreadcrumbList","@id":"https:\/\/viapanacea.eu\/de\/ueber-mich\/lebenslauf\/#breadcrumb","itemListElement":[{"@type":"ListItem","position":1,"name":"Startseite","item":"https:\/\/viapanacea.eu\/de\/"},{"@type":"ListItem","position":2,"name":"\u00dcber mich","item":"https:\/\/viapanacea.eu\/de\/ueber-mich\/"},{"@type":"ListItem","position":3,"name":"Kurzer Lebenslauf"}]},{"@type":"WebSite","@id":"https:\/\/viapanacea.eu\/de\/#website","url":"https:\/\/viapanacea.eu\/de\/","name":"Ihr Weg in die Gesundheit","description":"Mit Ana Steindorff Pinheiro,    \u00c4rztin f\u00fcr eine nachhaltige Gesundheit mit Lebensstilmedizin und pflanzenbasierter Ern\u00e4hrungsmedizin","publisher":{"@id":"https:\/\/viapanacea.eu\/de\/#\/schema\/person\/e2154f437e17d2145bf616a345690b03"},"potentialAction":[{"@type":"SearchAction","target":{"@type":"EntryPoint","urlTemplate":"https:\/\/viapanacea.eu\/de\/?s={search_term_string}"},"query-input":{"@type":"PropertyValueSpecification","valueRequired":true,"valueName":"search_term_string"}}],"inLanguage":"de"},{"@type":["Person","Organization"],"@id":"https:\/\/viapanacea.eu\/de\/#\/schema\/person\/e2154f437e17d2145bf616a345690b03","name":"ana","image":{"@type":"ImageObject","inLanguage":"de","@id":"https:\/\/viapanacea.eu\/de\/#\/schema\/person\/image\/","url":"https:\/\/i0.wp.com\/viapanacea.eu\/de\/wp-content\/uploads\/2020\/04\/cropped-Viapanacea.png?fit=250%2C250&ssl=1","contentUrl":"https:\/\/i0.wp.com\/viapanacea.eu\/de\/wp-content\/uploads\/2020\/04\/cropped-Viapanacea.png?fit=250%2C250&ssl=1","width":250,"height":250,"caption":"ana"},"logo":{"@id":"https:\/\/viapanacea.eu\/de\/#\/schema\/person\/image\/"}}]}},"jetpack_sharing_enabled":true,"jetpack_shortlink":"https:\/\/wp.me\/PaVfju-2n","_links":{"self":[{"href":"https:\/\/viapanacea.eu\/de\/wp-json\/wp\/v2\/pages\/147","targetHints":{"allow":["GET"]}}],"collection":[{"href":"https:\/\/viapanacea.eu\/de\/wp-json\/wp\/v2\/pages"}],"about":[{"href":"https:\/\/viapanacea.eu\/de\/wp-json\/wp\/v2\/types\/page"}],"author":[{"embeddable":true,"href":"https:\/\/viapanacea.eu\/de\/wp-json\/wp\/v2\/users\/1"}],"replies":[{"embeddable":true,"href":"https:\/\/viapanacea.eu\/de\/wp-json\/wp\/v2\/comments?post=147"}],"version-history":[{"count":21,"href":"https:\/\/viapanacea.eu\/de\/wp-json\/wp\/v2\/pages\/147\/revisions"}],"predecessor-version":[{"id":780,"href":"https:\/\/viapanacea.eu\/de\/wp-json\/wp\/v2\/pages\/147\/revisions\/780"}],"up":[{"embeddable":true,"href":"https:\/\/viapanacea.eu\/de\/wp-json\/wp\/v2\/pages\/54"}],"wp:attachment":[{"href":"https:\/\/viapanacea.eu\/de\/wp-json\/wp\/v2\/media?parent=147"}],"curies":[{"name":"wp","href":"https:\/\/api.w.org\/{rel}","templated":true}]}}