{"id":180,"date":"2017-08-09T14:23:56","date_gmt":"2017-08-09T12:23:56","guid":{"rendered":"http:\/\/www.viapanacea.eu\/?page_id=180"},"modified":"2020-12-16T09:37:35","modified_gmt":"2020-12-16T08:37:35","slug":"kontakt","status":"publish","type":"page","link":"https:\/\/viapanacea.eu\/de\/kontakt\/","title":{"rendered":"Kontakt"},"content":{"rendered":"<p><strong>Ana Steindorff Pinheiro<\/strong><\/p>\n<p>Privatpraxis f\u00fcr nachhaltige Gesundheit<\/p>\n<p>Erlenweg 14<\/p>\n<p>13587 Berlin<\/p>\n<p>e-mail:\u00a0<a href=\"mailto:info@viapanacea.eu\">info@viapanacea.eu<\/a><\/p>\n<p>Tel: +49 (0)176-78504799<\/p>\n<p>Ich\u00a0bin bei Instagram mit Fotos von Essensvorschl\u00e4gen und mehr:\u00a0 viapanacea<\/p>\n<p>\u00dcber die genannte E-Mail-Adresse und \u00fcber dem Kontaktformular erfolgt keine Beratung zu medizinischen Behandlungen . Aus daten-schutzrechtlichen Gr\u00fcnden ist eine Kommunikation mit Patientinnen und Patienten per E-Mail zudem nur mit einer Verschl\u00fcsselung zul\u00e4ssig.<\/p>\n<p>Kontaktdaten werden nur zur Beantwortung von Anfragen oder zur Zusendung von Informationsmaterial verwendet. Bei Kontaktaufnahme \u00fcber E-Mail erkl\u00e4ren sie sich einverstanden mit Personenbezogener Datenerhebung und wurden informiert \u00fcber die unsichere Verbindung, die E-Mails gew\u00e4hrleisten. F\u00fcr mehr Informationen siehe bei Impressum.<\/p>\n<p><a class=\"custom__button custom__button__size__small custom__margin__right__xl\" href=\"http:\/\/viapanacea.eu\/download\/\">Download<\/a><a class=\"custom__button custom__button__size__small custom__margin__right__xl\" href=\"http:\/\/www.viapanacea.eu\/impressum\/\">\u00a0\u00a0 Impressum<\/a><\/p>\n\n\n<div class=\"wp-block-button aligncenter is-style-outline is-style-outline--1\"><a class=\"wp-block-button__link has-text-color has-very-light-gray-color has-background\" href=\"http:\/\/viapanacea.eu\/de\/termin-vereinbaren\/T\" style=\"background-color:#398f3f\">Vereinbaren Sie jetzt ein Termin<br><\/a><\/div>\n","protected":false},"excerpt":{"rendered":"<p>Ana Steindorff Pinheiro Privatpraxis f\u00fcr nachhaltige Gesundheit Erlenweg 14 13587 Berlin e-mail:\u00a0info@viapanacea.eu Tel: +49 (0)176-78504799 Ich\u00a0bin bei Instagram mit Fotos von Essensvorschl\u00e4gen und mehr:\u00a0 viapanacea \u00dcber die genannte E-Mail-Adresse und \u00fcber dem Kontaktformular erfolgt keine Beratung zu medizinischen Behandlungen . Aus daten-schutzrechtlichen Gr\u00fcnden ist eine Kommunikation mit Patientinnen und Patienten per E-Mail zudem nur mit &hellip; <\/p>\n<p class=\"link-more\"><a href=\"https:\/\/viapanacea.eu\/de\/kontakt\/\" class=\"more-link\"><span class=\"screen-reader-text\">\u201eKontakt\u201c <\/span>weiterlesen<\/a><\/p>\n","protected":false},"author":1,"featured_media":0,"parent":0,"menu_order":7,"comment_status":"closed","ping_status":"closed","template":"","meta":{"jetpack_post_was_ever_published":false,"footnotes":""},"class_list":["post-180","page","type-page","status-publish","hentry"],"yoast_head":"<!-- This site is optimized with the Yoast SEO plugin v26.6 - https:\/\/yoast.com\/wordpress\/plugins\/seo\/ -->\n<title>Kontakt - Ihr Weg in die Gesundheit<\/title>\n<meta name=\"robots\" content=\"index, follow, max-snippet:-1, max-image-preview:large, max-video-preview:-1\" \/>\n<link rel=\"canonical\" href=\"https:\/\/viapanacea.eu\/de\/kontakt\/\" \/>\n<meta property=\"og:locale\" content=\"de_DE\" \/>\n<meta property=\"og:type\" content=\"article\" \/>\n<meta property=\"og:title\" content=\"Kontakt - Ihr Weg in die Gesundheit\" \/>\n<meta property=\"og:description\" content=\"Ana Steindorff Pinheiro Privatpraxis f\u00fcr nachhaltige Gesundheit Erlenweg 14 13587 Berlin e-mail:\u00a0info@viapanacea.eu Tel: +49 (0)176-78504799 Ich\u00a0bin bei Instagram mit Fotos von Essensvorschl\u00e4gen und mehr:\u00a0 viapanacea \u00dcber die genannte E-Mail-Adresse und \u00fcber dem Kontaktformular erfolgt keine Beratung zu medizinischen Behandlungen . Aus daten-schutzrechtlichen Gr\u00fcnden ist eine Kommunikation mit Patientinnen und Patienten per E-Mail zudem nur mit &hellip; \u201eKontakt\u201c weiterlesen\" \/>\n<meta property=\"og:url\" content=\"https:\/\/viapanacea.eu\/de\/kontakt\/\" \/>\n<meta property=\"og:site_name\" content=\"Ihr Weg in die Gesundheit\" \/>\n<meta property=\"article:modified_time\" content=\"2020-12-16T08:37:35+00:00\" \/>\n<meta name=\"twitter:card\" content=\"summary_large_image\" \/>\n<meta name=\"twitter:label1\" content=\"Gesch\u00e4tzte Lesezeit\" \/>\n\t<meta name=\"twitter:data1\" content=\"1\u00a0Minute\" \/>\n<script type=\"application\/ld+json\" class=\"yoast-schema-graph\">{\"@context\":\"https:\/\/schema.org\",\"@graph\":[{\"@type\":\"WebPage\",\"@id\":\"https:\/\/viapanacea.eu\/de\/kontakt\/\",\"url\":\"https:\/\/viapanacea.eu\/de\/kontakt\/\",\"name\":\"Kontakt - Ihr Weg in die Gesundheit\",\"isPartOf\":{\"@id\":\"http:\/\/viapanacea.eu\/de\/#website\"},\"datePublished\":\"2017-08-09T12:23:56+00:00\",\"dateModified\":\"2020-12-16T08:37:35+00:00\",\"breadcrumb\":{\"@id\":\"https:\/\/viapanacea.eu\/de\/kontakt\/#breadcrumb\"},\"inLanguage\":\"de\",\"potentialAction\":[{\"@type\":\"ReadAction\",\"target\":[\"https:\/\/viapanacea.eu\/de\/kontakt\/\"]}]},{\"@type\":\"BreadcrumbList\",\"@id\":\"https:\/\/viapanacea.eu\/de\/kontakt\/#breadcrumb\",\"itemListElement\":[{\"@type\":\"ListItem\",\"position\":1,\"name\":\"Startseite\",\"item\":\"http:\/\/viapanacea.eu\/de\/\"},{\"@type\":\"ListItem\",\"position\":2,\"name\":\"Kontakt\"}]},{\"@type\":\"WebSite\",\"@id\":\"http:\/\/viapanacea.eu\/de\/#website\",\"url\":\"http:\/\/viapanacea.eu\/de\/\",\"name\":\"Ihr Weg in die Gesundheit\",\"description\":\"Mit Ana Steindorff Pinheiro,    \u00c4rztin f\u00fcr eine nachhaltige Gesundheit mit Lebensstilmedizin und pflanzenbasierter Ern\u00e4hrungsmedizin\",\"publisher\":{\"@id\":\"http:\/\/viapanacea.eu\/de\/#\/schema\/person\/e2154f437e17d2145bf616a345690b03\"},\"potentialAction\":[{\"@type\":\"SearchAction\",\"target\":{\"@type\":\"EntryPoint\",\"urlTemplate\":\"http:\/\/viapanacea.eu\/de\/?s={search_term_string}\"},\"query-input\":{\"@type\":\"PropertyValueSpecification\",\"valueRequired\":true,\"valueName\":\"search_term_string\"}}],\"inLanguage\":\"de\"},{\"@type\":[\"Person\",\"Organization\"],\"@id\":\"http:\/\/viapanacea.eu\/de\/#\/schema\/person\/e2154f437e17d2145bf616a345690b03\",\"name\":\"ana\",\"image\":{\"@type\":\"ImageObject\",\"inLanguage\":\"de\",\"@id\":\"http:\/\/viapanacea.eu\/de\/#\/schema\/person\/image\/\",\"url\":\"https:\/\/i0.wp.com\/viapanacea.eu\/de\/wp-content\/uploads\/2020\/04\/cropped-Viapanacea.png?fit=250%2C250&ssl=1\",\"contentUrl\":\"https:\/\/i0.wp.com\/viapanacea.eu\/de\/wp-content\/uploads\/2020\/04\/cropped-Viapanacea.png?fit=250%2C250&ssl=1\",\"width\":250,\"height\":250,\"caption\":\"ana\"},\"logo\":{\"@id\":\"http:\/\/viapanacea.eu\/de\/#\/schema\/person\/image\/\"}}]}<\/script>\n<!-- \/ Yoast SEO plugin. -->","yoast_head_json":{"title":"Kontakt - Ihr Weg in die Gesundheit","robots":{"index":"index","follow":"follow","max-snippet":"max-snippet:-1","max-image-preview":"max-image-preview:large","max-video-preview":"max-video-preview:-1"},"canonical":"https:\/\/viapanacea.eu\/de\/kontakt\/","og_locale":"de_DE","og_type":"article","og_title":"Kontakt - Ihr Weg in die Gesundheit","og_description":"Ana Steindorff Pinheiro Privatpraxis f\u00fcr nachhaltige Gesundheit Erlenweg 14 13587 Berlin e-mail:\u00a0info@viapanacea.eu Tel: +49 (0)176-78504799 Ich\u00a0bin bei Instagram mit Fotos von Essensvorschl\u00e4gen und mehr:\u00a0 viapanacea \u00dcber die genannte E-Mail-Adresse und \u00fcber dem Kontaktformular erfolgt keine Beratung zu medizinischen Behandlungen . Aus daten-schutzrechtlichen Gr\u00fcnden ist eine Kommunikation mit Patientinnen und Patienten per E-Mail zudem nur mit &hellip; \u201eKontakt\u201c weiterlesen","og_url":"https:\/\/viapanacea.eu\/de\/kontakt\/","og_site_name":"Ihr Weg in die Gesundheit","article_modified_time":"2020-12-16T08:37:35+00:00","twitter_card":"summary_large_image","twitter_misc":{"Gesch\u00e4tzte Lesezeit":"1\u00a0Minute"},"schema":{"@context":"https:\/\/schema.org","@graph":[{"@type":"WebPage","@id":"https:\/\/viapanacea.eu\/de\/kontakt\/","url":"https:\/\/viapanacea.eu\/de\/kontakt\/","name":"Kontakt - Ihr Weg in die Gesundheit","isPartOf":{"@id":"http:\/\/viapanacea.eu\/de\/#website"},"datePublished":"2017-08-09T12:23:56+00:00","dateModified":"2020-12-16T08:37:35+00:00","breadcrumb":{"@id":"https:\/\/viapanacea.eu\/de\/kontakt\/#breadcrumb"},"inLanguage":"de","potentialAction":[{"@type":"ReadAction","target":["https:\/\/viapanacea.eu\/de\/kontakt\/"]}]},{"@type":"BreadcrumbList","@id":"https:\/\/viapanacea.eu\/de\/kontakt\/#breadcrumb","itemListElement":[{"@type":"ListItem","position":1,"name":"Startseite","item":"http:\/\/viapanacea.eu\/de\/"},{"@type":"ListItem","position":2,"name":"Kontakt"}]},{"@type":"WebSite","@id":"http:\/\/viapanacea.eu\/de\/#website","url":"http:\/\/viapanacea.eu\/de\/","name":"Ihr Weg in die Gesundheit","description":"Mit Ana Steindorff Pinheiro,    \u00c4rztin f\u00fcr eine nachhaltige Gesundheit mit Lebensstilmedizin und pflanzenbasierter Ern\u00e4hrungsmedizin","publisher":{"@id":"http:\/\/viapanacea.eu\/de\/#\/schema\/person\/e2154f437e17d2145bf616a345690b03"},"potentialAction":[{"@type":"SearchAction","target":{"@type":"EntryPoint","urlTemplate":"http:\/\/viapanacea.eu\/de\/?s={search_term_string}"},"query-input":{"@type":"PropertyValueSpecification","valueRequired":true,"valueName":"search_term_string"}}],"inLanguage":"de"},{"@type":["Person","Organization"],"@id":"http:\/\/viapanacea.eu\/de\/#\/schema\/person\/e2154f437e17d2145bf616a345690b03","name":"ana","image":{"@type":"ImageObject","inLanguage":"de","@id":"http:\/\/viapanacea.eu\/de\/#\/schema\/person\/image\/","url":"https:\/\/i0.wp.com\/viapanacea.eu\/de\/wp-content\/uploads\/2020\/04\/cropped-Viapanacea.png?fit=250%2C250&ssl=1","contentUrl":"https:\/\/i0.wp.com\/viapanacea.eu\/de\/wp-content\/uploads\/2020\/04\/cropped-Viapanacea.png?fit=250%2C250&ssl=1","width":250,"height":250,"caption":"ana"},"logo":{"@id":"http:\/\/viapanacea.eu\/de\/#\/schema\/person\/image\/"}}]}},"jetpack_sharing_enabled":true,"jetpack_shortlink":"https:\/\/wp.me\/PaVfju-2U","_links":{"self":[{"href":"https:\/\/viapanacea.eu\/de\/wp-json\/wp\/v2\/pages\/180","targetHints":{"allow":["GET"]}}],"collection":[{"href":"https:\/\/viapanacea.eu\/de\/wp-json\/wp\/v2\/pages"}],"about":[{"href":"https:\/\/viapanacea.eu\/de\/wp-json\/wp\/v2\/types\/page"}],"author":[{"embeddable":true,"href":"https:\/\/viapanacea.eu\/de\/wp-json\/wp\/v2\/users\/1"}],"replies":[{"embeddable":true,"href":"https:\/\/viapanacea.eu\/de\/wp-json\/wp\/v2\/comments?post=180"}],"version-history":[{"count":34,"href":"https:\/\/viapanacea.eu\/de\/wp-json\/wp\/v2\/pages\/180\/revisions"}],"predecessor-version":[{"id":1341,"href":"https:\/\/viapanacea.eu\/de\/wp-json\/wp\/v2\/pages\/180\/revisions\/1341"}],"wp:attachment":[{"href":"https:\/\/viapanacea.eu\/de\/wp-json\/wp\/v2\/media?parent=180"}],"curies":[{"name":"wp","href":"https:\/\/api.w.org\/{rel}","templated":true}]}}