{"id":229,"date":"2017-08-16T11:59:37","date_gmt":"2017-08-16T09:59:37","guid":{"rendered":"http:\/\/www.viapanacea.eu\/?page_id=229"},"modified":"2020-12-16T09:30:15","modified_gmt":"2020-12-16T08:30:15","slug":"mein-angebot","status":"publish","type":"page","link":"https:\/\/viapanacea.eu\/de\/mein-angebot\/","title":{"rendered":"Mein Angebot"},"content":{"rendered":"\n<div class=\"wp-block-button aligncenter is-style-outline is-style-outline--1\"><a class=\"wp-block-button__link has-text-color has-very-light-gray-color has-background\" href=\"http:\/\/viapanacea.eu\/de\/termin-vereinbaren\/T\" style=\"background-color:#398f3f\">Vereinbaren Sie jetzt ein Termin<br><\/a><\/div>\n\n\n<h2><span style=\"color: #99cc00;\"><strong>In eigener Praxis in Berlin und \u00fcber Videosprechstunde &#8211; Weltweit<br \/><\/strong><\/span><\/h2>\n<ul>\n<li>medizinische Sprechstunde mit Schwerpunkt auf chronischen Erkrankungen und dessen Behandlung mit Lebensstilmedizin und Ern\u00e4hrungsmedizin.<\/li>\n<li>Beratungen und Vorsorgeuntersuchungen f\u00fcr ein gesundes langes Leben<\/li>\n<li>Beratungen f\u00fcr:\n<ul>\n<li>Hochleistungssportler<\/li>\n<li>vegan lebende Menschen<\/li>\n<li>Fastenkuren<\/li>\n<li>Haferkuren<\/li>\n<\/ul>\n<\/li>\n<li>Entw\u00f6hnungsbegleitung f\u00fcr:\n<ul>\n<li>Tabak<\/li>\n<li>Medikamente<\/li>\n<li>Psychopharmaka<\/li>\n<li>Schlaftabletten<\/li>\n<\/ul>\n<\/li>\n<\/ul>\n<p>Bezuschussung der gesetzlichen Krankenkassen ist f\u00fcr Ern\u00e4hrungstherapie m\u00f6glich.<\/p>\n<p>Fernmedizinnische Beratungen nach den eHealth Richtlinien der Bundes\u00e4rztekammer sind m\u00f6glich<\/p>\n<p style=\"padding-left: 30px;\"><span style=\"color: #99cc00;\"><strong>Sprechen sie mich an!<\/strong><\/span><\/p>\n<ul>\n<li>Lebensstilbasierte Betriebsmedizin und Betriebsgesundheit<\/li>\n<li>Vortr\u00e4ge \u00fcber Ern\u00e4hrung, Lebensstil und ihre verschiedenen Facetten, sowie \u00fcber Palliativ-Vorsorge f\u00fcr Ihren Anlass.<\/li>\n<\/ul>\n<p style=\"padding-left: 30px;\"><span style=\"color: #99cc00;\"><strong>Reise in die Gesundheit:<\/strong><\/span><\/p>\n<ul>\n<li>Seminare in Ern\u00e4hrung, Lebensstil, Motivation, Bewegung, Entspannung und Psychosozialer Unterst\u00fctzung im Berliner Umland und mit Sonne und Meer in Portugal. F\u00fcr mehr Infos siehe <a href=\"http:\/\/viapanacea.eu\/de\/reise-in-die-gesundheit\/\">hier<\/a>.<span style=\"color: #99cc00;\"><br \/><\/span><\/li>\n<\/ul>\n<p>Die Preise f\u00fcr die Beratungen\/Behandlungen werden von der Geb\u00fchrenordnung f\u00fcr \u00c4rzte: GO\u00c4 definiert. Es ist verboten genaue Preise anzugeben, da jeder Patient einzigartig ist. Grob gesch\u00e4tzt kostet eine 30min\u00fctige Beratung c.a.\u00a0 60\u20ac.<\/p>\n<p>Siehe hier: <a href=\"http:\/\/viapanacea.eu\/warum-selbst-zahlen\/\">Selbst zahlen?<\/a><\/p>\n\n\n<div class=\"wp-block-button aligncenter is-style-outline is-style-outline--2\"><a class=\"wp-block-button__link has-text-color has-very-light-gray-color has-background\" href=\"http:\/\/viapanacea.eu\/de\/termin-vereinbaren\/T\" style=\"background-color:#398f3f\">Vereinbaren Sie jetzt ein Termin<br><\/a><\/div>\n","protected":false},"excerpt":{"rendered":"<p>In eigener Praxis in Berlin und \u00fcber Videosprechstunde &#8211; Weltweit medizinische Sprechstunde mit Schwerpunkt auf chronischen Erkrankungen und dessen Behandlung mit Lebensstilmedizin und Ern\u00e4hrungsmedizin. Beratungen und Vorsorgeuntersuchungen f\u00fcr ein gesundes langes Leben Beratungen f\u00fcr: Hochleistungssportler vegan lebende Menschen Fastenkuren Haferkuren Entw\u00f6hnungsbegleitung f\u00fcr: Tabak Medikamente Psychopharmaka Schlaftabletten Bezuschussung der gesetzlichen Krankenkassen ist f\u00fcr Ern\u00e4hrungstherapie m\u00f6glich. Fernmedizinnische &hellip; <\/p>\n<p class=\"link-more\"><a href=\"https:\/\/viapanacea.eu\/de\/mein-angebot\/\" class=\"more-link\"><span class=\"screen-reader-text\">\u201eMein Angebot\u201c <\/span>weiterlesen<\/a><\/p>\n","protected":false},"author":1,"featured_media":0,"parent":0,"menu_order":0,"comment_status":"closed","ping_status":"closed","template":"","meta":{"jetpack_post_was_ever_published":false,"footnotes":""},"class_list":["post-229","page","type-page","status-publish","hentry"],"yoast_head":"<!-- This site is optimized with the Yoast SEO plugin v26.6 - https:\/\/yoast.com\/wordpress\/plugins\/seo\/ -->\n<title>Mein Angebot - Ihr Weg in die Gesundheit<\/title>\n<meta name=\"robots\" content=\"index, follow, max-snippet:-1, max-image-preview:large, max-video-preview:-1\" \/>\n<link rel=\"canonical\" href=\"https:\/\/viapanacea.eu\/de\/mein-angebot\/\" \/>\n<meta property=\"og:locale\" content=\"de_DE\" \/>\n<meta property=\"og:type\" content=\"article\" \/>\n<meta property=\"og:title\" content=\"Mein Angebot - Ihr Weg in die Gesundheit\" \/>\n<meta property=\"og:description\" content=\"In eigener Praxis in Berlin und \u00fcber Videosprechstunde &#8211; Weltweit medizinische Sprechstunde mit Schwerpunkt auf chronischen Erkrankungen und dessen Behandlung mit Lebensstilmedizin und Ern\u00e4hrungsmedizin. Beratungen und Vorsorgeuntersuchungen f\u00fcr ein gesundes langes Leben Beratungen f\u00fcr: Hochleistungssportler vegan lebende Menschen Fastenkuren Haferkuren Entw\u00f6hnungsbegleitung f\u00fcr: Tabak Medikamente Psychopharmaka Schlaftabletten Bezuschussung der gesetzlichen Krankenkassen ist f\u00fcr Ern\u00e4hrungstherapie m\u00f6glich. Fernmedizinnische &hellip; \u201eMein Angebot\u201c weiterlesen\" \/>\n<meta property=\"og:url\" content=\"https:\/\/viapanacea.eu\/de\/mein-angebot\/\" \/>\n<meta property=\"og:site_name\" content=\"Ihr Weg in die Gesundheit\" \/>\n<meta property=\"article:modified_time\" content=\"2020-12-16T08:30:15+00:00\" \/>\n<meta name=\"twitter:card\" content=\"summary_large_image\" \/>\n<meta name=\"twitter:label1\" content=\"Gesch\u00e4tzte Lesezeit\" \/>\n\t<meta name=\"twitter:data1\" content=\"1\u00a0Minute\" \/>\n<script type=\"application\/ld+json\" class=\"yoast-schema-graph\">{\"@context\":\"https:\/\/schema.org\",\"@graph\":[{\"@type\":\"WebPage\",\"@id\":\"https:\/\/viapanacea.eu\/de\/mein-angebot\/\",\"url\":\"https:\/\/viapanacea.eu\/de\/mein-angebot\/\",\"name\":\"Mein Angebot - Ihr Weg in die Gesundheit\",\"isPartOf\":{\"@id\":\"https:\/\/viapanacea.eu\/de\/#website\"},\"datePublished\":\"2017-08-16T09:59:37+00:00\",\"dateModified\":\"2020-12-16T08:30:15+00:00\",\"breadcrumb\":{\"@id\":\"https:\/\/viapanacea.eu\/de\/mein-angebot\/#breadcrumb\"},\"inLanguage\":\"de\",\"potentialAction\":[{\"@type\":\"ReadAction\",\"target\":[\"https:\/\/viapanacea.eu\/de\/mein-angebot\/\"]}]},{\"@type\":\"BreadcrumbList\",\"@id\":\"https:\/\/viapanacea.eu\/de\/mein-angebot\/#breadcrumb\",\"itemListElement\":[{\"@type\":\"ListItem\",\"position\":1,\"name\":\"Startseite\",\"item\":\"https:\/\/viapanacea.eu\/de\/\"},{\"@type\":\"ListItem\",\"position\":2,\"name\":\"Mein Angebot\"}]},{\"@type\":\"WebSite\",\"@id\":\"https:\/\/viapanacea.eu\/de\/#website\",\"url\":\"https:\/\/viapanacea.eu\/de\/\",\"name\":\"Ihr Weg in die Gesundheit\",\"description\":\"Mit Ana Steindorff Pinheiro,    \u00c4rztin f\u00fcr eine nachhaltige Gesundheit mit Lebensstilmedizin und pflanzenbasierter Ern\u00e4hrungsmedizin\",\"publisher\":{\"@id\":\"https:\/\/viapanacea.eu\/de\/#\/schema\/person\/e2154f437e17d2145bf616a345690b03\"},\"potentialAction\":[{\"@type\":\"SearchAction\",\"target\":{\"@type\":\"EntryPoint\",\"urlTemplate\":\"https:\/\/viapanacea.eu\/de\/?s={search_term_string}\"},\"query-input\":{\"@type\":\"PropertyValueSpecification\",\"valueRequired\":true,\"valueName\":\"search_term_string\"}}],\"inLanguage\":\"de\"},{\"@type\":[\"Person\",\"Organization\"],\"@id\":\"https:\/\/viapanacea.eu\/de\/#\/schema\/person\/e2154f437e17d2145bf616a345690b03\",\"name\":\"ana\",\"image\":{\"@type\":\"ImageObject\",\"inLanguage\":\"de\",\"@id\":\"https:\/\/viapanacea.eu\/de\/#\/schema\/person\/image\/\",\"url\":\"https:\/\/i0.wp.com\/viapanacea.eu\/de\/wp-content\/uploads\/2020\/04\/cropped-Viapanacea.png?fit=250%2C250&ssl=1\",\"contentUrl\":\"https:\/\/i0.wp.com\/viapanacea.eu\/de\/wp-content\/uploads\/2020\/04\/cropped-Viapanacea.png?fit=250%2C250&ssl=1\",\"width\":250,\"height\":250,\"caption\":\"ana\"},\"logo\":{\"@id\":\"https:\/\/viapanacea.eu\/de\/#\/schema\/person\/image\/\"}}]}<\/script>\n<!-- \/ Yoast SEO plugin. -->","yoast_head_json":{"title":"Mein Angebot - Ihr Weg in die Gesundheit","robots":{"index":"index","follow":"follow","max-snippet":"max-snippet:-1","max-image-preview":"max-image-preview:large","max-video-preview":"max-video-preview:-1"},"canonical":"https:\/\/viapanacea.eu\/de\/mein-angebot\/","og_locale":"de_DE","og_type":"article","og_title":"Mein Angebot - Ihr Weg in die Gesundheit","og_description":"In eigener Praxis in Berlin und \u00fcber Videosprechstunde &#8211; Weltweit medizinische Sprechstunde mit Schwerpunkt auf chronischen Erkrankungen und dessen Behandlung mit Lebensstilmedizin und Ern\u00e4hrungsmedizin. Beratungen und Vorsorgeuntersuchungen f\u00fcr ein gesundes langes Leben Beratungen f\u00fcr: Hochleistungssportler vegan lebende Menschen Fastenkuren Haferkuren Entw\u00f6hnungsbegleitung f\u00fcr: Tabak Medikamente Psychopharmaka Schlaftabletten Bezuschussung der gesetzlichen Krankenkassen ist f\u00fcr Ern\u00e4hrungstherapie m\u00f6glich. Fernmedizinnische &hellip; \u201eMein Angebot\u201c weiterlesen","og_url":"https:\/\/viapanacea.eu\/de\/mein-angebot\/","og_site_name":"Ihr Weg in die Gesundheit","article_modified_time":"2020-12-16T08:30:15+00:00","twitter_card":"summary_large_image","twitter_misc":{"Gesch\u00e4tzte Lesezeit":"1\u00a0Minute"},"schema":{"@context":"https:\/\/schema.org","@graph":[{"@type":"WebPage","@id":"https:\/\/viapanacea.eu\/de\/mein-angebot\/","url":"https:\/\/viapanacea.eu\/de\/mein-angebot\/","name":"Mein Angebot - Ihr Weg in die Gesundheit","isPartOf":{"@id":"https:\/\/viapanacea.eu\/de\/#website"},"datePublished":"2017-08-16T09:59:37+00:00","dateModified":"2020-12-16T08:30:15+00:00","breadcrumb":{"@id":"https:\/\/viapanacea.eu\/de\/mein-angebot\/#breadcrumb"},"inLanguage":"de","potentialAction":[{"@type":"ReadAction","target":["https:\/\/viapanacea.eu\/de\/mein-angebot\/"]}]},{"@type":"BreadcrumbList","@id":"https:\/\/viapanacea.eu\/de\/mein-angebot\/#breadcrumb","itemListElement":[{"@type":"ListItem","position":1,"name":"Startseite","item":"https:\/\/viapanacea.eu\/de\/"},{"@type":"ListItem","position":2,"name":"Mein Angebot"}]},{"@type":"WebSite","@id":"https:\/\/viapanacea.eu\/de\/#website","url":"https:\/\/viapanacea.eu\/de\/","name":"Ihr Weg in die Gesundheit","description":"Mit Ana Steindorff Pinheiro,    \u00c4rztin f\u00fcr eine nachhaltige Gesundheit mit Lebensstilmedizin und pflanzenbasierter Ern\u00e4hrungsmedizin","publisher":{"@id":"https:\/\/viapanacea.eu\/de\/#\/schema\/person\/e2154f437e17d2145bf616a345690b03"},"potentialAction":[{"@type":"SearchAction","target":{"@type":"EntryPoint","urlTemplate":"https:\/\/viapanacea.eu\/de\/?s={search_term_string}"},"query-input":{"@type":"PropertyValueSpecification","valueRequired":true,"valueName":"search_term_string"}}],"inLanguage":"de"},{"@type":["Person","Organization"],"@id":"https:\/\/viapanacea.eu\/de\/#\/schema\/person\/e2154f437e17d2145bf616a345690b03","name":"ana","image":{"@type":"ImageObject","inLanguage":"de","@id":"https:\/\/viapanacea.eu\/de\/#\/schema\/person\/image\/","url":"https:\/\/i0.wp.com\/viapanacea.eu\/de\/wp-content\/uploads\/2020\/04\/cropped-Viapanacea.png?fit=250%2C250&ssl=1","contentUrl":"https:\/\/i0.wp.com\/viapanacea.eu\/de\/wp-content\/uploads\/2020\/04\/cropped-Viapanacea.png?fit=250%2C250&ssl=1","width":250,"height":250,"caption":"ana"},"logo":{"@id":"https:\/\/viapanacea.eu\/de\/#\/schema\/person\/image\/"}}]}},"jetpack_sharing_enabled":true,"jetpack_shortlink":"https:\/\/wp.me\/PaVfju-3H","_links":{"self":[{"href":"https:\/\/viapanacea.eu\/de\/wp-json\/wp\/v2\/pages\/229","targetHints":{"allow":["GET"]}}],"collection":[{"href":"https:\/\/viapanacea.eu\/de\/wp-json\/wp\/v2\/pages"}],"about":[{"href":"https:\/\/viapanacea.eu\/de\/wp-json\/wp\/v2\/types\/page"}],"author":[{"embeddable":true,"href":"https:\/\/viapanacea.eu\/de\/wp-json\/wp\/v2\/users\/1"}],"replies":[{"embeddable":true,"href":"https:\/\/viapanacea.eu\/de\/wp-json\/wp\/v2\/comments?post=229"}],"version-history":[{"count":55,"href":"https:\/\/viapanacea.eu\/de\/wp-json\/wp\/v2\/pages\/229\/revisions"}],"predecessor-version":[{"id":1337,"href":"https:\/\/viapanacea.eu\/de\/wp-json\/wp\/v2\/pages\/229\/revisions\/1337"}],"wp:attachment":[{"href":"https:\/\/viapanacea.eu\/de\/wp-json\/wp\/v2\/media?parent=229"}],"curies":[{"name":"wp","href":"https:\/\/api.w.org\/{rel}","templated":true}]}}