{"id":236,"date":"2017-08-16T12:24:51","date_gmt":"2017-08-16T10:24:51","guid":{"rendered":"http:\/\/www.viapanacea.eu\/?page_id=236"},"modified":"2019-01-30T13:20:31","modified_gmt":"2019-01-30T12:20:31","slug":"videos","status":"publish","type":"page","link":"https:\/\/viapanacea.eu\/de\/videos\/","title":{"rendered":"Dokumentarfilme"},"content":{"rendered":"<p>Sie suchen einen Arzt oder eine \u00c4rztin, die Sie begleitet wie in den unten genannten Dokumentarfilmen, und Ihnen hilft Ihre Medikamente zu reduzieren, wenn Sie bereit sind ihre Ern\u00e4hrung und Lebensstil zu ver\u00e4ndern? Ich habe mich genau darauf spezialisiert.<\/p>\n<p><strong>Blaue Kodierung (<\/strong>Code Blue) Dokumentarfilm, USA 2019<\/p>\n<p><em><strong>What the Health<\/strong><\/em> Dokumentarfilm, USA 2017<\/p>\n<p><em><strong>PlantPure Nation<\/strong><\/em> Dokumentarfilm, USA 2015<\/p>\n<p><strong>Gabel statt Skalpell<\/strong> (<em>Forks over Knives<\/em>) Dokumentarfilm, USA 2011<\/p>\n\n\n<div class=\"wp-block-button aligncenter is-style-outline is-style-outline--1\"><a class=\"wp-block-button__link has-text-color has-very-light-gray-color has-background\" href=\"http:\/\/viapanacea.eu\/de\/termin-vereinbaren\/T\" style=\"background-color:#398f3f\">Vereinbaren Sie jetzt ein Termin<br><\/a><\/div>\n","protected":false},"excerpt":{"rendered":"<p>Sie suchen einen Arzt oder eine \u00c4rztin, die Sie begleitet wie in den unten genannten Dokumentarfilmen, und Ihnen hilft Ihre Medikamente zu reduzieren, wenn Sie bereit sind ihre Ern\u00e4hrung und Lebensstil zu ver\u00e4ndern? Ich habe mich genau darauf spezialisiert. Blaue Kodierung (Code Blue) Dokumentarfilm, USA 2019 What the Health Dokumentarfilm, USA 2017 PlantPure Nation Dokumentarfilm, &hellip; <\/p>\n<p class=\"link-more\"><a href=\"https:\/\/viapanacea.eu\/de\/videos\/\" class=\"more-link\"><span class=\"screen-reader-text\">\u201eDokumentarfilme\u201c <\/span>weiterlesen<\/a><\/p>\n","protected":false},"author":1,"featured_media":0,"parent":0,"menu_order":0,"comment_status":"closed","ping_status":"closed","template":"","meta":{"jetpack_post_was_ever_published":false,"footnotes":""},"class_list":["post-236","page","type-page","status-publish","hentry"],"yoast_head":"<!-- This site is optimized with the Yoast SEO plugin v26.6 - https:\/\/yoast.com\/wordpress\/plugins\/seo\/ -->\n<title>Dokumentarfilme - Ihr Weg in die Gesundheit<\/title>\n<meta name=\"robots\" content=\"index, follow, max-snippet:-1, max-image-preview:large, max-video-preview:-1\" \/>\n<link rel=\"canonical\" href=\"https:\/\/viapanacea.eu\/de\/videos\/\" \/>\n<meta property=\"og:locale\" content=\"de_DE\" \/>\n<meta property=\"og:type\" content=\"article\" \/>\n<meta property=\"og:title\" content=\"Dokumentarfilme - Ihr Weg in die Gesundheit\" \/>\n<meta property=\"og:description\" content=\"Sie suchen einen Arzt oder eine \u00c4rztin, die Sie begleitet wie in den unten genannten Dokumentarfilmen, und Ihnen hilft Ihre Medikamente zu reduzieren, wenn Sie bereit sind ihre Ern\u00e4hrung und Lebensstil zu ver\u00e4ndern? Ich habe mich genau darauf spezialisiert. Blaue Kodierung (Code Blue) Dokumentarfilm, USA 2019 What the Health Dokumentarfilm, USA 2017 PlantPure Nation Dokumentarfilm, &hellip; \u201eDokumentarfilme\u201c weiterlesen\" \/>\n<meta property=\"og:url\" content=\"https:\/\/viapanacea.eu\/de\/videos\/\" \/>\n<meta property=\"og:site_name\" content=\"Ihr Weg in die Gesundheit\" \/>\n<meta property=\"article:modified_time\" content=\"2019-01-30T12:20:31+00:00\" \/>\n<meta name=\"twitter:card\" content=\"summary_large_image\" \/>\n<script type=\"application\/ld+json\" class=\"yoast-schema-graph\">{\"@context\":\"https:\/\/schema.org\",\"@graph\":[{\"@type\":\"WebPage\",\"@id\":\"https:\/\/viapanacea.eu\/de\/videos\/\",\"url\":\"https:\/\/viapanacea.eu\/de\/videos\/\",\"name\":\"Dokumentarfilme - Ihr Weg in die Gesundheit\",\"isPartOf\":{\"@id\":\"https:\/\/viapanacea.eu\/de\/#website\"},\"datePublished\":\"2017-08-16T10:24:51+00:00\",\"dateModified\":\"2019-01-30T12:20:31+00:00\",\"breadcrumb\":{\"@id\":\"https:\/\/viapanacea.eu\/de\/videos\/#breadcrumb\"},\"inLanguage\":\"de\",\"potentialAction\":[{\"@type\":\"ReadAction\",\"target\":[\"https:\/\/viapanacea.eu\/de\/videos\/\"]}]},{\"@type\":\"BreadcrumbList\",\"@id\":\"https:\/\/viapanacea.eu\/de\/videos\/#breadcrumb\",\"itemListElement\":[{\"@type\":\"ListItem\",\"position\":1,\"name\":\"Startseite\",\"item\":\"https:\/\/viapanacea.eu\/de\/\"},{\"@type\":\"ListItem\",\"position\":2,\"name\":\"Dokumentarfilme\"}]},{\"@type\":\"WebSite\",\"@id\":\"https:\/\/viapanacea.eu\/de\/#website\",\"url\":\"https:\/\/viapanacea.eu\/de\/\",\"name\":\"Ihr Weg in die Gesundheit\",\"description\":\"Mit Ana Steindorff Pinheiro,    \u00c4rztin f\u00fcr eine nachhaltige Gesundheit mit Lebensstilmedizin und pflanzenbasierter Ern\u00e4hrungsmedizin\",\"publisher\":{\"@id\":\"https:\/\/viapanacea.eu\/de\/#\/schema\/person\/e2154f437e17d2145bf616a345690b03\"},\"potentialAction\":[{\"@type\":\"SearchAction\",\"target\":{\"@type\":\"EntryPoint\",\"urlTemplate\":\"https:\/\/viapanacea.eu\/de\/?s={search_term_string}\"},\"query-input\":{\"@type\":\"PropertyValueSpecification\",\"valueRequired\":true,\"valueName\":\"search_term_string\"}}],\"inLanguage\":\"de\"},{\"@type\":[\"Person\",\"Organization\"],\"@id\":\"https:\/\/viapanacea.eu\/de\/#\/schema\/person\/e2154f437e17d2145bf616a345690b03\",\"name\":\"ana\",\"image\":{\"@type\":\"ImageObject\",\"inLanguage\":\"de\",\"@id\":\"https:\/\/viapanacea.eu\/de\/#\/schema\/person\/image\/\",\"url\":\"https:\/\/i0.wp.com\/viapanacea.eu\/de\/wp-content\/uploads\/2020\/04\/cropped-Viapanacea.png?fit=250%2C250&ssl=1\",\"contentUrl\":\"https:\/\/i0.wp.com\/viapanacea.eu\/de\/wp-content\/uploads\/2020\/04\/cropped-Viapanacea.png?fit=250%2C250&ssl=1\",\"width\":250,\"height\":250,\"caption\":\"ana\"},\"logo\":{\"@id\":\"https:\/\/viapanacea.eu\/de\/#\/schema\/person\/image\/\"}}]}<\/script>\n<!-- \/ Yoast SEO plugin. -->","yoast_head_json":{"title":"Dokumentarfilme - Ihr Weg in die Gesundheit","robots":{"index":"index","follow":"follow","max-snippet":"max-snippet:-1","max-image-preview":"max-image-preview:large","max-video-preview":"max-video-preview:-1"},"canonical":"https:\/\/viapanacea.eu\/de\/videos\/","og_locale":"de_DE","og_type":"article","og_title":"Dokumentarfilme - Ihr Weg in die Gesundheit","og_description":"Sie suchen einen Arzt oder eine \u00c4rztin, die Sie begleitet wie in den unten genannten Dokumentarfilmen, und Ihnen hilft Ihre Medikamente zu reduzieren, wenn Sie bereit sind ihre Ern\u00e4hrung und Lebensstil zu ver\u00e4ndern? Ich habe mich genau darauf spezialisiert. Blaue Kodierung (Code Blue) Dokumentarfilm, USA 2019 What the Health Dokumentarfilm, USA 2017 PlantPure Nation Dokumentarfilm, &hellip; \u201eDokumentarfilme\u201c weiterlesen","og_url":"https:\/\/viapanacea.eu\/de\/videos\/","og_site_name":"Ihr Weg in die Gesundheit","article_modified_time":"2019-01-30T12:20:31+00:00","twitter_card":"summary_large_image","schema":{"@context":"https:\/\/schema.org","@graph":[{"@type":"WebPage","@id":"https:\/\/viapanacea.eu\/de\/videos\/","url":"https:\/\/viapanacea.eu\/de\/videos\/","name":"Dokumentarfilme - Ihr Weg in die Gesundheit","isPartOf":{"@id":"https:\/\/viapanacea.eu\/de\/#website"},"datePublished":"2017-08-16T10:24:51+00:00","dateModified":"2019-01-30T12:20:31+00:00","breadcrumb":{"@id":"https:\/\/viapanacea.eu\/de\/videos\/#breadcrumb"},"inLanguage":"de","potentialAction":[{"@type":"ReadAction","target":["https:\/\/viapanacea.eu\/de\/videos\/"]}]},{"@type":"BreadcrumbList","@id":"https:\/\/viapanacea.eu\/de\/videos\/#breadcrumb","itemListElement":[{"@type":"ListItem","position":1,"name":"Startseite","item":"https:\/\/viapanacea.eu\/de\/"},{"@type":"ListItem","position":2,"name":"Dokumentarfilme"}]},{"@type":"WebSite","@id":"https:\/\/viapanacea.eu\/de\/#website","url":"https:\/\/viapanacea.eu\/de\/","name":"Ihr Weg in die Gesundheit","description":"Mit Ana Steindorff Pinheiro,    \u00c4rztin f\u00fcr eine nachhaltige Gesundheit mit Lebensstilmedizin und pflanzenbasierter Ern\u00e4hrungsmedizin","publisher":{"@id":"https:\/\/viapanacea.eu\/de\/#\/schema\/person\/e2154f437e17d2145bf616a345690b03"},"potentialAction":[{"@type":"SearchAction","target":{"@type":"EntryPoint","urlTemplate":"https:\/\/viapanacea.eu\/de\/?s={search_term_string}"},"query-input":{"@type":"PropertyValueSpecification","valueRequired":true,"valueName":"search_term_string"}}],"inLanguage":"de"},{"@type":["Person","Organization"],"@id":"https:\/\/viapanacea.eu\/de\/#\/schema\/person\/e2154f437e17d2145bf616a345690b03","name":"ana","image":{"@type":"ImageObject","inLanguage":"de","@id":"https:\/\/viapanacea.eu\/de\/#\/schema\/person\/image\/","url":"https:\/\/i0.wp.com\/viapanacea.eu\/de\/wp-content\/uploads\/2020\/04\/cropped-Viapanacea.png?fit=250%2C250&ssl=1","contentUrl":"https:\/\/i0.wp.com\/viapanacea.eu\/de\/wp-content\/uploads\/2020\/04\/cropped-Viapanacea.png?fit=250%2C250&ssl=1","width":250,"height":250,"caption":"ana"},"logo":{"@id":"https:\/\/viapanacea.eu\/de\/#\/schema\/person\/image\/"}}]}},"jetpack_sharing_enabled":true,"jetpack_shortlink":"https:\/\/wp.me\/PaVfju-3O","_links":{"self":[{"href":"https:\/\/viapanacea.eu\/de\/wp-json\/wp\/v2\/pages\/236","targetHints":{"allow":["GET"]}}],"collection":[{"href":"https:\/\/viapanacea.eu\/de\/wp-json\/wp\/v2\/pages"}],"about":[{"href":"https:\/\/viapanacea.eu\/de\/wp-json\/wp\/v2\/types\/page"}],"author":[{"embeddable":true,"href":"https:\/\/viapanacea.eu\/de\/wp-json\/wp\/v2\/users\/1"}],"replies":[{"embeddable":true,"href":"https:\/\/viapanacea.eu\/de\/wp-json\/wp\/v2\/comments?post=236"}],"version-history":[{"count":11,"href":"https:\/\/viapanacea.eu\/de\/wp-json\/wp\/v2\/pages\/236\/revisions"}],"predecessor-version":[{"id":900,"href":"https:\/\/viapanacea.eu\/de\/wp-json\/wp\/v2\/pages\/236\/revisions\/900"}],"wp:attachment":[{"href":"https:\/\/viapanacea.eu\/de\/wp-json\/wp\/v2\/media?parent=236"}],"curies":[{"name":"wp","href":"https:\/\/api.w.org\/{rel}","templated":true}]}}