{"id":310,"date":"2017-08-30T13:12:18","date_gmt":"2017-08-30T11:12:18","guid":{"rendered":"http:\/\/viapanacea.eu\/?page_id=310"},"modified":"2019-05-05T18:23:59","modified_gmt":"2019-05-05T16:23:59","slug":"download","status":"publish","type":"page","link":"https:\/\/viapanacea.eu\/de\/download\/","title":{"rendered":"Download"},"content":{"rendered":"<p><a href=\"http:\/\/viapanacea.eu\/de\/wp-content\/uploads\/2019\/05\/Ern\u00e4hrungstagebuch.pdf\">Ern\u00e4hrungstagebuch<\/a><\/p>\n<p>Zu Ihrer Information bitte im Netz suchen:<\/p>\n<p>&#8222;Abrechnung und Codierung in der ambulanten Ern\u00e4hrungsmedizin&#8220;(schon die Zusammenfassung (geb\u00fchrenfrei) erkl\u00e4rt grob den aktuellen Stand)<\/p>\n<p>&#8222;Selbst zahlen? Ein Ratgeber zu individuellen Gesundheitsleistungen (IGeL) f\u00fcr Patientinnen und Patienten sowie \u00c4rztinnen und \u00c4rzte&#8220;<\/p>\n<div class=\"textLayer\">\n<p>\u00a0&#8222;IGeL-DEGAM_Positionspapier&#8220;<\/p>\n<p>&#8222;IGeL-Monitor&#8220;<\/p>\n<hr \/><\/div>\n\n\n<div class=\"wp-block-button aligncenter is-style-outline is-style-outline--1\"><a class=\"wp-block-button__link has-text-color has-very-light-gray-color has-background\" href=\"http:\/\/viapanacea.eu\/de\/termin-vereinbaren\/T\" style=\"background-color:#398f3f\">Vereinbaren Sie jetzt ein Termin<br><\/a><\/div>\n","protected":false},"excerpt":{"rendered":"<p>Ern\u00e4hrungstagebuch Zu Ihrer Information bitte im Netz suchen: &#8222;Abrechnung und Codierung in der ambulanten Ern\u00e4hrungsmedizin&#8220;(schon die Zusammenfassung (geb\u00fchrenfrei) erkl\u00e4rt grob den aktuellen Stand) &#8222;Selbst zahlen? Ein Ratgeber zu individuellen Gesundheitsleistungen (IGeL) f\u00fcr Patientinnen und Patienten sowie \u00c4rztinnen und \u00c4rzte&#8220; \u00a0&#8222;IGeL-DEGAM_Positionspapier&#8220; &#8222;IGeL-Monitor&#8220;<\/p>\n","protected":false},"author":1,"featured_media":0,"parent":0,"menu_order":0,"comment_status":"closed","ping_status":"closed","template":"","meta":{"jetpack_post_was_ever_published":false,"footnotes":""},"class_list":["post-310","page","type-page","status-publish","hentry"],"yoast_head":"<!-- This site is optimized with the Yoast SEO plugin v26.6 - https:\/\/yoast.com\/wordpress\/plugins\/seo\/ -->\n<title>Download - Ihr Weg in die Gesundheit<\/title>\n<meta name=\"robots\" content=\"index, follow, max-snippet:-1, max-image-preview:large, max-video-preview:-1\" \/>\n<link rel=\"canonical\" href=\"https:\/\/viapanacea.eu\/de\/download\/\" \/>\n<meta property=\"og:locale\" content=\"de_DE\" \/>\n<meta property=\"og:type\" content=\"article\" \/>\n<meta property=\"og:title\" content=\"Download - Ihr Weg in die Gesundheit\" \/>\n<meta property=\"og:description\" content=\"Ern\u00e4hrungstagebuch Zu Ihrer Information bitte im Netz suchen: &#8222;Abrechnung und Codierung in der ambulanten Ern\u00e4hrungsmedizin&#8220;(schon die Zusammenfassung (geb\u00fchrenfrei) erkl\u00e4rt grob den aktuellen Stand) &#8222;Selbst zahlen? Ein Ratgeber zu individuellen Gesundheitsleistungen (IGeL) f\u00fcr Patientinnen und Patienten sowie \u00c4rztinnen und \u00c4rzte&#8220; \u00a0&#8222;IGeL-DEGAM_Positionspapier&#8220; &#8222;IGeL-Monitor&#8220;\" \/>\n<meta property=\"og:url\" content=\"https:\/\/viapanacea.eu\/de\/download\/\" \/>\n<meta property=\"og:site_name\" content=\"Ihr Weg in die Gesundheit\" \/>\n<meta property=\"article:modified_time\" content=\"2019-05-05T16:23:59+00:00\" \/>\n<meta name=\"twitter:card\" content=\"summary_large_image\" \/>\n<script type=\"application\/ld+json\" class=\"yoast-schema-graph\">{\"@context\":\"https:\/\/schema.org\",\"@graph\":[{\"@type\":\"WebPage\",\"@id\":\"https:\/\/viapanacea.eu\/de\/download\/\",\"url\":\"https:\/\/viapanacea.eu\/de\/download\/\",\"name\":\"Download - Ihr Weg in die Gesundheit\",\"isPartOf\":{\"@id\":\"https:\/\/viapanacea.eu\/de\/#website\"},\"datePublished\":\"2017-08-30T11:12:18+00:00\",\"dateModified\":\"2019-05-05T16:23:59+00:00\",\"breadcrumb\":{\"@id\":\"https:\/\/viapanacea.eu\/de\/download\/#breadcrumb\"},\"inLanguage\":\"de\",\"potentialAction\":[{\"@type\":\"ReadAction\",\"target\":[\"https:\/\/viapanacea.eu\/de\/download\/\"]}]},{\"@type\":\"BreadcrumbList\",\"@id\":\"https:\/\/viapanacea.eu\/de\/download\/#breadcrumb\",\"itemListElement\":[{\"@type\":\"ListItem\",\"position\":1,\"name\":\"Startseite\",\"item\":\"https:\/\/viapanacea.eu\/de\/\"},{\"@type\":\"ListItem\",\"position\":2,\"name\":\"Download\"}]},{\"@type\":\"WebSite\",\"@id\":\"https:\/\/viapanacea.eu\/de\/#website\",\"url\":\"https:\/\/viapanacea.eu\/de\/\",\"name\":\"Ihr Weg in die Gesundheit\",\"description\":\"Mit Ana Steindorff Pinheiro,    \u00c4rztin f\u00fcr eine nachhaltige Gesundheit mit Lebensstilmedizin und pflanzenbasierter Ern\u00e4hrungsmedizin\",\"publisher\":{\"@id\":\"https:\/\/viapanacea.eu\/de\/#\/schema\/person\/e2154f437e17d2145bf616a345690b03\"},\"potentialAction\":[{\"@type\":\"SearchAction\",\"target\":{\"@type\":\"EntryPoint\",\"urlTemplate\":\"https:\/\/viapanacea.eu\/de\/?s={search_term_string}\"},\"query-input\":{\"@type\":\"PropertyValueSpecification\",\"valueRequired\":true,\"valueName\":\"search_term_string\"}}],\"inLanguage\":\"de\"},{\"@type\":[\"Person\",\"Organization\"],\"@id\":\"https:\/\/viapanacea.eu\/de\/#\/schema\/person\/e2154f437e17d2145bf616a345690b03\",\"name\":\"ana\",\"image\":{\"@type\":\"ImageObject\",\"inLanguage\":\"de\",\"@id\":\"https:\/\/viapanacea.eu\/de\/#\/schema\/person\/image\/\",\"url\":\"https:\/\/i0.wp.com\/viapanacea.eu\/de\/wp-content\/uploads\/2020\/04\/cropped-Viapanacea.png?fit=250%2C250&ssl=1\",\"contentUrl\":\"https:\/\/i0.wp.com\/viapanacea.eu\/de\/wp-content\/uploads\/2020\/04\/cropped-Viapanacea.png?fit=250%2C250&ssl=1\",\"width\":250,\"height\":250,\"caption\":\"ana\"},\"logo\":{\"@id\":\"https:\/\/viapanacea.eu\/de\/#\/schema\/person\/image\/\"}}]}<\/script>\n<!-- \/ Yoast SEO plugin. -->","yoast_head_json":{"title":"Download - Ihr Weg in die Gesundheit","robots":{"index":"index","follow":"follow","max-snippet":"max-snippet:-1","max-image-preview":"max-image-preview:large","max-video-preview":"max-video-preview:-1"},"canonical":"https:\/\/viapanacea.eu\/de\/download\/","og_locale":"de_DE","og_type":"article","og_title":"Download - Ihr Weg in die Gesundheit","og_description":"Ern\u00e4hrungstagebuch Zu Ihrer Information bitte im Netz suchen: &#8222;Abrechnung und Codierung in der ambulanten Ern\u00e4hrungsmedizin&#8220;(schon die Zusammenfassung (geb\u00fchrenfrei) erkl\u00e4rt grob den aktuellen Stand) &#8222;Selbst zahlen? Ein Ratgeber zu individuellen Gesundheitsleistungen (IGeL) f\u00fcr Patientinnen und Patienten sowie \u00c4rztinnen und \u00c4rzte&#8220; \u00a0&#8222;IGeL-DEGAM_Positionspapier&#8220; &#8222;IGeL-Monitor&#8220;","og_url":"https:\/\/viapanacea.eu\/de\/download\/","og_site_name":"Ihr Weg in die Gesundheit","article_modified_time":"2019-05-05T16:23:59+00:00","twitter_card":"summary_large_image","schema":{"@context":"https:\/\/schema.org","@graph":[{"@type":"WebPage","@id":"https:\/\/viapanacea.eu\/de\/download\/","url":"https:\/\/viapanacea.eu\/de\/download\/","name":"Download - Ihr Weg in die Gesundheit","isPartOf":{"@id":"https:\/\/viapanacea.eu\/de\/#website"},"datePublished":"2017-08-30T11:12:18+00:00","dateModified":"2019-05-05T16:23:59+00:00","breadcrumb":{"@id":"https:\/\/viapanacea.eu\/de\/download\/#breadcrumb"},"inLanguage":"de","potentialAction":[{"@type":"ReadAction","target":["https:\/\/viapanacea.eu\/de\/download\/"]}]},{"@type":"BreadcrumbList","@id":"https:\/\/viapanacea.eu\/de\/download\/#breadcrumb","itemListElement":[{"@type":"ListItem","position":1,"name":"Startseite","item":"https:\/\/viapanacea.eu\/de\/"},{"@type":"ListItem","position":2,"name":"Download"}]},{"@type":"WebSite","@id":"https:\/\/viapanacea.eu\/de\/#website","url":"https:\/\/viapanacea.eu\/de\/","name":"Ihr Weg in die Gesundheit","description":"Mit Ana Steindorff Pinheiro,    \u00c4rztin f\u00fcr eine nachhaltige Gesundheit mit Lebensstilmedizin und pflanzenbasierter Ern\u00e4hrungsmedizin","publisher":{"@id":"https:\/\/viapanacea.eu\/de\/#\/schema\/person\/e2154f437e17d2145bf616a345690b03"},"potentialAction":[{"@type":"SearchAction","target":{"@type":"EntryPoint","urlTemplate":"https:\/\/viapanacea.eu\/de\/?s={search_term_string}"},"query-input":{"@type":"PropertyValueSpecification","valueRequired":true,"valueName":"search_term_string"}}],"inLanguage":"de"},{"@type":["Person","Organization"],"@id":"https:\/\/viapanacea.eu\/de\/#\/schema\/person\/e2154f437e17d2145bf616a345690b03","name":"ana","image":{"@type":"ImageObject","inLanguage":"de","@id":"https:\/\/viapanacea.eu\/de\/#\/schema\/person\/image\/","url":"https:\/\/i0.wp.com\/viapanacea.eu\/de\/wp-content\/uploads\/2020\/04\/cropped-Viapanacea.png?fit=250%2C250&ssl=1","contentUrl":"https:\/\/i0.wp.com\/viapanacea.eu\/de\/wp-content\/uploads\/2020\/04\/cropped-Viapanacea.png?fit=250%2C250&ssl=1","width":250,"height":250,"caption":"ana"},"logo":{"@id":"https:\/\/viapanacea.eu\/de\/#\/schema\/person\/image\/"}}]}},"jetpack_sharing_enabled":true,"jetpack_shortlink":"https:\/\/wp.me\/PaVfju-50","_links":{"self":[{"href":"https:\/\/viapanacea.eu\/de\/wp-json\/wp\/v2\/pages\/310","targetHints":{"allow":["GET"]}}],"collection":[{"href":"https:\/\/viapanacea.eu\/de\/wp-json\/wp\/v2\/pages"}],"about":[{"href":"https:\/\/viapanacea.eu\/de\/wp-json\/wp\/v2\/types\/page"}],"author":[{"embeddable":true,"href":"https:\/\/viapanacea.eu\/de\/wp-json\/wp\/v2\/users\/1"}],"replies":[{"embeddable":true,"href":"https:\/\/viapanacea.eu\/de\/wp-json\/wp\/v2\/comments?post=310"}],"version-history":[{"count":15,"href":"https:\/\/viapanacea.eu\/de\/wp-json\/wp\/v2\/pages\/310\/revisions"}],"predecessor-version":[{"id":1043,"href":"https:\/\/viapanacea.eu\/de\/wp-json\/wp\/v2\/pages\/310\/revisions\/1043"}],"wp:attachment":[{"href":"https:\/\/viapanacea.eu\/de\/wp-json\/wp\/v2\/media?parent=310"}],"curies":[{"name":"wp","href":"https:\/\/api.w.org\/{rel}","templated":true}]}}