{"id":330,"date":"2017-08-30T16:20:35","date_gmt":"2017-08-30T14:20:35","guid":{"rendered":"http:\/\/viapanacea.eu\/?page_id=330"},"modified":"2019-03-11T18:48:09","modified_gmt":"2019-03-11T17:48:09","slug":"buecher","status":"publish","type":"page","link":"https:\/\/viapanacea.eu\/de\/buecher\/","title":{"rendered":"B\u00fccher"},"content":{"rendered":"<p>\u00a0<\/p>\n<p>Leider sind nicht alle B\u00fccher auf deutscher Sprache verf\u00fcgbar. Manche Autoren haben viele interessante B\u00fccher geschrieben, es lohnt sich weiterzusuchen.<\/p>\n<h2>1. Ern\u00e4hrung<\/h2>\n<ul>\n<li>David L. Katz 2018:&#8220;The Truth About Food: Why Pandas Eat Bamboo and People get Bambooled.&#8220;<\/li>\n<li>Dean Ornish, 2018: &#8222;Undo It!: How simple Lifestyle Changes Can Reverse Most Chronic Diseases.&#8220;<\/li>\n<li>Michael Greger, 2015: &#8222;<em>How not to Die<\/em>: Entdecken Sie Nahrungsmittel, die Ihr Leben verl\u00e4ngern &#8211; und bewiesenerma\u00dfen Krankheiten vorbeugen und heilen&#8220; &#8211; <em>&#8222;How not to Die: Discover the foods scientifically proven to prevent and reverse disease.&#8220;<\/em><\/li>\n<li>John McDougall, 2013: &#8222;Die High-Carb Di\u00e4t&#8220; &#8211; <em>&#8222;The Starch Solution&#8220;<\/em><\/li>\n<li>Richard Wrangham, 2009: &#8222;Feuer Fangen: Wie uns das Kochen zum Menschen machte &#8211; eine neue Theorie der menschlichen Evolution.&#8220;;\u00a0 &#8222;Catching Fire: How cooking made us human.&#8220;<\/li>\n<li>Caldwell B. Esselstyn Jr., 2008: &#8222;Essen gegen Herzinfarkt. Das revolution\u00e4re Ern\u00e4hrungskonzept.&#8220; &#8211; <em>&#8222;Prevent and Reverse Heart Disease: The Revolutionary, Scientifically Proven, Nutrition-Based Cure&#8220;<\/em><\/li>\n<li>Neal Barnard, 2008: &#8222;Dr Barnards revolution\u00e4re Methode gegen Diabetes: Diabetes heilen ohne Medikamente &#8211; wissenschaftlich bewiesen&#8220; &#8211; <em>&#8222;Dr. Neal Barnard&#8217;s Program for Reversing Diabetes: The Scientifically Proven System for Reversing Diabetes without Drugs&#8220;<\/em><\/li>\n<li>T. Colin Campbell, 2006: &#8222;Die China Study: pflanzenbasierte Ern\u00e4hrung und ihre wissenschaftliche Begr\u00fcndung.&#8220; &#8211;<em> &#8222;The China Study: The most comprehensive study of nutrition ever conducted and the startling implications for diet, weight loss and long-term health.&#8220;<\/em><\/li>\n<li>Douglas Lisle &amp; Alan Goldhamer, 2003: &#8220; Die Lustfalle.&#8220; &#8211; &#8222;The pleasure trap.&#8220;<\/li>\n<li>Roy Swank, 1998: <em>&#8222;The Multiple Sclerosis Diet Book: A Low-Fat Diet for the Treatment of MS&#8220;<\/em><\/li>\n<li>Dean Ornish, 1995: &#8222;Revolution in der Herztherapie: der Weg zur vollkommenen Gesundheit&#8220; &#8211; <em>&#8222;Dr Dean Ornish&#8217;s Program for Reversing Heart Disease: The Only System Scientifically Proven to Reverse Heart Disease Without Drugs or Surgery.&#8220;<\/em><\/li>\n<li>Nathan Pritikin, 1981: &#8222;Das Pritikin Programm. Die weltbekannte erfolgreiche Pritikin Di\u00e4t, um schlank gesund und fit zu sein.&#8220; &#8211; <em>&#8222;Pritikin Program for Diet and Exercise&#8220;<\/em><\/li>\n<li>Denis Burkitt, 1979: &#8222;Gesund leben mit Ballaststoffen. Ein Beitrag zur Verhinderung vieler Zivilisationskrankheiten&#8220;\u00a0&#8211; &#8222;<em>Don&#8217;t forget Fibre in your Diet: To help avoid many of our commonest diseases.&#8220;<\/em><\/li>\n<\/ul>\n<h2>2. Medizin und Statistik<\/h2>\n<ul>\n<li>Peter G\u00f8tzsche, 2015: &#8222;T\u00f6dliche Psychopharmaka und organisiertes Leugnen.&#8220; &#8211; &#8222;Deadly Psychiatry and organised denial.&#8220;<\/li>\n<li>H. Gilbert Welch, 2015: &#8222;Less Medicine, more Health. 7 Assumptions that drive too much medical care.&#8220;<\/li>\n<li>Natalie Grams, 2015: &#8222;Hom\u00f6opathie neu gedacht: Was Patienten wirklich hilft.&#8220;<\/li>\n<li>Peter G\u00f8tzsche, 2013: &#8222;T\u00f6dliche Medizin und organisierte Kriminalit\u00e4t.&#8220; &#8211; &#8222;Deadly medicines and organised crime. How big pharma has corrupted healthcare.&#8220;<\/li>\n<li>Peter G\u00f8tzsche, 2012: &#8222;Mammography screening: Truth, Lies and Controversy.&#8220;<\/li>\n<li>H. Gilbert Welch, 2011: &#8222;Die Diagnose Falle &#8211; Wie Gesunde zu Kranke erkl\u00e4rt werden.&#8220;Overdiagnosed. Making people sick in the pursuit of health&#8220;<\/li>\n<li>H. Gilbert Welch, 2006: &#8222;Should I get tested for cancer? Maybe not and here is why.&#8220;<\/li>\n<li>Barbara Starfield, 1998: &#8222;Primary Care &#8211; Balancing Health Needs, Services and Technology&#8220;<\/li>\n<\/ul>\n<h2>3. Gesunde Baubiologie<\/h2>\n<ul>\n<li>Edward Mazria, 1979: &#8222;A Complete Guide to Passive Solar Home, Greenhouse and Building Design.&#8220;<\/li>\n<li>Alfred Eisenschink, 1990: &#8222;Falsch geheizt ist halb gestorben. Gesundheit und Rat f\u00fcr Millionen.&#8220;<\/li>\n<li><span class=\"a-size-small a-color-secondary\">Ianto Evans, 2002: &#8222;The Hand-Sculpted House: A Practical and Philosophical Guide to Building a Cob Cottage: The Real Goods Solar Living Book.&#8220;<\/span><\/li>\n<li>Alfred Eisenschink, 2004: &#8222;Die krankmachende \u00d6kofalle. Verordnete Irrwege und der Ausweg.&#8220;<\/li>\n<li>Claus Meier, 2011: &#8222;Energie sparen am Geb\u00e4ude: Thesen und Pseudothesen &#8211; Wissen contra Argumentenschwindel.&#8220;<\/li>\n<li>Claus Meier, 2014: &#8222;Ph\u00e4nomen Strahlungsheizung: Ein humanes Heizsystem wird rehabilitiert.&#8220;<\/li>\n<\/ul>\n\n\n<div class=\"wp-block-button aligncenter is-style-outline is-style-outline--1\"><a class=\"wp-block-button__link has-text-color has-very-light-gray-color has-background\" href=\"http:\/\/viapanacea.eu\/de\/termin-vereinbaren\/T\" style=\"background-color:#398f3f\">Vereinbaren Sie jetzt ein Termin<br><\/a><\/div>\n","protected":false},"excerpt":{"rendered":"<p>\u00a0 Leider sind nicht alle B\u00fccher auf deutscher Sprache verf\u00fcgbar. Manche Autoren haben viele interessante B\u00fccher geschrieben, es lohnt sich weiterzusuchen. 1. Ern\u00e4hrung David L. Katz 2018:&#8220;The Truth About Food: Why Pandas Eat Bamboo and People get Bambooled.&#8220; Dean Ornish, 2018: &#8222;Undo It!: How simple Lifestyle Changes Can Reverse Most Chronic Diseases.&#8220; Michael Greger, 2015: &hellip; <\/p>\n<p class=\"link-more\"><a href=\"https:\/\/viapanacea.eu\/de\/buecher\/\" class=\"more-link\"><span class=\"screen-reader-text\">\u201eB\u00fccher\u201c <\/span>weiterlesen<\/a><\/p>\n","protected":false},"author":1,"featured_media":0,"parent":0,"menu_order":0,"comment_status":"closed","ping_status":"closed","template":"","meta":{"jetpack_post_was_ever_published":false,"footnotes":""},"class_list":["post-330","page","type-page","status-publish","hentry"],"yoast_head":"<!-- This site is optimized with the Yoast SEO plugin v26.6 - https:\/\/yoast.com\/wordpress\/plugins\/seo\/ -->\n<title>B\u00fccher - Ihr Weg in die Gesundheit<\/title>\n<meta name=\"robots\" content=\"index, follow, max-snippet:-1, max-image-preview:large, max-video-preview:-1\" \/>\n<link rel=\"canonical\" href=\"https:\/\/viapanacea.eu\/de\/buecher\/\" \/>\n<meta property=\"og:locale\" content=\"de_DE\" \/>\n<meta property=\"og:type\" content=\"article\" \/>\n<meta property=\"og:title\" content=\"B\u00fccher - Ihr Weg in die Gesundheit\" \/>\n<meta property=\"og:description\" content=\"\u00a0 Leider sind nicht alle B\u00fccher auf deutscher Sprache verf\u00fcgbar. Manche Autoren haben viele interessante B\u00fccher geschrieben, es lohnt sich weiterzusuchen. 1. Ern\u00e4hrung David L. Katz 2018:&#8220;The Truth About Food: Why Pandas Eat Bamboo and People get Bambooled.&#8220; Dean Ornish, 2018: &#8222;Undo It!: How simple Lifestyle Changes Can Reverse Most Chronic Diseases.&#8220; Michael Greger, 2015: &hellip; \u201eB\u00fccher\u201c weiterlesen\" \/>\n<meta property=\"og:url\" content=\"https:\/\/viapanacea.eu\/de\/buecher\/\" \/>\n<meta property=\"og:site_name\" content=\"Ihr Weg in die Gesundheit\" \/>\n<meta property=\"article:modified_time\" content=\"2019-03-11T17:48:09+00:00\" \/>\n<meta name=\"twitter:card\" content=\"summary_large_image\" \/>\n<meta name=\"twitter:label1\" content=\"Gesch\u00e4tzte Lesezeit\" \/>\n\t<meta name=\"twitter:data1\" content=\"3\u00a0Minuten\" \/>\n<script type=\"application\/ld+json\" class=\"yoast-schema-graph\">{\"@context\":\"https:\/\/schema.org\",\"@graph\":[{\"@type\":\"WebPage\",\"@id\":\"https:\/\/viapanacea.eu\/de\/buecher\/\",\"url\":\"https:\/\/viapanacea.eu\/de\/buecher\/\",\"name\":\"B\u00fccher - Ihr Weg in die Gesundheit\",\"isPartOf\":{\"@id\":\"https:\/\/viapanacea.eu\/de\/#website\"},\"datePublished\":\"2017-08-30T14:20:35+00:00\",\"dateModified\":\"2019-03-11T17:48:09+00:00\",\"breadcrumb\":{\"@id\":\"https:\/\/viapanacea.eu\/de\/buecher\/#breadcrumb\"},\"inLanguage\":\"de\",\"potentialAction\":[{\"@type\":\"ReadAction\",\"target\":[\"https:\/\/viapanacea.eu\/de\/buecher\/\"]}]},{\"@type\":\"BreadcrumbList\",\"@id\":\"https:\/\/viapanacea.eu\/de\/buecher\/#breadcrumb\",\"itemListElement\":[{\"@type\":\"ListItem\",\"position\":1,\"name\":\"Startseite\",\"item\":\"https:\/\/viapanacea.eu\/de\/\"},{\"@type\":\"ListItem\",\"position\":2,\"name\":\"B\u00fccher\"}]},{\"@type\":\"WebSite\",\"@id\":\"https:\/\/viapanacea.eu\/de\/#website\",\"url\":\"https:\/\/viapanacea.eu\/de\/\",\"name\":\"Ihr Weg in die Gesundheit\",\"description\":\"Mit Ana Steindorff Pinheiro,    \u00c4rztin f\u00fcr eine nachhaltige Gesundheit mit Lebensstilmedizin und pflanzenbasierter Ern\u00e4hrungsmedizin\",\"publisher\":{\"@id\":\"https:\/\/viapanacea.eu\/de\/#\/schema\/person\/e2154f437e17d2145bf616a345690b03\"},\"potentialAction\":[{\"@type\":\"SearchAction\",\"target\":{\"@type\":\"EntryPoint\",\"urlTemplate\":\"https:\/\/viapanacea.eu\/de\/?s={search_term_string}\"},\"query-input\":{\"@type\":\"PropertyValueSpecification\",\"valueRequired\":true,\"valueName\":\"search_term_string\"}}],\"inLanguage\":\"de\"},{\"@type\":[\"Person\",\"Organization\"],\"@id\":\"https:\/\/viapanacea.eu\/de\/#\/schema\/person\/e2154f437e17d2145bf616a345690b03\",\"name\":\"ana\",\"image\":{\"@type\":\"ImageObject\",\"inLanguage\":\"de\",\"@id\":\"https:\/\/viapanacea.eu\/de\/#\/schema\/person\/image\/\",\"url\":\"https:\/\/i0.wp.com\/viapanacea.eu\/de\/wp-content\/uploads\/2020\/04\/cropped-Viapanacea.png?fit=250%2C250&ssl=1\",\"contentUrl\":\"https:\/\/i0.wp.com\/viapanacea.eu\/de\/wp-content\/uploads\/2020\/04\/cropped-Viapanacea.png?fit=250%2C250&ssl=1\",\"width\":250,\"height\":250,\"caption\":\"ana\"},\"logo\":{\"@id\":\"https:\/\/viapanacea.eu\/de\/#\/schema\/person\/image\/\"}}]}<\/script>\n<!-- \/ Yoast SEO plugin. -->","yoast_head_json":{"title":"B\u00fccher - Ihr Weg in die Gesundheit","robots":{"index":"index","follow":"follow","max-snippet":"max-snippet:-1","max-image-preview":"max-image-preview:large","max-video-preview":"max-video-preview:-1"},"canonical":"https:\/\/viapanacea.eu\/de\/buecher\/","og_locale":"de_DE","og_type":"article","og_title":"B\u00fccher - Ihr Weg in die Gesundheit","og_description":"\u00a0 Leider sind nicht alle B\u00fccher auf deutscher Sprache verf\u00fcgbar. Manche Autoren haben viele interessante B\u00fccher geschrieben, es lohnt sich weiterzusuchen. 1. Ern\u00e4hrung David L. Katz 2018:&#8220;The Truth About Food: Why Pandas Eat Bamboo and People get Bambooled.&#8220; Dean Ornish, 2018: &#8222;Undo It!: How simple Lifestyle Changes Can Reverse Most Chronic Diseases.&#8220; Michael Greger, 2015: &hellip; \u201eB\u00fccher\u201c weiterlesen","og_url":"https:\/\/viapanacea.eu\/de\/buecher\/","og_site_name":"Ihr Weg in die Gesundheit","article_modified_time":"2019-03-11T17:48:09+00:00","twitter_card":"summary_large_image","twitter_misc":{"Gesch\u00e4tzte Lesezeit":"3\u00a0Minuten"},"schema":{"@context":"https:\/\/schema.org","@graph":[{"@type":"WebPage","@id":"https:\/\/viapanacea.eu\/de\/buecher\/","url":"https:\/\/viapanacea.eu\/de\/buecher\/","name":"B\u00fccher - Ihr Weg in die Gesundheit","isPartOf":{"@id":"https:\/\/viapanacea.eu\/de\/#website"},"datePublished":"2017-08-30T14:20:35+00:00","dateModified":"2019-03-11T17:48:09+00:00","breadcrumb":{"@id":"https:\/\/viapanacea.eu\/de\/buecher\/#breadcrumb"},"inLanguage":"de","potentialAction":[{"@type":"ReadAction","target":["https:\/\/viapanacea.eu\/de\/buecher\/"]}]},{"@type":"BreadcrumbList","@id":"https:\/\/viapanacea.eu\/de\/buecher\/#breadcrumb","itemListElement":[{"@type":"ListItem","position":1,"name":"Startseite","item":"https:\/\/viapanacea.eu\/de\/"},{"@type":"ListItem","position":2,"name":"B\u00fccher"}]},{"@type":"WebSite","@id":"https:\/\/viapanacea.eu\/de\/#website","url":"https:\/\/viapanacea.eu\/de\/","name":"Ihr Weg in die Gesundheit","description":"Mit Ana Steindorff Pinheiro,    \u00c4rztin f\u00fcr eine nachhaltige Gesundheit mit Lebensstilmedizin und pflanzenbasierter Ern\u00e4hrungsmedizin","publisher":{"@id":"https:\/\/viapanacea.eu\/de\/#\/schema\/person\/e2154f437e17d2145bf616a345690b03"},"potentialAction":[{"@type":"SearchAction","target":{"@type":"EntryPoint","urlTemplate":"https:\/\/viapanacea.eu\/de\/?s={search_term_string}"},"query-input":{"@type":"PropertyValueSpecification","valueRequired":true,"valueName":"search_term_string"}}],"inLanguage":"de"},{"@type":["Person","Organization"],"@id":"https:\/\/viapanacea.eu\/de\/#\/schema\/person\/e2154f437e17d2145bf616a345690b03","name":"ana","image":{"@type":"ImageObject","inLanguage":"de","@id":"https:\/\/viapanacea.eu\/de\/#\/schema\/person\/image\/","url":"https:\/\/i0.wp.com\/viapanacea.eu\/de\/wp-content\/uploads\/2020\/04\/cropped-Viapanacea.png?fit=250%2C250&ssl=1","contentUrl":"https:\/\/i0.wp.com\/viapanacea.eu\/de\/wp-content\/uploads\/2020\/04\/cropped-Viapanacea.png?fit=250%2C250&ssl=1","width":250,"height":250,"caption":"ana"},"logo":{"@id":"https:\/\/viapanacea.eu\/de\/#\/schema\/person\/image\/"}}]}},"jetpack_sharing_enabled":true,"jetpack_shortlink":"https:\/\/wp.me\/PaVfju-5k","_links":{"self":[{"href":"https:\/\/viapanacea.eu\/de\/wp-json\/wp\/v2\/pages\/330","targetHints":{"allow":["GET"]}}],"collection":[{"href":"https:\/\/viapanacea.eu\/de\/wp-json\/wp\/v2\/pages"}],"about":[{"href":"https:\/\/viapanacea.eu\/de\/wp-json\/wp\/v2\/types\/page"}],"author":[{"embeddable":true,"href":"https:\/\/viapanacea.eu\/de\/wp-json\/wp\/v2\/users\/1"}],"replies":[{"embeddable":true,"href":"https:\/\/viapanacea.eu\/de\/wp-json\/wp\/v2\/comments?post=330"}],"version-history":[{"count":34,"href":"https:\/\/viapanacea.eu\/de\/wp-json\/wp\/v2\/pages\/330\/revisions"}],"predecessor-version":[{"id":989,"href":"https:\/\/viapanacea.eu\/de\/wp-json\/wp\/v2\/pages\/330\/revisions\/989"}],"wp:attachment":[{"href":"https:\/\/viapanacea.eu\/de\/wp-json\/wp\/v2\/media?parent=330"}],"curies":[{"name":"wp","href":"https:\/\/api.w.org\/{rel}","templated":true}]}}