{"id":54,"date":"2017-07-22T22:46:50","date_gmt":"2017-07-22T20:46:50","guid":{"rendered":"http:\/\/www.viapanacea.eu\/?page_id=54"},"modified":"2019-12-10T11:57:33","modified_gmt":"2019-12-10T10:57:33","slug":"ueber-mich","status":"publish","type":"page","link":"https:\/\/viapanacea.eu\/de\/ueber-mich\/","title":{"rendered":"\u00dcber mich"},"content":{"rendered":"<p><img data-recalc-dims=\"1\" loading=\"lazy\" decoding=\"async\" class=\"aligncenter wp-image-118 size-full\" src=\"https:\/\/i0.wp.com\/www.viapanacea.eu\/wp-content\/uploads\/2017\/07\/anamedica.jpg?resize=525%2C367\" alt=\"Ana Steindorff Pinheiro\" width=\"525\" height=\"367\" srcset=\"https:\/\/i0.wp.com\/viapanacea.eu\/de\/wp-content\/uploads\/2017\/07\/anamedica.jpg?w=894&amp;ssl=1 894w, https:\/\/i0.wp.com\/viapanacea.eu\/de\/wp-content\/uploads\/2017\/07\/anamedica.jpg?resize=300%2C210&amp;ssl=1 300w, https:\/\/i0.wp.com\/viapanacea.eu\/de\/wp-content\/uploads\/2017\/07\/anamedica.jpg?resize=768%2C537&amp;ssl=1 768w\" sizes=\"auto, (max-width: 767px) 89vw, (max-width: 1000px) 54vw, (max-width: 1071px) 543px, 580px\" \/><\/p>\n<p><span lang=\"DE\">Ich bin \u00c4rztin seit \u00fcber 15 Jahren.<\/span><\/p>\n<table>\n<tbody>\n<tr>\n<td><a class=\"custom__button custom__button__size__small custom__margin__right__xl\" href=\"http:\/\/www.viapanacea.eu\/ueber-mich\/lebenslauf\/\">Kurzer Lebenslauf <\/a><\/td>\n<td><img data-recalc-dims=\"1\" loading=\"lazy\" decoding=\"async\" class=\"alignright wp-image-705 size-full\" src=\"https:\/\/i0.wp.com\/viapanacea.eu\/de\/wp-content\/uploads\/2018\/02\/graduate-badge.png?resize=260%2C95\" alt=\"\" width=\"260\" height=\"95\" \/><\/td>\n<\/tr>\n<\/tbody>\n<\/table>\n<ul>\n<li style=\"text-align: left;\">Ich bin bei <a href=\"http:\/\/viapanacea.eu\/de\/wp-content\/uploads\/2017\/07\/Mezis-Plakat-print.pdf\">Mezis<\/a>.<span lang=\"DE\">\u00a0\u00a0\u00a0Initiative unbestechlicher \u00c4rztinnen und \u00c4rzte<\/span><\/li>\n<\/ul>\n<ul>\n<li><a href=\"http:\/\/aktion-pflanzenpower.de\/interview-ana-steindorff-pinheiro\/\" target=\"_blank\" rel=\"noopener noreferrer\">Interview<\/a>\u00a0\u00a0 f\u00fcr den Vegetarier Bund \u00fcber Vegan-Vegetarische Ern\u00e4hrung bei Schwangeren, Stillenden und Kinder<\/li>\n<\/ul>\n<ul>\n<li>Ich habe die <a href=\"http:\/\/www.truehealthinitiative.org\/\" target=\"_blank\" rel=\"noopener noreferrer\">True Health Initiative<\/a> (Initiative f\u00fcr Gesundheitsinformation\u00a0&#8211; wissenschaftlich basiert und\u00a0\u00f6konomisch unabh\u00e4ngig ) unterschrieben.<\/li>\n<\/ul>\n<p><span lang=\"DE\">Ich praktizierte Medizin in Deutschland, Portugal, Irland, Frankreich, S\u00fcd Afrika und Mosambik. In dieser Zeit und in diesen vielen L\u00e4ndern habe ich die\u00a0 vielen Seiten der Medizin kennengelernt.<\/span><\/p>\n<p><span lang=\"DE\">Als junge \u00c4rztin war ich abgeschreckt von den chronischen Krankheiten: die Medizin hatte so wenig zu bieten &#8211; immerhin hei\u00dfen sie chronisch, weil sie unheilbar sind. Tabletten verschreiben und die immer kr\u00e4nkeren Patienten besuchen war traurig und aussichtslos. Deshalb und nach ein paar Notf\u00e4llen die ich noch besser meistern wollte, wurde ich Fach\u00e4rztin f\u00fcr An\u00e4sthesie und Not\u00e4rztin. Ich k\u00fcmmerte mich haupts\u00e4chlich und am Liebsten um Notf\u00e4lle und schnelle intensive Behandlung. Besonders bei Unf\u00e4llen ist die westliche hochtechnisierte Medizin unschlagbar erfolgreich. Patienten retten in dieser Situation ist eine sehr bereichernde Erfahrung gewesen.<\/span><\/p>\n<p><span lang=\"DE\">Dann kamen die Erfahrungen mit der Medizin als Wirtschaft. Die \u00f6konomischen Interessen der Medizin werden immer wichtiger und scheinen ein unaufhaltsamer &#8222;Fortschritt&#8220; zu sein. Gleichzeitig lernte ich erstmals aus Zufall die Erfolge in der Ern\u00e4hrungsmedizin kennen. Ern\u00e4hrungsmedizin&#8230; erfolgreich und wegen fehlender Wirtschaftlichkeit ein kaum benutzter Zweig der Medizin. <\/span><\/p>\n<p><span lang=\"DE\">Wissenschaftlich und Pr\u00e4zise, und doch gleichzeitig Ganzheitlich und Menschlich. Begeistert lernte ich dieses Gebiet der Medizin kennen und spezialisiere mich seit dem besonders auf pflanzlichbasierte Ern\u00e4hrungsmedizin.<\/span><\/p>\n<p><span lang=\"DE\">In diesem Zuge begann ein neuer Anfang: 2015 die Weiterbildung in Allgemeinmedizin.<\/span><\/p>\n\n\n<h1 class=\"wp-block-heading\">Medizin:<\/h1>\n\n\n\n<p>Menschlich, Wissenschaftlich basiert, unabh\u00e4ngig von \nPharmaindustriedruck und \u00f6konomischen Druck. Ohne Marketingfallen. Die \nErfolge sprechen f\u00fcr sich.<\/p>\n\n\n\n<p>Die Wahrheit, so wie sie ist. Meistens einfach und ohne Wunderpillen, erfordert Arbeit vom Arzt und vom Patienten.<\/p>\n\n\n\n<p>Chronische Krankheiten passieren nicht einfach so. Ich suche nach der\n Ursache, wir beheben diese durch eine Ver\u00e4nderung der Lebensf\u00fchrung und\n Ern\u00e4hrung, so dass eine Linderung m\u00f6glich wird.<\/p>\n\n\n\n<h1 class=\"wp-block-heading\">Grunds\u00e4tze:<\/h1>\n\n\n\n<p>Freiheit, Freiwilligkeit, Gleichberechtigung, Gerechtigkeit, Ehrlichkeit, Wahrheit.<\/p>\n\n\n\n<p>Selbstbestimmung, Selbstverantwortung.<\/p>\n\n\n\n<p>Natur. Ich bin Natur, die Natur bin ich.<\/p>\n\n\n\n<p>Lebenszyklus, Alles ist im Kreislauf der Natur, es gibt kein Abfall.<\/p>\n\n\n\n<div class=\"wp-block-button aligncenter is-style-outline is-style-outline--1\"><a class=\"wp-block-button__link has-text-color has-very-light-gray-color has-background\" href=\"http:\/\/viapanacea.eu\/de\/termin-vereinbaren\/T\" style=\"background-color:#398f3f\">Vereinbaren Sie jetzt ein Termin<br><\/a><\/div>\n","protected":false},"excerpt":{"rendered":"<p>Ich bin \u00c4rztin seit \u00fcber 15 Jahren. Kurzer Lebenslauf Ich bin bei Mezis.\u00a0\u00a0\u00a0Initiative unbestechlicher \u00c4rztinnen und \u00c4rzte Interview\u00a0\u00a0 f\u00fcr den Vegetarier Bund \u00fcber Vegan-Vegetarische Ern\u00e4hrung bei Schwangeren, Stillenden und Kinder Ich habe die True Health Initiative (Initiative f\u00fcr Gesundheitsinformation\u00a0&#8211; wissenschaftlich basiert und\u00a0\u00f6konomisch unabh\u00e4ngig ) unterschrieben. Ich praktizierte Medizin in Deutschland, Portugal, Irland, Frankreich, S\u00fcd Afrika &hellip; <\/p>\n<p class=\"link-more\"><a href=\"https:\/\/viapanacea.eu\/de\/ueber-mich\/\" class=\"more-link\"><span class=\"screen-reader-text\">\u201e\u00dcber mich\u201c <\/span>weiterlesen<\/a><\/p>\n","protected":false},"author":1,"featured_media":0,"parent":0,"menu_order":2,"comment_status":"closed","ping_status":"closed","template":"","meta":{"jetpack_post_was_ever_published":false,"footnotes":""},"class_list":["post-54","page","type-page","status-publish","hentry"],"yoast_head":"<!-- This site is optimized with the Yoast SEO plugin v26.6 - https:\/\/yoast.com\/wordpress\/plugins\/seo\/ -->\n<title>\u00dcber mich - Ihr Weg in die Gesundheit<\/title>\n<meta name=\"robots\" content=\"index, follow, max-snippet:-1, max-image-preview:large, max-video-preview:-1\" \/>\n<link rel=\"canonical\" href=\"https:\/\/viapanacea.eu\/de\/ueber-mich\/\" \/>\n<meta property=\"og:locale\" content=\"de_DE\" \/>\n<meta property=\"og:type\" content=\"article\" \/>\n<meta property=\"og:title\" content=\"\u00dcber mich - Ihr Weg in die Gesundheit\" \/>\n<meta property=\"og:description\" content=\"Ich bin \u00c4rztin seit \u00fcber 15 Jahren. Kurzer Lebenslauf Ich bin bei Mezis.\u00a0\u00a0\u00a0Initiative unbestechlicher \u00c4rztinnen und \u00c4rzte Interview\u00a0\u00a0 f\u00fcr den Vegetarier Bund \u00fcber Vegan-Vegetarische Ern\u00e4hrung bei Schwangeren, Stillenden und Kinder Ich habe die True Health Initiative (Initiative f\u00fcr Gesundheitsinformation\u00a0&#8211; wissenschaftlich basiert und\u00a0\u00f6konomisch unabh\u00e4ngig ) unterschrieben. Ich praktizierte Medizin in Deutschland, Portugal, Irland, Frankreich, S\u00fcd Afrika &hellip; \u201e\u00dcber mich\u201c weiterlesen\" \/>\n<meta property=\"og:url\" content=\"https:\/\/viapanacea.eu\/de\/ueber-mich\/\" \/>\n<meta property=\"og:site_name\" content=\"Ihr Weg in die Gesundheit\" \/>\n<meta property=\"article:modified_time\" content=\"2019-12-10T10:57:33+00:00\" \/>\n<meta property=\"og:image\" content=\"http:\/\/www.viapanacea.eu\/wp-content\/uploads\/2017\/07\/anamedica.jpg\" \/>\n<meta name=\"twitter:card\" content=\"summary_large_image\" \/>\n<meta name=\"twitter:label1\" content=\"Gesch\u00e4tzte Lesezeit\" \/>\n\t<meta name=\"twitter:data1\" content=\"2\u00a0Minuten\" \/>\n<script type=\"application\/ld+json\" class=\"yoast-schema-graph\">{\"@context\":\"https:\/\/schema.org\",\"@graph\":[{\"@type\":\"WebPage\",\"@id\":\"https:\/\/viapanacea.eu\/de\/ueber-mich\/\",\"url\":\"https:\/\/viapanacea.eu\/de\/ueber-mich\/\",\"name\":\"\u00dcber mich - Ihr Weg in die Gesundheit\",\"isPartOf\":{\"@id\":\"https:\/\/viapanacea.eu\/de\/#website\"},\"primaryImageOfPage\":{\"@id\":\"https:\/\/viapanacea.eu\/de\/ueber-mich\/#primaryimage\"},\"image\":{\"@id\":\"https:\/\/viapanacea.eu\/de\/ueber-mich\/#primaryimage\"},\"thumbnailUrl\":\"http:\/\/www.viapanacea.eu\/wp-content\/uploads\/2017\/07\/anamedica.jpg\",\"datePublished\":\"2017-07-22T20:46:50+00:00\",\"dateModified\":\"2019-12-10T10:57:33+00:00\",\"breadcrumb\":{\"@id\":\"https:\/\/viapanacea.eu\/de\/ueber-mich\/#breadcrumb\"},\"inLanguage\":\"de\",\"potentialAction\":[{\"@type\":\"ReadAction\",\"target\":[\"https:\/\/viapanacea.eu\/de\/ueber-mich\/\"]}]},{\"@type\":\"ImageObject\",\"inLanguage\":\"de\",\"@id\":\"https:\/\/viapanacea.eu\/de\/ueber-mich\/#primaryimage\",\"url\":\"http:\/\/www.viapanacea.eu\/wp-content\/uploads\/2017\/07\/anamedica.jpg\",\"contentUrl\":\"http:\/\/www.viapanacea.eu\/wp-content\/uploads\/2017\/07\/anamedica.jpg\"},{\"@type\":\"BreadcrumbList\",\"@id\":\"https:\/\/viapanacea.eu\/de\/ueber-mich\/#breadcrumb\",\"itemListElement\":[{\"@type\":\"ListItem\",\"position\":1,\"name\":\"Startseite\",\"item\":\"https:\/\/viapanacea.eu\/de\/\"},{\"@type\":\"ListItem\",\"position\":2,\"name\":\"\u00dcber mich\"}]},{\"@type\":\"WebSite\",\"@id\":\"https:\/\/viapanacea.eu\/de\/#website\",\"url\":\"https:\/\/viapanacea.eu\/de\/\",\"name\":\"Ihr Weg in die Gesundheit\",\"description\":\"Mit Ana Steindorff Pinheiro,    \u00c4rztin f\u00fcr eine nachhaltige Gesundheit mit Lebensstilmedizin und pflanzenbasierter Ern\u00e4hrungsmedizin\",\"publisher\":{\"@id\":\"https:\/\/viapanacea.eu\/de\/#\/schema\/person\/e2154f437e17d2145bf616a345690b03\"},\"potentialAction\":[{\"@type\":\"SearchAction\",\"target\":{\"@type\":\"EntryPoint\",\"urlTemplate\":\"https:\/\/viapanacea.eu\/de\/?s={search_term_string}\"},\"query-input\":{\"@type\":\"PropertyValueSpecification\",\"valueRequired\":true,\"valueName\":\"search_term_string\"}}],\"inLanguage\":\"de\"},{\"@type\":[\"Person\",\"Organization\"],\"@id\":\"https:\/\/viapanacea.eu\/de\/#\/schema\/person\/e2154f437e17d2145bf616a345690b03\",\"name\":\"ana\",\"image\":{\"@type\":\"ImageObject\",\"inLanguage\":\"de\",\"@id\":\"https:\/\/viapanacea.eu\/de\/#\/schema\/person\/image\/\",\"url\":\"https:\/\/i0.wp.com\/viapanacea.eu\/de\/wp-content\/uploads\/2020\/04\/cropped-Viapanacea.png?fit=250%2C250&ssl=1\",\"contentUrl\":\"https:\/\/i0.wp.com\/viapanacea.eu\/de\/wp-content\/uploads\/2020\/04\/cropped-Viapanacea.png?fit=250%2C250&ssl=1\",\"width\":250,\"height\":250,\"caption\":\"ana\"},\"logo\":{\"@id\":\"https:\/\/viapanacea.eu\/de\/#\/schema\/person\/image\/\"}}]}<\/script>\n<!-- \/ Yoast SEO plugin. -->","yoast_head_json":{"title":"\u00dcber mich - Ihr Weg in die Gesundheit","robots":{"index":"index","follow":"follow","max-snippet":"max-snippet:-1","max-image-preview":"max-image-preview:large","max-video-preview":"max-video-preview:-1"},"canonical":"https:\/\/viapanacea.eu\/de\/ueber-mich\/","og_locale":"de_DE","og_type":"article","og_title":"\u00dcber mich - Ihr Weg in die Gesundheit","og_description":"Ich bin \u00c4rztin seit \u00fcber 15 Jahren. Kurzer Lebenslauf Ich bin bei Mezis.\u00a0\u00a0\u00a0Initiative unbestechlicher \u00c4rztinnen und \u00c4rzte Interview\u00a0\u00a0 f\u00fcr den Vegetarier Bund \u00fcber Vegan-Vegetarische Ern\u00e4hrung bei Schwangeren, Stillenden und Kinder Ich habe die True Health Initiative (Initiative f\u00fcr Gesundheitsinformation\u00a0&#8211; wissenschaftlich basiert und\u00a0\u00f6konomisch unabh\u00e4ngig ) unterschrieben. Ich praktizierte Medizin in Deutschland, Portugal, Irland, Frankreich, S\u00fcd Afrika &hellip; \u201e\u00dcber mich\u201c weiterlesen","og_url":"https:\/\/viapanacea.eu\/de\/ueber-mich\/","og_site_name":"Ihr Weg in die Gesundheit","article_modified_time":"2019-12-10T10:57:33+00:00","og_image":[{"url":"http:\/\/www.viapanacea.eu\/wp-content\/uploads\/2017\/07\/anamedica.jpg","type":"","width":"","height":""}],"twitter_card":"summary_large_image","twitter_misc":{"Gesch\u00e4tzte Lesezeit":"2\u00a0Minuten"},"schema":{"@context":"https:\/\/schema.org","@graph":[{"@type":"WebPage","@id":"https:\/\/viapanacea.eu\/de\/ueber-mich\/","url":"https:\/\/viapanacea.eu\/de\/ueber-mich\/","name":"\u00dcber mich - Ihr Weg in die Gesundheit","isPartOf":{"@id":"https:\/\/viapanacea.eu\/de\/#website"},"primaryImageOfPage":{"@id":"https:\/\/viapanacea.eu\/de\/ueber-mich\/#primaryimage"},"image":{"@id":"https:\/\/viapanacea.eu\/de\/ueber-mich\/#primaryimage"},"thumbnailUrl":"http:\/\/www.viapanacea.eu\/wp-content\/uploads\/2017\/07\/anamedica.jpg","datePublished":"2017-07-22T20:46:50+00:00","dateModified":"2019-12-10T10:57:33+00:00","breadcrumb":{"@id":"https:\/\/viapanacea.eu\/de\/ueber-mich\/#breadcrumb"},"inLanguage":"de","potentialAction":[{"@type":"ReadAction","target":["https:\/\/viapanacea.eu\/de\/ueber-mich\/"]}]},{"@type":"ImageObject","inLanguage":"de","@id":"https:\/\/viapanacea.eu\/de\/ueber-mich\/#primaryimage","url":"http:\/\/www.viapanacea.eu\/wp-content\/uploads\/2017\/07\/anamedica.jpg","contentUrl":"http:\/\/www.viapanacea.eu\/wp-content\/uploads\/2017\/07\/anamedica.jpg"},{"@type":"BreadcrumbList","@id":"https:\/\/viapanacea.eu\/de\/ueber-mich\/#breadcrumb","itemListElement":[{"@type":"ListItem","position":1,"name":"Startseite","item":"https:\/\/viapanacea.eu\/de\/"},{"@type":"ListItem","position":2,"name":"\u00dcber mich"}]},{"@type":"WebSite","@id":"https:\/\/viapanacea.eu\/de\/#website","url":"https:\/\/viapanacea.eu\/de\/","name":"Ihr Weg in die Gesundheit","description":"Mit Ana Steindorff Pinheiro,    \u00c4rztin f\u00fcr eine nachhaltige Gesundheit mit Lebensstilmedizin und pflanzenbasierter Ern\u00e4hrungsmedizin","publisher":{"@id":"https:\/\/viapanacea.eu\/de\/#\/schema\/person\/e2154f437e17d2145bf616a345690b03"},"potentialAction":[{"@type":"SearchAction","target":{"@type":"EntryPoint","urlTemplate":"https:\/\/viapanacea.eu\/de\/?s={search_term_string}"},"query-input":{"@type":"PropertyValueSpecification","valueRequired":true,"valueName":"search_term_string"}}],"inLanguage":"de"},{"@type":["Person","Organization"],"@id":"https:\/\/viapanacea.eu\/de\/#\/schema\/person\/e2154f437e17d2145bf616a345690b03","name":"ana","image":{"@type":"ImageObject","inLanguage":"de","@id":"https:\/\/viapanacea.eu\/de\/#\/schema\/person\/image\/","url":"https:\/\/i0.wp.com\/viapanacea.eu\/de\/wp-content\/uploads\/2020\/04\/cropped-Viapanacea.png?fit=250%2C250&ssl=1","contentUrl":"https:\/\/i0.wp.com\/viapanacea.eu\/de\/wp-content\/uploads\/2020\/04\/cropped-Viapanacea.png?fit=250%2C250&ssl=1","width":250,"height":250,"caption":"ana"},"logo":{"@id":"https:\/\/viapanacea.eu\/de\/#\/schema\/person\/image\/"}}]}},"jetpack_sharing_enabled":true,"jetpack_shortlink":"https:\/\/wp.me\/PaVfju-S","_links":{"self":[{"href":"https:\/\/viapanacea.eu\/de\/wp-json\/wp\/v2\/pages\/54","targetHints":{"allow":["GET"]}}],"collection":[{"href":"https:\/\/viapanacea.eu\/de\/wp-json\/wp\/v2\/pages"}],"about":[{"href":"https:\/\/viapanacea.eu\/de\/wp-json\/wp\/v2\/types\/page"}],"author":[{"embeddable":true,"href":"https:\/\/viapanacea.eu\/de\/wp-json\/wp\/v2\/users\/1"}],"replies":[{"embeddable":true,"href":"https:\/\/viapanacea.eu\/de\/wp-json\/wp\/v2\/comments?post=54"}],"version-history":[{"count":48,"href":"https:\/\/viapanacea.eu\/de\/wp-json\/wp\/v2\/pages\/54\/revisions"}],"predecessor-version":[{"id":1116,"href":"https:\/\/viapanacea.eu\/de\/wp-json\/wp\/v2\/pages\/54\/revisions\/1116"}],"wp:attachment":[{"href":"https:\/\/viapanacea.eu\/de\/wp-json\/wp\/v2\/media?parent=54"}],"curies":[{"name":"wp","href":"https:\/\/api.w.org\/{rel}","templated":true}]}}