{"id":56,"date":"2017-07-22T23:07:04","date_gmt":"2017-07-22T21:07:04","guid":{"rendered":"http:\/\/www.viapanacea.eu\/?page_id=56"},"modified":"2019-05-05T19:24:44","modified_gmt":"2019-05-05T17:24:44","slug":"wer-profitiert","status":"publish","type":"page","link":"https:\/\/viapanacea.eu\/de\/wer-profitiert\/","title":{"rendered":"Wer profitiert"},"content":{"rendered":"<h2>Beratungen \u00fcber ein gesundes Lebensstil mit Schwerpunkt auf Ern\u00e4hrungsmedizin und Therapie<\/h2>\n<ul>\n<li>F\u00fcr ein langes gesundes Leben<\/li>\n<li>F\u00fcr Leistungssportler<\/li>\n<li>F\u00fcr \u00dcbergewichtige: um die Ursache, die wahren Risiken, und M\u00f6glichkeiten f\u00fcr Ver\u00e4nderung, alles ohne Angst vor Diskriminierung<\/li>\n<\/ul>\n<hr \/>\n<h2>Entw\u00f6hnungsberatung f\u00fcr:<\/h2>\n<ul>\n<li>Tabak<\/li>\n<li>Medikamente<\/li>\n<li>Psychopharmaka<\/li>\n<li>Schlaftabletten<\/li>\n<\/ul>\n<hr \/>\n<h2>F\u00fcr Menschen mit den folgenden Erkrankungen:<\/h2>\n<p><strong>Herz-Kreislauf-Erkrankungen durch Atherosklerose<\/strong>\u00a0 (Verstopfung der Gef\u00e4\u00dfe):<\/p>\n<ul>\n<li>Koronarer Herzkrankheit (Vorbeugung und Behandlung)<\/li>\n<li>Zustand nach Herzinfarkt<\/li>\n<\/ul>\n<p><strong>Metabolisches Syndrom<\/strong><\/p>\n<p><strong>Diabetes mellitus:<\/strong><\/p>\n<ul>\n<li>Diabetes Typ 1<\/li>\n<li>Diabetes Typ 2<\/li>\n<li>Schwangerschaftsdiabetes<\/li>\n<li>Pr\u00e4-Diabetes<\/li>\n<\/ul>\n<h4><strong>Magen- und Darmerkrankungen:<\/strong><\/h4>\n<ul>\n<li>Refluxkrankheit<\/li>\n<li>Divertikulose<\/li>\n<li>Entz\u00fcndliche Darmerkrankungen (M. Crohn, Colitis ulcerosa, Z\u00f6li\u00e4kie und Reizdarmsyndrom)<\/li>\n<li>Verstopfung<\/li>\n<\/ul>\n<p><strong>Behandlung von erh\u00f6hten:<\/strong>\u00a0(das hei\u00dft weniger Tabletten nehmen m\u00fcssen)<\/p>\n<ul>\n<li>Blutdruck<\/li>\n<li>Blutfette (Cholesterin, Triglyceride)<\/li>\n<li>Harns\u00e4ure<strong><br \/>\n<\/strong><\/li>\n<\/ul>\n<h4>Mitbehandlung bei Krebs:<\/h4>\n<p>Krebsarten mit eindeutig positive wissenschaftlich basierte Daten<\/p>\n<ul>\n<li>Brustkrebs<\/li>\n<li>Prostatakrebs<\/li>\n<li>Darmkrebs<\/li>\n<\/ul>\n<h4>Mitbehandlung bei Erkrankungen des weiblichen K\u00f6rpers:<\/h4>\n<ul>\n<li>Pr\u00e4menstruelles Syndrom<\/li>\n<li>Brustver\u00e4nderungen<\/li>\n<li>Polyzystisches Ovarialsyndrom<\/li>\n<li>Endometriose<\/li>\n<li>Myome der Geb\u00e4rmutter<\/li>\n<li>Geb\u00e4rmutterhalskrebs\/Ver\u00e4nderungen\/HPV<\/li>\n<li>Schwangerschaft: Diabetes, vegane Ern\u00e4hrung<\/li>\n<\/ul>\n<h4>Mitbehandlung bei Rheumatischen Erkrankungen:<\/h4>\n<ul>\n<li>Gicht<\/li>\n<li>Rheumatoide Arthritis<\/li>\n<li>Psoriasis<\/li>\n<li>Ostheoarthritis<\/li>\n<li>Lupus<\/li>\n<\/ul>\n<h4>Mitbehandlung bei Nerven-Krankheiten:<\/h4>\n<ul>\n<li>Multiple Sclerose<\/li>\n<li>Alzheimer (Vorbeugung)<\/li>\n<li>Parkinson (Vorbeugung)<\/li>\n<\/ul>\n<h4>Mitbehandlung bei Schmerz:<\/h4>\n<ul>\n<li>R\u00fcckenschmerzen<\/li>\n<li>Muskelschmerzen<\/li>\n<\/ul>\n<h4>Mitbehandlung bei Psychischen St\u00f6rungen:<\/h4>\n<ul>\n<li>Depression<\/li>\n<li>ADHS<\/li>\n<\/ul>\n","protected":false},"excerpt":{"rendered":"<p>Beratungen \u00fcber ein gesundes Lebensstil mit Schwerpunkt auf Ern\u00e4hrungsmedizin und Therapie F\u00fcr ein langes gesundes Leben F\u00fcr Leistungssportler F\u00fcr \u00dcbergewichtige: um die Ursache, die wahren Risiken, und M\u00f6glichkeiten f\u00fcr Ver\u00e4nderung, alles ohne Angst vor Diskriminierung Entw\u00f6hnungsberatung f\u00fcr: Tabak Medikamente Psychopharmaka Schlaftabletten F\u00fcr Menschen mit den folgenden Erkrankungen: Herz-Kreislauf-Erkrankungen durch Atherosklerose\u00a0 (Verstopfung der Gef\u00e4\u00dfe): Koronarer Herzkrankheit &hellip; <\/p>\n<p class=\"link-more\"><a href=\"https:\/\/viapanacea.eu\/de\/wer-profitiert\/\" class=\"more-link\"><span class=\"screen-reader-text\">\u201eWer profitiert\u201c <\/span>weiterlesen<\/a><\/p>\n","protected":false},"author":1,"featured_media":0,"parent":0,"menu_order":1,"comment_status":"closed","ping_status":"closed","template":"","meta":{"jetpack_post_was_ever_published":false,"footnotes":""},"class_list":["post-56","page","type-page","status-publish","hentry"],"yoast_head":"<!-- This site is optimized with the Yoast SEO plugin v26.6 - https:\/\/yoast.com\/wordpress\/plugins\/seo\/ -->\n<title>Wer profitiert - Ihr Weg in die Gesundheit<\/title>\n<meta name=\"robots\" content=\"index, follow, max-snippet:-1, max-image-preview:large, max-video-preview:-1\" \/>\n<link rel=\"canonical\" href=\"https:\/\/viapanacea.eu\/de\/wer-profitiert\/\" \/>\n<meta property=\"og:locale\" content=\"de_DE\" \/>\n<meta property=\"og:type\" content=\"article\" \/>\n<meta property=\"og:title\" content=\"Wer profitiert - Ihr Weg in die Gesundheit\" \/>\n<meta property=\"og:description\" content=\"Beratungen \u00fcber ein gesundes Lebensstil mit Schwerpunkt auf Ern\u00e4hrungsmedizin und Therapie F\u00fcr ein langes gesundes Leben F\u00fcr Leistungssportler F\u00fcr \u00dcbergewichtige: um die Ursache, die wahren Risiken, und M\u00f6glichkeiten f\u00fcr Ver\u00e4nderung, alles ohne Angst vor Diskriminierung Entw\u00f6hnungsberatung f\u00fcr: Tabak Medikamente Psychopharmaka Schlaftabletten F\u00fcr Menschen mit den folgenden Erkrankungen: Herz-Kreislauf-Erkrankungen durch Atherosklerose\u00a0 (Verstopfung der Gef\u00e4\u00dfe): Koronarer Herzkrankheit &hellip; \u201eWer profitiert\u201c weiterlesen\" \/>\n<meta property=\"og:url\" content=\"https:\/\/viapanacea.eu\/de\/wer-profitiert\/\" \/>\n<meta property=\"og:site_name\" content=\"Ihr Weg in die Gesundheit\" \/>\n<meta property=\"article:modified_time\" content=\"2019-05-05T17:24:44+00:00\" \/>\n<meta name=\"twitter:card\" content=\"summary_large_image\" \/>\n<meta name=\"twitter:label1\" content=\"Gesch\u00e4tzte Lesezeit\" \/>\n\t<meta name=\"twitter:data1\" content=\"1\u00a0Minute\" \/>\n<script type=\"application\/ld+json\" class=\"yoast-schema-graph\">{\"@context\":\"https:\/\/schema.org\",\"@graph\":[{\"@type\":\"WebPage\",\"@id\":\"https:\/\/viapanacea.eu\/de\/wer-profitiert\/\",\"url\":\"https:\/\/viapanacea.eu\/de\/wer-profitiert\/\",\"name\":\"Wer profitiert - Ihr Weg in die Gesundheit\",\"isPartOf\":{\"@id\":\"https:\/\/viapanacea.eu\/de\/#website\"},\"datePublished\":\"2017-07-22T21:07:04+00:00\",\"dateModified\":\"2019-05-05T17:24:44+00:00\",\"breadcrumb\":{\"@id\":\"https:\/\/viapanacea.eu\/de\/wer-profitiert\/#breadcrumb\"},\"inLanguage\":\"de\",\"potentialAction\":[{\"@type\":\"ReadAction\",\"target\":[\"https:\/\/viapanacea.eu\/de\/wer-profitiert\/\"]}]},{\"@type\":\"BreadcrumbList\",\"@id\":\"https:\/\/viapanacea.eu\/de\/wer-profitiert\/#breadcrumb\",\"itemListElement\":[{\"@type\":\"ListItem\",\"position\":1,\"name\":\"Startseite\",\"item\":\"https:\/\/viapanacea.eu\/de\/\"},{\"@type\":\"ListItem\",\"position\":2,\"name\":\"Wer profitiert\"}]},{\"@type\":\"WebSite\",\"@id\":\"https:\/\/viapanacea.eu\/de\/#website\",\"url\":\"https:\/\/viapanacea.eu\/de\/\",\"name\":\"Ihr Weg in die Gesundheit\",\"description\":\"Mit Ana Steindorff Pinheiro,    \u00c4rztin f\u00fcr eine nachhaltige Gesundheit mit Lebensstilmedizin und pflanzenbasierter Ern\u00e4hrungsmedizin\",\"publisher\":{\"@id\":\"https:\/\/viapanacea.eu\/de\/#\/schema\/person\/e2154f437e17d2145bf616a345690b03\"},\"potentialAction\":[{\"@type\":\"SearchAction\",\"target\":{\"@type\":\"EntryPoint\",\"urlTemplate\":\"https:\/\/viapanacea.eu\/de\/?s={search_term_string}\"},\"query-input\":{\"@type\":\"PropertyValueSpecification\",\"valueRequired\":true,\"valueName\":\"search_term_string\"}}],\"inLanguage\":\"de\"},{\"@type\":[\"Person\",\"Organization\"],\"@id\":\"https:\/\/viapanacea.eu\/de\/#\/schema\/person\/e2154f437e17d2145bf616a345690b03\",\"name\":\"ana\",\"image\":{\"@type\":\"ImageObject\",\"inLanguage\":\"de\",\"@id\":\"https:\/\/viapanacea.eu\/de\/#\/schema\/person\/image\/\",\"url\":\"https:\/\/i0.wp.com\/viapanacea.eu\/de\/wp-content\/uploads\/2020\/04\/cropped-Viapanacea.png?fit=250%2C250&ssl=1\",\"contentUrl\":\"https:\/\/i0.wp.com\/viapanacea.eu\/de\/wp-content\/uploads\/2020\/04\/cropped-Viapanacea.png?fit=250%2C250&ssl=1\",\"width\":250,\"height\":250,\"caption\":\"ana\"},\"logo\":{\"@id\":\"https:\/\/viapanacea.eu\/de\/#\/schema\/person\/image\/\"}}]}<\/script>\n<!-- \/ Yoast SEO plugin. -->","yoast_head_json":{"title":"Wer profitiert - Ihr Weg in die Gesundheit","robots":{"index":"index","follow":"follow","max-snippet":"max-snippet:-1","max-image-preview":"max-image-preview:large","max-video-preview":"max-video-preview:-1"},"canonical":"https:\/\/viapanacea.eu\/de\/wer-profitiert\/","og_locale":"de_DE","og_type":"article","og_title":"Wer profitiert - Ihr Weg in die Gesundheit","og_description":"Beratungen \u00fcber ein gesundes Lebensstil mit Schwerpunkt auf Ern\u00e4hrungsmedizin und Therapie F\u00fcr ein langes gesundes Leben F\u00fcr Leistungssportler F\u00fcr \u00dcbergewichtige: um die Ursache, die wahren Risiken, und M\u00f6glichkeiten f\u00fcr Ver\u00e4nderung, alles ohne Angst vor Diskriminierung Entw\u00f6hnungsberatung f\u00fcr: Tabak Medikamente Psychopharmaka Schlaftabletten F\u00fcr Menschen mit den folgenden Erkrankungen: Herz-Kreislauf-Erkrankungen durch Atherosklerose\u00a0 (Verstopfung der Gef\u00e4\u00dfe): Koronarer Herzkrankheit &hellip; \u201eWer profitiert\u201c weiterlesen","og_url":"https:\/\/viapanacea.eu\/de\/wer-profitiert\/","og_site_name":"Ihr Weg in die Gesundheit","article_modified_time":"2019-05-05T17:24:44+00:00","twitter_card":"summary_large_image","twitter_misc":{"Gesch\u00e4tzte Lesezeit":"1\u00a0Minute"},"schema":{"@context":"https:\/\/schema.org","@graph":[{"@type":"WebPage","@id":"https:\/\/viapanacea.eu\/de\/wer-profitiert\/","url":"https:\/\/viapanacea.eu\/de\/wer-profitiert\/","name":"Wer profitiert - Ihr Weg in die Gesundheit","isPartOf":{"@id":"https:\/\/viapanacea.eu\/de\/#website"},"datePublished":"2017-07-22T21:07:04+00:00","dateModified":"2019-05-05T17:24:44+00:00","breadcrumb":{"@id":"https:\/\/viapanacea.eu\/de\/wer-profitiert\/#breadcrumb"},"inLanguage":"de","potentialAction":[{"@type":"ReadAction","target":["https:\/\/viapanacea.eu\/de\/wer-profitiert\/"]}]},{"@type":"BreadcrumbList","@id":"https:\/\/viapanacea.eu\/de\/wer-profitiert\/#breadcrumb","itemListElement":[{"@type":"ListItem","position":1,"name":"Startseite","item":"https:\/\/viapanacea.eu\/de\/"},{"@type":"ListItem","position":2,"name":"Wer profitiert"}]},{"@type":"WebSite","@id":"https:\/\/viapanacea.eu\/de\/#website","url":"https:\/\/viapanacea.eu\/de\/","name":"Ihr Weg in die Gesundheit","description":"Mit Ana Steindorff Pinheiro,    \u00c4rztin f\u00fcr eine nachhaltige Gesundheit mit Lebensstilmedizin und pflanzenbasierter Ern\u00e4hrungsmedizin","publisher":{"@id":"https:\/\/viapanacea.eu\/de\/#\/schema\/person\/e2154f437e17d2145bf616a345690b03"},"potentialAction":[{"@type":"SearchAction","target":{"@type":"EntryPoint","urlTemplate":"https:\/\/viapanacea.eu\/de\/?s={search_term_string}"},"query-input":{"@type":"PropertyValueSpecification","valueRequired":true,"valueName":"search_term_string"}}],"inLanguage":"de"},{"@type":["Person","Organization"],"@id":"https:\/\/viapanacea.eu\/de\/#\/schema\/person\/e2154f437e17d2145bf616a345690b03","name":"ana","image":{"@type":"ImageObject","inLanguage":"de","@id":"https:\/\/viapanacea.eu\/de\/#\/schema\/person\/image\/","url":"https:\/\/i0.wp.com\/viapanacea.eu\/de\/wp-content\/uploads\/2020\/04\/cropped-Viapanacea.png?fit=250%2C250&ssl=1","contentUrl":"https:\/\/i0.wp.com\/viapanacea.eu\/de\/wp-content\/uploads\/2020\/04\/cropped-Viapanacea.png?fit=250%2C250&ssl=1","width":250,"height":250,"caption":"ana"},"logo":{"@id":"https:\/\/viapanacea.eu\/de\/#\/schema\/person\/image\/"}}]}},"jetpack_sharing_enabled":true,"jetpack_shortlink":"https:\/\/wp.me\/PaVfju-U","_links":{"self":[{"href":"https:\/\/viapanacea.eu\/de\/wp-json\/wp\/v2\/pages\/56","targetHints":{"allow":["GET"]}}],"collection":[{"href":"https:\/\/viapanacea.eu\/de\/wp-json\/wp\/v2\/pages"}],"about":[{"href":"https:\/\/viapanacea.eu\/de\/wp-json\/wp\/v2\/types\/page"}],"author":[{"embeddable":true,"href":"https:\/\/viapanacea.eu\/de\/wp-json\/wp\/v2\/users\/1"}],"replies":[{"embeddable":true,"href":"https:\/\/viapanacea.eu\/de\/wp-json\/wp\/v2\/comments?post=56"}],"version-history":[{"count":47,"href":"https:\/\/viapanacea.eu\/de\/wp-json\/wp\/v2\/pages\/56\/revisions"}],"predecessor-version":[{"id":1051,"href":"https:\/\/viapanacea.eu\/de\/wp-json\/wp\/v2\/pages\/56\/revisions\/1051"}],"wp:attachment":[{"href":"https:\/\/viapanacea.eu\/de\/wp-json\/wp\/v2\/media?parent=56"}],"curies":[{"name":"wp","href":"https:\/\/api.w.org\/{rel}","templated":true}]}}