{"id":59,"date":"2017-07-22T23:06:36","date_gmt":"2017-07-22T21:06:36","guid":{"rendered":"http:\/\/www.viapanacea.eu\/?page_id=59"},"modified":"2019-01-31T00:26:18","modified_gmt":"2019-01-30T23:26:18","slug":"vorreiter","status":"publish","type":"page","link":"https:\/\/viapanacea.eu\/de\/vorreiter\/","title":{"rendered":"Vorreiter"},"content":{"rendered":"<p style=\"text-align: center;\"><a class=\"custom__button custom__button__size__small custom__margin__right__xl\" href=\"http:\/\/viapanacea.eu\/buecher\/\">B\u00fccher<\/a><a class=\"custom__button custom__button__size__small custom__margin__right__xl\" href=\"http:\/\/viapanacea.eu\/videos\/\">\u00a0\u00a0\u00a0\u00a0\u00a0 Dokumentarfilme<\/a><\/p>\n<p>Nach Geburtsjahr geordnet<\/p>\n<h2>In der Ern\u00e4hrungsmedizin<\/h2>\n<h4><a href=\"#chittenden\"><strong>Russel Henry Chittenden<\/strong><\/a> (*1856 &#8211; \u2020 1943)<\/h4>\n<h4><a href=\"#kempner\"><strong>Walter Kempner<\/strong><\/a> (*1904 &#8211; \u20201997)<\/h4>\n<h4><a href=\"#swank\"><strong>Roy Swank<\/strong><\/a> (*1909 &#8211; \u20202008)<\/h4>\n<h4><a href=\"#burkitt\"><strong>Denis Burkitt<\/strong><\/a> (*1911 &#8211; \u20201993)<\/h4>\n<h4><a href=\"#pritikin\"><strong>Nathan Pritikin<\/strong><\/a> (*1915 &#8211; \u20201985)<\/h4>\n<h4><a href=\"#esselstyn\"><strong>Caldwell B. Esselstyn Jr.<\/strong><\/a> (*1933)<\/h4>\n<h4><a href=\"#campbell\"><strong>T. Colin Campbell<\/strong><\/a> (*1934)<\/h4>\n<h4><a href=\"#mcdougall\"><strong>John McDougall<\/strong><\/a> (*1947)<\/h4>\n<h4><a href=\"#ornish\"><strong>Dean Ornish<\/strong><\/a> (* 1953)<\/h4>\n<h4><a href=\"#barnard\"><strong>Neal Barnard <\/strong><\/a> (*1953)<\/h4>\n<h4><a href=\"#lisle\"><strong>Douglas Lisle\u00a0<\/strong><\/a><\/h4>\n<h4><a href=\"#greger\"><strong>Michael Greger <\/strong> <\/a> (*1972)<\/h4>\n<h2>In der Medizin und Statistik<\/h2>\n<p>Barbara Starfield (*1932 &#8211; \u20202011)<\/p>\n<p>Peter G\u00f8tzsche (*1949)<\/p>\n<p>H. Gilbert Welch (*1955)<\/p>\n<p>Natalie Grams (*1978)<\/p>\n<h2>In der Baubiologie<\/h2>\n<p>Alfred Eisenschink (*1932)<\/p>\n<p>Professor Claus Meier<\/p>\n<p>Architekt Ianto Evans (*1940)<\/p>\n<p>Architekt Edward Mazria (*1940)<\/p>\n<p>Architekt Konrad Fischer<\/p>\n<h2>Allgemein<\/h2>\n<p>Majella Lenzen (*1938)<\/p>\n<p>Arno Stern (*1924)<\/p>\n<p>Bernard Litaer (*1942)<\/p>\n<p>Regina Jonas (*1902-\u20201944)<\/p>\n<h2>Historisch<\/h2>\n<p>Galileu Galilei (*1564-\u20201642)<\/p>\n<p>Nicolaus Copernicus (*1473-\u20201543)<\/p>\n<p>Socrates (*470-\u2020399a.d.)<\/p>\n<hr \/>\n<p id=\"chittenden\"><strong>Russel Henry Chittenden<\/strong> (*1856 \u2013 \u20201943)<\/p>\n<p>Ist aus historischen Gr\u00fcnden in dieser Liste: Pionier in Biochemie und Physiologie, recherchierte er unter anderem \u00fcber Ern\u00e4hrung und Verdauung.\u00a0 Er f\u00fchrte eine der ersten Studien durch um den Bedarf an Eiwei\u00df im Menschen festzustellen und kam zu dem Schuss: 50g\/Tag bei ca 2500kcal\/Tag (entspricht\u00a0 8% der Gesamtkalorien\/Tag &#8211; und lag deutlich unter der bis dahin empfohlenen 118g unter dem Voit Standard). Darunter waren die Studien-M\u00e4nner in &#8222;perfekter Gesundheit und hatten einen deutlichen Zuwachs an k\u00f6rperlicher Kr\u00e4fte&#8220;.<\/p>\n<hr \/>\n<p id=\"kempner\"><strong>Walter Kempner<\/strong> (*1904 &#8211; \u20201997)<\/p>\n<p>Arzt und Wissenschaftler, ist der Vorreiter der Ern\u00e4hrungsmedizin. Schon in den 50er Jahren bewies er die Behandlung von Herz und Niereninsuffizienz sowie hoher Blutdruck und vieles mehr durch eine strikte fett -und eiweiss-arme, kohlenhydrat-reiche Kost.<\/p>\n<hr \/>\n<p id=\"swank\"><strong>Roy Swank<\/strong> (*1909 &#8211; \u20202008)<\/p>\n<p>Amerikanischer Neurologe, bemerkte das Multiple Sclerose im 2. Weltkrieg unter der gezwungenen Ern\u00e4hrungsumstellung auf Kartoffeln (Kohlenhydratreich und fettarm) die Krankheit nicht fort schritt, und die Zahl von neuen F\u00e4llen sank. 1949 schlug er diese Form der Ern\u00e4hrung f\u00fcr MS Patienten vor. Seine Studien zeigen eine Verbesserung \u00fcber 30 Jahre.<\/p>\n<p>Roy Swank erkl\u00e4rt warum Ern\u00e4hrungstherapie nicht die Basis f\u00fcr jede Behandlung ist:<\/p>\n<ol>\n<li>Billig (und die Krankenkassen zahlen nicht)<\/li>\n<li>Es erfordert Aufwand vom Patienten<\/li>\n<li>Es ist nicht High Tech und modisch<\/li>\n<li>Der Arzt hat keine Kontrolle<\/li>\n<\/ol>\n<hr \/>\n<p id=\"burkitt\"><strong>Denis Burkitt<\/strong> (*1911 &#8211; \u20201993)<\/p>\n<p>Schottischer Arzt und Chirurg, wurde <em>The Fiber Man<\/em>\u00a0(der Balaststoff-Mann) genannt, arbeitete viele Jahre in Afrika und lernte so die Unterschiede zwischen der westlichen\u00a0(fettig, tierbasiert) und der afrikanischen (pflanzlich, fettarm, kohlenhydratbasiert) Ern\u00e4hrung kennen. Dort waren die \u00fcblichen westlichen Wohlstands-Krankheiten kaum bekannt. Er sah als wesentlichen Unterschied die Menge an Ballaststoffen in der Ern\u00e4hrung (Ballaststoffe sind ausschlie\u00dflich in pflanzlicher Nahrung zu finden). In Afrika ca. 60-100g\/Tag, im Vergleich zu\u00a015-25g\/Tag im Westen. Dar\u00fcber schrieb er mehrere B\u00fccher, kl\u00e4rte die Menschen auf und verhandelte mit verschiedenen Branchen um mehr Vollkornprodukte (mit viel Ballaststoffe) auf dem Markt zu bringen.<\/p>\n<p><em>&#8222;Amerika ist eine Nation geplagt von Verstopfung. Wenn wir wenig Stuhl ausscheiden, brauchen wir gro\u00dfe Krankenh\u00e4user.&#8220;\u00a0<\/em>[Denis Burkitt]<\/p>\n<hr \/>\n<p id=\"pritikin\"><strong>Nathan Pritikin<\/strong> (*1915 &#8211; \u20201985)<\/p>\n<p>Erfinder und Wissenschaftler, recherchierte \u00fcber Koronaren Herzkrankheit ab 1957 als er selbst daran erkrankte. Fand heraus, Menschen in nat\u00fcrlichen V\u00f6lkern, die sich pflanzenbasiert ern\u00e4hren nicht an Koronare Herzkrankheiten erkrankten. Er behandelte sich selbst und stellte eine Ern\u00e4hrungsform zusammen die es bis dato nicht gab: fettreduziert und mit vielen vollwertigen Kohlenhydraten. Diese wurde die:\u00a0 &#8222;gold Standard der amerikanischen Di\u00e4t-Erfolge.&#8220; genannt.<\/p>\n<p>Nach seinem Tod konnte man 1985 keine Zeichen von Koronarer Herzkrankheit finden.<\/p>\n<p><em>&#8222;Eine Tablette k\u00f6nnte eine m\u00f6gliche Alternative sein zur Ern\u00e4hrungsumstellung, wenn es funktionieren w\u00fcrde. Die Wahrheit ist jedoch: keine Tabletten und Medikamente k\u00f6nnen die verheerenden Folgen der Westlichen Ern\u00e4hrung verbessern oder kompensieren.&#8220;\u00a0<\/em>[Nathan Pritikin]<\/p>\n<hr \/>\n<p id=\"esselstyn\"><strong>Caldwell B. Esselstyn Jr. <\/strong>(*1933)<\/p>\n<p>Amerikanischer Arzt (Chirurg auf Brustkrebs spezialisiert), begann am 1985 sich mit Ern\u00e4hrung zu besch\u00e4ftigen, da Epidemiologische Studien eindrucksvolle Unterschiede zeigten, die nur auf Lebensstil und Ern\u00e4hrung zur\u00fcckzuf\u00fchren waren. 1995 kam sein Artikel \u00fcber Ern\u00e4hrungsumstellung bei Koronare Herzkrankheitspatienten die nochmals bewies was Dean Ornish zeigte: Ein Wiederer\u00f6ffnen von arteriellen Gef\u00e4\u00dfverstopfungen am Herz ist m\u00f6glich durch eine Ern\u00e4hrungsumstellung.<\/p>\n<hr \/>\n<p id=\"campbell\"><strong>T. Colin Campbell<\/strong> (*1934)<\/p>\n<p>Amerikanischer Biochemiker und Wissenschaftler, der sich auf Ern\u00e4hrung und ihre Langzeitfolgen spezialisierte. Er leitete die renomierte gro\u00dfe China Studie und propagiert seitdem eine vollwertige fettarme pflanzenbasierte Ern\u00e4hrung.<\/p>\n<p><em>&#8222;Diese Ern\u00e4hrungsumstellung kann 70-80% der bekannten chronischen Krankheiten vorbeugen und wahrscheinlich sogar behandeln.&#8220;\u00a0<\/em>[T. Colin Campbell]<\/p>\n<p><em>&#8222;Diese Behandlung ist breit und extrem schnell (Tage bis Wochen) und oft Lebensrettend.&#8220;\u00a0<\/em>[T. Colin Campbell]<\/p>\n<hr \/>\n<p id=\"mcdougall\"><strong>John McDougall<\/strong> (*1947)<\/p>\n<p>Arzt und Ern\u00e4hrungsexperte, erlitt selbst mit 18 Jahren einen Schlaganfall, nachdem er sich motiviert f\u00fchlte Medizin zu studieren. Arbeitete als junger Arzt auf Hawaii wo er feststellte das die \u00e4ltere Generation die sich pflanzenbasiert und fett-reduziert ern\u00e4hrte deutlich ges\u00fcnder war als die j\u00fcngere Generation. Das widerlegte f\u00fcr ihn das Dogma: altern hei\u00dft krank werden.<\/p>\n<p><em>&#8222;Es ist das Essen. Das Fett was du isst, ist das Fett was du mit dir tr\u00e4gst.&#8220;\u00a0<\/em><em style=\"font-size: 1rem;\">[John McDougall]<\/em><\/p>\n<p><em>&#8222;Diabetes (Typ 2) ist keine Krankheit, es ist eine \u00dcberlebensanpassung an das Essen das wir essen.&#8220;\u00a0<\/em>[<em>John Mcdougall<\/em>]<\/p>\n<p><em>&#8222;Das Behandeln von Krankheitszeichen (wie Blutdruck, Laborparameter) bedeutet nicht das die Menschen ges\u00fcnder werden.&#8220;\u00a0<\/em>[<em>John McDougall<\/em>]<\/p>\n<hr \/>\n<p id=\"ornish\"><strong>Dean Ornish<\/strong> (* 1953)<\/p>\n<p>Amerikanischer Arzt und Wissenschaftler. Vorreiter in Ern\u00e4hrungsmedizin und Lebensstil Bewies erstmals vor 35 Jahre das eine pflanzenbasierte extrem fettarme Kost mit Bewegung, Yoga\/Meditation und psychosoziale Unterst\u00fctzung eine Koronare Herzkrankheit nicht nur vorbeugen sondern auch zur\u00fccksetzen kann.<\/p>\n<hr \/>\n<p id=\"barnard\"><strong>Neal Barnard\u00a0<\/strong>(*1953)<\/p>\n<p>Amerikanischer Arzt und Wissenschaftler, gr\u00fcndete das Physicians Comittee for Responsible Medicine (\u00c4rztekommitee f\u00fcr verantwortungsvolle Medizin), und leitete eine der Pionierstudien der letzten Jahren \u00fcber Ern\u00e4hrung bei Diabetes Typ 2, und bewies das eine kohlenhydratreiche, streng fettarme Kost deutlich hilfreicher ist, als die von den Diabetes Gesellschaften gepredigte kohlenhydratarme Kost.<\/p>\n<p>Seine Organisation verklagte vor Gericht die USDA Anfang 2000 und gewann! In Deutschland w\u00e4re es entsprechend die DGE &#8211; Deutsche Gesellschaft f\u00fcr Ern\u00e4hrung. Er gewann vor Gericht da die meisten Experten, die die Ern\u00e4hrungsempfehlungen herausgeben von verschiedenen Branchen in der Lebensmittelindustrie bezahlt werden, und deshalb Interessenkonflikte haben.<\/p>\n<hr \/>\n<p><strong>Douglas Lisle <\/strong>(*?)<\/p>\n<p>Amerikanischer Psychologe und Wissenschaftler, b\u00fcndelte die psychologische Richtung Esteem Dynamics, was soviel hei\u00dft wie die Beweglichkeit der dynamischen Wertsch\u00e4tzung.<\/p>\n<p>Basis seiner psychologischen Erkenntnisse sind die Evolutionsbiologie &#8211; sowohl wie haben sich Menschen seit der Steinzeit und in verschiedene Regionen entwickelt, als auch die Entwicklung und Verhalten von den Tieren im Vergleich zum Menschen.<\/p>\n<hr \/>\n<p id=\"greger\"><strong>Michael Greger<\/strong> (*1972)<\/p>\n<p>Amerikanischer Arzt der als Kind die Genesung seiner zum Tode Herzkranken Oma durch die Ern\u00e4hrung von Nathan Pritikin erlebte, und sich auf pflanzenbasierte Ern\u00e4hrungsmedizin spezialisiert hat.<\/p>\n<p>&#8222;Best verschwiegener Geheimnis der Medizin: Lebensstilver\u00e4nderungen sind oft erfolgreicher in der Behandlung von Herzkrankheit, Bluthochdruck, Herzinsuffizienz, Diabetes als die Standard medizinische Versorgung.&#8220;<\/p>\n<hr \/>\n<p><strong>Barbara Starfield<\/strong> (*1932 &#8211; \u20202011)<\/p>\n<p>Amerikanische Kinder\u00e4rztin, setzte sich ein um Allgemeinmedizin als Basis des Gesundheitssystems zu etablieren, und damit den ganzen Patienten im Blick zu haben.<\/p>\n<hr \/>\n<p id=\"ornish\"><strong>Peter G\u00f8tzsche <\/strong>(* 1949)<\/p>\n<p>D\u00e4nischer Arzt und Mitbegr\u00fcnder und Direktor des Nordic Cochrane Centers, setzt sich f\u00fcr kritische Studien\u00fcberpr\u00fcfung ein und wurde zum Professor f\u00fcr klinisches Forschungsdesign und Analyse ernannt. Setzt sich besonders f\u00fcr eine angemessene Verschreibung von Psychopharmaka ein.<\/p>\n<hr \/>\n<p id=\"barnard\"><strong>H. Gilbert Welch <\/strong>(*1955)<\/p>\n<p>Amerikanischer Arzt und Wissenschaftler, hat sich mit Krebs-screening auseinandergesetzt und ist kritisch gegen\u00fcber Fr\u00fcherkennung bei Krebs &#8211; mehr Leben retten oder mehr Menschen zu Patienten machen und diese unn\u00f6tig behandeln?<\/p>\n<hr \/>\n<p><b>Alfred Eisenschink\u00a0<\/b>(*1932)<br \/>Deutscher Ingenieur, besch\u00e4ftigte sich mit Heiz -und K\u00fchlsystemen. Studierte die Geschichte des Heizens in Deutschland und fand die Strahlungsw\u00e4rme, als gesunde, billige Heizungsform. Er setzte sich ein f\u00fcr physikalisch basierte Bau und Heizungsherstellung. Gleichzeitig zeigt er was gesunde Luft im Haus bedeutet, und wie schimmelfreie Heizungsanlagen funktionieren.<\/p>\n<hr \/>\n<p><b>Claus Meier\u00a0<\/b><\/p>\n<p>Deutscher Architekt der sich besonderes mit Bauphysik besch\u00e4ftigt hat, und hat\u00a0mehrere kritische B\u00fccher \u00fcber die &#8222;moderne&#8220; Bewegung Richtung mehr und mehr D\u00e4mmung und weg vom physikalisch-gesunden und schimmelfreien Bau geschrieben.<\/p>\n<hr \/>\n<p><b>Ianto Evans <\/b>(*1940)<\/p>\n<p>Architekt, besch\u00e4ftigt sich besonders mit nat\u00fcrlichem Bauen. Besonders naturnahe Kleinh\u00e4usern aus Lehm und Stroh, mit Komponenten des Passiv Solar Systems und besonders nat\u00fcrlichem Wohnens.<\/p>\n<hr \/>\n<p><b>Edward Mazria <\/b>(*1940)<\/p>\n<p>Amerikanischer Architekt, besch\u00e4ftigt sich besonders mit erneuerbaren Energien OHNE High Tech &#8211; also besonders mit Passiv Solarer Architektur, und das schon in den 70er Jahren!<\/p>\n<hr \/>\n<p><b>Konrad Fischer <\/b><\/p>\n<p>Deutscher Architekt, besch\u00e4ftigt sich besonders mit der Restaurierung von Fachwerkh\u00e4user. Ist ein bekannter D\u00e4mmkritiker und setzt sich\u00a0in dem Gebiet stark f\u00fcr Aufkl\u00e4rung ein.<\/p>\n<hr \/>\n<p><b>Wolfgang Th\u00fcne<\/b> (*1943)<\/p>\n<p>Deutscher Meteorologe, setzt sich f\u00fcr die physikalische wissenschaftliche Behandlung der Meteorologie und der Umweltwissenschaft ein, besonders besch\u00e4ftigt er sich mit der Kritik an dem Treibhauseffekt und der Erderw\u00e4rmung.<\/p>\n<hr \/>\n\n\n<div class=\"wp-block-button aligncenter is-style-outline is-style-outline--1\"><a class=\"wp-block-button__link has-text-color has-very-light-gray-color has-background\" href=\"http:\/\/viapanacea.eu\/de\/termin-vereinbaren\/T\" style=\"background-color:#398f3f\">Vereinbaren Sie jetzt ein Termin<br><\/a><\/div>\n","protected":false},"excerpt":{"rendered":"<p>B\u00fccher\u00a0\u00a0\u00a0\u00a0\u00a0 Dokumentarfilme Nach Geburtsjahr geordnet In der Ern\u00e4hrungsmedizin Russel Henry Chittenden (*1856 &#8211; \u2020 1943) Walter Kempner (*1904 &#8211; \u20201997) Roy Swank (*1909 &#8211; \u20202008) Denis Burkitt (*1911 &#8211; \u20201993) Nathan Pritikin (*1915 &#8211; \u20201985) Caldwell B. Esselstyn Jr. (*1933) T. Colin Campbell (*1934) John McDougall (*1947) Dean Ornish (* 1953) Neal Barnard (*1953) Douglas &hellip; <\/p>\n<p class=\"link-more\"><a href=\"https:\/\/viapanacea.eu\/de\/vorreiter\/\" class=\"more-link\"><span class=\"screen-reader-text\">\u201eVorreiter\u201c <\/span>weiterlesen<\/a><\/p>\n","protected":false},"author":1,"featured_media":0,"parent":0,"menu_order":4,"comment_status":"closed","ping_status":"closed","template":"","meta":{"jetpack_post_was_ever_published":false,"footnotes":""},"class_list":["post-59","page","type-page","status-publish","hentry"],"yoast_head":"<!-- This site is optimized with the Yoast SEO plugin v26.6 - https:\/\/yoast.com\/wordpress\/plugins\/seo\/ -->\n<title>Vorreiter - Ihr Weg in die Gesundheit<\/title>\n<meta name=\"robots\" content=\"index, follow, max-snippet:-1, max-image-preview:large, max-video-preview:-1\" \/>\n<link rel=\"canonical\" href=\"http:\/\/viapanacea.eu\/de\/vorreiter\/\" \/>\n<meta property=\"og:locale\" content=\"de_DE\" \/>\n<meta property=\"og:type\" content=\"article\" \/>\n<meta property=\"og:title\" content=\"Vorreiter - Ihr Weg in die Gesundheit\" \/>\n<meta property=\"og:description\" content=\"B\u00fccher\u00a0\u00a0\u00a0\u00a0\u00a0 Dokumentarfilme Nach Geburtsjahr geordnet In der Ern\u00e4hrungsmedizin Russel Henry Chittenden (*1856 &#8211; \u2020 1943) Walter Kempner (*1904 &#8211; \u20201997) Roy Swank (*1909 &#8211; \u20202008) Denis Burkitt (*1911 &#8211; \u20201993) Nathan Pritikin (*1915 &#8211; \u20201985) Caldwell B. Esselstyn Jr. (*1933) T. Colin Campbell (*1934) John McDougall (*1947) Dean Ornish (* 1953) Neal Barnard (*1953) Douglas &hellip; \u201eVorreiter\u201c weiterlesen\" \/>\n<meta property=\"og:url\" content=\"http:\/\/viapanacea.eu\/de\/vorreiter\/\" \/>\n<meta property=\"og:site_name\" content=\"Ihr Weg in die Gesundheit\" \/>\n<meta property=\"article:modified_time\" content=\"2019-01-30T23:26:18+00:00\" \/>\n<meta name=\"twitter:card\" content=\"summary_large_image\" \/>\n<meta name=\"twitter:label1\" content=\"Gesch\u00e4tzte Lesezeit\" \/>\n\t<meta name=\"twitter:data1\" content=\"7\u00a0Minuten\" \/>\n<script type=\"application\/ld+json\" class=\"yoast-schema-graph\">{\"@context\":\"https:\/\/schema.org\",\"@graph\":[{\"@type\":\"WebPage\",\"@id\":\"http:\/\/viapanacea.eu\/de\/vorreiter\/\",\"url\":\"http:\/\/viapanacea.eu\/de\/vorreiter\/\",\"name\":\"Vorreiter - Ihr Weg in die Gesundheit\",\"isPartOf\":{\"@id\":\"https:\/\/viapanacea.eu\/de\/#website\"},\"datePublished\":\"2017-07-22T21:06:36+00:00\",\"dateModified\":\"2019-01-30T23:26:18+00:00\",\"breadcrumb\":{\"@id\":\"http:\/\/viapanacea.eu\/de\/vorreiter\/#breadcrumb\"},\"inLanguage\":\"de\",\"potentialAction\":[{\"@type\":\"ReadAction\",\"target\":[\"http:\/\/viapanacea.eu\/de\/vorreiter\/\"]}]},{\"@type\":\"BreadcrumbList\",\"@id\":\"http:\/\/viapanacea.eu\/de\/vorreiter\/#breadcrumb\",\"itemListElement\":[{\"@type\":\"ListItem\",\"position\":1,\"name\":\"Startseite\",\"item\":\"https:\/\/viapanacea.eu\/de\/\"},{\"@type\":\"ListItem\",\"position\":2,\"name\":\"Vorreiter\"}]},{\"@type\":\"WebSite\",\"@id\":\"https:\/\/viapanacea.eu\/de\/#website\",\"url\":\"https:\/\/viapanacea.eu\/de\/\",\"name\":\"Ihr Weg in die Gesundheit\",\"description\":\"Mit Ana Steindorff Pinheiro,    \u00c4rztin f\u00fcr eine nachhaltige Gesundheit mit Lebensstilmedizin und pflanzenbasierter Ern\u00e4hrungsmedizin\",\"publisher\":{\"@id\":\"https:\/\/viapanacea.eu\/de\/#\/schema\/person\/e2154f437e17d2145bf616a345690b03\"},\"potentialAction\":[{\"@type\":\"SearchAction\",\"target\":{\"@type\":\"EntryPoint\",\"urlTemplate\":\"https:\/\/viapanacea.eu\/de\/?s={search_term_string}\"},\"query-input\":{\"@type\":\"PropertyValueSpecification\",\"valueRequired\":true,\"valueName\":\"search_term_string\"}}],\"inLanguage\":\"de\"},{\"@type\":[\"Person\",\"Organization\"],\"@id\":\"https:\/\/viapanacea.eu\/de\/#\/schema\/person\/e2154f437e17d2145bf616a345690b03\",\"name\":\"ana\",\"image\":{\"@type\":\"ImageObject\",\"inLanguage\":\"de\",\"@id\":\"https:\/\/viapanacea.eu\/de\/#\/schema\/person\/image\/\",\"url\":\"https:\/\/i0.wp.com\/viapanacea.eu\/de\/wp-content\/uploads\/2020\/04\/cropped-Viapanacea.png?fit=250%2C250&ssl=1\",\"contentUrl\":\"https:\/\/i0.wp.com\/viapanacea.eu\/de\/wp-content\/uploads\/2020\/04\/cropped-Viapanacea.png?fit=250%2C250&ssl=1\",\"width\":250,\"height\":250,\"caption\":\"ana\"},\"logo\":{\"@id\":\"https:\/\/viapanacea.eu\/de\/#\/schema\/person\/image\/\"}}]}<\/script>\n<!-- \/ Yoast SEO plugin. -->","yoast_head_json":{"title":"Vorreiter - Ihr Weg in die Gesundheit","robots":{"index":"index","follow":"follow","max-snippet":"max-snippet:-1","max-image-preview":"max-image-preview:large","max-video-preview":"max-video-preview:-1"},"canonical":"http:\/\/viapanacea.eu\/de\/vorreiter\/","og_locale":"de_DE","og_type":"article","og_title":"Vorreiter - Ihr Weg in die Gesundheit","og_description":"B\u00fccher\u00a0\u00a0\u00a0\u00a0\u00a0 Dokumentarfilme Nach Geburtsjahr geordnet In der Ern\u00e4hrungsmedizin Russel Henry Chittenden (*1856 &#8211; \u2020 1943) Walter Kempner (*1904 &#8211; \u20201997) Roy Swank (*1909 &#8211; \u20202008) Denis Burkitt (*1911 &#8211; \u20201993) Nathan Pritikin (*1915 &#8211; \u20201985) Caldwell B. Esselstyn Jr. (*1933) T. Colin Campbell (*1934) John McDougall (*1947) Dean Ornish (* 1953) Neal Barnard (*1953) Douglas &hellip; \u201eVorreiter\u201c weiterlesen","og_url":"http:\/\/viapanacea.eu\/de\/vorreiter\/","og_site_name":"Ihr Weg in die Gesundheit","article_modified_time":"2019-01-30T23:26:18+00:00","twitter_card":"summary_large_image","twitter_misc":{"Gesch\u00e4tzte Lesezeit":"7\u00a0Minuten"},"schema":{"@context":"https:\/\/schema.org","@graph":[{"@type":"WebPage","@id":"http:\/\/viapanacea.eu\/de\/vorreiter\/","url":"http:\/\/viapanacea.eu\/de\/vorreiter\/","name":"Vorreiter - Ihr Weg in die Gesundheit","isPartOf":{"@id":"https:\/\/viapanacea.eu\/de\/#website"},"datePublished":"2017-07-22T21:06:36+00:00","dateModified":"2019-01-30T23:26:18+00:00","breadcrumb":{"@id":"http:\/\/viapanacea.eu\/de\/vorreiter\/#breadcrumb"},"inLanguage":"de","potentialAction":[{"@type":"ReadAction","target":["http:\/\/viapanacea.eu\/de\/vorreiter\/"]}]},{"@type":"BreadcrumbList","@id":"http:\/\/viapanacea.eu\/de\/vorreiter\/#breadcrumb","itemListElement":[{"@type":"ListItem","position":1,"name":"Startseite","item":"https:\/\/viapanacea.eu\/de\/"},{"@type":"ListItem","position":2,"name":"Vorreiter"}]},{"@type":"WebSite","@id":"https:\/\/viapanacea.eu\/de\/#website","url":"https:\/\/viapanacea.eu\/de\/","name":"Ihr Weg in die Gesundheit","description":"Mit Ana Steindorff Pinheiro,    \u00c4rztin f\u00fcr eine nachhaltige Gesundheit mit Lebensstilmedizin und pflanzenbasierter Ern\u00e4hrungsmedizin","publisher":{"@id":"https:\/\/viapanacea.eu\/de\/#\/schema\/person\/e2154f437e17d2145bf616a345690b03"},"potentialAction":[{"@type":"SearchAction","target":{"@type":"EntryPoint","urlTemplate":"https:\/\/viapanacea.eu\/de\/?s={search_term_string}"},"query-input":{"@type":"PropertyValueSpecification","valueRequired":true,"valueName":"search_term_string"}}],"inLanguage":"de"},{"@type":["Person","Organization"],"@id":"https:\/\/viapanacea.eu\/de\/#\/schema\/person\/e2154f437e17d2145bf616a345690b03","name":"ana","image":{"@type":"ImageObject","inLanguage":"de","@id":"https:\/\/viapanacea.eu\/de\/#\/schema\/person\/image\/","url":"https:\/\/i0.wp.com\/viapanacea.eu\/de\/wp-content\/uploads\/2020\/04\/cropped-Viapanacea.png?fit=250%2C250&ssl=1","contentUrl":"https:\/\/i0.wp.com\/viapanacea.eu\/de\/wp-content\/uploads\/2020\/04\/cropped-Viapanacea.png?fit=250%2C250&ssl=1","width":250,"height":250,"caption":"ana"},"logo":{"@id":"https:\/\/viapanacea.eu\/de\/#\/schema\/person\/image\/"}}]}},"jetpack_sharing_enabled":true,"jetpack_shortlink":"https:\/\/wp.me\/PaVfju-X","_links":{"self":[{"href":"https:\/\/viapanacea.eu\/de\/wp-json\/wp\/v2\/pages\/59","targetHints":{"allow":["GET"]}}],"collection":[{"href":"https:\/\/viapanacea.eu\/de\/wp-json\/wp\/v2\/pages"}],"about":[{"href":"https:\/\/viapanacea.eu\/de\/wp-json\/wp\/v2\/types\/page"}],"author":[{"embeddable":true,"href":"https:\/\/viapanacea.eu\/de\/wp-json\/wp\/v2\/users\/1"}],"replies":[{"embeddable":true,"href":"https:\/\/viapanacea.eu\/de\/wp-json\/wp\/v2\/comments?post=59"}],"version-history":[{"count":65,"href":"https:\/\/viapanacea.eu\/de\/wp-json\/wp\/v2\/pages\/59\/revisions"}],"predecessor-version":[{"id":946,"href":"https:\/\/viapanacea.eu\/de\/wp-json\/wp\/v2\/pages\/59\/revisions\/946"}],"wp:attachment":[{"href":"https:\/\/viapanacea.eu\/de\/wp-json\/wp\/v2\/media?parent=59"}],"curies":[{"name":"wp","href":"https:\/\/api.w.org\/{rel}","templated":true}]}}