{"id":816,"date":"2019-01-30T08:06:54","date_gmt":"2019-01-30T07:06:54","guid":{"rendered":"http:\/\/viapanacea.eu\/de\/?page_id=816"},"modified":"2020-06-26T10:20:58","modified_gmt":"2020-06-26T08:20:58","slug":"hauptseite","status":"publish","type":"page","link":"https:\/\/viapanacea.eu\/de\/","title":{"rendered":"Hauptseite"},"content":{"rendered":"\n<p class=\"has-text-align-center\">Ich berate Menschen, die sich w\u00fcnschen, ihre Gesundheit auf nat\u00fcrlichem Weg zu verbessern, ihre Leistungsf\u00e4higkeit zu steigern und bei schwereren Erkrankungen sogar ihre Medikamente zu reduzieren. Das gelingt, indem wir uns intensiv mit dem Lebensstil, der Umgebung, der Ern\u00e4hrung und den Gewohnheiten des einzelnen besch\u00e4ftigen, diese den wirklichen Bed\u00fcrfnissen entsprechend ver\u00e4ndern und so ein neues und gesundes Leben erm\u00f6glichen. M\u00f6glichst frei von Medikamenten und anderen Interventionen. Sondern pur, urspr\u00fcnglich und wirklich gesund.<\/p>\n\n\n\n<div class=\"wp-block-button aligncenter\"><a class=\"wp-block-button__link has-background has-vivid-green-cyan-background-color\" href=\"http:\/\/viapanacea.eu\/de\/wp-content\/uploads\/2020\/03\/Corona-Virus-18.03.2020.pdf\">Aktuelle Empfehlung zur Corona-Virus-Pandemie<\/a><\/div>\n\n\n\n<h2 class=\"has-text-align-center wp-block-heading\">Ich behandle Sie mit der Natur.<\/h2>\n\n\n\n<h2 class=\"has-text-align-center wp-block-heading\">Werden Sie gesund mit Lebensstilmedizin: gesunde  Ern\u00e4hrung, erholsamer Schlaf, aktive Bewegung und naturnahe Umwelt, so dass mehr Gesundheit mit weniger Medikamente  m\u00f6glich werden.<\/h2>\n\n\n\n<h2 class=\"has-text-align-center wp-block-heading\">Warum ist Lebensstilmedizin so erfolgreich?<\/h2>\n\n\n\n<h2 class=\"has-text-align-center wp-block-heading\">Weil Lebensstilmedizin die Ursachen von Krankheiten behebt. Denn ein krankmachender Lebensstil ist die Ursache von ca. 80% der chronischen Krankheiten.<\/h2>\n\n\n\n<h2 class=\"has-text-align-center wp-block-heading\">Warum ist Lebensstilmedizin so unbekannt?<\/h2>\n\n\n\n<h2 class=\"has-text-align-center wp-block-heading\">Weil in der modernen Welt schnelle Behandlungsmethoden viel  popul\u00e4rer sind als tiefgr\u00fcndigere, jedoch arbeitsintensivere Behandlungsmethoden.<\/h2>\n\n\n\n<p>  <\/p>\n\n\n\n<ul class=\"wp-block-list\"><li>Sind Sie frustriert, weil es Ihnen nicht besser geht, obwohl Sie sich stark bem\u00fchen?<\/li><li>Wollen Sie Ihr Leben umkrempeln und endlich ges\u00fcnder sein, und brauchen Hilfe dabei?<\/li><\/ul>\n\n\n\n<h2 class=\"wp-block-heading\">Sind Sie Gesund?<\/h2>\n\n\n\n<p>Kommen Sie zu einem Gesundheits-Check-Up um ihre Risiken auf Erkrankungen zu erkennen und gezielt zu minimieren.<\/p>\n\n\n\n<div class=\"wp-block-button aligncenter is-style-outline is-style-outline--1\"><a class=\"wp-block-button__link has-text-color has-very-light-gray-color has-background\" href=\"http:\/\/viapanacea.eu\/de\/termin-vereinbaren\/\" style=\"background-color:#398f3f\">Vereinbaren Sie jetzt ein Termin<br><\/a><\/div>\n\n\n\n<p> <\/p>\n\n\n\n<p> <\/p>\n\n\n\n<p> <\/p>\n\n\n\n<p> <\/p>\n\n\n\n<p class=\"has-text-align-center\"><\/p>\n","protected":false},"excerpt":{"rendered":"<p>Ich berate Menschen, die sich w\u00fcnschen, ihre Gesundheit auf nat\u00fcrlichem Weg zu verbessern, ihre Leistungsf\u00e4higkeit zu steigern und bei schwereren Erkrankungen sogar ihre Medikamente zu reduzieren. Das gelingt, indem wir uns intensiv mit dem Lebensstil, der Umgebung, der Ern\u00e4hrung und den Gewohnheiten des einzelnen besch\u00e4ftigen, diese den wirklichen Bed\u00fcrfnissen entsprechend ver\u00e4ndern und so ein neues &hellip; <\/p>\n<p class=\"link-more\"><a href=\"https:\/\/viapanacea.eu\/de\/\" class=\"more-link\"><span class=\"screen-reader-text\">\u201eHauptseite\u201c <\/span>weiterlesen<\/a><\/p>\n","protected":false},"author":1,"featured_media":0,"parent":0,"menu_order":0,"comment_status":"closed","ping_status":"closed","template":"","meta":{"jetpack_post_was_ever_published":false,"footnotes":""},"class_list":["post-816","page","type-page","status-publish","hentry"],"yoast_head":"<!-- This site is optimized with the Yoast SEO plugin v26.6 - https:\/\/yoast.com\/wordpress\/plugins\/seo\/ -->\n<title>Hauptseite - Ihr Weg in die Gesundheit<\/title>\n<meta name=\"description\" content=\"\u00c4rztin f\u00fcr Lebensstilmedizin behandelt sie mit: pflanzenbasierte vegane Ern\u00e4hrung, erholsamer Schlaf, aktive Bewegung und naturnahe Umwelt.\" \/>\n<meta name=\"robots\" content=\"index, follow, max-snippet:-1, max-image-preview:large, max-video-preview:-1\" \/>\n<link rel=\"canonical\" href=\"http:\/\/viapanacea.eu\/de\/\" \/>\n<meta property=\"og:locale\" content=\"de_DE\" \/>\n<meta property=\"og:type\" content=\"article\" \/>\n<meta property=\"og:title\" content=\"Hauptseite - Ihr Weg in die Gesundheit\" \/>\n<meta property=\"og:description\" content=\"\u00c4rztin f\u00fcr Lebensstilmedizin behandelt sie mit: pflanzenbasierte vegane Ern\u00e4hrung, erholsamer Schlaf, aktive Bewegung und naturnahe Umwelt.\" \/>\n<meta property=\"og:url\" content=\"http:\/\/viapanacea.eu\/de\/\" \/>\n<meta property=\"og:site_name\" content=\"Ihr Weg in die Gesundheit\" \/>\n<meta property=\"article:modified_time\" content=\"2020-06-26T08:20:58+00:00\" \/>\n<meta name=\"twitter:card\" content=\"summary_large_image\" \/>\n<meta name=\"twitter:label1\" content=\"Gesch\u00e4tzte Lesezeit\" \/>\n\t<meta name=\"twitter:data1\" content=\"1\u00a0Minute\" \/>\n<script type=\"application\/ld+json\" class=\"yoast-schema-graph\">{\"@context\":\"https:\/\/schema.org\",\"@graph\":[{\"@type\":\"WebPage\",\"@id\":\"http:\/\/viapanacea.eu\/de\/\",\"url\":\"http:\/\/viapanacea.eu\/de\/\",\"name\":\"Hauptseite - Ihr Weg in die Gesundheit\",\"isPartOf\":{\"@id\":\"http:\/\/viapanacea.eu\/de\/#website\"},\"datePublished\":\"2019-01-30T07:06:54+00:00\",\"dateModified\":\"2020-06-26T08:20:58+00:00\",\"description\":\"\u00c4rztin f\u00fcr Lebensstilmedizin behandelt sie mit: pflanzenbasierte vegane Ern\u00e4hrung, erholsamer Schlaf, aktive Bewegung und naturnahe Umwelt.\",\"breadcrumb\":{\"@id\":\"http:\/\/viapanacea.eu\/de\/#breadcrumb\"},\"inLanguage\":\"de\",\"potentialAction\":[{\"@type\":\"ReadAction\",\"target\":[\"http:\/\/viapanacea.eu\/de\/\"]}]},{\"@type\":\"BreadcrumbList\",\"@id\":\"http:\/\/viapanacea.eu\/de\/#breadcrumb\",\"itemListElement\":[{\"@type\":\"ListItem\",\"position\":1,\"name\":\"Startseite\",\"item\":\"http:\/\/viapanacea.eu\/de\/\"},{\"@type\":\"ListItem\",\"position\":2,\"name\":\"Hauptseite\"}]},{\"@type\":\"WebSite\",\"@id\":\"http:\/\/viapanacea.eu\/de\/#website\",\"url\":\"http:\/\/viapanacea.eu\/de\/\",\"name\":\"Ihr Weg in die Gesundheit\",\"description\":\"Mit Ana Steindorff Pinheiro,    \u00c4rztin f\u00fcr eine nachhaltige Gesundheit mit Lebensstilmedizin und pflanzenbasierter Ern\u00e4hrungsmedizin\",\"publisher\":{\"@id\":\"http:\/\/viapanacea.eu\/de\/#\/schema\/person\/e2154f437e17d2145bf616a345690b03\"},\"potentialAction\":[{\"@type\":\"SearchAction\",\"target\":{\"@type\":\"EntryPoint\",\"urlTemplate\":\"http:\/\/viapanacea.eu\/de\/?s={search_term_string}\"},\"query-input\":{\"@type\":\"PropertyValueSpecification\",\"valueRequired\":true,\"valueName\":\"search_term_string\"}}],\"inLanguage\":\"de\"},{\"@type\":[\"Person\",\"Organization\"],\"@id\":\"http:\/\/viapanacea.eu\/de\/#\/schema\/person\/e2154f437e17d2145bf616a345690b03\",\"name\":\"ana\",\"image\":{\"@type\":\"ImageObject\",\"inLanguage\":\"de\",\"@id\":\"http:\/\/viapanacea.eu\/de\/#\/schema\/person\/image\/\",\"url\":\"https:\/\/i0.wp.com\/viapanacea.eu\/de\/wp-content\/uploads\/2020\/04\/cropped-Viapanacea.png?fit=250%2C250&ssl=1\",\"contentUrl\":\"https:\/\/i0.wp.com\/viapanacea.eu\/de\/wp-content\/uploads\/2020\/04\/cropped-Viapanacea.png?fit=250%2C250&ssl=1\",\"width\":250,\"height\":250,\"caption\":\"ana\"},\"logo\":{\"@id\":\"http:\/\/viapanacea.eu\/de\/#\/schema\/person\/image\/\"}}]}<\/script>\n<!-- \/ Yoast SEO plugin. -->","yoast_head_json":{"title":"Hauptseite - Ihr Weg in die Gesundheit","description":"\u00c4rztin f\u00fcr Lebensstilmedizin behandelt sie mit: pflanzenbasierte vegane Ern\u00e4hrung, erholsamer Schlaf, aktive Bewegung und naturnahe Umwelt.","robots":{"index":"index","follow":"follow","max-snippet":"max-snippet:-1","max-image-preview":"max-image-preview:large","max-video-preview":"max-video-preview:-1"},"canonical":"http:\/\/viapanacea.eu\/de\/","og_locale":"de_DE","og_type":"article","og_title":"Hauptseite - Ihr Weg in die Gesundheit","og_description":"\u00c4rztin f\u00fcr Lebensstilmedizin behandelt sie mit: pflanzenbasierte vegane Ern\u00e4hrung, erholsamer Schlaf, aktive Bewegung und naturnahe Umwelt.","og_url":"http:\/\/viapanacea.eu\/de\/","og_site_name":"Ihr Weg in die Gesundheit","article_modified_time":"2020-06-26T08:20:58+00:00","twitter_card":"summary_large_image","twitter_misc":{"Gesch\u00e4tzte Lesezeit":"1\u00a0Minute"},"schema":{"@context":"https:\/\/schema.org","@graph":[{"@type":"WebPage","@id":"http:\/\/viapanacea.eu\/de\/","url":"http:\/\/viapanacea.eu\/de\/","name":"Hauptseite - Ihr Weg in die Gesundheit","isPartOf":{"@id":"http:\/\/viapanacea.eu\/de\/#website"},"datePublished":"2019-01-30T07:06:54+00:00","dateModified":"2020-06-26T08:20:58+00:00","description":"\u00c4rztin f\u00fcr Lebensstilmedizin behandelt sie mit: pflanzenbasierte vegane Ern\u00e4hrung, erholsamer Schlaf, aktive Bewegung und naturnahe Umwelt.","breadcrumb":{"@id":"http:\/\/viapanacea.eu\/de\/#breadcrumb"},"inLanguage":"de","potentialAction":[{"@type":"ReadAction","target":["http:\/\/viapanacea.eu\/de\/"]}]},{"@type":"BreadcrumbList","@id":"http:\/\/viapanacea.eu\/de\/#breadcrumb","itemListElement":[{"@type":"ListItem","position":1,"name":"Startseite","item":"http:\/\/viapanacea.eu\/de\/"},{"@type":"ListItem","position":2,"name":"Hauptseite"}]},{"@type":"WebSite","@id":"http:\/\/viapanacea.eu\/de\/#website","url":"http:\/\/viapanacea.eu\/de\/","name":"Ihr Weg in die Gesundheit","description":"Mit Ana Steindorff Pinheiro,    \u00c4rztin f\u00fcr eine nachhaltige Gesundheit mit Lebensstilmedizin und pflanzenbasierter Ern\u00e4hrungsmedizin","publisher":{"@id":"http:\/\/viapanacea.eu\/de\/#\/schema\/person\/e2154f437e17d2145bf616a345690b03"},"potentialAction":[{"@type":"SearchAction","target":{"@type":"EntryPoint","urlTemplate":"http:\/\/viapanacea.eu\/de\/?s={search_term_string}"},"query-input":{"@type":"PropertyValueSpecification","valueRequired":true,"valueName":"search_term_string"}}],"inLanguage":"de"},{"@type":["Person","Organization"],"@id":"http:\/\/viapanacea.eu\/de\/#\/schema\/person\/e2154f437e17d2145bf616a345690b03","name":"ana","image":{"@type":"ImageObject","inLanguage":"de","@id":"http:\/\/viapanacea.eu\/de\/#\/schema\/person\/image\/","url":"https:\/\/i0.wp.com\/viapanacea.eu\/de\/wp-content\/uploads\/2020\/04\/cropped-Viapanacea.png?fit=250%2C250&ssl=1","contentUrl":"https:\/\/i0.wp.com\/viapanacea.eu\/de\/wp-content\/uploads\/2020\/04\/cropped-Viapanacea.png?fit=250%2C250&ssl=1","width":250,"height":250,"caption":"ana"},"logo":{"@id":"http:\/\/viapanacea.eu\/de\/#\/schema\/person\/image\/"}}]}},"jetpack_sharing_enabled":true,"jetpack_shortlink":"https:\/\/wp.me\/PaVfju-da","_links":{"self":[{"href":"https:\/\/viapanacea.eu\/de\/wp-json\/wp\/v2\/pages\/816","targetHints":{"allow":["GET"]}}],"collection":[{"href":"https:\/\/viapanacea.eu\/de\/wp-json\/wp\/v2\/pages"}],"about":[{"href":"https:\/\/viapanacea.eu\/de\/wp-json\/wp\/v2\/types\/page"}],"author":[{"embeddable":true,"href":"https:\/\/viapanacea.eu\/de\/wp-json\/wp\/v2\/users\/1"}],"replies":[{"embeddable":true,"href":"https:\/\/viapanacea.eu\/de\/wp-json\/wp\/v2\/comments?post=816"}],"version-history":[{"count":48,"href":"https:\/\/viapanacea.eu\/de\/wp-json\/wp\/v2\/pages\/816\/revisions"}],"predecessor-version":[{"id":1220,"href":"https:\/\/viapanacea.eu\/de\/wp-json\/wp\/v2\/pages\/816\/revisions\/1220"}],"wp:attachment":[{"href":"https:\/\/viapanacea.eu\/de\/wp-json\/wp\/v2\/media?parent=816"}],"curies":[{"name":"wp","href":"https:\/\/api.w.org\/{rel}","templated":true}]}}