{"id":831,"date":"2019-01-30T08:51:20","date_gmt":"2019-01-30T07:51:20","guid":{"rendered":"http:\/\/viapanacea.eu\/de\/?page_id=831"},"modified":"2019-12-10T11:44:09","modified_gmt":"2019-12-10T10:44:09","slug":"ihr-weg","status":"publish","type":"page","link":"https:\/\/viapanacea.eu\/de\/ihr-weg\/","title":{"rendered":"Ihr Weg"},"content":{"rendered":"\n<h2 class=\"wp-block-heading\">Ihr Handlungs-Plan<\/h2>\n\n\n\n<ul class=\"wp-block-list\"><li>Vereinbaren Sie ein Termin<\/li><li>Ich schenke Ihnen Zeit und Aufmerksamkeit f\u00fcr Ihr Anliegen<\/li><li>Wir arbeiten zusammen ein individuellen Plan aus<\/li><li>Wir f\u00fchren den Plan zusammen durch<\/li><\/ul>\n\n\n\n<h2 class=\"wp-block-heading\">Mein Versprechen<\/h2>\n\n\n\n<ul class=\"wp-block-list\"><li>Ich behandle meine Patienten menschlich und ohne Zeitdruck, genau so wie ich behandelt werden will.<\/li><li>Ich arbeite mit wissenschaftlich basierter Medizin und Evidenz-Basierter-Medizin und strickt ohne \u00f6konomischen Druck von der Pharma-Industrie oder Nahrungsmittel-Industrie<\/li><li>Mir ist es wichtig, das Sie Ihre Krankheit genau verstehen, und dessen Ursache.<\/li><\/ul>\n\n\n\n<div class=\"wp-block-button aligncenter is-style-outline is-style-outline--1\"><a class=\"wp-block-button__link has-text-color has-very-light-gray-color has-background\" href=\"http:\/\/viapanacea.eu\/de\/termin-vereinbaren\/T\" style=\"background-color:#398f3f\">Vereinbaren Sie jetzt ein Termin<br><\/a><\/div>\n","protected":false},"excerpt":{"rendered":"<p>Ihr Handlungs-Plan Vereinbaren Sie ein Termin Ich schenke Ihnen Zeit und Aufmerksamkeit f\u00fcr Ihr Anliegen Wir arbeiten zusammen ein individuellen Plan aus Wir f\u00fchren den Plan zusammen durch Mein Versprechen Ich behandle meine Patienten menschlich und ohne Zeitdruck, genau so wie ich behandelt werden will. Ich arbeite mit wissenschaftlich basierter Medizin und Evidenz-Basierter-Medizin und strickt &hellip; <\/p>\n<p class=\"link-more\"><a href=\"https:\/\/viapanacea.eu\/de\/ihr-weg\/\" class=\"more-link\"><span class=\"screen-reader-text\">\u201eIhr Weg\u201c <\/span>weiterlesen<\/a><\/p>\n","protected":false},"author":1,"featured_media":0,"parent":0,"menu_order":0,"comment_status":"closed","ping_status":"closed","template":"","meta":{"jetpack_post_was_ever_published":false,"footnotes":""},"class_list":["post-831","page","type-page","status-publish","hentry"],"yoast_head":"<!-- This site is optimized with the Yoast SEO plugin v26.6 - https:\/\/yoast.com\/wordpress\/plugins\/seo\/ -->\n<title>Ihr Weg - Ihr Weg in die Gesundheit<\/title>\n<meta name=\"robots\" content=\"index, follow, max-snippet:-1, max-image-preview:large, max-video-preview:-1\" \/>\n<link rel=\"canonical\" href=\"http:\/\/viapanacea.eu\/de\/ihr-weg\/\" \/>\n<meta property=\"og:locale\" content=\"de_DE\" \/>\n<meta property=\"og:type\" content=\"article\" \/>\n<meta property=\"og:title\" content=\"Ihr Weg - Ihr Weg in die Gesundheit\" \/>\n<meta property=\"og:description\" content=\"Ihr Handlungs-Plan Vereinbaren Sie ein Termin Ich schenke Ihnen Zeit und Aufmerksamkeit f\u00fcr Ihr Anliegen Wir arbeiten zusammen ein individuellen Plan aus Wir f\u00fchren den Plan zusammen durch Mein Versprechen Ich behandle meine Patienten menschlich und ohne Zeitdruck, genau so wie ich behandelt werden will. Ich arbeite mit wissenschaftlich basierter Medizin und Evidenz-Basierter-Medizin und strickt &hellip; \u201eIhr Weg\u201c weiterlesen\" \/>\n<meta property=\"og:url\" content=\"http:\/\/viapanacea.eu\/de\/ihr-weg\/\" \/>\n<meta property=\"og:site_name\" content=\"Ihr Weg in die Gesundheit\" \/>\n<meta property=\"article:modified_time\" content=\"2019-12-10T10:44:09+00:00\" \/>\n<meta name=\"twitter:card\" content=\"summary_large_image\" \/>\n<script type=\"application\/ld+json\" class=\"yoast-schema-graph\">{\"@context\":\"https:\/\/schema.org\",\"@graph\":[{\"@type\":\"WebPage\",\"@id\":\"http:\/\/viapanacea.eu\/de\/ihr-weg\/\",\"url\":\"http:\/\/viapanacea.eu\/de\/ihr-weg\/\",\"name\":\"Ihr Weg - Ihr Weg in die Gesundheit\",\"isPartOf\":{\"@id\":\"https:\/\/viapanacea.eu\/de\/#website\"},\"datePublished\":\"2019-01-30T07:51:20+00:00\",\"dateModified\":\"2019-12-10T10:44:09+00:00\",\"breadcrumb\":{\"@id\":\"http:\/\/viapanacea.eu\/de\/ihr-weg\/#breadcrumb\"},\"inLanguage\":\"de\",\"potentialAction\":[{\"@type\":\"ReadAction\",\"target\":[\"http:\/\/viapanacea.eu\/de\/ihr-weg\/\"]}]},{\"@type\":\"BreadcrumbList\",\"@id\":\"http:\/\/viapanacea.eu\/de\/ihr-weg\/#breadcrumb\",\"itemListElement\":[{\"@type\":\"ListItem\",\"position\":1,\"name\":\"Startseite\",\"item\":\"https:\/\/viapanacea.eu\/de\/\"},{\"@type\":\"ListItem\",\"position\":2,\"name\":\"Ihr Weg\"}]},{\"@type\":\"WebSite\",\"@id\":\"https:\/\/viapanacea.eu\/de\/#website\",\"url\":\"https:\/\/viapanacea.eu\/de\/\",\"name\":\"Ihr Weg in die Gesundheit\",\"description\":\"Mit Ana Steindorff Pinheiro,    \u00c4rztin f\u00fcr eine nachhaltige Gesundheit mit Lebensstilmedizin und pflanzenbasierter Ern\u00e4hrungsmedizin\",\"publisher\":{\"@id\":\"https:\/\/viapanacea.eu\/de\/#\/schema\/person\/e2154f437e17d2145bf616a345690b03\"},\"potentialAction\":[{\"@type\":\"SearchAction\",\"target\":{\"@type\":\"EntryPoint\",\"urlTemplate\":\"https:\/\/viapanacea.eu\/de\/?s={search_term_string}\"},\"query-input\":{\"@type\":\"PropertyValueSpecification\",\"valueRequired\":true,\"valueName\":\"search_term_string\"}}],\"inLanguage\":\"de\"},{\"@type\":[\"Person\",\"Organization\"],\"@id\":\"https:\/\/viapanacea.eu\/de\/#\/schema\/person\/e2154f437e17d2145bf616a345690b03\",\"name\":\"ana\",\"image\":{\"@type\":\"ImageObject\",\"inLanguage\":\"de\",\"@id\":\"https:\/\/viapanacea.eu\/de\/#\/schema\/person\/image\/\",\"url\":\"https:\/\/i0.wp.com\/viapanacea.eu\/de\/wp-content\/uploads\/2020\/04\/cropped-Viapanacea.png?fit=250%2C250&ssl=1\",\"contentUrl\":\"https:\/\/i0.wp.com\/viapanacea.eu\/de\/wp-content\/uploads\/2020\/04\/cropped-Viapanacea.png?fit=250%2C250&ssl=1\",\"width\":250,\"height\":250,\"caption\":\"ana\"},\"logo\":{\"@id\":\"https:\/\/viapanacea.eu\/de\/#\/schema\/person\/image\/\"}}]}<\/script>\n<!-- \/ Yoast SEO plugin. -->","yoast_head_json":{"title":"Ihr Weg - Ihr Weg in die Gesundheit","robots":{"index":"index","follow":"follow","max-snippet":"max-snippet:-1","max-image-preview":"max-image-preview:large","max-video-preview":"max-video-preview:-1"},"canonical":"http:\/\/viapanacea.eu\/de\/ihr-weg\/","og_locale":"de_DE","og_type":"article","og_title":"Ihr Weg - Ihr Weg in die Gesundheit","og_description":"Ihr Handlungs-Plan Vereinbaren Sie ein Termin Ich schenke Ihnen Zeit und Aufmerksamkeit f\u00fcr Ihr Anliegen Wir arbeiten zusammen ein individuellen Plan aus Wir f\u00fchren den Plan zusammen durch Mein Versprechen Ich behandle meine Patienten menschlich und ohne Zeitdruck, genau so wie ich behandelt werden will. Ich arbeite mit wissenschaftlich basierter Medizin und Evidenz-Basierter-Medizin und strickt &hellip; \u201eIhr Weg\u201c weiterlesen","og_url":"http:\/\/viapanacea.eu\/de\/ihr-weg\/","og_site_name":"Ihr Weg in die Gesundheit","article_modified_time":"2019-12-10T10:44:09+00:00","twitter_card":"summary_large_image","schema":{"@context":"https:\/\/schema.org","@graph":[{"@type":"WebPage","@id":"http:\/\/viapanacea.eu\/de\/ihr-weg\/","url":"http:\/\/viapanacea.eu\/de\/ihr-weg\/","name":"Ihr Weg - Ihr Weg in die Gesundheit","isPartOf":{"@id":"https:\/\/viapanacea.eu\/de\/#website"},"datePublished":"2019-01-30T07:51:20+00:00","dateModified":"2019-12-10T10:44:09+00:00","breadcrumb":{"@id":"http:\/\/viapanacea.eu\/de\/ihr-weg\/#breadcrumb"},"inLanguage":"de","potentialAction":[{"@type":"ReadAction","target":["http:\/\/viapanacea.eu\/de\/ihr-weg\/"]}]},{"@type":"BreadcrumbList","@id":"http:\/\/viapanacea.eu\/de\/ihr-weg\/#breadcrumb","itemListElement":[{"@type":"ListItem","position":1,"name":"Startseite","item":"https:\/\/viapanacea.eu\/de\/"},{"@type":"ListItem","position":2,"name":"Ihr Weg"}]},{"@type":"WebSite","@id":"https:\/\/viapanacea.eu\/de\/#website","url":"https:\/\/viapanacea.eu\/de\/","name":"Ihr Weg in die Gesundheit","description":"Mit Ana Steindorff Pinheiro,    \u00c4rztin f\u00fcr eine nachhaltige Gesundheit mit Lebensstilmedizin und pflanzenbasierter Ern\u00e4hrungsmedizin","publisher":{"@id":"https:\/\/viapanacea.eu\/de\/#\/schema\/person\/e2154f437e17d2145bf616a345690b03"},"potentialAction":[{"@type":"SearchAction","target":{"@type":"EntryPoint","urlTemplate":"https:\/\/viapanacea.eu\/de\/?s={search_term_string}"},"query-input":{"@type":"PropertyValueSpecification","valueRequired":true,"valueName":"search_term_string"}}],"inLanguage":"de"},{"@type":["Person","Organization"],"@id":"https:\/\/viapanacea.eu\/de\/#\/schema\/person\/e2154f437e17d2145bf616a345690b03","name":"ana","image":{"@type":"ImageObject","inLanguage":"de","@id":"https:\/\/viapanacea.eu\/de\/#\/schema\/person\/image\/","url":"https:\/\/i0.wp.com\/viapanacea.eu\/de\/wp-content\/uploads\/2020\/04\/cropped-Viapanacea.png?fit=250%2C250&ssl=1","contentUrl":"https:\/\/i0.wp.com\/viapanacea.eu\/de\/wp-content\/uploads\/2020\/04\/cropped-Viapanacea.png?fit=250%2C250&ssl=1","width":250,"height":250,"caption":"ana"},"logo":{"@id":"https:\/\/viapanacea.eu\/de\/#\/schema\/person\/image\/"}}]}},"jetpack_sharing_enabled":true,"jetpack_shortlink":"https:\/\/wp.me\/PaVfju-dp","_links":{"self":[{"href":"https:\/\/viapanacea.eu\/de\/wp-json\/wp\/v2\/pages\/831","targetHints":{"allow":["GET"]}}],"collection":[{"href":"https:\/\/viapanacea.eu\/de\/wp-json\/wp\/v2\/pages"}],"about":[{"href":"https:\/\/viapanacea.eu\/de\/wp-json\/wp\/v2\/types\/page"}],"author":[{"embeddable":true,"href":"https:\/\/viapanacea.eu\/de\/wp-json\/wp\/v2\/users\/1"}],"replies":[{"embeddable":true,"href":"https:\/\/viapanacea.eu\/de\/wp-json\/wp\/v2\/comments?post=831"}],"version-history":[{"count":4,"href":"https:\/\/viapanacea.eu\/de\/wp-json\/wp\/v2\/pages\/831\/revisions"}],"predecessor-version":[{"id":1114,"href":"https:\/\/viapanacea.eu\/de\/wp-json\/wp\/v2\/pages\/831\/revisions\/1114"}],"wp:attachment":[{"href":"https:\/\/viapanacea.eu\/de\/wp-json\/wp\/v2\/media?parent=831"}],"curies":[{"name":"wp","href":"https:\/\/api.w.org\/{rel}","templated":true}]}}