{"id":993,"date":"2019-03-11T20:03:03","date_gmt":"2019-03-11T19:03:03","guid":{"rendered":"http:\/\/viapanacea.eu\/de\/?page_id=993"},"modified":"2020-12-16T09:34:11","modified_gmt":"2020-12-16T08:34:11","slug":"reise-in-die-gesundheit","status":"publish","type":"page","link":"https:\/\/viapanacea.eu\/de\/reise-in-die-gesundheit\/","title":{"rendered":"Reise in die Gesundheit"},"content":{"rendered":"\n<figure class=\"wp-block-image\"><img data-recalc-dims=\"1\" loading=\"lazy\" decoding=\"async\" width=\"525\" height=\"525\" src=\"https:\/\/i0.wp.com\/viapanacea.eu\/de\/wp-content\/uploads\/2019\/03\/IMG-20190311-WA0002.jpg?resize=525%2C525\" alt=\"\" class=\"wp-image-994\" srcset=\"https:\/\/i0.wp.com\/viapanacea.eu\/de\/wp-content\/uploads\/2019\/03\/IMG-20190311-WA0002.jpg?resize=1024%2C1024&amp;ssl=1 1024w, https:\/\/i0.wp.com\/viapanacea.eu\/de\/wp-content\/uploads\/2019\/03\/IMG-20190311-WA0002.jpg?resize=150%2C150&amp;ssl=1 150w, https:\/\/i0.wp.com\/viapanacea.eu\/de\/wp-content\/uploads\/2019\/03\/IMG-20190311-WA0002.jpg?resize=300%2C300&amp;ssl=1 300w, https:\/\/i0.wp.com\/viapanacea.eu\/de\/wp-content\/uploads\/2019\/03\/IMG-20190311-WA0002.jpg?resize=768%2C768&amp;ssl=1 768w, https:\/\/i0.wp.com\/viapanacea.eu\/de\/wp-content\/uploads\/2019\/03\/IMG-20190311-WA0002.jpg?resize=100%2C100&amp;ssl=1 100w, https:\/\/i0.wp.com\/viapanacea.eu\/de\/wp-content\/uploads\/2019\/03\/IMG-20190311-WA0002.jpg?resize=24%2C24&amp;ssl=1 24w, https:\/\/i0.wp.com\/viapanacea.eu\/de\/wp-content\/uploads\/2019\/03\/IMG-20190311-WA0002.jpg?resize=36%2C36&amp;ssl=1 36w, https:\/\/i0.wp.com\/viapanacea.eu\/de\/wp-content\/uploads\/2019\/03\/IMG-20190311-WA0002.jpg?resize=48%2C48&amp;ssl=1 48w, https:\/\/i0.wp.com\/viapanacea.eu\/de\/wp-content\/uploads\/2019\/03\/IMG-20190311-WA0002.jpg?w=1599&amp;ssl=1 1599w\" sizes=\"auto, (max-width: 767px) 89vw, (max-width: 1000px) 54vw, (max-width: 1071px) 543px, 580px\" \/><figcaption>Algarve, Portugal im Winter<\/figcaption><\/figure>\n\n\n\n<h2 class=\"wp-block-heading\"><strong>In Planung: Retreat \/ Urlaub mit Mehrwert:<\/strong><\/h2>\n\n\n\n<ul class=\"wp-block-list\"><li>Seminare in Ern\u00e4hrung, Lebensstil, Motivation, Bewegung, Entspannung  und Psychosozialer Unterst\u00fctzung im Berliner Umland und mit Sonne und  Meer in Portugal:<\/li><li>N\u00e4chster Termine:<\/li><li>Berlin, Deutschland: September 2021<\/li><li>Algarve, Portugal: November 2021<br><\/li><\/ul>\n","protected":false},"excerpt":{"rendered":"<p>In Planung: Retreat \/ Urlaub mit Mehrwert: Seminare in Ern\u00e4hrung, Lebensstil, Motivation, Bewegung, Entspannung und Psychosozialer Unterst\u00fctzung im Berliner Umland und mit Sonne und Meer in Portugal: N\u00e4chster Termine: Berlin, Deutschland: September 2021 Algarve, Portugal: November 2021<\/p>\n","protected":false},"author":1,"featured_media":0,"parent":0,"menu_order":0,"comment_status":"closed","ping_status":"closed","template":"","meta":{"jetpack_post_was_ever_published":false,"footnotes":""},"class_list":["post-993","page","type-page","status-publish","hentry"],"yoast_head":"<!-- This site is optimized with the Yoast SEO plugin v26.6 - https:\/\/yoast.com\/wordpress\/plugins\/seo\/ -->\n<title>Reise in die Gesundheit - Ihr Weg in die Gesundheit<\/title>\n<meta name=\"robots\" content=\"index, follow, max-snippet:-1, max-image-preview:large, max-video-preview:-1\" \/>\n<link rel=\"canonical\" href=\"https:\/\/viapanacea.eu\/de\/reise-in-die-gesundheit\/\" \/>\n<meta property=\"og:locale\" content=\"de_DE\" \/>\n<meta property=\"og:type\" content=\"article\" \/>\n<meta property=\"og:title\" content=\"Reise in die Gesundheit - Ihr Weg in die Gesundheit\" \/>\n<meta property=\"og:description\" content=\"In Planung: Retreat \/ Urlaub mit Mehrwert: Seminare in Ern\u00e4hrung, Lebensstil, Motivation, Bewegung, Entspannung und Psychosozialer Unterst\u00fctzung im Berliner Umland und mit Sonne und Meer in Portugal: N\u00e4chster Termine: Berlin, Deutschland: September 2021 Algarve, Portugal: November 2021\" \/>\n<meta property=\"og:url\" content=\"https:\/\/viapanacea.eu\/de\/reise-in-die-gesundheit\/\" \/>\n<meta property=\"og:site_name\" content=\"Ihr Weg in die Gesundheit\" \/>\n<meta property=\"article:modified_time\" content=\"2020-12-16T08:34:11+00:00\" \/>\n<meta property=\"og:image\" content=\"http:\/\/viapanacea.eu\/de\/wp-content\/uploads\/2019\/03\/IMG-20190311-WA0002-1024x1024.jpg\" \/>\n<meta name=\"twitter:card\" content=\"summary_large_image\" \/>\n<script type=\"application\/ld+json\" class=\"yoast-schema-graph\">{\"@context\":\"https:\/\/schema.org\",\"@graph\":[{\"@type\":\"WebPage\",\"@id\":\"https:\/\/viapanacea.eu\/de\/reise-in-die-gesundheit\/\",\"url\":\"https:\/\/viapanacea.eu\/de\/reise-in-die-gesundheit\/\",\"name\":\"Reise in die Gesundheit - Ihr Weg in die Gesundheit\",\"isPartOf\":{\"@id\":\"https:\/\/viapanacea.eu\/de\/#website\"},\"primaryImageOfPage\":{\"@id\":\"https:\/\/viapanacea.eu\/de\/reise-in-die-gesundheit\/#primaryimage\"},\"image\":{\"@id\":\"https:\/\/viapanacea.eu\/de\/reise-in-die-gesundheit\/#primaryimage\"},\"thumbnailUrl\":\"http:\/\/viapanacea.eu\/de\/wp-content\/uploads\/2019\/03\/IMG-20190311-WA0002-1024x1024.jpg\",\"datePublished\":\"2019-03-11T19:03:03+00:00\",\"dateModified\":\"2020-12-16T08:34:11+00:00\",\"breadcrumb\":{\"@id\":\"https:\/\/viapanacea.eu\/de\/reise-in-die-gesundheit\/#breadcrumb\"},\"inLanguage\":\"de\",\"potentialAction\":[{\"@type\":\"ReadAction\",\"target\":[\"https:\/\/viapanacea.eu\/de\/reise-in-die-gesundheit\/\"]}]},{\"@type\":\"ImageObject\",\"inLanguage\":\"de\",\"@id\":\"https:\/\/viapanacea.eu\/de\/reise-in-die-gesundheit\/#primaryimage\",\"url\":\"https:\/\/i0.wp.com\/viapanacea.eu\/de\/wp-content\/uploads\/2019\/03\/IMG-20190311-WA0002.jpg?fit=1599%2C1599&ssl=1\",\"contentUrl\":\"https:\/\/i0.wp.com\/viapanacea.eu\/de\/wp-content\/uploads\/2019\/03\/IMG-20190311-WA0002.jpg?fit=1599%2C1599&ssl=1\",\"width\":1599,\"height\":1599},{\"@type\":\"BreadcrumbList\",\"@id\":\"https:\/\/viapanacea.eu\/de\/reise-in-die-gesundheit\/#breadcrumb\",\"itemListElement\":[{\"@type\":\"ListItem\",\"position\":1,\"name\":\"Startseite\",\"item\":\"https:\/\/viapanacea.eu\/de\/\"},{\"@type\":\"ListItem\",\"position\":2,\"name\":\"Reise in die Gesundheit\"}]},{\"@type\":\"WebSite\",\"@id\":\"https:\/\/viapanacea.eu\/de\/#website\",\"url\":\"https:\/\/viapanacea.eu\/de\/\",\"name\":\"Ihr Weg in die Gesundheit\",\"description\":\"Mit Ana Steindorff Pinheiro,    \u00c4rztin f\u00fcr eine nachhaltige Gesundheit mit Lebensstilmedizin und pflanzenbasierter Ern\u00e4hrungsmedizin\",\"publisher\":{\"@id\":\"https:\/\/viapanacea.eu\/de\/#\/schema\/person\/e2154f437e17d2145bf616a345690b03\"},\"potentialAction\":[{\"@type\":\"SearchAction\",\"target\":{\"@type\":\"EntryPoint\",\"urlTemplate\":\"https:\/\/viapanacea.eu\/de\/?s={search_term_string}\"},\"query-input\":{\"@type\":\"PropertyValueSpecification\",\"valueRequired\":true,\"valueName\":\"search_term_string\"}}],\"inLanguage\":\"de\"},{\"@type\":[\"Person\",\"Organization\"],\"@id\":\"https:\/\/viapanacea.eu\/de\/#\/schema\/person\/e2154f437e17d2145bf616a345690b03\",\"name\":\"ana\",\"image\":{\"@type\":\"ImageObject\",\"inLanguage\":\"de\",\"@id\":\"https:\/\/viapanacea.eu\/de\/#\/schema\/person\/image\/\",\"url\":\"https:\/\/i0.wp.com\/viapanacea.eu\/de\/wp-content\/uploads\/2020\/04\/cropped-Viapanacea.png?fit=250%2C250&ssl=1\",\"contentUrl\":\"https:\/\/i0.wp.com\/viapanacea.eu\/de\/wp-content\/uploads\/2020\/04\/cropped-Viapanacea.png?fit=250%2C250&ssl=1\",\"width\":250,\"height\":250,\"caption\":\"ana\"},\"logo\":{\"@id\":\"https:\/\/viapanacea.eu\/de\/#\/schema\/person\/image\/\"}}]}<\/script>\n<!-- \/ Yoast SEO plugin. -->","yoast_head_json":{"title":"Reise in die Gesundheit - Ihr Weg in die Gesundheit","robots":{"index":"index","follow":"follow","max-snippet":"max-snippet:-1","max-image-preview":"max-image-preview:large","max-video-preview":"max-video-preview:-1"},"canonical":"https:\/\/viapanacea.eu\/de\/reise-in-die-gesundheit\/","og_locale":"de_DE","og_type":"article","og_title":"Reise in die Gesundheit - Ihr Weg in die Gesundheit","og_description":"In Planung: Retreat \/ Urlaub mit Mehrwert: Seminare in Ern\u00e4hrung, Lebensstil, Motivation, Bewegung, Entspannung und Psychosozialer Unterst\u00fctzung im Berliner Umland und mit Sonne und Meer in Portugal: N\u00e4chster Termine: Berlin, Deutschland: September 2021 Algarve, Portugal: November 2021","og_url":"https:\/\/viapanacea.eu\/de\/reise-in-die-gesundheit\/","og_site_name":"Ihr Weg in die Gesundheit","article_modified_time":"2020-12-16T08:34:11+00:00","og_image":[{"url":"http:\/\/viapanacea.eu\/de\/wp-content\/uploads\/2019\/03\/IMG-20190311-WA0002-1024x1024.jpg","type":"","width":"","height":""}],"twitter_card":"summary_large_image","schema":{"@context":"https:\/\/schema.org","@graph":[{"@type":"WebPage","@id":"https:\/\/viapanacea.eu\/de\/reise-in-die-gesundheit\/","url":"https:\/\/viapanacea.eu\/de\/reise-in-die-gesundheit\/","name":"Reise in die Gesundheit - Ihr Weg in die Gesundheit","isPartOf":{"@id":"https:\/\/viapanacea.eu\/de\/#website"},"primaryImageOfPage":{"@id":"https:\/\/viapanacea.eu\/de\/reise-in-die-gesundheit\/#primaryimage"},"image":{"@id":"https:\/\/viapanacea.eu\/de\/reise-in-die-gesundheit\/#primaryimage"},"thumbnailUrl":"http:\/\/viapanacea.eu\/de\/wp-content\/uploads\/2019\/03\/IMG-20190311-WA0002-1024x1024.jpg","datePublished":"2019-03-11T19:03:03+00:00","dateModified":"2020-12-16T08:34:11+00:00","breadcrumb":{"@id":"https:\/\/viapanacea.eu\/de\/reise-in-die-gesundheit\/#breadcrumb"},"inLanguage":"de","potentialAction":[{"@type":"ReadAction","target":["https:\/\/viapanacea.eu\/de\/reise-in-die-gesundheit\/"]}]},{"@type":"ImageObject","inLanguage":"de","@id":"https:\/\/viapanacea.eu\/de\/reise-in-die-gesundheit\/#primaryimage","url":"https:\/\/i0.wp.com\/viapanacea.eu\/de\/wp-content\/uploads\/2019\/03\/IMG-20190311-WA0002.jpg?fit=1599%2C1599&ssl=1","contentUrl":"https:\/\/i0.wp.com\/viapanacea.eu\/de\/wp-content\/uploads\/2019\/03\/IMG-20190311-WA0002.jpg?fit=1599%2C1599&ssl=1","width":1599,"height":1599},{"@type":"BreadcrumbList","@id":"https:\/\/viapanacea.eu\/de\/reise-in-die-gesundheit\/#breadcrumb","itemListElement":[{"@type":"ListItem","position":1,"name":"Startseite","item":"https:\/\/viapanacea.eu\/de\/"},{"@type":"ListItem","position":2,"name":"Reise in die Gesundheit"}]},{"@type":"WebSite","@id":"https:\/\/viapanacea.eu\/de\/#website","url":"https:\/\/viapanacea.eu\/de\/","name":"Ihr Weg in die Gesundheit","description":"Mit Ana Steindorff Pinheiro,    \u00c4rztin f\u00fcr eine nachhaltige Gesundheit mit Lebensstilmedizin und pflanzenbasierter Ern\u00e4hrungsmedizin","publisher":{"@id":"https:\/\/viapanacea.eu\/de\/#\/schema\/person\/e2154f437e17d2145bf616a345690b03"},"potentialAction":[{"@type":"SearchAction","target":{"@type":"EntryPoint","urlTemplate":"https:\/\/viapanacea.eu\/de\/?s={search_term_string}"},"query-input":{"@type":"PropertyValueSpecification","valueRequired":true,"valueName":"search_term_string"}}],"inLanguage":"de"},{"@type":["Person","Organization"],"@id":"https:\/\/viapanacea.eu\/de\/#\/schema\/person\/e2154f437e17d2145bf616a345690b03","name":"ana","image":{"@type":"ImageObject","inLanguage":"de","@id":"https:\/\/viapanacea.eu\/de\/#\/schema\/person\/image\/","url":"https:\/\/i0.wp.com\/viapanacea.eu\/de\/wp-content\/uploads\/2020\/04\/cropped-Viapanacea.png?fit=250%2C250&ssl=1","contentUrl":"https:\/\/i0.wp.com\/viapanacea.eu\/de\/wp-content\/uploads\/2020\/04\/cropped-Viapanacea.png?fit=250%2C250&ssl=1","width":250,"height":250,"caption":"ana"},"logo":{"@id":"https:\/\/viapanacea.eu\/de\/#\/schema\/person\/image\/"}}]}},"jetpack_sharing_enabled":true,"jetpack_shortlink":"https:\/\/wp.me\/PaVfju-g1","_links":{"self":[{"href":"https:\/\/viapanacea.eu\/de\/wp-json\/wp\/v2\/pages\/993","targetHints":{"allow":["GET"]}}],"collection":[{"href":"https:\/\/viapanacea.eu\/de\/wp-json\/wp\/v2\/pages"}],"about":[{"href":"https:\/\/viapanacea.eu\/de\/wp-json\/wp\/v2\/types\/page"}],"author":[{"embeddable":true,"href":"https:\/\/viapanacea.eu\/de\/wp-json\/wp\/v2\/users\/1"}],"replies":[{"embeddable":true,"href":"https:\/\/viapanacea.eu\/de\/wp-json\/wp\/v2\/comments?post=993"}],"version-history":[{"count":6,"href":"https:\/\/viapanacea.eu\/de\/wp-json\/wp\/v2\/pages\/993\/revisions"}],"predecessor-version":[{"id":1340,"href":"https:\/\/viapanacea.eu\/de\/wp-json\/wp\/v2\/pages\/993\/revisions\/1340"}],"wp:attachment":[{"href":"https:\/\/viapanacea.eu\/de\/wp-json\/wp\/v2\/media?parent=993"}],"curies":[{"name":"wp","href":"https:\/\/api.w.org\/{rel}","templated":true}]}}