{"id":223,"date":"2017-08-16T11:47:51","date_gmt":"2017-08-16T09:47:51","guid":{"rendered":"http:\/\/www.viapanacea.eu\/?page_id=223"},"modified":"2019-04-15T12:18:18","modified_gmt":"2019-04-15T10:18:18","slug":"site-notice","status":"publish","type":"page","link":"https:\/\/viapanacea.eu\/en\/site-notice\/","title":{"rendered":"Site notice"},"content":{"rendered":"<h3><strong>Angaben nach \u00a7 5 Telemediengesetz<\/strong><\/h3>\n<h6><strong>Ana Steindorff Pinheiro<\/strong><\/h6>\n<p>Friedbergstr 27<\/p>\n<p>14057 Berlin \u2013 Charlottenburg<\/p>\n<p>Tel: 0176- 78504799<\/p>\n<p><a href=\"mailto:info@viapanacea.eu\">info@viapanacea.eu<\/a><\/p>\n<p>Kontaktdaten werden nur zur Beantwortung von Anfragen oder zur Zusendung von Informationsmaterial verwendet. Bei Kontaktaufnahme \u00fcber E-Mail erkl\u00e4ren sie sich einverstanden mit Personenbezogener Datenerhebung und wurden informiert \u00fcber die unsichere Verbindung, die E-Mails gew\u00e4hrleisten \u2013 bitte keine medizinischen Daten senden.<\/p>\n<h4><strong>Berufsbezeichnung<\/strong><\/h4>\n<p>\u00c4rztin<br \/>\nFach\u00e4rztin f\u00fcr An\u00e4sthesie<br \/>\nZertifikat: Fortbildung in Ern\u00e4hrungsmedizin nach der Bundes\u00e4rztekammer<\/p>\n<p>Zertifikat: Fortbildung in Tabakentw\u00f6hnung nach der Bundes\u00e4rztekammer<\/p>\n<p>Zertifikat in Pflanzenbasierter Ern\u00e4hrung der eCornell University<\/p>\n<p>Zusatzbezeichnung Not\u00e4rztin<\/p>\n<p>Zusatzbezeichnung Palliativmedizin<\/p>\n<p>Approbation erteilt in Portugal, anerkannt in Deutschland seit 2003.<\/p>\n<h4><strong>Zust\u00e4ndige \u00c4rztekammer:<\/strong><\/h4>\n<p><a href=\"https:\/\/www.aerztekammer-berlin.de\/homepage\/index.html\">\u00c4rztekammer<\/a> Berlin<br \/>\nFriedrichstra\u00dfe 16, 10969 Berlin<br \/>\nTelefon: (030) 40806-0<\/p>\n<p>Berufsrechtliche Regelungen:<br \/>\n<a href=\"https:\/\/www.aerztekammer-berlin.de\/10arzt\/30_Berufsrecht\/06_Rechtsgrundlagen\/30_Berufsrecht\/Berufsordnung.pdf\">Berufsordnung<\/a> der Landes\u00e4rztekammer Berlin<br \/>\n<a href=\"https:\/\/www.aerztekammer-berlin.de\/10arzt\/30_Berufsrecht\/06_Rechtsgrundlagen\/index.html\" target=\"_blank\" rel=\"noopener noreferrer\">Gesetze und Verordnungen<\/a><\/p>\n<hr \/>\n<p>Fragen sie Ihren Arzt bevor sie diese oder eine andere Ern\u00e4hrungsform ausw\u00e4hlen.<\/p>\n<p>Jeder Mensch ist anders. Jeder Patient ist anders.<\/p>\n<p>Informationen auf dieser Webseite werden nur zur Information freigestellt und ersetzen kein medizinischen oder rechtlichen Rat oder Behandlung.<\/p>\n<p>Diese Webseite ist keine Arzt-Patient Beziehung.<\/p>\n<p>Wegen privat-rechtlicher Bestimmungen bitte keine medizinischen, versicherungstechnischen oder finanziellen Unterlagen als E-Mail versenden.<\/p>\n<div>\n<hr \/>\n<\/div>\n<h3>Allgemeine Inhalte der Datenschutzerkl\u00e4rung: DSGVO<strong><br \/>\n<\/strong><\/h3>\n<div>Sehr geehrter Besucher unserer Internetseite,<\/div>\n<div>wir m\u00f6chten Sie dar\u00fcber informieren, dass beim Besuch unserer Website personenbezogene Daten erhoben werden. Zu den personenbezogenen Daten geh\u00f6ren alle Daten, die auf Sie pers\u00f6nlich beziehbar sind (z. B. Name, E-Mail Adresse, IP-Adresse, Nutzerverhalten).<\/div>\n<div><\/div>\n<h4>F\u00fcr den Datenschutz ist in unserer Praxis verantwortlich:<\/h4>\n<div>\n<div>Ana Steindorff Pinheiro<\/div>\n<p>Friedbergstr. 27<\/p><\/div>\n<div>14057 Berlin<\/div>\n<div>Tel: 0176-78504799<\/div>\n<div>info@viapanacea.eu<\/div>\n<h4>Verantwortlich f\u00fcr den Datenschutz auf der Internetseite ist:<\/h4>\n<div>\n<div>Ana Steindorff Pinheiro<\/div>\n<p>Friedbergstr. 27<\/p><\/div>\n<div>14057 Berlin<\/div>\n<div>Tel: 0176-78504799<\/div>\n<div>info@viapanacea.eu<\/div>\n<h4>Bereitstellung der Website und Erstellung von Logfiles:<\/h4>\n<p>Unsere Website dient ausschlie\u00dflich der Bereitstellung von Informationen \u00fcber unsere Praxis, unser Behandlungsspektrum und therapeutische M\u00f6glichkeiten bei verschiedenen Erkrankungen. Bei jedem Aufruf unserer Internetseite erfasst unser System automatisiert Daten und Informationen vom Computersystem des aufrufenden Rechners. Folgende Daten werden hierbei erhoben:<\/p>\n<ul>\n<li>IP-Adresse des Nutzers<\/li>\n<li>Datum und Uhrzeit der Anfrage sowie Zeitzone<\/li>\n<li>Inhalt der Anforderung (konkrete Seite)<\/li>\n<li>Website, von der die Anforderung kommt<\/li>\n<li>Art des Browsers sowie dessen Sprache und Version<\/li>\n<li>Betriebssystem<\/li>\n<li>Zugriffstatus\/http-Statuscode<\/li>\n<li>\u00dcbertragene Datenmenge<\/li>\n<\/ul>\n<div>Die Daten werden in Logfiles unseres Systems gespeichert. Die Erhebung dieser Daten ist notwendig, damit Sie unsere Website angezeigt bekommen und auf ihr navigieren k\u00f6nnen. Rechtsgrundlage f\u00fcr die Erhebung und vor\u00fcbergehende Speicherung der Daten ist Art. 6 Abs. 1 lit. f DSGVO. Die L\u00f6schung dieser Daten erfolgt, wenn diese nicht mehr zur Bereitstellung der Website erforderlich sind bzw. die jeweilige Sitzung beendet ist.<\/div>\n<div>Au\u00dferdem weisen wir Sie darauf hin, dass die Daten\u00fcbertragung im Internet (wie beispielsweise bei der Kommunikation \u00fcber E-Mail) Sicherheitsl\u00fccken aufweisen kann. Denn ein l\u00fcckenloser Schutz der Daten vor dem Zugriff durch Dritte ist nicht m\u00f6glich. Wir widersprechen hiermit ausdr\u00fccklich der Nutzung von im Rahmen der Impressumspflicht ver\u00f6ffentlichten Kontaktdaten durch Dritte zur \u00dcbersendung von nicht ausdr\u00fccklich angeforderter Werbung und Informationsmaterialien. Die Betreiber dieser Seiten behalten sich ausdr\u00fccklich vor, im Fall der unverlangten Zusendung von Werbeinformationen, etwa durch Spam-Mails, rechtliche Schritte einzuleiten.<\/div>\n<h4><strong>Ihre Rechte:<\/strong><\/h4>\n<div>Sie haben nach der DSGVO die folgenden Rechte hinsichtlich der von uns \u00fcber Sie verarbeiteten personenbezogenen Daten:<\/div>\n<ul>\n<li>Sie haben das Recht, \u00fcber die Sie betreffenden personenbezogenen Daten Auskunft zu erhalten. Auch k\u00f6nnen Sie die Berichtigung unrichtiger Daten verlangen.<\/li>\n<li>Dar\u00fcber hinaus steht Ihnen unter bestimmten Voraussetzungen das Recht auf L\u00f6schung von Daten, das Recht auf Einschr\u00e4nkung der Datenverarbeitung sowie das Recht auf Daten\u00fcbertragbarkeit zu.<\/li>\n<li>Die Verarbeitung Ihrer Daten erfolgt auf Basis von gesetzlichen Berechtigungen oder \u2013 wo solche nicht bestehen \u2013 auf der Basis einer von Ihnen erteilten Einwilligung. Im letzteren Fall haben Sie das Recht, die Einwilligung jederzeit f\u00fcr die zuk\u00fcnftige Verarbeitung zu widerrufen.<\/li>\n<li>Sie haben ferner das Recht, sich bei der f\u00fcr den Datenschutz zust\u00e4ndigen Aufsichtsbeh\u00f6rde zu beschweren, wenn Sie der Ansicht sind, dass die Verarbeitung Ihrer personenbezogenen Daten nicht rechtm\u00e4\u00dfig erfolgt. Die Anschrift der f\u00fcr uns zust\u00e4ndigen Aufsichtsbeh\u00f6rde lautet:<\/li>\n<\/ul>\n<p>Berliner Beauftragte f\u00fcr Datenschutz und Informationsfreiheit,<br \/>\nFriedrichstra\u00dfe 219, 10969 Berlin,<br \/>\nTelefon: 030-138890.<\/p>\n","protected":false},"excerpt":{"rendered":"<p>Angaben nach \u00a7 5 Telemediengesetz Ana Steindorff Pinheiro Friedbergstr 27 14057 Berlin \u2013 Charlottenburg Tel: 0176- 78504799 info@viapanacea.eu Kontaktdaten werden nur zur Beantwortung von Anfragen oder zur Zusendung von Informationsmaterial verwendet. Bei Kontaktaufnahme \u00fcber E-Mail erkl\u00e4ren sie sich einverstanden mit Personenbezogener Datenerhebung und wurden informiert \u00fcber die unsichere Verbindung, die E-Mails gew\u00e4hrleisten \u2013 bitte keine &hellip; <\/p>\n<p class=\"link-more\"><a href=\"https:\/\/viapanacea.eu\/en\/site-notice\/\" class=\"more-link\">Continue reading<span class=\"screen-reader-text\"> &#8220;Site notice&#8221;<\/span><\/a><\/p>\n","protected":false},"author":1,"featured_media":0,"parent":0,"menu_order":0,"comment_status":"closed","ping_status":"closed","template":"","meta":{"jetpack_post_was_ever_published":false,"footnotes":""},"class_list":["post-223","page","type-page","status-publish","hentry"],"yoast_head":"<!-- This site is optimized with the Yoast SEO plugin v26.6 - https:\/\/yoast.com\/wordpress\/plugins\/seo\/ -->\n<title>Site notice - Your path to health<\/title>\n<meta name=\"robots\" content=\"index, follow, max-snippet:-1, max-image-preview:large, max-video-preview:-1\" \/>\n<link rel=\"canonical\" href=\"https:\/\/viapanacea.eu\/en\/site-notice\/\" \/>\n<meta property=\"og:locale\" content=\"en_US\" \/>\n<meta property=\"og:type\" content=\"article\" \/>\n<meta property=\"og:title\" content=\"Site notice - Your path to health\" \/>\n<meta property=\"og:description\" content=\"Angaben nach \u00a7 5 Telemediengesetz Ana Steindorff Pinheiro Friedbergstr 27 14057 Berlin \u2013 Charlottenburg Tel: 0176- 78504799 info@viapanacea.eu Kontaktdaten werden nur zur Beantwortung von Anfragen oder zur Zusendung von Informationsmaterial verwendet. Bei Kontaktaufnahme \u00fcber E-Mail erkl\u00e4ren sie sich einverstanden mit Personenbezogener Datenerhebung und wurden informiert \u00fcber die unsichere Verbindung, die E-Mails gew\u00e4hrleisten \u2013 bitte keine &hellip; Continue reading &quot;Site notice&quot;\" \/>\n<meta property=\"og:url\" content=\"https:\/\/viapanacea.eu\/en\/site-notice\/\" \/>\n<meta property=\"og:site_name\" content=\"Your path to health\" \/>\n<meta property=\"article:modified_time\" content=\"2019-04-15T10:18:18+00:00\" \/>\n<meta name=\"twitter:card\" content=\"summary_large_image\" \/>\n<meta name=\"twitter:label1\" content=\"Est. reading time\" \/>\n\t<meta name=\"twitter:data1\" content=\"3 minutes\" \/>\n<script type=\"application\/ld+json\" class=\"yoast-schema-graph\">{\"@context\":\"https:\/\/schema.org\",\"@graph\":[{\"@type\":\"WebPage\",\"@id\":\"https:\/\/viapanacea.eu\/en\/site-notice\/\",\"url\":\"https:\/\/viapanacea.eu\/en\/site-notice\/\",\"name\":\"Site notice - Your path to health\",\"isPartOf\":{\"@id\":\"https:\/\/viapanacea.eu\/en\/#website\"},\"datePublished\":\"2017-08-16T09:47:51+00:00\",\"dateModified\":\"2019-04-15T10:18:18+00:00\",\"breadcrumb\":{\"@id\":\"https:\/\/viapanacea.eu\/en\/site-notice\/#breadcrumb\"},\"inLanguage\":\"en-US\",\"potentialAction\":[{\"@type\":\"ReadAction\",\"target\":[\"https:\/\/viapanacea.eu\/en\/site-notice\/\"]}]},{\"@type\":\"BreadcrumbList\",\"@id\":\"https:\/\/viapanacea.eu\/en\/site-notice\/#breadcrumb\",\"itemListElement\":[{\"@type\":\"ListItem\",\"position\":1,\"name\":\"Home\",\"item\":\"https:\/\/viapanacea.eu\/en\/\"},{\"@type\":\"ListItem\",\"position\":2,\"name\":\"Site notice\"}]},{\"@type\":\"WebSite\",\"@id\":\"https:\/\/viapanacea.eu\/en\/#website\",\"url\":\"https:\/\/viapanacea.eu\/en\/\",\"name\":\"Your path to health\",\"description\":\"With Ana Steindorff Pinheiro,  Plant Based Doctor and Lifestyle Medicine Physician\",\"publisher\":{\"@id\":\"https:\/\/viapanacea.eu\/en\/#organization\"},\"potentialAction\":[{\"@type\":\"SearchAction\",\"target\":{\"@type\":\"EntryPoint\",\"urlTemplate\":\"https:\/\/viapanacea.eu\/en\/?s={search_term_string}\"},\"query-input\":{\"@type\":\"PropertyValueSpecification\",\"valueRequired\":true,\"valueName\":\"search_term_string\"}}],\"inLanguage\":\"en-US\"},{\"@type\":\"Organization\",\"@id\":\"https:\/\/viapanacea.eu\/en\/#organization\",\"name\":\"Ana Steindorff Pinheiro\",\"url\":\"https:\/\/viapanacea.eu\/en\/\",\"logo\":{\"@type\":\"ImageObject\",\"inLanguage\":\"en-US\",\"@id\":\"https:\/\/viapanacea.eu\/en\/#\/schema\/logo\/image\/\",\"url\":\"http:\/\/viapanacea.eu\/en\/wp-content\/uploads\/2018\/02\/Logo-kreis-0-768x1024.png\",\"contentUrl\":\"http:\/\/viapanacea.eu\/en\/wp-content\/uploads\/2018\/02\/Logo-kreis-0-768x1024.png\",\"width\":768,\"height\":1024,\"caption\":\"Ana Steindorff Pinheiro\"},\"image\":{\"@id\":\"https:\/\/viapanacea.eu\/en\/#\/schema\/logo\/image\/\"},\"sameAs\":[\"http:\/\/viapanacea\"]}]}<\/script>\n<!-- \/ Yoast SEO plugin. -->","yoast_head_json":{"title":"Site notice - Your path to health","robots":{"index":"index","follow":"follow","max-snippet":"max-snippet:-1","max-image-preview":"max-image-preview:large","max-video-preview":"max-video-preview:-1"},"canonical":"https:\/\/viapanacea.eu\/en\/site-notice\/","og_locale":"en_US","og_type":"article","og_title":"Site notice - Your path to health","og_description":"Angaben nach \u00a7 5 Telemediengesetz Ana Steindorff Pinheiro Friedbergstr 27 14057 Berlin \u2013 Charlottenburg Tel: 0176- 78504799 info@viapanacea.eu Kontaktdaten werden nur zur Beantwortung von Anfragen oder zur Zusendung von Informationsmaterial verwendet. Bei Kontaktaufnahme \u00fcber E-Mail erkl\u00e4ren sie sich einverstanden mit Personenbezogener Datenerhebung und wurden informiert \u00fcber die unsichere Verbindung, die E-Mails gew\u00e4hrleisten \u2013 bitte keine &hellip; Continue reading \"Site notice\"","og_url":"https:\/\/viapanacea.eu\/en\/site-notice\/","og_site_name":"Your path to health","article_modified_time":"2019-04-15T10:18:18+00:00","twitter_card":"summary_large_image","twitter_misc":{"Est. reading time":"3 minutes"},"schema":{"@context":"https:\/\/schema.org","@graph":[{"@type":"WebPage","@id":"https:\/\/viapanacea.eu\/en\/site-notice\/","url":"https:\/\/viapanacea.eu\/en\/site-notice\/","name":"Site notice - Your path to health","isPartOf":{"@id":"https:\/\/viapanacea.eu\/en\/#website"},"datePublished":"2017-08-16T09:47:51+00:00","dateModified":"2019-04-15T10:18:18+00:00","breadcrumb":{"@id":"https:\/\/viapanacea.eu\/en\/site-notice\/#breadcrumb"},"inLanguage":"en-US","potentialAction":[{"@type":"ReadAction","target":["https:\/\/viapanacea.eu\/en\/site-notice\/"]}]},{"@type":"BreadcrumbList","@id":"https:\/\/viapanacea.eu\/en\/site-notice\/#breadcrumb","itemListElement":[{"@type":"ListItem","position":1,"name":"Home","item":"https:\/\/viapanacea.eu\/en\/"},{"@type":"ListItem","position":2,"name":"Site notice"}]},{"@type":"WebSite","@id":"https:\/\/viapanacea.eu\/en\/#website","url":"https:\/\/viapanacea.eu\/en\/","name":"Your path to health","description":"With Ana Steindorff Pinheiro,  Plant Based Doctor and Lifestyle Medicine Physician","publisher":{"@id":"https:\/\/viapanacea.eu\/en\/#organization"},"potentialAction":[{"@type":"SearchAction","target":{"@type":"EntryPoint","urlTemplate":"https:\/\/viapanacea.eu\/en\/?s={search_term_string}"},"query-input":{"@type":"PropertyValueSpecification","valueRequired":true,"valueName":"search_term_string"}}],"inLanguage":"en-US"},{"@type":"Organization","@id":"https:\/\/viapanacea.eu\/en\/#organization","name":"Ana Steindorff Pinheiro","url":"https:\/\/viapanacea.eu\/en\/","logo":{"@type":"ImageObject","inLanguage":"en-US","@id":"https:\/\/viapanacea.eu\/en\/#\/schema\/logo\/image\/","url":"http:\/\/viapanacea.eu\/en\/wp-content\/uploads\/2018\/02\/Logo-kreis-0-768x1024.png","contentUrl":"http:\/\/viapanacea.eu\/en\/wp-content\/uploads\/2018\/02\/Logo-kreis-0-768x1024.png","width":768,"height":1024,"caption":"Ana Steindorff Pinheiro"},"image":{"@id":"https:\/\/viapanacea.eu\/en\/#\/schema\/logo\/image\/"},"sameAs":["http:\/\/viapanacea"]}]}},"jetpack_sharing_enabled":true,"jetpack_shortlink":"https:\/\/wp.me\/PaVfyZ-3B","_links":{"self":[{"href":"https:\/\/viapanacea.eu\/en\/wp-json\/wp\/v2\/pages\/223","targetHints":{"allow":["GET"]}}],"collection":[{"href":"https:\/\/viapanacea.eu\/en\/wp-json\/wp\/v2\/pages"}],"about":[{"href":"https:\/\/viapanacea.eu\/en\/wp-json\/wp\/v2\/types\/page"}],"author":[{"embeddable":true,"href":"https:\/\/viapanacea.eu\/en\/wp-json\/wp\/v2\/users\/1"}],"replies":[{"embeddable":true,"href":"https:\/\/viapanacea.eu\/en\/wp-json\/wp\/v2\/comments?post=223"}],"version-history":[{"count":33,"href":"https:\/\/viapanacea.eu\/en\/wp-json\/wp\/v2\/pages\/223\/revisions"}],"predecessor-version":[{"id":1086,"href":"https:\/\/viapanacea.eu\/en\/wp-json\/wp\/v2\/pages\/223\/revisions\/1086"}],"wp:attachment":[{"href":"https:\/\/viapanacea.eu\/en\/wp-json\/wp\/v2\/media?parent=223"}],"curies":[{"name":"wp","href":"https:\/\/api.w.org\/{rel}","templated":true}]}}