{"id":229,"date":"2017-08-16T11:59:37","date_gmt":"2017-08-16T09:59:37","guid":{"rendered":"http:\/\/www.viapanacea.eu\/?page_id=229"},"modified":"2019-05-05T18:58:22","modified_gmt":"2019-05-05T16:58:22","slug":"what-i-can-offer","status":"publish","type":"page","link":"https:\/\/viapanacea.eu\/en\/what-i-can-offer\/","title":{"rendered":"What I can offer"},"content":{"rendered":"\n<div class=\"wp-block-button aligncenter\"><a class=\"wp-block-button__link has-text-color has-very-light-gray-color has-background\" href=\"http:\/\/viapanacea.eu\/en\/appointment\/\" style=\"background-color:#398f3f\">Schedule an appointment now<br><\/a><\/div>\n\n\n<h2><span style=\"color: #99cc00;\"><strong>In my office in Berlin, or through video <\/strong><\/span><span style=\"color: #99cc00;\"><strong>conference to anywhere in the world:<\/strong><\/span><\/h2>\n<ul>\n<li>general medical consultations, with a special interest in chronic diseases and their treatment through lifestyle medicine and clinical nutrition.<\/li>\n<li>preventive medical consultations, for a long and healthy life!<\/li>\n<li>consultations for:\n<ul>\n<li>competition-level sports people<\/li>\n<li>vegans<\/li>\n<li>fasting<\/li>\n<li>oat cures<\/li>\n<\/ul>\n<\/li>\n<li>Support while coming off:\n<ul>\n<li>tobacco<\/li>\n<li>medications<\/li>\n<li>psycho-pharmacological medication<\/li>\n<li>sleeping pills<\/li>\n<\/ul>\n<\/li>\n<\/ul>\n<p>If you live in Germany, it is possible to receive a consultation on nutrition under your health insurance.<\/p>\n<p style=\"padding-left: 30px;\"><span style=\"color: #99cc00;\"><strong>Ask me how to do that!<\/strong><\/span><\/p>\n<ul>\n<li>Consultations on occupational health with a focus on lifestyle medicine.<\/li>\n<li>Talks and workshops, on Nutrition &amp; Lifestyle or on Healthy Nutrition, can be given at your event\u00a0 in Germany, Portugal or in other countries.<\/li>\n<\/ul>\n<p style=\"padding-left: 30px;\"><span style=\"color: #99cc00;\"><strong>And: Journey to Health:<\/strong><\/span><\/p>\n<ul>\n<li>Retreats, on the theory and practice of medical nutrition, on changes in lifestyle, sport, motivation, relaxation, psycho-social support, either in the Berlin area or in Portugal with sun and sea! For more information, see <a href=\"http:\/\/viapanacea.eu\/en\/journey-to-health\/\">here<\/a>.<\/li>\n<\/ul>\n<p>Pricing follows the official German pricing list for physicians (Geb\u00fchrenordnung f\u00fcr \u00c4rzte: GO\u00c4) &#8211; it is forbidden for doctors working in Germany to give an advance pricing, as each patient is unique.\u00a0 As a rule of thumb, a 30minutes consultation costs about 60\u20ac.<\/p>\n\n\n<div class=\"wp-block-button aligncenter\"><a class=\"wp-block-button__link has-text-color has-very-light-gray-color has-background\" href=\"http:\/\/viapanacea.eu\/en\/appointment\/\" style=\"background-color:#398f3f\">Schedule an appointment now<br><\/a><\/div>\n","protected":false},"excerpt":{"rendered":"<p>In my office in Berlin, or through video conference to anywhere in the world: general medical consultations, with a special interest in chronic diseases and their treatment through lifestyle medicine and clinical nutrition. preventive medical consultations, for a long and healthy life! consultations for: competition-level sports people vegans fasting oat cures Support while coming off: &hellip; <\/p>\n<p class=\"link-more\"><a href=\"https:\/\/viapanacea.eu\/en\/what-i-can-offer\/\" class=\"more-link\">Continue reading<span class=\"screen-reader-text\"> &#8220;What I can offer&#8221;<\/span><\/a><\/p>\n","protected":false},"author":1,"featured_media":0,"parent":0,"menu_order":0,"comment_status":"closed","ping_status":"closed","template":"","meta":{"jetpack_post_was_ever_published":false,"footnotes":""},"class_list":["post-229","page","type-page","status-publish","hentry"],"yoast_head":"<!-- This site is optimized with the Yoast SEO plugin v26.6 - https:\/\/yoast.com\/wordpress\/plugins\/seo\/ -->\n<title>What I can offer - Your path to health<\/title>\n<meta name=\"robots\" content=\"index, follow, max-snippet:-1, max-image-preview:large, max-video-preview:-1\" \/>\n<link rel=\"canonical\" href=\"https:\/\/viapanacea.eu\/en\/what-i-can-offer\/\" \/>\n<meta property=\"og:locale\" content=\"en_US\" \/>\n<meta property=\"og:type\" content=\"article\" \/>\n<meta property=\"og:title\" content=\"What I can offer - Your path to health\" \/>\n<meta property=\"og:description\" content=\"In my office in Berlin, or through video conference to anywhere in the world: general medical consultations, with a special interest in chronic diseases and their treatment through lifestyle medicine and clinical nutrition. preventive medical consultations, for a long and healthy life! consultations for: competition-level sports people vegans fasting oat cures Support while coming off: &hellip; Continue reading &quot;What I can offer&quot;\" \/>\n<meta property=\"og:url\" content=\"https:\/\/viapanacea.eu\/en\/what-i-can-offer\/\" \/>\n<meta property=\"og:site_name\" content=\"Your path to health\" \/>\n<meta property=\"article:modified_time\" content=\"2019-05-05T16:58:22+00:00\" \/>\n<meta name=\"twitter:card\" content=\"summary_large_image\" \/>\n<meta name=\"twitter:label1\" content=\"Est. reading time\" \/>\n\t<meta name=\"twitter:data1\" content=\"1 minute\" \/>\n<script type=\"application\/ld+json\" class=\"yoast-schema-graph\">{\"@context\":\"https:\/\/schema.org\",\"@graph\":[{\"@type\":\"WebPage\",\"@id\":\"https:\/\/viapanacea.eu\/en\/what-i-can-offer\/\",\"url\":\"https:\/\/viapanacea.eu\/en\/what-i-can-offer\/\",\"name\":\"What I can offer - Your path to health\",\"isPartOf\":{\"@id\":\"https:\/\/viapanacea.eu\/en\/#website\"},\"datePublished\":\"2017-08-16T09:59:37+00:00\",\"dateModified\":\"2019-05-05T16:58:22+00:00\",\"breadcrumb\":{\"@id\":\"https:\/\/viapanacea.eu\/en\/what-i-can-offer\/#breadcrumb\"},\"inLanguage\":\"en-US\",\"potentialAction\":[{\"@type\":\"ReadAction\",\"target\":[\"https:\/\/viapanacea.eu\/en\/what-i-can-offer\/\"]}]},{\"@type\":\"BreadcrumbList\",\"@id\":\"https:\/\/viapanacea.eu\/en\/what-i-can-offer\/#breadcrumb\",\"itemListElement\":[{\"@type\":\"ListItem\",\"position\":1,\"name\":\"Home\",\"item\":\"https:\/\/viapanacea.eu\/en\/\"},{\"@type\":\"ListItem\",\"position\":2,\"name\":\"What I can offer\"}]},{\"@type\":\"WebSite\",\"@id\":\"https:\/\/viapanacea.eu\/en\/#website\",\"url\":\"https:\/\/viapanacea.eu\/en\/\",\"name\":\"Your path to health\",\"description\":\"With Ana Steindorff Pinheiro,  Plant Based Doctor and Lifestyle Medicine Physician\",\"publisher\":{\"@id\":\"https:\/\/viapanacea.eu\/en\/#organization\"},\"potentialAction\":[{\"@type\":\"SearchAction\",\"target\":{\"@type\":\"EntryPoint\",\"urlTemplate\":\"https:\/\/viapanacea.eu\/en\/?s={search_term_string}\"},\"query-input\":{\"@type\":\"PropertyValueSpecification\",\"valueRequired\":true,\"valueName\":\"search_term_string\"}}],\"inLanguage\":\"en-US\"},{\"@type\":\"Organization\",\"@id\":\"https:\/\/viapanacea.eu\/en\/#organization\",\"name\":\"Ana Steindorff Pinheiro\",\"url\":\"https:\/\/viapanacea.eu\/en\/\",\"logo\":{\"@type\":\"ImageObject\",\"inLanguage\":\"en-US\",\"@id\":\"https:\/\/viapanacea.eu\/en\/#\/schema\/logo\/image\/\",\"url\":\"http:\/\/viapanacea.eu\/en\/wp-content\/uploads\/2018\/02\/Logo-kreis-0-768x1024.png\",\"contentUrl\":\"http:\/\/viapanacea.eu\/en\/wp-content\/uploads\/2018\/02\/Logo-kreis-0-768x1024.png\",\"width\":768,\"height\":1024,\"caption\":\"Ana Steindorff Pinheiro\"},\"image\":{\"@id\":\"https:\/\/viapanacea.eu\/en\/#\/schema\/logo\/image\/\"},\"sameAs\":[\"http:\/\/viapanacea\"]}]}<\/script>\n<!-- \/ Yoast SEO plugin. -->","yoast_head_json":{"title":"What I can offer - Your path to health","robots":{"index":"index","follow":"follow","max-snippet":"max-snippet:-1","max-image-preview":"max-image-preview:large","max-video-preview":"max-video-preview:-1"},"canonical":"https:\/\/viapanacea.eu\/en\/what-i-can-offer\/","og_locale":"en_US","og_type":"article","og_title":"What I can offer - Your path to health","og_description":"In my office in Berlin, or through video conference to anywhere in the world: general medical consultations, with a special interest in chronic diseases and their treatment through lifestyle medicine and clinical nutrition. preventive medical consultations, for a long and healthy life! consultations for: competition-level sports people vegans fasting oat cures Support while coming off: &hellip; Continue reading \"What I can offer\"","og_url":"https:\/\/viapanacea.eu\/en\/what-i-can-offer\/","og_site_name":"Your path to health","article_modified_time":"2019-05-05T16:58:22+00:00","twitter_card":"summary_large_image","twitter_misc":{"Est. reading time":"1 minute"},"schema":{"@context":"https:\/\/schema.org","@graph":[{"@type":"WebPage","@id":"https:\/\/viapanacea.eu\/en\/what-i-can-offer\/","url":"https:\/\/viapanacea.eu\/en\/what-i-can-offer\/","name":"What I can offer - Your path to health","isPartOf":{"@id":"https:\/\/viapanacea.eu\/en\/#website"},"datePublished":"2017-08-16T09:59:37+00:00","dateModified":"2019-05-05T16:58:22+00:00","breadcrumb":{"@id":"https:\/\/viapanacea.eu\/en\/what-i-can-offer\/#breadcrumb"},"inLanguage":"en-US","potentialAction":[{"@type":"ReadAction","target":["https:\/\/viapanacea.eu\/en\/what-i-can-offer\/"]}]},{"@type":"BreadcrumbList","@id":"https:\/\/viapanacea.eu\/en\/what-i-can-offer\/#breadcrumb","itemListElement":[{"@type":"ListItem","position":1,"name":"Home","item":"https:\/\/viapanacea.eu\/en\/"},{"@type":"ListItem","position":2,"name":"What I can offer"}]},{"@type":"WebSite","@id":"https:\/\/viapanacea.eu\/en\/#website","url":"https:\/\/viapanacea.eu\/en\/","name":"Your path to health","description":"With Ana Steindorff Pinheiro,  Plant Based Doctor and Lifestyle Medicine Physician","publisher":{"@id":"https:\/\/viapanacea.eu\/en\/#organization"},"potentialAction":[{"@type":"SearchAction","target":{"@type":"EntryPoint","urlTemplate":"https:\/\/viapanacea.eu\/en\/?s={search_term_string}"},"query-input":{"@type":"PropertyValueSpecification","valueRequired":true,"valueName":"search_term_string"}}],"inLanguage":"en-US"},{"@type":"Organization","@id":"https:\/\/viapanacea.eu\/en\/#organization","name":"Ana Steindorff Pinheiro","url":"https:\/\/viapanacea.eu\/en\/","logo":{"@type":"ImageObject","inLanguage":"en-US","@id":"https:\/\/viapanacea.eu\/en\/#\/schema\/logo\/image\/","url":"http:\/\/viapanacea.eu\/en\/wp-content\/uploads\/2018\/02\/Logo-kreis-0-768x1024.png","contentUrl":"http:\/\/viapanacea.eu\/en\/wp-content\/uploads\/2018\/02\/Logo-kreis-0-768x1024.png","width":768,"height":1024,"caption":"Ana Steindorff Pinheiro"},"image":{"@id":"https:\/\/viapanacea.eu\/en\/#\/schema\/logo\/image\/"},"sameAs":["http:\/\/viapanacea"]}]}},"jetpack_sharing_enabled":true,"jetpack_shortlink":"https:\/\/wp.me\/PaVfyZ-3H","_links":{"self":[{"href":"https:\/\/viapanacea.eu\/en\/wp-json\/wp\/v2\/pages\/229","targetHints":{"allow":["GET"]}}],"collection":[{"href":"https:\/\/viapanacea.eu\/en\/wp-json\/wp\/v2\/pages"}],"about":[{"href":"https:\/\/viapanacea.eu\/en\/wp-json\/wp\/v2\/types\/page"}],"author":[{"embeddable":true,"href":"https:\/\/viapanacea.eu\/en\/wp-json\/wp\/v2\/users\/1"}],"replies":[{"embeddable":true,"href":"https:\/\/viapanacea.eu\/en\/wp-json\/wp\/v2\/comments?post=229"}],"version-history":[{"count":57,"href":"https:\/\/viapanacea.eu\/en\/wp-json\/wp\/v2\/pages\/229\/revisions"}],"predecessor-version":[{"id":1123,"href":"https:\/\/viapanacea.eu\/en\/wp-json\/wp\/v2\/pages\/229\/revisions\/1123"}],"wp:attachment":[{"href":"https:\/\/viapanacea.eu\/en\/wp-json\/wp\/v2\/media?parent=229"}],"curies":[{"name":"wp","href":"https:\/\/api.w.org\/{rel}","templated":true}]}}