{"id":59,"date":"2017-07-22T23:06:36","date_gmt":"2017-07-22T21:06:36","guid":{"rendered":"http:\/\/www.viapanacea.eu\/?page_id=59"},"modified":"2019-04-02T08:29:43","modified_gmt":"2019-04-02T06:29:43","slug":"mentors","status":"publish","type":"page","link":"https:\/\/viapanacea.eu\/en\/mentors\/","title":{"rendered":"Mentors"},"content":{"rendered":"<p style=\"text-align: center;\"><a class=\"custom__button custom__button__size__small custom__margin__right__xl\" href=\"http:\/\/viapanacea.eu\/buecher\/\">Books<\/a><a class=\"custom__button custom__button__size__small custom__margin__right__xl\" href=\"http:\/\/viapanacea.eu\/videos\/\">\u00a0\u00a0\u00a0\u00a0\u00a0 Documentary films<\/a><\/p>\n<p>ordered by date of birth<\/p>\n<h2>On medical nutrition<\/h2>\n<h4><a href=\"#chittenden\"><strong>Russel Henry Chittenden<\/strong><\/a> (b. 1856 &#8211; d. 1943)<\/h4>\n<h4><a href=\"#kempner\"><strong>Walter Kempner<\/strong><\/a> (b. 1904 &#8211; d. 1997)<\/h4>\n<h4><a href=\"#swank\"><strong>Roy Swank<\/strong><\/a> (b. 1909 &#8211; d. 2008)<\/h4>\n<h4><a href=\"#burkitt\"><strong>Denis Burkitt<\/strong><\/a> (b. 1911 &#8211; d. 1993)<\/h4>\n<h4><a href=\"#pritikin\"><strong>Nathan Pritikin<\/strong><\/a> (b. 1915 &#8211; d. 1985)<\/h4>\n<h4><a href=\"#esselstyn\"><strong>Caldwell B. Esselstyn Jr.<\/strong><\/a> (b. 1933)<\/h4>\n<h4><a href=\"#campbell\"><strong>T. Colin Campbell<\/strong><\/a> (b. 1934)<\/h4>\n<h4><a href=\"#mcdougall\"><strong>John McDougall<\/strong><\/a> (b. 1947)<\/h4>\n<h4><a href=\"#ornish\"><strong>Dean Ornish<\/strong><\/a> (b. 1953)<\/h4>\n<h4><a href=\"#barnard\"><strong>Neal Barnard <\/strong><\/a> (b. 1953)<\/h4>\n<h4><a href=\"#lisle\"><strong>Douglas Lisle\u00a0<\/strong><\/a><\/h4>\n<h4><a href=\"#greger\"><strong>Michael Greger <\/strong> <\/a> (b. 1972)<\/h4>\n<h2>In Medicine and Statistics<\/h2>\n<p>Barbara Starfield (b. 1932 &#8211; d. 2011)<\/p>\n<p>Peter G\u00f8tzsche (b. 1949)<\/p>\n<p>H. Gilbert Welch (b. 1955)<\/p>\n<p>Natalie Grams (b. 1978)<\/p>\n<h2>In natural building<\/h2>\n<p>Alfred Eisenschink (b. 1932)<\/p>\n<p>Professor Claus Meier<\/p>\n<p>Architect Ianto Evans (b. 1940)<\/p>\n<p>Architect Edward Mazria (b. 1940)<\/p>\n<p>Architect Konrad Fischer<\/p>\n<h2>General<\/h2>\n<p>Majella Lenzen (b. 1938)<\/p>\n<p>Arno Stern (b. 1924)<\/p>\n<p>Bernard Litaer (b. 1942)<\/p>\n<p>Regina Jonas (b. 1902 &#8211; d. 1944)<\/p>\n<h2>Historic<\/h2>\n<p>Galileo Galilei (b. 1564 &#8211; d. 1642)<\/p>\n<p>Nicolaus Copernicus (b. 1473 &#8211; d. 1543)<\/p>\n<p>Socrates (b. 470 BC &#8211; d. 399 BC)<\/p>\n<hr \/>\n<p id=\"chittenden\"><strong>Russel Henry Chittenden<\/strong> (b. 1856 \u2013 d. 1943)<\/p>\n<p>Is in this list for historical reasons. He was a pioneer in biochemistry and physiology, and did research on nutrition and digestion, amongst other things. He directed one of the first studies to find out how much protein humans need, and discovered it to be 50g\/day within 2500kcal\/day (about 8% of the total calories ingested per day), which was a lot lower than the 118g recommended by the Voit Standard. Under this nutritional regime the male subjects \u201cwere in perfect health and had a measurable gain in body strength.\u201c<\/p>\n<hr \/>\n<p id=\"kempner\"><strong>Walter Kempner<\/strong> (b. 1904 &#8211; d. 1997)<\/p>\n<p>Physician and scientist, and a pioneer in medical nutrition. As early as the 1950s he demonstrated that a diet that was low in fat and protein, with plentiful carbohydrates, was a treatment for heart and kidney failure, as well as for high blood pressure and much more.<\/p>\n<hr \/>\n<p id=\"swank\"><strong>Roy Swank<\/strong> (b. 1909 &#8211; d. 2008)<\/p>\n<p>American neurologist, who noticed that in the second world war, under the forced dietary change to eating mostly potatoes (high carb and low fat), multiple sclerosis did not progress, and that the number of new cases fell. In 1949 he suggested this form of diet for MS patients. His studies, during 30 years, demonstrate improvement.<\/p>\n<p>Roy Swank explains why medical nutrition is not the basis of all treatment:<\/p>\n<ol>\n<li>It is cheap, and the national health system does not pay for it<\/li>\n<li>The patient must make the effort<\/li>\n<li>Not high-tech or in vogue<\/li>\n<li>The physician is not in charge<\/li>\n<\/ol>\n<hr \/>\n<p id=\"burkitt\"><strong>Denis Burkitt<\/strong> (b. 1911 &#8211; d. 1993)<\/p>\n<p>Scottish physician and surgeon, who was called the fibre man. He worked for many years in Africa, where he learned the differences between the Western (high in fat and animal products) and the African diet (rich in complex carbohydrates and based on vegetables). In Africa the typical diseases of western abundance were practically non-existent. Burkitt considered the basic difference to be the amount of fibre in the diet (fibre is only present in vegetables). In Africa it is about 60 &#8211; 100g\/day, compared to Western countries with only about 15 &#8211; 25g\/day. He wrote several books on this topic, gave talks and negotiated with companies in the food sector to increase the amount of food with whole grains (rich in fibre) on the market.<\/p>\n<p><em>&#8220;America is a constipated nation. If you pass small stools you need big hospitals.&#8221;\u00a0<\/em>[Denis Burkitt]<\/p>\n<hr \/>\n<p id=\"pritikin\"><strong>Nathan Pritikin<\/strong> (b. 1915 &#8211; d. 1985)<\/p>\n<p>Inventor and scientist. When he fell sick with coronary artery disease in 1957, he began to research the disease. He discovered that people who still lived close to nature ate a\u00a0 largely plant-based diet, and did not get sick. He experimented and developed a hitherto unknown diet for himself: based on plants, whole grain carbohydrates and very low in fat. This was considered to be the gold standard among American diet successes. After his death in 1985, no signs of coronary artery disease were found in his body.<\/p>\n<p>\u201eA pill could be an alternative to lifestyle changes, if it worked. The truth is: no pill or medication can improve or compensate for the devastating consequences of the western diet.\u201c<em>\u00a0<\/em>[Nathan Pritikin]<\/p>\n<hr \/>\n<p id=\"esselstyn\"><strong>Caldwell B. Esselstyn Jr. <\/strong>(b. 1933)<\/p>\n<p>American physician and surgeon (specialized in breast cancer). Very early in his career he became interested in the causes of diseases. He read about epidemiological studies in which there were substantial differences in the prevalence of certain cancers and of coronary artery disease in different populations. These differences were only possible to explain by lifestyle and diet. In 1995 he published his first article about radical dietary change in patients with coronary artery disease, which proved once again what the physician Dean Ornish had already shown in his research: a reversal of coronary artery disease and a re-opening of clogged coronary arteries is possible through dietary change.<\/p>\n<hr \/>\n<p id=\"campbell\"><strong>T. Colin Campbell<\/strong> (b. 1934)<\/p>\n<p>American scientist and biochemist, specializing in nutrition and its long term consequences. He was one of the scientists who directed &#8220;The China Study&#8221; a large scale epidemiological study. Ever since then he has advocated a whole food, whole grain, plant based, low fat diet.<\/p>\n<p><em>&#8220;This type of diet can prevent and maybe even reverse 70-80% of the chronic diseases of western nations.&#8221; <\/em>[T. Colin Campbell]<\/p>\n<p><em>&#8220;This treatment is broad and extremely quick (days to weeks) and often life saving.&#8221;\u00a0<\/em>[T. Colin Campbell]<\/p>\n<hr \/>\n<p id=\"mcdougall\"><strong>John McDougall<\/strong> (b. 1947)<\/p>\n<p>Physician, specializing in American nutrition, who had a stroke when he was only 18 years old, after which he decided to study medicine. He worked as a young doctor in Hawaii, where he noticed that the older generations of immigrants who ate rice and vegetables &#8211; thus, a plant based, low fat diet \u2013 were much healthier than their children. This fact in itself refuted the dogma: to get older means to get sick.<\/p>\n<p>\u201eIt is the food. The fat that you eat is the fat that you wear.<em>&#8221;\u00a0[John McDougall]<\/em><\/p>\n<p><em>&#8220;Diabetes (type 2) is not a disease, it is an adaptation to the rich western diet.&#8221;\u00a0<\/em>[<em>John McDougall<\/em>]<\/p>\n<p><em>&#8220;Treating signs of disease like blood pressure, or doing blood tests, does not mean that people are getting healthier.&#8221; <\/em>[<em>John McDougall<\/em>]<\/p>\n<hr \/>\n<p id=\"ornish\"><strong>Dean Ornish<\/strong> (b. 1953)<\/p>\n<p>American physician, researcher and pioneer in medical nutrition and lifestyle medicine. He proved for the first time (over 35 years ago) that coronary artery disease is not only prevented, but also reversed, with a plant-based, low fat diet with yoga\/meditation, exercise and psycho-social support.<\/p>\n<hr \/>\n<p id=\"barnard\"><strong>Neal Barnard\u00a0<\/strong>(b. 1953)<\/p>\n<p>American physician and researcher; established the Physicians Committee for Responsible Medicine to promote preventive medicine, conduct clinical research and advocate for higher ethical standards in research. He lead one of the pioneer studies of the last few years about diet and diabetes type 2. He proved that a high carbohydrate, strictly low fat diet helps revert diabetes, in contrast to the low carbohydrate diet advocated by diabetic societies arround the world. In the year 2000, PCRM filed a law suit against the USDA (United States Department of Agriculture \u2013 who make the Dietary Guidelines for Americans), because most experts who worked on the guidelines were being paid by food industries, so they had conflicts of interests, and they won!<\/p>\n<hr \/>\n<p><strong>Douglas Lisle<br \/><\/strong><\/p>\n<p>American psychologist and researcher; the founder of &#8220;esteem dynamics&#8221;.<\/p>\n<p>His psychological theories are based on evolutionary biology ie how people have evolved since the stone age, studying the evolution of animals and comparing animal and human behaviours.<\/p>\n<hr \/>\n<p id=\"greger\"><strong>Michael Greger<\/strong> (b. 1972)<\/p>\n<p>American physician who, as a child, witnessed the healing of his grandmother, who had end-stage heart disease. She went on to be treated by Nathan Pritikin with a plant based diet, when cardiologists gave up on her.<\/p>\n<p>&#8220;Best kept secret in medicine: Lifestyle changes are often more effective in reducing the rates of heart disease, hypertension, heart failure, stroke, cancer, diabetes and premature death than almost any other medical intervention.&#8221;<\/p>\n<hr \/>\n<p><strong>Barbara Starfield<\/strong> (b. 1932 &#8211; d. 2011)<\/p>\n<p>American paediatrician and professor of public health; was the author of the groundbreaking study showing that physicians and medications are the 3rd leading killer after heart disease and cancer. She advocated for a primary care centered health system &#8211; cheaper, better, with emphasis on treating the patient as a whole &#8211; and doing preventive medicine.<\/p>\n<hr \/>\n<p id=\"ornish\"><strong>Peter G\u00f8tzsche <\/strong>(b.\u00a0 1949)<\/p>\n<p>D\u00e4nischer Arzt und Mitbegr\u00fcnder und Direktor des Nordic Cochrane Centers, setzt sich f\u00fcr kritische Studien\u00fcberpr\u00fcfung ein und wurde zum Professor f\u00fcr klinisches Forschungsdesign und Analyse ernannt. Setzt sich besonders f\u00fcr eine angemessene Verschreibung von Psychopharmaka ein.<\/p>\n<hr \/>\n<p id=\"barnard\"><strong>H. Gilbert Welch <\/strong>(*1955)<\/p>\n<p>Amerikanischer Arzt und Wissenschaftler, hat sich mit Krebs-screening auseinandergesetzt und ist kritisch gegen\u00fcber Fr\u00fcherkennung bei Krebs &#8211; mehr Leben retten oder mehr Menschen zu Patienten machen und diese unn\u00f6tig behandeln?<\/p>\n<hr \/>\n<p><b>Alfred Eisenschink\u00a0<\/b>(*1932)<br \/>Deutscher Ingenieur, besch\u00e4ftigte sich mit Heiz -und K\u00fchlsystemen. Studierte die Geschichte des Heizens in Deutschland und fand die Strahlungsw\u00e4rme, als gesunde, billige Heizungsform. Er setzte sich ein f\u00fcr physikalisch basierte Bau und Heizungsherstellung. Gleichzeitig zeigt er was gesunde Luft im Haus bedeutet, und wie schimmelfreie Heizungsanlagen funktionieren.<\/p>\n<hr \/>\n<p><b>Claus Meier\u00a0<\/b><\/p>\n<p>Deutscher Architekt der sich besonderes mit Bauphysik besch\u00e4ftigt hat, und hat\u00a0mehrere kritische B\u00fccher \u00fcber die &#8220;moderne&#8221; Bewegung Richtung mehr und mehr D\u00e4mmung und weg vom physikalisch-gesunden und schimmelfreien Bau geschrieben.<\/p>\n<hr \/>\n<p><b>Ianto Evans <\/b>(*1940)<\/p>\n<p>Architekt, besch\u00e4ftigt sich besonders mit nat\u00fcrlichem Bauen. Besonders naturnahe Kleinh\u00e4usern aus Lehm und Stroh, mit Komponenten des Passiv Solar Systems und besonders nat\u00fcrlichem Wohnens.<\/p>\n<hr \/>\n<p><b>Edward Mazria <\/b>(*1940)<\/p>\n<p>Amerikanischer Architekt, besch\u00e4ftigt sich besonders mit erneuerbaren Energien OHNE High Tech &#8211; also besonders mit Passiv Solarer Architektur, und das schon in den 70er Jahren!<\/p>\n<hr \/>\n<p><b>Konrad Fischer <\/b><\/p>\n<p>Deutscher Architekt, besch\u00e4ftigt sich besonders mit der Restaurierung von Fachwerkh\u00e4user. Ist ein bekannter D\u00e4mmkritiker und setzt sich\u00a0in dem Gebiet stark f\u00fcr Aufkl\u00e4rung ein.<\/p>\n<hr \/>\n<p><b>Wolfgang Th\u00fcne<\/b> (*1943)<\/p>\n<p>Deutscher Meteorologe, setzt sich f\u00fcr die physikalische wissenschaftliche Behandlung der Meteorologie und der Umweltwissenschaft ein, besonders besch\u00e4ftigt er sich mit der Kritik an dem Treibhauseffekt und der Erderw\u00e4rmung.<\/p>\n<hr \/>\n\n\n<div class=\"wp-block-button aligncenter\"><a class=\"wp-block-button__link has-text-color has-very-light-gray-color has-background\" href=\"http:\/\/viapanacea.eu\/en\/appointment\/\" style=\"background-color:#398f3f\">Schedule an appointment now<br><\/a><\/div>\n","protected":false},"excerpt":{"rendered":"<p>Books\u00a0\u00a0\u00a0\u00a0\u00a0 Documentary films ordered by date of birth On medical nutrition Russel Henry Chittenden (b. 1856 &#8211; d. 1943) Walter Kempner (b. 1904 &#8211; d. 1997) Roy Swank (b. 1909 &#8211; d. 2008) Denis Burkitt (b. 1911 &#8211; d. 1993) Nathan Pritikin (b. 1915 &#8211; d. 1985) Caldwell B. Esselstyn Jr. (b. 1933) T. Colin &hellip; <\/p>\n<p class=\"link-more\"><a href=\"https:\/\/viapanacea.eu\/en\/mentors\/\" class=\"more-link\">Continue reading<span class=\"screen-reader-text\"> &#8220;Mentors&#8221;<\/span><\/a><\/p>\n","protected":false},"author":1,"featured_media":0,"parent":0,"menu_order":4,"comment_status":"closed","ping_status":"closed","template":"","meta":{"jetpack_post_was_ever_published":false,"footnotes":""},"class_list":["post-59","page","type-page","status-publish","hentry"],"yoast_head":"<!-- This site is optimized with the Yoast SEO plugin v26.6 - https:\/\/yoast.com\/wordpress\/plugins\/seo\/ -->\n<title>Mentors - Your path to health<\/title>\n<meta name=\"robots\" content=\"index, follow, max-snippet:-1, max-image-preview:large, max-video-preview:-1\" \/>\n<link rel=\"canonical\" href=\"https:\/\/viapanacea.eu\/en\/mentors\/\" \/>\n<meta property=\"og:locale\" content=\"en_US\" \/>\n<meta property=\"og:type\" content=\"article\" \/>\n<meta property=\"og:title\" content=\"Mentors - Your path to health\" \/>\n<meta property=\"og:description\" content=\"Books\u00a0\u00a0\u00a0\u00a0\u00a0 Documentary films ordered by date of birth On medical nutrition Russel Henry Chittenden (b. 1856 &#8211; d. 1943) Walter Kempner (b. 1904 &#8211; d. 1997) Roy Swank (b. 1909 &#8211; d. 2008) Denis Burkitt (b. 1911 &#8211; d. 1993) Nathan Pritikin (b. 1915 &#8211; d. 1985) Caldwell B. Esselstyn Jr. (b. 1933) T. Colin &hellip; Continue reading &quot;Mentors&quot;\" \/>\n<meta property=\"og:url\" content=\"https:\/\/viapanacea.eu\/en\/mentors\/\" \/>\n<meta property=\"og:site_name\" content=\"Your path to health\" \/>\n<meta property=\"article:modified_time\" content=\"2019-04-02T06:29:43+00:00\" \/>\n<meta name=\"twitter:card\" content=\"summary_large_image\" \/>\n<meta name=\"twitter:label1\" content=\"Est. reading time\" \/>\n\t<meta name=\"twitter:data1\" content=\"8 minutes\" \/>\n<script type=\"application\/ld+json\" class=\"yoast-schema-graph\">{\"@context\":\"https:\/\/schema.org\",\"@graph\":[{\"@type\":\"WebPage\",\"@id\":\"https:\/\/viapanacea.eu\/en\/mentors\/\",\"url\":\"https:\/\/viapanacea.eu\/en\/mentors\/\",\"name\":\"Mentors - Your path to health\",\"isPartOf\":{\"@id\":\"https:\/\/viapanacea.eu\/en\/#website\"},\"datePublished\":\"2017-07-22T21:06:36+00:00\",\"dateModified\":\"2019-04-02T06:29:43+00:00\",\"breadcrumb\":{\"@id\":\"https:\/\/viapanacea.eu\/en\/mentors\/#breadcrumb\"},\"inLanguage\":\"en-US\",\"potentialAction\":[{\"@type\":\"ReadAction\",\"target\":[\"https:\/\/viapanacea.eu\/en\/mentors\/\"]}]},{\"@type\":\"BreadcrumbList\",\"@id\":\"https:\/\/viapanacea.eu\/en\/mentors\/#breadcrumb\",\"itemListElement\":[{\"@type\":\"ListItem\",\"position\":1,\"name\":\"Home\",\"item\":\"https:\/\/viapanacea.eu\/en\/\"},{\"@type\":\"ListItem\",\"position\":2,\"name\":\"Mentors\"}]},{\"@type\":\"WebSite\",\"@id\":\"https:\/\/viapanacea.eu\/en\/#website\",\"url\":\"https:\/\/viapanacea.eu\/en\/\",\"name\":\"Your path to health\",\"description\":\"With Ana Steindorff Pinheiro,  Plant Based Doctor and Lifestyle Medicine Physician\",\"publisher\":{\"@id\":\"https:\/\/viapanacea.eu\/en\/#organization\"},\"potentialAction\":[{\"@type\":\"SearchAction\",\"target\":{\"@type\":\"EntryPoint\",\"urlTemplate\":\"https:\/\/viapanacea.eu\/en\/?s={search_term_string}\"},\"query-input\":{\"@type\":\"PropertyValueSpecification\",\"valueRequired\":true,\"valueName\":\"search_term_string\"}}],\"inLanguage\":\"en-US\"},{\"@type\":\"Organization\",\"@id\":\"https:\/\/viapanacea.eu\/en\/#organization\",\"name\":\"Ana Steindorff Pinheiro\",\"url\":\"https:\/\/viapanacea.eu\/en\/\",\"logo\":{\"@type\":\"ImageObject\",\"inLanguage\":\"en-US\",\"@id\":\"https:\/\/viapanacea.eu\/en\/#\/schema\/logo\/image\/\",\"url\":\"http:\/\/viapanacea.eu\/en\/wp-content\/uploads\/2018\/02\/Logo-kreis-0-768x1024.png\",\"contentUrl\":\"http:\/\/viapanacea.eu\/en\/wp-content\/uploads\/2018\/02\/Logo-kreis-0-768x1024.png\",\"width\":768,\"height\":1024,\"caption\":\"Ana Steindorff Pinheiro\"},\"image\":{\"@id\":\"https:\/\/viapanacea.eu\/en\/#\/schema\/logo\/image\/\"},\"sameAs\":[\"http:\/\/viapanacea\"]}]}<\/script>\n<!-- \/ Yoast SEO plugin. -->","yoast_head_json":{"title":"Mentors - Your path to health","robots":{"index":"index","follow":"follow","max-snippet":"max-snippet:-1","max-image-preview":"max-image-preview:large","max-video-preview":"max-video-preview:-1"},"canonical":"https:\/\/viapanacea.eu\/en\/mentors\/","og_locale":"en_US","og_type":"article","og_title":"Mentors - Your path to health","og_description":"Books\u00a0\u00a0\u00a0\u00a0\u00a0 Documentary films ordered by date of birth On medical nutrition Russel Henry Chittenden (b. 1856 &#8211; d. 1943) Walter Kempner (b. 1904 &#8211; d. 1997) Roy Swank (b. 1909 &#8211; d. 2008) Denis Burkitt (b. 1911 &#8211; d. 1993) Nathan Pritikin (b. 1915 &#8211; d. 1985) Caldwell B. Esselstyn Jr. (b. 1933) T. Colin &hellip; Continue reading \"Mentors\"","og_url":"https:\/\/viapanacea.eu\/en\/mentors\/","og_site_name":"Your path to health","article_modified_time":"2019-04-02T06:29:43+00:00","twitter_card":"summary_large_image","twitter_misc":{"Est. reading time":"8 minutes"},"schema":{"@context":"https:\/\/schema.org","@graph":[{"@type":"WebPage","@id":"https:\/\/viapanacea.eu\/en\/mentors\/","url":"https:\/\/viapanacea.eu\/en\/mentors\/","name":"Mentors - Your path to health","isPartOf":{"@id":"https:\/\/viapanacea.eu\/en\/#website"},"datePublished":"2017-07-22T21:06:36+00:00","dateModified":"2019-04-02T06:29:43+00:00","breadcrumb":{"@id":"https:\/\/viapanacea.eu\/en\/mentors\/#breadcrumb"},"inLanguage":"en-US","potentialAction":[{"@type":"ReadAction","target":["https:\/\/viapanacea.eu\/en\/mentors\/"]}]},{"@type":"BreadcrumbList","@id":"https:\/\/viapanacea.eu\/en\/mentors\/#breadcrumb","itemListElement":[{"@type":"ListItem","position":1,"name":"Home","item":"https:\/\/viapanacea.eu\/en\/"},{"@type":"ListItem","position":2,"name":"Mentors"}]},{"@type":"WebSite","@id":"https:\/\/viapanacea.eu\/en\/#website","url":"https:\/\/viapanacea.eu\/en\/","name":"Your path to health","description":"With Ana Steindorff Pinheiro,  Plant Based Doctor and Lifestyle Medicine Physician","publisher":{"@id":"https:\/\/viapanacea.eu\/en\/#organization"},"potentialAction":[{"@type":"SearchAction","target":{"@type":"EntryPoint","urlTemplate":"https:\/\/viapanacea.eu\/en\/?s={search_term_string}"},"query-input":{"@type":"PropertyValueSpecification","valueRequired":true,"valueName":"search_term_string"}}],"inLanguage":"en-US"},{"@type":"Organization","@id":"https:\/\/viapanacea.eu\/en\/#organization","name":"Ana Steindorff Pinheiro","url":"https:\/\/viapanacea.eu\/en\/","logo":{"@type":"ImageObject","inLanguage":"en-US","@id":"https:\/\/viapanacea.eu\/en\/#\/schema\/logo\/image\/","url":"http:\/\/viapanacea.eu\/en\/wp-content\/uploads\/2018\/02\/Logo-kreis-0-768x1024.png","contentUrl":"http:\/\/viapanacea.eu\/en\/wp-content\/uploads\/2018\/02\/Logo-kreis-0-768x1024.png","width":768,"height":1024,"caption":"Ana Steindorff Pinheiro"},"image":{"@id":"https:\/\/viapanacea.eu\/en\/#\/schema\/logo\/image\/"},"sameAs":["http:\/\/viapanacea"]}]}},"jetpack_sharing_enabled":true,"jetpack_shortlink":"https:\/\/wp.me\/PaVfyZ-X","_links":{"self":[{"href":"https:\/\/viapanacea.eu\/en\/wp-json\/wp\/v2\/pages\/59","targetHints":{"allow":["GET"]}}],"collection":[{"href":"https:\/\/viapanacea.eu\/en\/wp-json\/wp\/v2\/pages"}],"about":[{"href":"https:\/\/viapanacea.eu\/en\/wp-json\/wp\/v2\/types\/page"}],"author":[{"embeddable":true,"href":"https:\/\/viapanacea.eu\/en\/wp-json\/wp\/v2\/users\/1"}],"replies":[{"embeddable":true,"href":"https:\/\/viapanacea.eu\/en\/wp-json\/wp\/v2\/comments?post=59"}],"version-history":[{"count":75,"href":"https:\/\/viapanacea.eu\/en\/wp-json\/wp\/v2\/pages\/59\/revisions"}],"predecessor-version":[{"id":1032,"href":"https:\/\/viapanacea.eu\/en\/wp-json\/wp\/v2\/pages\/59\/revisions\/1032"}],"wp:attachment":[{"href":"https:\/\/viapanacea.eu\/en\/wp-json\/wp\/v2\/media?parent=59"}],"curies":[{"name":"wp","href":"https:\/\/api.w.org\/{rel}","templated":true}]}}